{"id":3121,"date":"2020-06-06T19:19:21","date_gmt":"2020-06-06T18:19:21","guid":{"rendered":"https:\/\/1001vertus.com\/?post_type=product&#038;p=3121"},"modified":"2025-10-10T07:51:17","modified_gmt":"2025-10-10T06:51:17","slug":"set-di-4-cannucce-in-bambu-ecologico-con-spazzola-per-bottiglie","status":"publish","type":"product","link":"https:\/\/1001vertus.com\/it\/produit\/lot-de-4-pailles-ecologiques-en-bambou-avec-goupillon\/","title":{"rendered":"Set di 4 cannucce in bamb\u00f9 ecologico con spazzola per bottiglie"},"content":{"rendered":"<p><span style=\"font-family: Liberation Serif, serif;\"><span style=\"font-size: medium;\">Ogni anno vengono gettati oltre 8,5 miliardi di cannucce... Ecco l'alternativa naturale, sana e sostenibile alle cannucce di plastica. <\/span><\/span><\/p>\n<p><span style=\"font-family: Liberation Serif, serif;\"><span style=\"font-size: medium;\">Queste cannucce di bamb\u00f9 sono facili da lavare grazie alla spazzola in acciaio inossidabile in dotazione, quindi possono essere riutilizzate.<br \/>\nE se, dopo molti utilizzi, volete buttare via la vostra cannuccia: nessun problema, \u00e8 100% biodegradabile e compostabile.<\/span><\/span><\/p>\n<p><span style=\"font-family: Liberation Serif, serif;\"><span style=\"font-size: medium;\">Adatto per bevande calde e fredde.<\/span><\/span><\/p>\n<h2 class=\"western\"><span style=\"font-family: Liberation Serif, serif;\"><span style=\"font-size: large;\"><u>Vantaggi del bamb\u00f9 :<\/u>\u00a0<\/span><\/span><\/h2>\n<p><span style=\"font-family: Liberation Serif, serif;\"><span style=\"font-size: medium;\">Il bamb\u00f9 \u00e8 una pianta resistente e durevole che cresce molto rapidamente. Cresce cos\u00ec velocemente - fino a 1 metro al giorno in alcune variet\u00e0 - che \u00e8 l'alternativa ecologica preferita ai prodotti in plastica. <\/span><\/span><\/p>\n<p><span style=\"font-family: Liberation Serif, serif;\"><span style=\"font-size: medium;\">Inoltre, \u00e8 una risorsa naturale inesauribile che crea nuove radici dopo la raccolta.\u00a0<\/span><\/span><\/p>\n<p><span style=\"font-family: Liberation Serif, serif;\"><span style=\"font-size: medium;\">Cresce naturalmente senza fertilizzanti o pesticidi.\u00a0<\/span><\/span><\/p>\n<p>&nbsp;<\/p>\n<h2 class=\"western\"><span style=\"font-family: Liberation Serif, serif;\"><span style=\"font-size: large;\"><u>Istruzioni per la cura :<\/u><\/span><\/span><\/h2>\n<p><span style=\"font-family: Liberation Serif, serif;\"><span style=\"font-size: medium;\">Pulire prima del primo utilizzo.\u00a0<\/span><\/span><\/p>\n<p><span style=\"font-family: Liberation Serif, serif;\"><span style=\"font-size: medium;\">Prendetevi cura della vostra paglia di bamb\u00f9 per farla durare a lungo.\u00a0<\/span><\/span><\/p>\n<p><span style=\"font-family: Liberation Serif, serif;\"><span style=\"font-size: medium;\">Esistono diversi modi per lavarlo e curarlo:\u00a0<\/span><\/span><\/p>\n<ul>\n<li><span style=\"font-family: Liberation Serif, serif;\"><span style=\"font-size: medium;\">A mano con acqua e sapone\u00a0<\/span><\/span><\/li>\n<li><span style=\"font-family: Liberation Serif, serif;\"><span style=\"font-size: medium;\">Lavabile in lavastoviglie\u00a0<\/span><\/span><\/li>\n<li><span style=\"font-family: Liberation Serif, serif;\"><span style=\"font-size: medium;\">10 minuti in acqua bollente\u00a0<\/span><\/span><\/li>\n<li><span style=\"font-family: Liberation Serif, serif;\"><span style=\"font-size: medium;\">10 minuti in acqua bollente con aceto bianco (1 parte di aceto per 20 parti di acqua) \u00a0<\/span><\/span><\/li>\n<li><span style=\"font-family: Liberation Serif, serif;\"><span style=\"font-size: medium;\">Oppure utilizzare semplicemente il pennello in dotazione.<\/span><\/span><\/li>\n<\/ul>\n<p><span style=\"font-family: Liberation Serif, serif;\"><span style=\"font-size: medium;\">Dopo ogni lavaggio, asciugare all'aria e conservare in un luogo fresco e asciutto.\u00a0<\/span><\/span><\/p>\n<p>&nbsp;<\/p>\n<p><span style=\"font-family: Liberation Serif, serif;\"><span style=\"font-size: medium;\">Lunghezza: 20 cm<\/span><\/span><\/p>\n<p><strong><span style=\"font-family: Liberation Serif, serif;\"><span style=\"font-size: medium;\">Venduto senza confezione.<\/span><\/span><\/strong><\/p>","protected":false},"excerpt":{"rendered":"<p><span style=\"font-family: Liberation Serif, serif;\"><span style=\"font-size: medium;\">Dite addio alle cannucce di plastica usa e getta! Scegliete la versione a zero rifiuti con queste cannucce di bamb\u00f9 riutilizzabili e biodegradabili 100%.<\/span><\/span><\/p>\n<p>Questa confezione di 4 cannucce \u00e8 dotata di una spazzola per un lavaggio facile ed efficace!<\/p>","protected":false},"featured_media":3701,"template":"","meta":[],"product_brand":[],"product_cat":[29,44],"product_tag":[],"class_list":{"0":"post-3121","1":"product","2":"type-product","3":"status-publish","4":"has-post-thumbnail","6":"product_cat-alimentation","7":"product_cat-nos-packs","9":"first","10":"instock","11":"sale","12":"shipping-taxable","13":"purchasable","14":"product-type-simple"},"_links":{"self":[{"href":"https:\/\/1001vertus.com\/it\/wp-json\/wp\/v2\/product\/3121","targetHints":{"allow":["GET"]}}],"collection":[{"href":"https:\/\/1001vertus.com\/it\/wp-json\/wp\/v2\/product"}],"about":[{"href":"https:\/\/1001vertus.com\/it\/wp-json\/wp\/v2\/types\/product"}],"wp:featuredmedia":[{"embeddable":true,"href":"https:\/\/1001vertus.com\/it\/wp-json\/wp\/v2\/media\/3701"}],"wp:attachment":[{"href":"https:\/\/1001vertus.com\/it\/wp-json\/wp\/v2\/media?parent=3121"}],"wp:term":[{"taxonomy":"product_brand","embeddable":true,"href":"https:\/\/1001vertus.com\/it\/wp-json\/wp\/v2\/product_brand?post=3121"},{"taxonomy":"product_cat","embeddable":true,"href":"https:\/\/1001vertus.com\/it\/wp-json\/wp\/v2\/product_cat?post=3121"},{"taxonomy":"product_tag","embeddable":true,"href":"https:\/\/1001vertus.com\/it\/wp-json\/wp\/v2\/product_tag?post=3121"}],"curies":[{"name":"wp","href":"https:\/\/api.w.org\/{rel}","templated":true}]}}