{"id":2628,"date":"2020-04-01T00:40:56","date_gmt":"2020-03-31T23:40:56","guid":{"rendered":"https:\/\/1001vertus.com\/?post_type=product&#038;p=2628"},"modified":"2023-11-12T17:47:47","modified_gmt":"2023-11-12T16:47:47","slug":"despagne-1001-virtu-miele-di-timo","status":"publish","type":"product","link":"https:\/\/1001vertus.com\/it\/produit\/miel-de-thym-despagne-1001-vertus\/","title":{"rendered":"Miele di timo spagnolo - 1001 virt\u00f9"},"content":{"rendered":"<p>Le virt\u00f9 terapeutiche del miele di timo sono gi\u00e0 state esplorate da molte civilt\u00e0 precedenti alla nostra.<\/p>\n<p>Gli vengono riconosciuti grandi poteri curativi, attribuibili a due composti antisettici e antibatterici presenti nel miele di timo, il timolo e il carvacrolo, e al fatto che contiene molti fenoli. La classe medica lo ha sperimentato al punto da fare impacchi imbevuti di questo miele. Ferite, ustioni, ulcere o afte, brufoli dell'acne o persino piaghe da decubito, tutto pu\u00f2 essere trattato con questo miele.<\/p>\n<p>Poich\u00e9 il suo pH \u00e8 pi\u00f9 alto di quello dei mieli floreali, i batteri non proliferano cos\u00ec rapidamente.<\/p>\n<p>&nbsp;<\/p>\n<h3 class=\"western\">Benefici del miele di timo per l'organismo :<\/h3>\n<p>Come rimedio naturale e grazie alle sue propriet\u00e0 antibatteriche, il consumo di questo miele pu\u00f2 essere indicato per alleviare alcuni disturbi come :<\/p>\n<ul>\n<li>Malattie respiratorie come lo streptococco, il raffreddore e la bronchite.<\/li>\n<li>Malattie virali come l'influenza.<\/li>\n<li>Sciroppo antibatterico e lenitivo per la tosse secca che irrita la gola o quando le vie respiratorie sono ostruite.<\/li>\n<li>Problemi digestivi o intestinali, in particolare diarrea e gastroenterite.<\/li>\n<\/ul>\n<p>In questi casi, si consiglia di consumare il miele di timo puro, a cucchiaiate, e di ripetere l'operazione fino alla comparsa di segni di miglioramento.<\/p>\n<p>&nbsp;<\/p>\n<h3 class=\"western\">Benefici del miele di timo per la pelle :<\/h3>\n<p>Come gi\u00e0 detto, il miele di timo \u00e8 particolarmente noto per favorire la guarigione. Pu\u00f2 essere applicato direttamente sulla pelle in caso di :<\/p>\n<ul>\n<li>Ustioni: agisce come antibatterico e aiuta a ricostruire le cellule epidermiche danneggiate.<\/li>\n<li>Herpes zoster o herpes per prevenire le recidive.<\/li>\n<li>Acne e cicatrici da acne: si pu\u00f2 applicare come maschera e lasciare agire per circa 30 minuti prima di risciacquare abbondantemente. In questo modo la pelle risulta pi\u00f9 sana e idratata.<\/li>\n<li>Ferite superficiali e infette: riduce l'infiammazione e favorisce la guarigione e la scomparsa di germi e\/o batteri.<\/li>\n<\/ul>\n<p>&nbsp;<\/p>\n<p><strong><u>Buono a sapersi<\/u><\/strong><u>\u00a0:<\/u> Il miele di timo pu\u00f2 essere utilizzato nei piatti dolci e nelle torte in sostituzione dello zucchero a velo.<\/p>\n<p><u><b>Peso :<\/b><\/u> 250g<\/p>\n<p><u><b>Origine :<\/b><\/u> Spagna<\/p>\n<p>&nbsp;<\/p>\n<p><strong><u><b>Si prega di notare:<\/b><\/u><\/strong> Ricordiamo che \u00e8 vietato somministrare miele ai neonati. Per saperne di pi\u00f9, leggete <a href=\"https:\/\/1001vertus.com\/it\/miele-vietato-ai-bambini\/\">questo articolo<\/a>.<\/p>","protected":false},"excerpt":{"rendered":"<p>Presentato come una delle variet\u00e0 di miele con maggiori virt\u00f9 medicinali, il miele di timo ha un colore ambrato e un sapore molto pronunciato. Rinomato per le sue propriet\u00e0 antisettiche, \u00e8 ampiamente utilizzato per prevenire malattie infettive, respiratorie e digestive.<\/p>\n<p>Si dice anche che abbia un effetto tonificante e rinvigorente, che lo rende ideale in caso di influenza.<\/p>\n<p>Sia per le sue virt\u00f9 che per il suo gusto deciso, il miele di timo \u00e8 un miele da avere sempre in dispensa.<\/p>","protected":false},"featured_media":2630,"template":"","meta":[],"product_brand":[],"product_cat":[108],"product_tag":[],"class_list":{"0":"post-2628","1":"product","2":"type-product","3":"status-publish","4":"has-post-thumbnail","6":"product_cat-rupture-de-stock","8":"first","9":"outofstock","10":"shipping-taxable","11":"purchasable","12":"product-type-simple"},"_links":{"self":[{"href":"https:\/\/1001vertus.com\/it\/wp-json\/wp\/v2\/product\/2628","targetHints":{"allow":["GET"]}}],"collection":[{"href":"https:\/\/1001vertus.com\/it\/wp-json\/wp\/v2\/product"}],"about":[{"href":"https:\/\/1001vertus.com\/it\/wp-json\/wp\/v2\/types\/product"}],"wp:featuredmedia":[{"embeddable":true,"href":"https:\/\/1001vertus.com\/it\/wp-json\/wp\/v2\/media\/2630"}],"wp:attachment":[{"href":"https:\/\/1001vertus.com\/it\/wp-json\/wp\/v2\/media?parent=2628"}],"wp:term":[{"taxonomy":"product_brand","embeddable":true,"href":"https:\/\/1001vertus.com\/it\/wp-json\/wp\/v2\/product_brand?post=2628"},{"taxonomy":"product_cat","embeddable":true,"href":"https:\/\/1001vertus.com\/it\/wp-json\/wp\/v2\/product_cat?post=2628"},{"taxonomy":"product_tag","embeddable":true,"href":"https:\/\/1001vertus.com\/it\/wp-json\/wp\/v2\/product_tag?post=2628"}],"curies":[{"name":"wp","href":"https:\/\/api.w.org\/{rel}","templated":true}]}}