{"id":2436,"date":"2020-02-27T17:40:36","date_gmt":"2020-02-27T16:40:36","guid":{"rendered":"https:\/\/1001vertus.com\/?post_type=product&#038;p=2436"},"modified":"2023-02-20T14:04:57","modified_gmt":"2023-02-20T13:04:57","slug":"yemen-sidr-maliky-miele-di-giuggiolo-reale-2","status":"publish","type":"product","link":"https:\/\/1001vertus.com\/it\/produit\/miel-de-jujubier-royal-du-yemen-sidr-maliky-2\/","title":{"rendered":"Miele di giuggiolo reale dello Yemen (sidr maliky)"},"content":{"rendered":"<p class=\"western\"><span style=\"color: #333333;\"><span style=\"font-family: Arial, sans-serif;\">Il miele di giuggiolo reale (sidr maliky) \u00e8 ottenuto dal giuggiolo, un albero selvatico che cresce nella regione di Daw'an (Hadramawt) dello Yemen e che da millenni \u00e8 rinomato per le sue propriet\u00e0 medicinali. Questo albero cresce su terreni selvaggi e incolti, tipici delle regioni desertiche dello Yemen. Il nome \"reale\" deriva dalla sua qualit\u00e0, poich\u00e9 esistono diversi tipi di miele di qualit\u00e0.<\/span><\/span><\/p>\n<p class=\"western\"><span style=\"color: #333333;\"><span style=\"font-family: Arial, sans-serif;\">Uno dei motivi per cui l'\"oro yemenita\" \u00e8 un prodotto cos\u00ec eccezionale \u00e8 che gli apicoltori hanno i loro metodi per mantenere gli alveari ed estrarre il miele. Non \u00e8 possibile che ricorrano allo sciroppo di zucchero o all'uso di farmaci e sostanze chimiche: sarebbe un sacrilegio.<br \/>\nPer raccogliere il miele di giuggiolo, gli apicoltori yemeniti non utilizzano macchinari o strumenti speciali, ma solo le mani. Inoltre, i nidi delle api sono spesso di difficile accesso, il che limita il raccolto e di conseguenza aumenta il costo di questo miele, rendendolo uno dei pi\u00f9 costosi al mondo.<\/span><\/span><\/p>\n<p class=\"western\"><span style=\"color: #333333;\"><span style=\"font-family: Arial, sans-serif;\">Secondo il <\/span><\/span><em><span style=\"color: #333333;\"><span style=\"font-family: Arial, sans-serif;\">Organizzazione per l'alimentazione e l'agricoltura<\/span><\/span><\/em><span style=\"color: #333333;\"><span style=\"font-family: Arial, sans-serif;\"> (FAO), il miele di giuggiolo yemenita \u00e8 cento volte pi\u00f9 costoso di altri tipi di miele sul mercato mondiale, soprattutto per le sue propriet\u00e0 medicinali e nutrizionali. <\/span><\/span><\/p>\n<p class=\"western\"><span style=\"font-family: Arial, sans-serif;\">Questo miele \u00e8 unico perch\u00e9 non cristallizza, rimanendo liquido anche quando \u00e8 freddo.<\/span><\/p>\n<p class=\"western\"><span style=\"color: #333333;\"><span style=\"font-family: Arial, sans-serif;\">Ottimo per le infezioni respiratorie, la tosse e il mal di gola. Il miele di giuggiolo reale \u00e8 anche spesso utilizzato in molti rimedi e contro una vasta gamma di disturbi:<\/span><\/span><\/p>\n<ul>\n<li>\n<p class=\"western\"><span style=\"font-family: Arial, sans-serif;\">infezioni respiratorie,<\/span><\/p>\n<\/li>\n<li>\n<p class=\"western\"><span style=\"font-family: Arial, sans-serif;\">Mal di gola,<\/span><\/p>\n<\/li>\n<li>\n<p class=\"western\"><span style=\"font-family: Arial, sans-serif;\">tosse,<\/span><\/p>\n<\/li>\n<li>\n<p class=\"western\"><span style=\"font-family: Arial, sans-serif;\">sinusite,<\/span><\/p>\n<\/li>\n<li>\n<p class=\"western\"><span style=\"font-family: Arial, sans-serif;\">angina,<\/span><\/p>\n<\/li>\n<li>\n<p class=\"western\"><span style=\"font-family: Arial, sans-serif;\">problemi digestivi o intestinali,<\/span><\/p>\n<\/li>\n<li>\n<p class=\"western\"><span style=\"font-family: Arial, sans-serif;\">un sistema immunitario debole,<\/span><\/p>\n<\/li>\n<li>\n<p class=\"western\"><span style=\"font-family: Arial, sans-serif;\">infezioni,<\/span><\/p>\n<\/li>\n<li>\n<p class=\"western\"><span style=\"font-family: Arial, sans-serif;\">infertilit\u00e0,<\/span><\/p>\n<\/li>\n<li>\n<p class=\"western\"><span style=\"font-family: Arial, sans-serif;\">stafilococco aureo.<\/span><\/p>\n<\/li>\n<\/ul>\n<p class=\"western\"><span style=\"font-family: Arial, sans-serif;\">E applicato topicamente per :<\/span><\/p>\n<ul>\n<li>\n<p class=\"western\"><span style=\"font-family: Arial, sans-serif;\">alcune malattie infettive dell'occhio,<\/span><\/p>\n<\/li>\n<li>\n<p class=\"western\"><span style=\"font-family: Arial, sans-serif;\">tagli,<\/span><\/p>\n<\/li>\n<li>\n<p class=\"western\"><span style=\"font-family: Arial, sans-serif;\">bruciature,<\/span><\/p>\n<\/li>\n<li>\n<p class=\"western\"><span style=\"font-family: Arial, sans-serif;\">acne,<\/span><\/p>\n<\/li>\n<li>\n<p class=\"western\"><span style=\"font-family: Arial, sans-serif;\">eczema,<\/span><\/p>\n<\/li>\n<li>\n<p class=\"western\"><span style=\"font-family: Arial, sans-serif;\">psoriasi.<\/span><\/p>\n<\/li>\n<\/ul>\n<p class=\"western\"><span style=\"color: #333333;\"><span style=\"font-family: Arial, sans-serif;\">In generale, il miele yemenita va consumato da solo al mattino, a stomaco vuoto. <\/span><\/span><\/p>\n<p class=\"western\"><strong><span style=\"color: #333333;\"><span style=\"font-family: Arial, sans-serif;\">Scoprite o riscoprite questo miele reale che secondo molti \u00e8 il migliore al mondo.<\/span><\/span><\/strong><\/p>\n<p class=\"western\"><span style=\"font-family: Arial, sans-serif;\">Naturalmente \u00e8 confezionato in un barattolo di vetro per una migliore conservazione.<\/span><\/p>\n<p class=\"western\"><span style=\"font-family: Arial, sans-serif;\"><i>Disponibile in vasetti da 125 g e 250 g.<\/i><\/span><\/p>\n<p>&nbsp;<\/p>\n<p><strong><u><b>Si prega di notare:<\/b><\/u><\/strong> Ricordiamo che \u00e8 vietato somministrare miele ai neonati. Per saperne di pi\u00f9, leggete <a href=\"https:\/\/1001vertus.com\/it\/miele-vietato-ai-bambini\/\">questo articolo<\/a>.<\/p>","protected":false},"excerpt":{"rendered":"<p class=\"western\"><span style=\"font-family: Arial, sans-serif;\"><span style=\"color: #333333;\">Scoprite uno dei gioielli dello Yemen, il famoso miele di giuggiole di qualit\u00e0 reale, noto come \"miele\".\u00a0<\/span><span style=\"color: #333333;\"><i>sidr maliky<\/i><\/span><span style=\"color: #333333;\">\u00a0\"\u00c8 considerato uno dei migliori mieli del mondo. <\/span><\/span><\/p>\n<p class=\"western\"><span style=\"font-family: Arial, sans-serif;\"><span style=\"color: #333333;\">Si ricava dal giuggiolo, un albero selvatico che cresce nella regione dello Yemen. <\/span><span style=\"color: #333333;\"><i>Daw'an (Hadramawt)<\/i><\/span><span style=\"color: #333333;\"> e riconosciuto da migliaia di anni per le sue propriet\u00e0 medicinali. Questo albero cresce su terreni selvaggi e incolti, tipici delle regioni desertiche dello Yemen. <\/span><\/span><\/p>\n<p class=\"western\"><span style=\"color: #333333;\"><span style=\"font-family: Arial, sans-serif;\">Il miele di giuggiolo reale \u00e8 rinomato anche per il suo gusto incomparabile e per i suoi effetti afrodisiaci. \u00c8 molto delicato e piacevole al palato. Il suo colore \u00e8 piuttosto chiaro.<\/span><\/span><\/p>","protected":false},"featured_media":2444,"template":"","meta":[],"product_brand":[],"product_cat":[25,29,28],"product_tag":[],"class_list":{"0":"post-2436","1":"product","2":"type-product","3":"status-publish","4":"has-post-thumbnail","6":"product_cat-miels","7":"product_cat-alimentation","8":"product_cat-medecine-sante","10":"first","11":"instock","12":"shipping-taxable","13":"purchasable","14":"product-type-variable"},"_links":{"self":[{"href":"https:\/\/1001vertus.com\/it\/wp-json\/wp\/v2\/product\/2436","targetHints":{"allow":["GET"]}}],"collection":[{"href":"https:\/\/1001vertus.com\/it\/wp-json\/wp\/v2\/product"}],"about":[{"href":"https:\/\/1001vertus.com\/it\/wp-json\/wp\/v2\/types\/product"}],"wp:featuredmedia":[{"embeddable":true,"href":"https:\/\/1001vertus.com\/it\/wp-json\/wp\/v2\/media\/2444"}],"wp:attachment":[{"href":"https:\/\/1001vertus.com\/it\/wp-json\/wp\/v2\/media?parent=2436"}],"wp:term":[{"taxonomy":"product_brand","embeddable":true,"href":"https:\/\/1001vertus.com\/it\/wp-json\/wp\/v2\/product_brand?post=2436"},{"taxonomy":"product_cat","embeddable":true,"href":"https:\/\/1001vertus.com\/it\/wp-json\/wp\/v2\/product_cat?post=2436"},{"taxonomy":"product_tag","embeddable":true,"href":"https:\/\/1001vertus.com\/it\/wp-json\/wp\/v2\/product_tag?post=2436"}],"curies":[{"name":"wp","href":"https:\/\/api.w.org\/{rel}","templated":true}]}}