{"id":21740,"date":"2023-09-13T18:09:16","date_gmt":"2023-09-13T17:09:16","guid":{"rendered":"https:\/\/1001vertus.com\/?post_type=product&#038;p=21740"},"modified":"2025-06-04T11:00:30","modified_gmt":"2025-06-04T10:00:30","slug":"olio-di-formica","status":"publish","type":"product","link":"https:\/\/1001vertus.com\/it\/produit\/huile-de-fourmi\/","title":{"rendered":"Olio di formica biologico (anti-crescita dei capelli) 60 ml - Manelya"},"content":{"rendered":"<p>Dans un monde en constante recherche d&rsquo;options naturelles et \u00e9cologiques, l&rsquo;<strong>olio di formica biologico<\/strong>\u00a0tire son \u00e9pingle du jeu dans l&rsquo;univers des soins esth\u00e9tiques. Populaire parmi celles et ceux qui souhaitent une solution douce pour inhiber la repousse des poils, elle pr\u00e9sente \u00e9galement d&rsquo;autres avantages insoup\u00e7onn\u00e9s pour la peau.<\/p>\n<p>Ecco tutto quello che c'\u00e8 da sapere su questo olio naturale dalle molteplici virt\u00f9.<\/p>\n<h2><strong>L&rsquo;origine de l&rsquo;huile de fourmi bio et ses principales caract\u00e9ristiques<\/strong><\/h2>\n<p>Issue de la distillation des glandes salivaires de certaines esp\u00e8ces de fourmis, l&rsquo;huile de fourmi bio est reconnue depuis des si\u00e8cles au Moyen-Orient comme un\u00a0<strong>modo naturale per rallentare la crescita dei capelli<\/strong>. Sa popularit\u00e9 grandissante a conduit \u00e0 sa commercialisation mondiale, avec une pr\u00e9f\u00e9rence pour des produits de qualit\u00e9 contr\u00f4l\u00e9e et certifi\u00e9s \u00ab\u00a0bio\u00a0\u00bb, garantissant ainsi une teneur \u00e9lev\u00e9e en principes actifs et un respect total des m\u00e9thodes de fabrication traditionnelles.<\/p>\n<h3><strong>Les composants actifs de l\u2019huile de fourmi bio<\/strong><\/h3>\n<p>Afin de comprendre les propri\u00e9t\u00e9s sp\u00e9cifiques de cette huile, il convient d&rsquo;examiner attentivement ses composants. Elle renferme notamment\u00a0<strong>des acides gras essentiels, des prot\u00e9ines et des enzymes sp\u00e9cifiques<\/strong>, dont la pr\u00e9sence est essentielle au bon fonctionnement de la peau. Cependant, il est important de noter que la qualit\u00e9 de l&rsquo;huile varie en fonction de l&rsquo;esp\u00e8ce et de la m\u00e9thode d&rsquo;extraction utilis\u00e9e.<\/p>\n<h2><strong>Un inibitore naturale della ricrescita dei capelli<\/strong><\/h2>\n<p>L&rsquo;un des principaux atouts de l&rsquo;huile de fourmi bio r\u00e9side dans son effet inhibiteur sur la pousse des poils, sans s\u2019agir d\u2019un d\u00e9pilatoire d\u00e9finitif. Les enzymes qu&rsquo;elle contient fragilisent progressivement les follicules pileux lors d&rsquo;applications r\u00e9guli\u00e8res, rendant ainsi\u00a0<strong>capelli pi\u00f9 fini e meno densi<\/strong>.<\/p>\n<p>Il ne s&rsquo;agit pas ici d&rsquo;une \u00e9pilation permanente, mais plut\u00f4t d&rsquo;une technique permettant de rendre les s\u00e9ances d&rsquo;\u00e9pilation moins fr\u00e9quentes et moins douloureuses, tout en respectant les diff\u00e9rents types de peau, notamment les peaux sensibles. Pour un r\u00e9sultat optimal, il est recommand\u00e9 d&rsquo;utiliser l&rsquo;huile de fourmi bio apr\u00e8s l&rsquo;\u00e9pilation (et non pendant), selon les instructions du produit choisi.<\/p>\n<h3><strong>Le choix de la m\u00e9thode d\u2019\u00e9pilation adapt\u00e9e<\/strong><\/h3>\n<p>Afin d&rsquo;optimiser les bienfaits de cette huile, il convient de choisir une m\u00e9thode d&rsquo;\u00e9pilation ad\u00e9quate. La cire, le fil ou les autres options d&rsquo;\u00e9pilation semi-permanentes sont conseill\u00e9es pour extraire int\u00e9gralement les poils de la racine et b\u00e9n\u00e9ficier pleinement des propri\u00e9t\u00e9s anti-repousse de l&rsquo;huile de fourmi bio.<\/p>\n<p>En effet, en travaillant directement sur le bulbe pileux, l&rsquo;huile peut \u00eatre plus efficace et prolonger ainsi les d\u00e9lais entre chaque \u00e9pilation.<\/p>\n<h2><strong>Des bienfaits suppl\u00e9mentaires pour la peau<\/strong><\/h2>\n<p>Appliquer de l&rsquo;huile de fourmi bio r\u00e9guli\u00e8rement sur votre peau n&rsquo;est pas uniquement b\u00e9n\u00e9fique pour ralentir la pousse des poils. Ses propri\u00e9t\u00e9s sp\u00e9cifiques ont \u00e9galement des effets positifs sur :<\/p>\n<ul>\n<li><strong>L&rsquo;\u00e9lasticit\u00e9 de la peau<\/strong>\u00a0: gr\u00e2ce aux acides gras essentiels qu&rsquo;elle contient, cette huile aide en effet \u00e0 nourrir, adoucir et prot\u00e9ger la peau tout en pr\u00e9servant son \u00e9lasticit\u00e9 naturelle.<\/li>\n<li><strong>La d\u00e9shydratation<\/strong>\u00a0: en favorisant une bonne hydratation cutan\u00e9e, elle pr\u00e9vient ainsi la s\u00e9cheresse, <a href=\"https:\/\/1001vertus.com\/it\/product\/schienale-marocchino-in-legno\/\"><strong>les d\u00e9mangeaisons<\/strong><\/a> et autres d\u00e9sagr\u00e9ments li\u00e9s \u00e0 la d\u00e9shydratation de l&rsquo;\u00e9piderme.<\/li>\n<li><strong>Imperfezioni<\/strong>\u00a0: \u00e9tant reconnue pour ses vertus astringentes et purifiantes, l&rsquo;huile de fourmi bio est un alli\u00e9 pr\u00e9cieux pour assainir la peau et pr\u00e9venir la formation d&rsquo;imperfections.<\/li>\n<\/ul>\n<h3><strong>Come scegliere l'olio di formica biologico?<\/strong><\/h3>\n<p>Tout comme pour tous vos produits de beaut\u00e9, veillez \u00e0 s\u00e9lectionner avec soin votre huile de fourmi bio. Prenez en compte le mode d&rsquo;extraction (\u00e0 froid ou par pression), la proportion d&rsquo;ingr\u00e9dients actifs et la lab\u00e9lisation du produit en question. L&rsquo;id\u00e9al est de se tourner vers\u00a0<strong>des marques reconnues pour leur s\u00e9rieux<\/strong>\u00a0et travaillant de mani\u00e8re \u00e9thique et transparente. Les march\u00e9s locaux, les boutiques sp\u00e9cialis\u00e9es ou encore internet sont autant de sources d&rsquo;approvisionnement pour trouver l&rsquo;huile de fourmi bio parfaite pour votre peau.<\/p>\n<h3><strong>Mode d\u2019emploi et astuces pour une utilisation optimale<\/strong><\/h3>\n<p>Pour profiter pleinement des bienfaits de l&rsquo;huile de fourmi bio, il est essentiel de suivre certaines \u00e9tapes lors de son application :<\/p>\n<ol>\n<li><strong>Pulire la pelle:\u00a0<\/strong>A r\u00e9aliser apr\u00e8s l&rsquo;\u00e9pilation, veillez \u00e0 nettoyer soigneusement la zone concern\u00e9e avant l&rsquo;utilisation, afin de garantir une meilleure p\u00e9n\u00e9tration de l&rsquo;huile dans les follicules pileux.<\/li>\n<li><strong>Applicazione all'area :\u00a0<\/strong>En utilisant un coton-tige, un disque d\u00e9maquillant ou directement au doigt, appliquez g\u00e9n\u00e9reusement l&rsquo;huile sur la zone \u00e9pil\u00e9e et massez l\u00e9g\u00e8rement pour aider \u00e0 la p\u00e9n\u00e9tration du produit.<\/li>\n<li><strong>R\u00e9p\u00e9tez r\u00e9guli\u00e8rement :\u00a0<\/strong>Le traitement \u00e0 base d\u2019huile de fourmi bio doit \u00eatre r\u00e9alis\u00e9 de mani\u00e8re quotidienne pendant quelques jours (voir les recommandations du fabricant), puis r\u00e9guli\u00e8rement selon la densit\u00e9 souhait\u00e9e et la r\u00e9action de votre peau au produit.<\/li>\n<\/ol>\n<p>Il convient \u00e9galement de noter certains points importants pour une utilisation r\u00e9ussie de cette huile :<\/p>\n<ul>\n<li><strong>Aspettare prima di esporsi al sole<\/strong>\u00a0: l&rsquo;huile de fourmi bio peut augmenter la sensibilit\u00e9 de la peau face aux rayons du soleil, il est donc conseill\u00e9 d&rsquo;\u00e9viter une exposition prolong\u00e9e sous les UV dans les heures suivant son application.<\/li>\n<li><strong>R\u00e9alisez un test cutan\u00e9 pr\u00e9ventif<\/strong>\u00a0: comme pour tout nouveau produit cosm\u00e9tique, effectuez un test au pr\u00e9alable sur une petite zone afin de v\u00e9rifier que votre peau n&rsquo;est pas sensible \u00e0 l&rsquo;un des composants de l&rsquo;huile.<\/li>\n<\/ul>","protected":false},"excerpt":{"rendered":"<p>Dans un monde en constante recherche d&rsquo;options naturelles et \u00e9cologiques, l&rsquo;huile de fourmi bio\u00a0tire son \u00e9pingle du jeu dans l&rsquo;univers des soins esth\u00e9tiques. Populaire parmi celles et ceux qui souhaitent une solution douce pour inhiber la repousse des poils, elle pr\u00e9sente \u00e9galement d&rsquo;autres avantages insoup\u00e7onn\u00e9s pour la peau. Voici tout ce que vous devez savoir [&#8230;]\n","protected":false},"featured_media":21741,"template":"","meta":[],"product_brand":[],"product_cat":[15],"product_tag":[],"class_list":{"0":"post-21740","1":"product","2":"type-product","3":"status-publish","4":"has-post-thumbnail","6":"product_cat-huiles-bio","8":"first","9":"outofstock","10":"sale","11":"shipping-taxable","12":"purchasable","13":"product-type-simple"},"_links":{"self":[{"href":"https:\/\/1001vertus.com\/it\/wp-json\/wp\/v2\/product\/21740","targetHints":{"allow":["GET"]}}],"collection":[{"href":"https:\/\/1001vertus.com\/it\/wp-json\/wp\/v2\/product"}],"about":[{"href":"https:\/\/1001vertus.com\/it\/wp-json\/wp\/v2\/types\/product"}],"wp:featuredmedia":[{"embeddable":true,"href":"https:\/\/1001vertus.com\/it\/wp-json\/wp\/v2\/media\/21741"}],"wp:attachment":[{"href":"https:\/\/1001vertus.com\/it\/wp-json\/wp\/v2\/media?parent=21740"}],"wp:term":[{"taxonomy":"product_brand","embeddable":true,"href":"https:\/\/1001vertus.com\/it\/wp-json\/wp\/v2\/product_brand?post=21740"},{"taxonomy":"product_cat","embeddable":true,"href":"https:\/\/1001vertus.com\/it\/wp-json\/wp\/v2\/product_cat?post=21740"},{"taxonomy":"product_tag","embeddable":true,"href":"https:\/\/1001vertus.com\/it\/wp-json\/wp\/v2\/product_tag?post=21740"}],"curies":[{"name":"wp","href":"https:\/\/api.w.org\/{rel}","templated":true}]}}