{"id":2171,"date":"2019-12-19T18:22:07","date_gmt":"2019-12-19T17:22:07","guid":{"rendered":"https:\/\/1001vertus.com\/?post_type=product&#038;p=2171"},"modified":"2026-03-07T00:04:55","modified_gmt":"2026-03-06T23:04:55","slug":"confezione-speciale-per-donne-in-gravidanza","status":"publish","type":"product","link":"https:\/\/1001vertus.com\/it\/produit\/pack-special-femme-enceinte\/","title":{"rendered":"Pacchetto speciale \"Donna incinta"},"content":{"rendered":"<p class=\"western\" align=\"justify\"><span style=\"font-family: Arial, sans-serif;\">Ce pack sp\u00e9cial <strong>\u00ab\u00a0Femme enceinte\u00a0\u00bb<\/strong> est constitu\u00e9 de :<\/span><\/p>\n<p class=\"western\" align=\"justify\"><span style=\"color: #000000;\"><span style=\"font-family: Arial, sans-serif;\"><span style=\"font-size: medium;\">&#8211; 250g de <\/span><\/span><\/span><a href=\"https:\/\/1001vertus.com\/it\/product\/sciroppo-di-datteri\/\"><span style=\"color: #000000;\"><span style=\"font-family: Arial, sans-serif;\"><span style=\"font-size: medium;\"><b>sciroppo di datteri<\/b><\/span><\/span><\/span><\/a><span style=\"color: #000000;\"><span style=\"font-family: Arial, sans-serif;\"><span style=\"font-size: medium;\">. Il est fr\u00e9quemment employ\u00e9 par les femmes enceintes, mais aussi qui viennent d\u2019accoucher ou allaitantes car c&rsquo;est un <\/span><\/span><\/span><span style=\"color: #000000;\"><span style=\"font-family: Arial, sans-serif;\"><span style=\"font-size: medium;\"><u>concentr\u00e9 d&rsquo;\u00e9nergie<\/u><\/span><\/span><\/span><span style=\"color: #000000;\"><span style=\"font-family: Arial, sans-serif;\"><span style=\"font-size: medium;\">. Il est riche en fer, vitamines et min\u00e9raux, de quoi <\/span><\/span><\/span><span style=\"color: #000000;\"><span style=\"font-family: Arial, sans-serif;\"><span style=\"font-size: medium;\"><u>combler vos carences li\u00e9es \u00e0 la grossesse<\/u><\/span><\/span><\/span><span style=\"color: #000000;\"><span style=\"font-family: Arial, sans-serif;\"><span style=\"font-size: medium;\">. <\/span><\/span><\/span><\/p>\n<p class=\"western\" align=\"justify\"><span style=\"color: #000000;\"><span style=\"font-family: Arial, sans-serif;\"><span style=\"font-size: medium;\">Il peut \u00eatre utilis\u00e9 tout au long de la grossesse mais aussi apr\u00e8s, pendant l&rsquo;allaitement.<br \/>\n<\/span><\/span><\/span><\/p>\n<p class=\"western\" align=\"justify\"><span style=\"color: #000000;\"><span style=\"font-family: Arial, sans-serif;\"><span style=\"font-size: medium;\">&#8211; 50g de <\/span><\/span><\/span><a href=\"https:\/\/1001vertus.com\/it\/product\/foglie-di-lampone\/\"><span style=\"color: #000000;\"><span style=\"font-family: Arial, sans-serif;\"><span style=\"font-size: medium;\"><b>foglie di lampone<\/b><\/span><\/span><\/span><\/a><span style=\"color: #000000;\"><span style=\"font-family: Arial, sans-serif;\"><span style=\"font-size: medium;\">. Consomm\u00e9es en tisane, e<\/span><\/span><\/span><span style=\"color: #000000;\"><span style=\"font-family: Arial, sans-serif;\"><span style=\"font-size: medium;\">lles <\/span><\/span><\/span><span style=\"color: #000000;\"><span style=\"font-family: Arial, sans-serif;\"><span style=\"font-size: medium;\"><u>facilitare il parto<\/u><\/span><\/span><\/span><span style=\"color: #000000;\"><span style=\"font-family: Arial, sans-serif;\"><span style=\"font-size: medium;\"> perch\u00e9 <\/span><\/span><\/span><span style=\"color: #000000;\"><span style=\"font-family: Arial, sans-serif;\"><span style=\"font-size: medium;\"><u>facilitare il lavoro<\/u><\/span><\/span><\/span><span style=\"color: #000000;\"><span style=\"font-family: Arial, sans-serif;\"><span style=\"font-size: medium;\">, <\/span><\/span><\/span><span style=\"color: #000000;\"><span style=\"font-family: Arial, sans-serif;\"><span style=\"font-size: medium;\"><u>stimolare le contrazioni<\/u><\/span><\/span><\/span><span style=\"color: #000000;\"><span style=\"font-family: Arial, sans-serif;\"><span style=\"font-size: medium;\"> e <\/span><\/span><\/span><span style=\"color: #000000;\"><span style=\"font-family: Arial, sans-serif;\"><span style=\"font-size: medium;\"><u>soulagent la d\u00e9tente des muscles de l\u2019ut\u00e9rus.<br \/>\n<\/u><\/span><\/span><\/span><\/p>\n<p class=\"western\" align=\"justify\"><span style=\"color: #000000;\"><span style=\"font-family: Arial, sans-serif;\"><span style=\"font-size: medium;\">Les tisanes sont \u00e0 prendre au cours du dernier trimestre de grossesse uniquement.<br \/>\n<\/span><\/span><\/span><\/p>\n<p class=\"western\" align=\"justify\"><span style=\"color: #000000;\"><span style=\"font-family: Arial, sans-serif;\"><span style=\"font-size: medium;\">&#8211; d\u2019une boite de <\/span><\/span><\/span><span style=\"color: #000000;\"><span style=\"font-family: Arial, sans-serif;\"><span style=\"font-size: medium;\">60<\/span><\/span><\/span><a href=\"https:\/\/1001vertus.com\/it\/product\/1001-virtu-di-fieno-greco-in-capsule\/\"><span style=\"color: #000000;\"><span style=\"font-family: Arial, sans-serif;\"><span style=\"font-size: medium;\"><b> g\u00e9lules de fenugrec<\/b><\/span><\/span><\/span><\/a><span style=\"color: #000000;\"><span style=\"font-family: Arial, sans-serif;\"><span style=\"font-size: medium;\">. A prendre une fois l\u2019accouchement effectu\u00e9, celles-ci permettront d\u2019<\/span><\/span><\/span><span style=\"color: #000000;\"><span style=\"font-family: Arial, sans-serif;\"><span style=\"font-size: medium;\"><u>avoir des mont\u00e9es de lait importantes mais aussi de nettoyer l&rsquo;ut\u00e9rus<\/u><\/span><\/span><\/span><span style=\"color: #000000;\"><span style=\"font-family: Arial, sans-serif;\"><span style=\"font-size: medium;\">.<\/span><\/span><\/span><\/p>\n<p class=\"western\" align=\"justify\"><span style=\"color: #000000;\"><span style=\"font-family: Arial, sans-serif;\"><span style=\"font-size: medium;\"><u>DOSAGGIO :<\/u><\/span><\/span><\/span><\/p>\n<ul>\n<li>\n<p class=\"western\" align=\"justify\"><span style=\"color: #000000;\"><span style=\"font-family: Arial, sans-serif;\"><span style=\"font-size: medium;\"><b>Data sciroppo :<br \/>\n<\/b><\/span><\/span><\/span><\/p>\n<\/li>\n<\/ul>\n<p class=\"western\" align=\"justify\"><span style=\"color: #000000;\"><span style=\"font-family: Arial, sans-serif;\"><span style=\"font-size: medium;\">Mettre 1 bonne cuill\u00e8re \u00e0 caf\u00e9 dans un verre d\u2019eau ti\u00e8de la matin. A consommer de pr\u00e9f\u00e9rence \u00e0 jeun.<\/span><\/span><\/span><\/p>\n<ul>\n<li>\n<p class=\"western\" align=\"justify\"><span style=\"color: #000000;\"><span style=\"font-family: Arial, sans-serif;\"><span style=\"font-size: medium;\"><b>Foglie di lampone :<br \/>\n<\/b><\/span><\/span><\/span><\/p>\n<\/li>\n<\/ul>\n<p class=\"western\" align=\"justify\"><span style=\"color: #000000;\"><span style=\"font-family: Arial, sans-serif;\">Le foglie di lampone vengono utilizzate come infuso:\u00a0 <\/span><\/span><\/p>\n<p class=\"western\" align=\"justify\"><span style=\"color: #000000;\"><span style=\"font-family: Arial, sans-serif;\"><span style=\"font-size: medium;\">Dans 50 cl d\u2019eau, faire bouillir pendant 5 minutes, 2 \u00e0 3 cuill\u00e8res \u00e0 caf\u00e9 de feuilles s\u00e9ch\u00e9es de framboisier. Filtrer. Boire 1 tasse, 2 ou 3 fois par jour.<\/span><\/span><\/span><\/p>\n<ul>\n<li>\n<p class=\"western\" align=\"justify\"><span style=\"color: #000000;\"><span style=\"font-family: Arial, sans-serif;\"><span style=\"font-size: medium;\"><b>G\u00e9lules de fenugrec :<\/b><\/span><\/span><\/span><\/p>\n<\/li>\n<\/ul>\n<p class=\"western\" align=\"justify\"><span style=\"font-family: Arial, sans-serif;\">Prendre 4 \u00e0 6 g\u00e9lules par jour avant les repas avec un grand verre d&rsquo;eau froide.<\/span><\/p>\n<p class=\"western\" align=\"justify\"><span style=\"font-family: Arial, sans-serif;\">A prendre selon vos possibilit\u00e9s : soit la totalit\u00e9 des comprim\u00e9s le matin, soit 2 le matin, 2 le midi et 2 le soir.<\/span><\/p>\n<p class=\"western\" align=\"justify\"><span style=\"color: #ce181e;\"><span style=\"font-family: Arial, sans-serif;\"><b>ATTENTION\u00a0: <\/b><\/span><\/span><\/p>\n<p align=\"justify\"><strong>Bien que ce pack soit adapt\u00e9 \u00e0 la femme enceinte, tous les produits le composant ne peuvent \u00eatre pris \u00e0 n\u2019importe quel moment !<\/strong><\/p>\n<p><span style=\"color: #ce181e;\"><span style=\"font-family: Arial, sans-serif;\"><b>&#8211; Les g\u00e9lules de fenugrec ne doivent surtout pas \u00eatre prises pendant la grossesse, <\/b><\/span><\/span><\/p>\n<p><span style=\"color: #ce181e;\"><span style=\"font-family: Arial, sans-serif;\"><b>&#8211; Les tisanes de feuilles de framboisier ne doivent pas \u00eatre prises pendant les 6 premiers mois de grossesse.<br \/>\n<\/b><\/span><\/span><\/p>\n<p>&nbsp;<\/p>\n<p class=\"western\" align=\"justify\"><span style=\"color: #000000;\"><span style=\"font-family: Arial, sans-serif;\"><i>Vous pouvez bien \u00e9videmment retrouver ces diff\u00e9rents produits s\u00e9par\u00e9ment sur notre site mais aussi sous d\u2019autres format.<\/i><\/span><\/span><\/p>","protected":false},"excerpt":{"rendered":"<p class=\"western\" align=\"justify\"><span style=\"color: #000000;\"><span style=\"font-family: Arial, sans-serif;\"><span style=\"font-size: medium;\">D\u00e9couvrez ce pack sp\u00e9cialement con\u00e7u pour les femmes enceintes. Il est constitu\u00e9 de 3 produits qui lui seront utile tout au long de sa grossesse\u00a0et apr\u00e8s l\u2019accouchement.<\/span><\/span><\/span><\/p>\n<p class=\"western\" align=\"justify\"><span style=\"color: #000000;\"><span style=\"font-family: Arial, sans-serif;\"><span style=\"font-size: medium;\">Ces produits auront pour but de\u00a0:<\/span><\/span><\/span><\/p>\n<p class=\"western\" align=\"justify\"><span style=\"color: #000000;\"><span style=\"font-family: Arial, sans-serif;\"><span style=\"font-size: medium;\">&#8211; donner plus d\u2019\u00e9nergie et de combler \u00e9ventuelles carences en fer, vitamine et min\u00e9raux,<\/span><\/span><\/span><\/p>\n<p class=\"western\" align=\"justify\"><span style=\"color: #000000;\"><span style=\"font-family: Arial, sans-serif;\"><span style=\"font-size: medium;\">&#8211; de faciliter l\u2019accouchement,<\/span><\/span><\/span><\/p>\n<p class=\"western\" align=\"justify\"><span style=\"color: #000000;\"><span style=\"font-family: Arial, sans-serif;\"><span style=\"font-size: medium;\">&#8211; d\u2019avoir des mont\u00e9es de lait importantes.<\/span><\/span><\/span><\/p>","protected":false},"featured_media":2166,"template":"","meta":[],"product_brand":[],"product_cat":[44,28],"product_tag":[],"class_list":{"0":"post-2171","1":"product","2":"type-product","3":"status-publish","4":"has-post-thumbnail","6":"product_cat-nos-packs","7":"product_cat-medecine-sante","9":"first","10":"instock","11":"shipping-taxable","12":"purchasable","13":"product-type-simple"},"_links":{"self":[{"href":"https:\/\/1001vertus.com\/it\/wp-json\/wp\/v2\/product\/2171","targetHints":{"allow":["GET"]}}],"collection":[{"href":"https:\/\/1001vertus.com\/it\/wp-json\/wp\/v2\/product"}],"about":[{"href":"https:\/\/1001vertus.com\/it\/wp-json\/wp\/v2\/types\/product"}],"wp:featuredmedia":[{"embeddable":true,"href":"https:\/\/1001vertus.com\/it\/wp-json\/wp\/v2\/media\/2166"}],"wp:attachment":[{"href":"https:\/\/1001vertus.com\/it\/wp-json\/wp\/v2\/media?parent=2171"}],"wp:term":[{"taxonomy":"product_brand","embeddable":true,"href":"https:\/\/1001vertus.com\/it\/wp-json\/wp\/v2\/product_brand?post=2171"},{"taxonomy":"product_cat","embeddable":true,"href":"https:\/\/1001vertus.com\/it\/wp-json\/wp\/v2\/product_cat?post=2171"},{"taxonomy":"product_tag","embeddable":true,"href":"https:\/\/1001vertus.com\/it\/wp-json\/wp\/v2\/product_tag?post=2171"}],"curies":[{"name":"wp","href":"https:\/\/api.w.org\/{rel}","templated":true}]}}