{"id":20749,"date":"2024-01-29T15:37:21","date_gmt":"2024-01-29T14:37:21","guid":{"rendered":"https:\/\/1001vertus.com\/?post_type=product&#038;p=20749"},"modified":"2025-09-24T22:19:47","modified_gmt":"2025-09-24T21:19:47","slug":"tisana-biologica-detox","status":"publish","type":"product","link":"https:\/\/1001vertus.com\/it\/produit\/tisane-detox-infusion-bio\/","title":{"rendered":"Tisana disintossicante (infuso biologico) 100g"},"content":{"rendered":"<p>Les m\u00e9langes de plantes de la tisane detox sont sp\u00e9cialement con\u00e7us pour aider \u00e0 purifier et revitaliser l\u2019organisme. Ils combinent judicieusement diff\u00e9rentes plantes m\u00e9dicinales, en favorisant les effets b\u00e9n\u00e9fiques sur la sant\u00e9 de chacune d&rsquo;entre elles.<\/p>\n<p>Ce m\u00e9lange detox coup\u00e9 bio 1mm &#8211; 3mm est compos\u00e9 de r\u00e9glisse, gingembre, cassis, curcuma, pissenlit et artichaut. Il convient parfaitement pour r\u00e9aliser une <strong>infusion go\u00fbteuse et efficace<\/strong>.<\/p>\n<h2><strong>Tisana disintossicante: perch\u00e9 usarla?<\/strong><\/h2>\n<p>La tisane detox repr\u00e9sentent un moyen simple et naturel d&rsquo;aider notre organisme \u00e0 \u00e9liminer les toxines qui s&rsquo;accumulent au quotidien dans le corps. De mauvaises habitudes alimentaires, le stress et la pollution sont autant de facteurs contribuant \u00e0 cette accumulation.<\/p>\n<p>Une tisane detox, parfois appel\u00e9e tisane drainante ou purifiante, aide ainsi \u00e0 <strong>stimuler les fonctions d&rsquo;\u00e9limination du foie, des reins et du sang<\/strong>. Elle permet \u00e9galement de favoriser la digestion et de lutter contre la r\u00e9tention d&rsquo;eau.<\/p>\n<h2><strong>Quels sont les bienfaits des plantes d\u00e9toxifiantes ?<\/strong><\/h2>\n<h3><strong>Les vertus de la r\u00e9glisse<\/strong><\/h3>\n<p>La racine de r\u00e9glisse est reconnue depuis longtemps pour ses\u00a0<strong>propri\u00e9t\u00e9s anti-inflammatoires, expectorantes et antispasmodiques<\/strong>. Elle est \u00e9galement reconnue pour son action diur\u00e9tique, ce qui permet d&rsquo;\u00e9liminer efficacement les toxines. De plus, ses propri\u00e9t\u00e9s adoucissantes contribuent \u00e0 prot\u00e9ger la muqueuse gastrique et favoriser une bonne digestion.<\/p>\n<h3><strong>I benefici dello zenzero<\/strong><\/h3>\n<p>Le <a href=\"https:\/\/1001vertus.com\/it\/product\/te-verde-sencha-con-limone-zenzero-e-cumino-100-fonte-di-cumino-biologico\/\"><strong>zenzero<\/strong><\/a> est une plante tr\u00e8s pris\u00e9e tant en cuisine qu&rsquo;en phytoth\u00e9rapie. Il est r\u00e9put\u00e9 pour ses vertus\u00a0<strong>antiossidante, digestivo e antinfiammatorio<\/strong>. En stimulant la production de bile, il facilite le bon fonctionnement du foie et aide donc \u00e0 \u00e9liminer les d\u00e9chets et les toxines. De plus, ses propri\u00e9t\u00e9s tonifiantes et stimulantes renforcent notre syst\u00e8me immunitaire.<\/p>\n<h3><strong>Il potere del ribes nero<\/strong><\/h3>\n<p>Le cassis est un fruit riche en vitamine C et en antioxydants. Ses feuilles sont souvent utilis\u00e9es en infusion pour leurs propri\u00e9t\u00e9s anti-inflammatoires et diur\u00e9tiques. Le cassis aide ainsi \u00e0\u00a0<strong>lutter contre la r\u00e9tention d&rsquo;eau et purifier l&rsquo;organisme<\/strong>.<\/p>\n<h3><strong>Curcuma: un rizoma dalle mille virt\u00f9<\/strong><\/h3>\n<p>Le curcuma est r\u00e9put\u00e9 pour \u00eatre un excellent antioxydant et poss\u00e8de des vertus anti-inflammatoires impressionnantes. Il peut aider \u00e0\u00a0<strong>prot\u00e9ger le foie<\/strong>\u00a0contro varie aggressioni, facilitando al contempo la digestione dei grassi.<\/p>\n<h3><strong>Le pissenlit : un d\u00e9toxifiant naturel<\/strong><\/h3>\n<p>Riche en vitamines et min\u00e9raux, le pissenlit est une plante aux\u00a0<strong>multiples vertus m\u00e9dicinales<\/strong>. Ses feuilles et ses racines ont des propri\u00e9t\u00e9s diur\u00e9tiques et d\u00e9puratives, facilitant ainsi l&rsquo;\u00e9limination des toxines et renfor\u00e7ant l&rsquo;action filtrante des reins. Le pissenlit favorise \u00e9galement le bon fonctionnement du foie.<\/p>\n<h3><strong>L&rsquo;artichaut : un alli\u00e9 du foie et de la digestion pr\u00e9sent dans notre tisane detox<\/strong><\/h3>\n<p>Parmi les plantes m\u00e9dicinales aux propri\u00e9t\u00e9s d\u00e9toxifiantes, l&rsquo;artichaut est sans doute l&rsquo;une des plus appr\u00e9ci\u00e9es et utilis\u00e9es. Il poss\u00e8de des vertus r\u00e9g\u00e9n\u00e9rantes sur les cellules h\u00e9patiques et joue un r\u00f4le important dans l&rsquo;\u00e9limination progressive des d\u00e9chets accumul\u00e9s dans le foie. L&rsquo;artichaut permet aussi de\u00a0<strong>alleviare alcuni disturbi digestivi<\/strong>\u00a0et de lutter contre la r\u00e9tention d&rsquo;eau.<\/p>\n<h2><strong>Comment pr\u00e9parer sa tisane detox bio ?<\/strong><\/h2>\n<p>Pour pr\u00e9parer une infusion detox maison avec ce m\u00e9lange D\u00c9TOX coup\u00e9 bio 1mm &#8211; 3mm<\/p>\n<ol>\n<li>Mettez une cuill\u00e8re \u00e0 caf\u00e9 du m\u00e9lange dans une tasse.<\/li>\n<li>Versez de l&rsquo;eau fr\u00e9missante et laissez infuser pendant environ 5 minutes.<\/li>\n<li>Quindi filtrare l'infuso attraverso un colino fine per trattenere solo il liquido.<\/li>\n<li>Vous pouvez d\u00e9guster votre tisane detox chaude ou la laisser refroidir pour la consommer froide.<\/li>\n<\/ol>\n<p>N&rsquo;h\u00e9sitez pas \u00e0\u00a0<strong>personnaliser le go\u00fbt de votre boisson en ajoutant une touche sucr\u00e9e avec du sirop d&rsquo;agave, du miel ou un peu de jus de citron<\/strong>.<\/p>\n<h3><strong>Quelles pr\u00e9cautions prendre avec votre infusion bio ?<\/strong><\/h3>\n<p>Certaines plantes pr\u00e9sentes dans les m\u00e9langes d\u00e9tox peuvent avoir des effets ind\u00e9sirables chez certaines personnes. Par exemple, la r\u00e9glisse est d\u00e9conseill\u00e9e aux femmes enceintes et aux personnes souffrant d&rsquo;hypertension. Il est donc important de bien se renseigner avant de commencer une cure et de respecter les doses recommand\u00e9es.<\/p>\n<p>Maintenant que vous \u00eates inform\u00e9 sur les multiples vertus des plantes d\u00e9toxifiantes et que vous savez comment les utiliser \u00e0 travers une infusion saine et gourmande, vous disposez de toutes les cl\u00e9s pour purifier votre organisme et retrouver vitalit\u00e9 et bien-\u00eatre !<\/p>","protected":false},"excerpt":{"rendered":"<p><strong>Caratteristiche :\u00a0<\/strong><\/p>\n<ul>\n<li>Coup\u00e9 bio 1mm &#8211; 3mm<\/li>\n<li>Compos\u00e9 de r\u00e9glisse, gingembre, cassis, curcuma, pissenlit et artichaut.<\/li>\n<\/ul>","protected":false},"featured_media":20754,"template":"","meta":[],"product_brand":[],"product_cat":[27,54],"product_tag":[],"class_list":{"0":"post-20749","1":"product","2":"type-product","3":"status-publish","4":"has-post-thumbnail","6":"product_cat-bien-etre","7":"product_cat-tisane","9":"first","10":"outofstock","11":"shipping-taxable","12":"purchasable","13":"product-type-simple"},"_links":{"self":[{"href":"https:\/\/1001vertus.com\/it\/wp-json\/wp\/v2\/product\/20749","targetHints":{"allow":["GET"]}}],"collection":[{"href":"https:\/\/1001vertus.com\/it\/wp-json\/wp\/v2\/product"}],"about":[{"href":"https:\/\/1001vertus.com\/it\/wp-json\/wp\/v2\/types\/product"}],"wp:featuredmedia":[{"embeddable":true,"href":"https:\/\/1001vertus.com\/it\/wp-json\/wp\/v2\/media\/20754"}],"wp:attachment":[{"href":"https:\/\/1001vertus.com\/it\/wp-json\/wp\/v2\/media?parent=20749"}],"wp:term":[{"taxonomy":"product_brand","embeddable":true,"href":"https:\/\/1001vertus.com\/it\/wp-json\/wp\/v2\/product_brand?post=20749"},{"taxonomy":"product_cat","embeddable":true,"href":"https:\/\/1001vertus.com\/it\/wp-json\/wp\/v2\/product_cat?post=20749"},{"taxonomy":"product_tag","embeddable":true,"href":"https:\/\/1001vertus.com\/it\/wp-json\/wp\/v2\/product_tag?post=20749"}],"curies":[{"name":"wp","href":"https:\/\/api.w.org\/{rel}","templated":true}]}}