{"id":20643,"date":"2024-01-27T16:06:43","date_gmt":"2024-01-27T15:06:43","guid":{"rendered":"https:\/\/1001vertus.com\/?post_type=product&#038;p=20643"},"modified":"2025-10-15T10:06:34","modified_gmt":"2025-10-15T09:06:34","slug":"schienale-marocchino-in-legno","status":"publish","type":"product","link":"https:\/\/1001vertus.com\/it\/produit\/gratte-dos-en-bois-du-maroc\/","title":{"rendered":"Schienale marocchino in legno (pezzo unico)"},"content":{"rendered":"<p>Le\u00a0<strong>grattaschiena in legno<\/strong>\u00a0\u00e8 un accessorio semplice ma efficace che elimina delicatamente il prurito, senza bisogno di farmaci o cosmetici. Realizzato tradizionalmente in legno marocchino, questo oggetto pratico ed elegante pu\u00f2 anche aiutarvi ad alleviare lo stress e a rilassarvi.<\/p>\n<h2><strong>Le origini del grattaschiena marocchino in legno<\/strong><\/h2>\n<p>Le prime menzioni di\u00a0<strong>schienale in legno dal Marocco<\/strong>\u00a0in vari testi risalenti all'epoca medievale. All'epoca erano realizzati principalmente con rami e radici naturali per creare uno strumento versatile che potesse essere utilizzato sia per grattare che per massaggiare la schiena.<\/p>\n<h3><strong>Schienale in legno lavorato a mano<\/strong><\/h3>\n<p>Gli artigiani marocchini ereditano spesso questo know-how ancestrale e continuano a produrre grattatoi in legno di qualit\u00e0 eccezionale.<\/p>\n<p>Ogni pezzo segue un processo di produzione rigorosamente definito:<\/p>\n<ul>\n<li>Selezione dei migliori pezzi di legno (generalmente di bamb\u00f9)<\/li>\n<li>Potatura e rifilatura del legno secondo la forma desiderata<\/li>\n<li>Rifinito accuratamente a mano per eliminare le impurit\u00e0<\/li>\n<li>Lucidato per una superficie liscia e piacevole al tatto<\/li>\n<\/ul>\n<p>Di conseguenza, il\u00a0<strong>schienale in legno dal Marocco<\/strong>\u00a0si distingue per la qualit\u00e0 della lavorazione e l'estetica.<\/p>\n<h2><strong>I vantaggi di un grattaschiena in legno<\/strong><\/h2>\n<p>Al di l\u00e0 della sua storia e della sua estetica, questo accessorio per la schiena presenta molti vantaggi che lo rendono indispensabile nella vita di tutti i giorni:<\/p>\n<ul>\n<li><strong>Sollievo dal prurito<\/strong><\/li>\n<\/ul>\n<p>Grazie alle sue propriet\u00e0 naturalmente delicate e lenitive, il legno offre una soluzione semplice ed efficace per alleviare il prurito su tutta la schiena. Le diverse estremit\u00e0 dei rami consentono inoltre di adattare la pressione esercitata sulla pelle in base alle proprie esigenze.<\/p>\n<ul>\n<li><strong>Riduzione dello stress<\/strong><\/li>\n<\/ul>\n<p>Il semplice gesto di strofinare il grattaschiena di legno sulla schiena pu\u00f2 aiutare a rilassare i muscoli e a ridurre il livello di stress. <a href=\"https:\/\/1001vertus.com\/it\/2023\/12\/31\/gomma-di-carrube\/\"><strong>stress<\/strong><\/a>, Soprattutto dopo una lunga giornata di lavoro o un'intensa sessione sportiva. Questo rituale rilassante vi aiuter\u00e0 a ritrovare uno stato d'animo pi\u00f9 calmo.<\/p>\n<h2><strong>Come si usa correttamente un grattaschiena in legno?<\/strong><\/h2>\n<p>Per ottenere il massimo dall'accessorio per la schiena, ecco alcuni consigli pratici:<\/p>\n<ol>\n<li><strong>Trovare la posizione giusta<\/strong>\u00a0Che siate seduti o in piedi, \u00e8 importante scegliere una posizione comoda per facilitare l'uso del grattaschiena.<\/li>\n<li><strong>Usare movimenti delicati<\/strong>\u00a0Per non irritare la pelle, optate per movimenti leggeri e circolari. Non esitate a variare la pressione in base alle vostre esigenze.<\/li>\n<li><strong>Prendetevi il tempo per rilassarvi<\/strong>\u00a0Non considerate questa fase come una semplice incombenza, ma piuttosto come un momento speciale per ricaricare le batterie e prendersi cura di s\u00e9.<\/li>\n<li><strong>Ricordatevi di prendervi cura del vostro gratta-schiena<\/strong>\u00a0Per preservare la qualit\u00e0 del legno, pulire regolarmente l'accessorio con un panno umido e tenerlo asciutto, lontano dall'umidit\u00e0.<\/li>\n<\/ol>\n<h2><strong>Le diverse variet\u00e0<\/strong><\/h2>\n<p>Se il\u00a0<strong>schienale in legno dal Marocco<\/strong>\u00a0sono rinomati per la loro bellezza e qualit\u00e0, ci sono anche altri tipi di grattaschiena che potrebbero soddisfare le vostre aspettative:<\/p>\n<ul>\n<li><strong>Schienale in bamb\u00f9:<\/strong>\u00a0Questo accessorio durevole ed ecologico \u00e8 ideale per chi cerca un'opzione resistente e leggera.<\/li>\n<li><strong>Grattastinchi telescopico:<\/strong>\u00a0Grazie al manico allungabile, questo modello consente di raggiungere facilmente le aree pi\u00f9 difficili da raggiungere e di scegliere la dimensione pi\u00f9 adatta alle proprie esigenze.<\/li>\n<li><strong>Graffiatore per la schiena con palla massaggiante:<\/strong>\u00a0Oltre a graffiare, questo strumento offre un effetto massaggiante che aiuta a rilassare i muscoli e a stimolare la circolazione sanguigna.<\/li>\n<\/ul>\n<h3><strong>Contribuire a un commercio etico e responsabile<\/strong><\/h3>\n<p>Scegliendo un accessorio per la schiena marocchino, contribuite anche allo sviluppo del commercio equo e solidale, che promuove il lavoro degli artigiani locali. Scegliendo un prodotto autentico, progettato nel rispetto dell'ambiente, contribuite a preservare il know-how tradizionale e a promuovere un consumo sostenibile e responsabile.<\/p>\n<p>In conclusione\u00a0<strong>grattaschiena in legno<\/strong>\u00a0\u00e8 una soluzione naturale ed efficace per porre fine al prurito e donare una sensazione di benessere generale. Molto pi\u00f9 di un semplice accessorio, riflette una tradizione unica e preziosa ereditata dal Marocco.<\/p>","protected":false},"excerpt":{"rendered":"<p>Le\u00a0gratte dos en bois\u00a0est un accessoire \u00e0 la fois simple et efficace, qui vous permettra de vous d\u00e9barrasser en douceur de vos d\u00e9mangeaisons, sans avoir besoin d&rsquo;utiliser de m\u00e9dicaments ou de produits cosm\u00e9tiques. Fabriqu\u00e9 traditionnellement avec du bois provenant du Maroc, cet objet pratique et \u00e9l\u00e9gant peut \u00e9galement vous aider \u00e0 soulager votre stress et [&#8230;]\n","protected":false},"featured_media":20646,"template":"","meta":[],"product_brand":[],"product_cat":[27],"product_tag":[],"class_list":{"0":"post-20643","1":"product","2":"type-product","3":"status-publish","4":"has-post-thumbnail","6":"product_cat-bien-etre","8":"first","9":"outofstock","10":"shipping-taxable","11":"purchasable","12":"product-type-simple"},"_links":{"self":[{"href":"https:\/\/1001vertus.com\/it\/wp-json\/wp\/v2\/product\/20643","targetHints":{"allow":["GET"]}}],"collection":[{"href":"https:\/\/1001vertus.com\/it\/wp-json\/wp\/v2\/product"}],"about":[{"href":"https:\/\/1001vertus.com\/it\/wp-json\/wp\/v2\/types\/product"}],"wp:featuredmedia":[{"embeddable":true,"href":"https:\/\/1001vertus.com\/it\/wp-json\/wp\/v2\/media\/20646"}],"wp:attachment":[{"href":"https:\/\/1001vertus.com\/it\/wp-json\/wp\/v2\/media?parent=20643"}],"wp:term":[{"taxonomy":"product_brand","embeddable":true,"href":"https:\/\/1001vertus.com\/it\/wp-json\/wp\/v2\/product_brand?post=20643"},{"taxonomy":"product_cat","embeddable":true,"href":"https:\/\/1001vertus.com\/it\/wp-json\/wp\/v2\/product_cat?post=20643"},{"taxonomy":"product_tag","embeddable":true,"href":"https:\/\/1001vertus.com\/it\/wp-json\/wp\/v2\/product_tag?post=20643"}],"curies":[{"name":"wp","href":"https:\/\/api.w.org\/{rel}","templated":true}]}}