{"id":19972,"date":"2024-01-14T17:31:21","date_gmt":"2024-01-14T16:31:21","guid":{"rendered":"https:\/\/1001vertus.com\/?post_type=product&#038;p=19972"},"modified":"2026-01-28T08:59:50","modified_gmt":"2026-01-28T07:59:50","slug":"shampoo-solido-allargilla-verde","status":"publish","type":"product","link":"https:\/\/1001vertus.com\/it\/produit\/shampoing-solide-argile-verte\/","title":{"rendered":"Shampoo solido all'argilla verde (80 g circa) - Assali"},"content":{"rendered":"<p><strong>Aggiungete 80 g di felicit\u00e0 ai vostri capelli con lo shampoo solido all'argilla verde.<\/strong>\u00a0Infatti, questa meraviglia \u00e8 un momento di puro benessere per i vostri capelli. Concedetevi un\u00a0<strong>un piacere cosmetico ineguagliabile e totalmente rispettoso del pianeta.<\/strong><\/p>\n<h2><strong>Fate come volete e regalatevi un vero momento di benessere!<\/strong><\/h2>\n<p>Questo shampoo \u00e8 un momento di impareggiabile relax per i capelli. Conosciuta da secoli per i suoi numerosi benefici, la polvere minerale presente in questo impareggiabile prodotto offre molteplici usi davvero sublimi. Oltre a<strong>un'incredibile sensazione di pulizia e relax.<\/strong><\/p>\n<p>Qui la creatrice dei cosmetici Assali ci offre\u00a0<strong>tutti i benefici dell'argilla verde.<\/strong>\u00a0Accompagnato da\u00a0<strong>un'atmosfera rilassante per i sensi<\/strong>\u00a0riflette. A\u00a0<strong>una pepita per i capelli e l'epidermide dei capelli<\/strong>\u00a0ma anche per il pianeta!<\/p>\n<h2><strong>Shampoo solido all'argilla verde: regalatevi tutte le virt\u00f9 della natura<\/strong><\/h2>\n<p>Questa polvere minerale, accuratamente aggiunta alla preziosa composizione di questo sapone, offre diverse azioni.<\/p>\n<p>In primo luogo, consentir\u00e0 di<strong>assorbire il sebo in eccesso\u00a0<\/strong>dalle radici alle estremit\u00e0. Inoltre, vi aiuter\u00e0 a\u00a0<strong>combattere la forfora e <a href=\"https:\/\/1001vertus.com\/it\/product\/shampoo-solido-al-giuggiolo\/\">lenire il prurito<\/a><\/strong>\u00a0del cuoio capelluto. Ma \u00e8 tutt'altro che finita!<\/p>\n<p>Questo shampoo solido\u00a0<strong>rimineralizzano e rinforzano i capelli<\/strong>. In conclusione, \u00e8 senza dubbio un alleato per i capelli grassi, ma anche per quelli fini.<\/p>\n<h3><strong>Scegliete lo shampoo solido all'argilla verde: \u00e8 davvero amico del pianeta!<\/strong><\/h3>\n<p>Nel\u00a0<strong>azioni quotidiane eco-responsabili,<\/strong>\u00a0Lo shampoo solido svolge un ruolo importante.<\/p>\n<p>Senza alcun imballaggio in plastica, \u00e8 anche <strong>presentato nella sua forma pi\u00f9 semplice.<\/strong>\u00a0Inoltre, ne basta una piccola quantit\u00e0 per l'uso quotidiano, il che lo rende un prodotto di indiscutibile durata.<\/p>\n<p>Si tratta quindi di un <strong>Un gesto molto bello da parte dei cosmetici per il nostro prezioso pianeta.\u00a0<\/strong>E, naturalmente, non perde nessuno dei suoi preziosi benefici.<\/p>","protected":false},"excerpt":{"rendered":"<p>Accordez 80g de bonheur \u00e0 votre masse capillaire avec le shampoing solide argile verte.\u00a0En effet, c&rsquo;est un pur instant de bien-\u00eatre pour vos cheveux qui se trouve dans cette merveille. Offrez-vous donc\u00a0ce plaisir cosm\u00e9tique sans pareil et pleinement respectueux de la plan\u00e8te. N&rsquo;en faites qu&rsquo;\u00e0 votre t\u00eate, et offrez-vous un v\u00e9ritable instant bien \u00eatre ! [&#8230;]\n","protected":false},"featured_media":19961,"template":"","meta":[],"product_brand":[],"product_cat":[112],"product_tag":[],"class_list":{"0":"post-19972","1":"product","2":"type-product","3":"status-publish","4":"has-post-thumbnail","6":"product_cat-shampoing-solide","8":"first","9":"instock","10":"shipping-taxable","11":"purchasable","12":"product-type-simple"},"_links":{"self":[{"href":"https:\/\/1001vertus.com\/it\/wp-json\/wp\/v2\/product\/19972","targetHints":{"allow":["GET"]}}],"collection":[{"href":"https:\/\/1001vertus.com\/it\/wp-json\/wp\/v2\/product"}],"about":[{"href":"https:\/\/1001vertus.com\/it\/wp-json\/wp\/v2\/types\/product"}],"wp:featuredmedia":[{"embeddable":true,"href":"https:\/\/1001vertus.com\/it\/wp-json\/wp\/v2\/media\/19961"}],"wp:attachment":[{"href":"https:\/\/1001vertus.com\/it\/wp-json\/wp\/v2\/media?parent=19972"}],"wp:term":[{"taxonomy":"product_brand","embeddable":true,"href":"https:\/\/1001vertus.com\/it\/wp-json\/wp\/v2\/product_brand?post=19972"},{"taxonomy":"product_cat","embeddable":true,"href":"https:\/\/1001vertus.com\/it\/wp-json\/wp\/v2\/product_cat?post=19972"},{"taxonomy":"product_tag","embeddable":true,"href":"https:\/\/1001vertus.com\/it\/wp-json\/wp\/v2\/product_tag?post=19972"}],"curies":[{"name":"wp","href":"https:\/\/api.w.org\/{rel}","templated":true}]}}