{"id":1919,"date":"2019-11-03T18:24:13","date_gmt":"2019-11-03T17:24:13","guid":{"rendered":"https:\/\/1001vertus.com\/?post_type=product&#038;p=1919"},"modified":"2023-07-20T08:35:50","modified_gmt":"2023-07-20T07:35:50","slug":"linverno-dei-pacchi-e-in-arrivo","status":"publish","type":"product","link":"https:\/\/1001vertus.com\/it\/produit\/pack-winter-is-coming\/","title":{"rendered":"L'inverno sta arrivando\"."},"content":{"rendered":"<p class=\"western\" align=\"justify\"><span style=\"font-family: Arial, sans-serif;\"><span style=\"font-size: medium;\">Notre pack \u00ab\u00a0Winter is coming\u00a0\u00bb est compos\u00e9 de\u00a0:<\/span><\/span><\/p>\n<ul>\n<li>\n<p class=\"western\" align=\"justify\"><span style=\"font-family: Arial, sans-serif;\"><span style=\"font-size: medium;\"><b>100ml d\u2019huile de nigelle <\/b><\/span><\/span><span style=\"font-family: Arial, sans-serif;\"><span style=\"font-size: medium;\"><i><b>Abissinia <\/b><\/i><\/span><\/span><span style=\"font-family: Arial, sans-serif;\"><span style=\"font-size: medium;\"><b>d\u2019Ethiopie<\/b><\/span><\/span><span style=\"font-family: Arial, sans-serif;\"><span style=\"font-size: medium;\"> (ou 60 g\u00e9lules \u00e0 la nigelle <\/span><\/span><span style=\"font-family: Arial, sans-serif;\"><span style=\"font-size: medium;\"><i>Abissinia<\/i><\/span><\/span><span style=\"font-family: Arial, sans-serif;\"><span style=\"font-size: medium;\">)<\/span><\/span><\/p>\n<p class=\"western\" style=\"text-align: left;\" align=\"justify\"><span style=\"font-family: Arial, sans-serif;\"><span style=\"font-size: medium;\">Il cumino nero \u00e8 un seme con 10<\/span><\/span><span style=\"font-family: Arial, sans-serif;\"><span style=\"font-size: medium;\">0<\/span><\/span><span style=\"font-family: Arial, sans-serif;\"><span style=\"font-size: medium;\">1 vertus\u00a0! Concernant l\u2019hiver, elle est particuli\u00e8rement appr\u00e9cier <\/span><\/span><span style=\"font-family: Arial, sans-serif;\"><span style=\"font-size: medium;\">pour renforcer vos d\u00e9fenses immunitiares, <\/span><\/span><span style=\"font-family: Arial, sans-serif;\"><span style=\"font-size: medium;\">mais aussi lutter\u00a0contre\u00a0:<\/span><\/span><\/p>\n<p class=\"western\" style=\"text-align: left;\" align=\"justify\"><span style=\"font-family: Arial, sans-serif;\"><span style=\"font-size: medium;\">- <\/span><\/span><span style=\"font-family: Arial, sans-serif;\"><span style=\"font-size: medium;\">bronchite, <\/span><\/span><\/p>\n<p class=\"western\" style=\"text-align: left;\" align=\"justify\"><span style=\"font-family: Arial, sans-serif;\"><span style=\"font-size: medium;\">&#8211; les congestions nasales, la toux et les rhumes<\/span><\/span><\/p>\n<p class=\"western\" style=\"text-align: left;\" align=\"justify\"><span style=\"font-family: Arial, sans-serif;\"><span style=\"font-size: medium;\">&#8211; la grippe,<\/span><\/span><\/p>\n<p class=\"western\" style=\"text-align: left;\" align=\"justify\"><span style=\"font-family: Arial, sans-serif;\"><span style=\"font-size: medium;\">&#8211; les maux de gorge et les angines,<\/span><\/span><\/p>\n<p class=\"western\" style=\"text-align: left;\" align=\"justify\"><span style=\"font-family: Arial, sans-serif;\"><span style=\"font-size: medium;\">&#8230;<\/span><\/span><\/p>\n<\/li>\n<\/ul>\n<ul>\n<li>\n<p class=\"western\" align=\"justify\"><span style=\"font-family: Arial, sans-serif;\"><span style=\"font-size: medium;\"><b>250g de miel d\u2019eucalyptus du Maroc,<\/b><\/span><\/span><span style=\"font-family: Arial, sans-serif;\"><span style=\"font-size: medium;\"><br \/>\n<\/span><\/span><\/p>\n<\/li>\n<\/ul>\n<p class=\"western\" align=\"justify\"><span style=\"font-family: Arial, sans-serif;\"><span style=\"font-size: medium;\">Ce miel est r\u00e9put\u00e9 pour\u00a0:<\/span><\/span><\/p>\n<p class=\"western\" align=\"justify\"><span style=\"font-family: Arial, sans-serif;\"><span style=\"font-size: medium;\">&#8211; calmer la toux,<\/span><\/span><\/p>\n<p class=\"western\" align=\"justify\"><span style=\"font-family: Arial, sans-serif;\"><span style=\"font-size: medium;\">&#8211; \u00eatre efficace pour les infections respiratoires (maux de gorge, bronchite, toux\u2026),<\/span><\/span><\/p>\n<p class=\"western\" align=\"justify\"><span style=\"font-family: Arial, sans-serif;\"><span style=\"font-size: medium;\">- <\/span><\/span><span style=\"font-family: Arial, sans-serif;\"><span style=\"font-size: medium;\">lutter contre la fi\u00e8vre,<\/span><\/span><\/p>\n<p class=\"western\" align=\"justify\"><span style=\"font-family: Arial, sans-serif;\"><span style=\"font-size: medium;\">- <\/span><\/span><span style=\"font-family: Arial, sans-serif;\"><span style=\"font-size: medium;\">lenire i dolori reumatici<\/span><\/span><\/p>\n<p class=\"western\" align=\"justify\">\u2026<\/p>\n<ul>\n<li>\n<p class=\"western\" align=\"justify\"><b><span style=\"font-family: Arial, sans-serif;\"><span style=\"font-size: medium;\">100g de bonbons au miel et \u00e0 la propolis.<\/span><\/span><\/b><\/p>\n<\/li>\n<\/ul>\n<p class=\"western\" align=\"justify\"><span style=\"font-family: Arial, sans-serif;\"><span style=\"font-size: medium;\">Queste piccole caramelle ammorbidiscono e leniscono la gola.<\/span><\/span><\/p>\n<p class=\"western\" align=\"justify\"><span style=\"font-family: Arial, sans-serif;\"><span style=\"font-size: medium;\"><u><b>Description d\u00e9taill\u00e9e de chacun de ces produits :<\/b><\/u><\/span><\/span><\/p>\n<ul>\n<li>\n<p class=\"western\" align=\"justify\"><strong><span style=\"font-family: Arial, sans-serif;\"><span style=\"font-size: medium;\"><i>Huile de nigelle Abyssinia\u00a0:<\/i><\/span><\/span><\/strong><\/p>\n<\/li>\n<\/ul>\n<p class=\"western\" align=\"justify\"><span style=\"font-family: Arial, sans-serif;\"><span style=\"font-size: medium;\">Les graines dont elle issue notre huile de nigelle proviennent d\u2019Ethyopie. Elles sont de grade A (\u00e0 savoir, la meilleure qualit\u00e9) ont \u00e9t\u00e9 certifi\u00e9es pures \u00e0 99% par un organisme ind\u00e9pendant. Notre huile est 100% pure et naturelle, elle ne subit aucune alt\u00e9ration chimique ou phase de coloration.<\/span><\/span><\/p>\n<ul>\n<li>\n<p class=\"western\" align=\"justify\"><strong><span style=\"font-family: Arial, sans-serif;\"><span style=\"font-size: medium;\"><i>G\u00e9lules de nigelle Abyssinia\u00a0:<\/i><\/span><\/span><\/strong><\/p>\n<\/li>\n<\/ul>\n<p class=\"western\" align=\"justify\"><span style=\"font-family: Arial, sans-serif;\"><span style=\"font-size: medium;\">G\u00e9lules \u00e0 la poudre de nigelle d\u2019Ethiopie, garantie sans additif. <\/span><\/span><\/p>\n<p class=\"western\" align=\"justify\"><span style=\"font-family: Arial, sans-serif;\"><span style=\"font-size: medium;\">Boite de 60 g\u00e9lules de 500mg, certifi\u00e9es BIO, halal, kosher et sans OGM.<\/span><\/span><\/p>\n<ul>\n<li>\n<p class=\"western\" align=\"justify\"><strong><span style=\"font-family: Arial, sans-serif;\"><span style=\"font-size: medium;\"><i>Miel d\u2019eucalytus du Maroc\u00a0:<\/i><\/span><\/span><\/strong><\/p>\n<\/li>\n<\/ul>\n<p align=\"justify\">Miele puro del Marocco.<\/p>\n<p class=\"western\" align=\"justify\"><span style=\"font-family: Arial, sans-serif;\"><span style=\"font-size: medium;\">Apr\u00e8s son conditionnement le miel peut cristalliser, c\u2019est un ph\u00e9nom\u00e8ne naturel qui garantit sa qualit\u00e9. Il ne contient ni additifs ni conservateurs.<\/span><\/span><\/p>\n<p class=\"western\" align=\"justify\"><span style=\"font-family: Arial, sans-serif;\"><span style=\"font-size: medium;\">Naturalmente \u00e8 confezionato in un barattolo di vetro per una migliore conservazione.<\/span><\/span><\/p>\n<ul>\n<li>\n<p class=\"western\" align=\"justify\"><strong><span style=\"font-family: Arial, sans-serif;\"><span style=\"font-size: medium;\"><i>Bonbons au miel et \u00e0 la propolis\u00a0:<\/i><\/span><\/span><\/strong><\/p>\n<\/li>\n<\/ul>\n<p class=\"western\" align=\"justify\"><span style=\"font-family: Arial, sans-serif;\"><span style=\"font-size: medium;\"><u>Ingredienti:<\/u> <\/span><\/span><span style=\"font-family: Arial, sans-serif;\"><span style=\"font-size: medium;\">Zucchero, s<\/span><\/span><span style=\"font-family: Arial, sans-serif;\"><span style=\"font-size: medium;\">sciroppo di glucosio, m<\/span><\/span><span style=\"font-family: Arial, sans-serif;\"><span style=\"font-size: medium;\">iel, e<\/span><\/span><span style=\"font-family: Arial, sans-serif;\"><span style=\"font-size: medium;\">Estratto naturale di propoli.<\/span><\/span><\/p>\n<p class=\"western\" align=\"justify\"><span style=\"font-family: Arial, sans-serif;\"><span style=\"font-size: medium;\"><b>Ognuno di questi prodotti \u00e8 disponibile singolarmente sul nostro sito web.<\/b><\/span><\/span><\/p>","protected":false},"excerpt":{"rendered":"<p class=\"western\" align=\"justify\"><span style=\"font-family: Arial, sans-serif;\"><span style=\"font-size: medium;\">L\u2019hiver arrive, et avec lui le froid et beaucoup de petits maux : maux de gorge, toux, probl\u00e8mes respiratoires, angine\u2026 Afin de lutter efficacement contre eux, nous vous avons contact\u00e9 un petit pack sp\u00e9cial hiver.<\/span><\/span><\/p>\n<p class=\"western\" align=\"justify\"><span style=\"font-family: Arial, sans-serif;\"><span style=\"font-size: medium;\">Celui-ci se compose d\u2019une huile de nigelle (ou de g\u00e9lules \u00e0 la nigelle) afin de renforcer vos d\u00e9fenses immunitaires, de miel d\u2019eucalyptus, id\u00e9al pour les maux de gorges et les probl\u00e8mes respiratoires, et de bonbons au miel et \u00e0 la propolis pour apaiser et adoucir votre gorge.<\/span><\/span><\/p>","protected":false},"featured_media":1920,"template":"","meta":[],"product_brand":[],"product_cat":[44,28,26],"product_tag":[],"class_list":{"0":"post-1919","1":"product","2":"type-product","3":"status-publish","4":"has-post-thumbnail","6":"product_cat-nos-packs","7":"product_cat-medecine-sante","8":"product_cat-nigelle","10":"first","11":"outofstock","12":"shipping-taxable","13":"purchasable","14":"product-type-variable"},"_links":{"self":[{"href":"https:\/\/1001vertus.com\/it\/wp-json\/wp\/v2\/product\/1919","targetHints":{"allow":["GET"]}}],"collection":[{"href":"https:\/\/1001vertus.com\/it\/wp-json\/wp\/v2\/product"}],"about":[{"href":"https:\/\/1001vertus.com\/it\/wp-json\/wp\/v2\/types\/product"}],"wp:featuredmedia":[{"embeddable":true,"href":"https:\/\/1001vertus.com\/it\/wp-json\/wp\/v2\/media\/1920"}],"wp:attachment":[{"href":"https:\/\/1001vertus.com\/it\/wp-json\/wp\/v2\/media?parent=1919"}],"wp:term":[{"taxonomy":"product_brand","embeddable":true,"href":"https:\/\/1001vertus.com\/it\/wp-json\/wp\/v2\/product_brand?post=1919"},{"taxonomy":"product_cat","embeddable":true,"href":"https:\/\/1001vertus.com\/it\/wp-json\/wp\/v2\/product_cat?post=1919"},{"taxonomy":"product_tag","embeddable":true,"href":"https:\/\/1001vertus.com\/it\/wp-json\/wp\/v2\/product_tag?post=1919"}],"curies":[{"name":"wp","href":"https:\/\/api.w.org\/{rel}","templated":true}]}}