{"id":1882,"date":"2019-10-26T09:36:52","date_gmt":"2019-10-26T08:36:52","guid":{"rendered":"https:\/\/1001vertus.com\/?post_type=product&#038;p=1882"},"modified":"2026-01-05T09:49:16","modified_gmt":"2026-01-05T08:49:16","slug":"stratificazione","status":"publish","type":"product","link":"https:\/\/1001vertus.com\/it\/produit\/layering\/","title":{"rendered":"Il mio pacchetto di stratificazione - 1001 virt\u00f9"},"content":{"rendered":"<p class=\"western\"><span style=\"font-family: Arial, sans-serif;\"><span style=\"font-size: medium;\">Rituel ancestral venu du Japon, le but du layering est la peau parfaite. Les layerings japonais sont en g\u00e9n\u00e9ral constitu\u00e9 de 5 \u00e0 plus de dix \u00e9tapes mais elles ne sont pas toutes obligatoires.<\/span><\/span><\/p>\n<p class=\"western\"><span style=\"font-family: Arial, sans-serif;\"><span style=\"font-size: medium;\">Nous vous proposons ici un pack layering \u00e0 utiliser seul ou en combinaison avec d\u2019autres produits (masque, cr\u00e8me de jour ou de nuit&#8230;)<\/span><\/span><\/p>\n<h3 class=\"western\"><span style=\"font-family: Arial, sans-serif;\"><span style=\"font-size: large;\"><i>Le bon ordre d\u2019application des soins visages\u00a0:<\/i><\/span><\/span><\/h3>\n<p class=\"western\" align=\"justify\"><span style=\"font-family: Arial, sans-serif;\"><span style=\"font-size: medium;\">Le grand principe, c&rsquo;est d&rsquo;aller toujours de la texture la plus liquide \u00e0 la texture la plus \u00e9paisse.<\/span><\/span><\/p>\n<ul>\n<li class=\"western\"><span style=\"font-family: Arial, sans-serif;\"><span style=\"font-size: medium;\"><u>Etape 1\u00a0: le d\u00e9maquillage \u00e0 l\u2019huile<\/u><\/span><\/span><\/li>\n<\/ul>\n<p class=\"western\"><span style=\"font-family: Arial, sans-serif;\"><span style=\"font-size: medium;\">Le d\u00e9maquillage est une des \u00e9tapes les plus importantes dans la routine beaut\u00e9 de toutes les femmes. Il sert \u00e0 \u00e9liminer traces de maquillage, <\/span><\/span><span style=\"color: #000080;\"><span lang=\"zxx\"><span style=\"color: #000000;\"><span style=\"font-family: Arial, sans-serif;\"><span style=\"font-size: medium;\">sudorazione<\/span><\/span><\/span><\/span><\/span><span style=\"font-family: Arial, sans-serif;\"><span style=\"font-size: medium;\"> et agents polluants qui se sont accumul\u00e9s \u00e0 la surface du visage au cours de la journ\u00e9e pour ne pas \u00ab\u00a0encrasser\u00a0\u00bb les pores de la peau. L&rsquo;huile, souvent consid\u00e9r\u00e9e comme \u00e9tant trop grasse, est pourtant tr\u00e8s efficace pour \u00e9liminer toutes les impuret\u00e9s en les d\u00e9collant parfaitement. Le mieux est d\u2019utiliser une huile v\u00e9g\u00e9tale biologique que vous choisirez suivant votre type de peau.<\/span><\/span><\/p>\n<p class=\"western\"><strong><span style=\"font-family: Arial, sans-serif;\"><span style=\"font-size: medium;\">La mossa giusta:<\/span><\/span><\/strong><span style=\"font-family: Arial, sans-serif;\"><span style=\"font-size: medium;\"> sur une peau s\u00e8che, appliquez l&rsquo;huile avec vos deux mains en effectuant des mouvements l\u00e9gers et circulaires. Commencez en partant du menton et remontez jusqu&rsquo;\u00e0 l&rsquo;ext\u00e9rieur des paupi\u00e8res. Puis, continuez par le front, le contour de la bouche, le nez, les yeux et les tempes. Terminez par des lissages du bas vers le haut de l&rsquo;ensemble du visage, puis du haut vers le bas pour les yeux et enfin du centre vers l&rsquo;ext\u00e9rieur du visage. Rincez \u00e0 l&rsquo;eau claire.<\/span><\/span><\/p>\n<ul>\n<li class=\"western\"><span style=\"font-family: Arial, sans-serif;\"><span style=\"font-size: medium;\"><u>Etape 2\u00a0: le nettoyage<\/u><\/span><\/span><\/li>\n<\/ul>\n<p class=\"western\"><span style=\"font-family: Arial, sans-serif;\"><span style=\"font-size: medium;\">Afin d&rsquo;\u00e9liminer les corps gras laiss\u00e9s par l&rsquo;huile, il est n\u00e9cessaire d&rsquo;utiliser ensuite un <\/span><\/span><span style=\"color: #000080;\"><span lang=\"zxx\"><span style=\"color: #000000;\"><span style=\"font-family: Arial, sans-serif;\"><span style=\"font-size: medium;\">detergente per il viso<\/span><\/span><\/span><\/span><\/span><span style=\"font-family: Arial, sans-serif;\"><span style=\"font-size: medium;\"> doux pour purifier la peau et la rendre la plus propre possible. Le but ici est de retirer les derni\u00e8res traces de salet\u00e9s, sans pour autant agresser la peau. <\/span><\/span><\/p>\n<p class=\"western\"><span style=\"font-family: Arial, sans-serif;\"><span style=\"font-size: medium;\">Quoi de mieux que l\u2019\u00e9ponge konjac, consid\u00e9r\u00e9 comme le produit de nettoyage le plus doux et efficace qui existe\u00a0?!?<\/span><\/span><\/p>\n<p class=\"western\"><strong><span style=\"font-family: Arial, sans-serif;\"><span style=\"font-size: medium;\">La mossa giusta:<\/span><\/span><\/strong><span style=\"font-family: Arial, sans-serif;\"><span style=\"font-size: medium;\"> sur le visage humide, appliquez votre savon sur votre visage ou directement sur l\u2019\u00e9ponge konjac, et effectuez des mouvements circulaires et en insistant sur la zone \u00ab T \u00bb. Rincez d\u00e9licatement \u00e0 l\u2019eau claire. Inutile de trop frotter la peau, vos gestes doivent \u00eatre d\u00e9licats.<\/span><\/span><\/p>\n<ul>\n<li class=\"western\"><span style=\"font-family: Arial, sans-serif;\"><span style=\"font-size: medium;\"><u>Etape 3\u00a0: l\u2019eau florale<\/u><\/span><\/span><\/li>\n<\/ul>\n<p class=\"western\"><span style=\"font-family: Arial, sans-serif;\"><span style=\"font-size: medium;\">L&rsquo;application de l\u2019eau floral constitue la troisi\u00e8me \u00e9tape du layering. Elle sert \u00e0 tonifier et \u00e0 resserrer les pores de la peau pour lui donner un aspect plus net. <\/span><\/span><\/p>\n<p class=\"western\"><span style=\"font-family: Arial, sans-serif;\"><span style=\"font-size: medium;\">Notre eau de rose de Damas BIO en plus d\u2019\u00eatre un excellent tonique pour votre peau, l\u2019hydratera, sera b\u00e9n\u00e9fiques pour les yeux et leurs contours et combattra les rides et ridules.<\/span><\/span><\/p>\n<p class=\"western\"><strong><span style=\"font-family: Arial, sans-serif;\"><span style=\"font-size: medium;\">La mossa giusta:<\/span><\/span><\/strong><span style=\"font-family: Arial, sans-serif;\"><span style=\"font-size: medium;\"> Vaporisez-la sur le visage et laissez s\u00e9cher<\/span><\/span><\/p>\n<ul>\n<li class=\"western\"><span style=\"font-family: Arial, sans-serif;\"><span style=\"font-size: medium;\"><u>Etape 4\u00a0: le gel d\u2019aloe vera\u00a0<\/u><\/span><\/span><\/li>\n<\/ul>\n<p class=\"western\"><span style=\"color: #000000;\"><span style=\"font-family: Arial, sans-serif;\"><span style=\"font-size: medium;\">Gel <\/span><\/span><\/span><span style=\"color: #000000;\"><span style=\"font-family: Arial, sans-serif;\"><span style=\"font-size: medium;\">d&rsquo;aloe vera se r\u00e9v\u00e8le \u00eatre le s\u00e9rum parfait. Il poss\u00e8de de nombreuses vertus (anti-inflammatoire, hydratant, antiseptique, antifongique, d\u00e9sinfectant) et renferme plusieurs<\/span><\/span><\/span><span style=\"color: #000000;\"><span style=\"font-family: Arial, sans-serif;\"><span style=\"font-size: medium;\"> vitamines et sels min\u00e9raux.<\/span><\/span><\/span><\/p>\n<p class=\"western\"><strong><span style=\"color: #000000;\"><span style=\"font-family: Arial, sans-serif;\"><span style=\"font-size: medium;\">La mossa giusta:<\/span><\/span><\/span><\/strong><span style=\"color: #000000;\"><span style=\"font-family: Arial, sans-serif;\"><span style=\"font-size: medium;\"> appliquez le gel du bout des doigts, de mani\u00e8re circulaire en commen\u00e7ant par le cou et en remontant jusqu&rsquo;au front. <\/span><\/span><\/span><\/p>\n<ul>\n<li class=\"western\"><span style=\"font-family: Arial, sans-serif;\"><span style=\"font-size: medium;\"><u>Etape 5\u00a0: le contour des yeux<\/u><\/span><\/span><\/li>\n<\/ul>\n<p class=\"western\"><span style=\"color: #000000;\"><span style=\"font-family: Arial, sans-serif;\">Le contour de l\u2019\u0153il est souvent une partie du visage n\u00e9glig\u00e9e. Cette zone tr\u00e8s fragile, car la peau y est tr\u00e8s fine, est sujette aux poches, <\/span><\/span><span style=\"color: #000080;\"><span lang=\"zxx\"><span style=\"color: #000000;\"><span style=\"font-family: Arial, sans-serif;\">occhiaie<\/span><\/span><\/span><\/span><span style=\"color: #000000;\"><span style=\"font-family: Arial, sans-serif;\"> e altri <\/span><\/span><span style=\"color: #000080;\"><span lang=\"zxx\"><span style=\"color: #000000;\"><span style=\"font-family: Arial, sans-serif;\">rughe<\/span><\/span><\/span><\/span><span style=\"color: #000000;\"><span style=\"font-family: Arial, sans-serif;\">\u00c8 importante prendersene cura utilizzando il nostro roll-on anti-cerchio.<\/span><\/span><\/p>\n<p class=\"western\"><strong><span style=\"color: #000000;\"><span style=\"font-family: Arial, sans-serif;\"><span style=\"font-size: medium;\">La mossa giusta: <\/span><\/span><\/span><\/strong><span style=\"color: #000000;\"><span style=\"font-family: Arial, sans-serif;\"><span style=\"font-size: medium;\">Appliquez d\u00e9licatement notre roll-on sur le dessous de l\u2019\u0153il. Ne pas rincez.<\/span><\/span><\/span><\/p>\n<p>&nbsp;<\/p>\n<h3 class=\"western\"><strong><span style=\"font-family: Arial, sans-serif;\"><span style=\"font-size: medium;\"><u>Et pour que ce layering soit encore plus efficace, nous l\u2019avons d\u00e9clin\u00e9 en 4 variantes selon les diff\u00e9rents types de peau\u00a0:<\/u><\/span><\/span><\/strong><\/h3>\n<ul>\n<li>\n<p class=\"western\"><span style=\"font-family: Arial, sans-serif;\"><span style=\"font-size: medium;\"><b>PEAU SECHE\u00a0: <\/b><\/span><\/span><\/p>\n<\/li>\n<\/ul>\n<p class=\"western\"><span style=\"font-family: Arial, sans-serif;\"><span style=\"font-size: medium;\">50ml d&rsquo;huile d\u2019amande douce BIO + une \u00e9ponge konjac \u00e0 l\u2019argile rose + 100ml d&rsquo;eau de rose de Damas BIO + un gel d\u2019aloe vera BIO (100g) + un roll-on anti-cernes<br \/>\n<\/span><\/span><\/p>\n<ul>\n<li>\n<p class=\"western\"><span style=\"font-family: Arial, sans-serif;\"><span style=\"font-size: medium;\"><b>PELLE MISTA<\/b><\/span><\/span><\/p>\n<\/li>\n<\/ul>\n<p class=\"western\"><span style=\"font-family: Arial, sans-serif;\"><span style=\"font-size: medium;\">50ml d&rsquo;huile de jojoba BIO + une \u00e9ponge konjac \u00e0 l\u2019argile verte + 100ml d&rsquo;eau de rose de Damas BIO + un gel d\u2019aloe vera BIO (100g) + un roll-on anti-cernes<\/span><\/span><\/p>\n<ul>\n<li>\n<p class=\"western\"><span style=\"font-family: Arial, sans-serif;\"><span style=\"font-size: medium;\"><b>PELLE GRASSA<\/b><\/span><\/span><\/p>\n<\/li>\n<\/ul>\n<p class=\"western\"><span style=\"font-family: Arial, sans-serif;\"><span style=\"font-size: medium;\">50ml d&rsquo;huile de s\u00e9same BIO + une \u00e9ponge konjac au charbon de bambou + 100ml d&rsquo;eau de rose de Damas BIO + un gel d\u2019aloe vera BIO (100g) + un roll-on anti-cernes<\/span><\/span><\/p>\n<ul>\n<li>\n<p class=\"western\"><span style=\"font-family: Arial, sans-serif;\"><span style=\"font-size: medium;\"><b>TUTTI I TIPI DI PELLE<\/b><\/span><\/span><\/p>\n<\/li>\n<\/ul>\n<p class=\"western\"><span style=\"font-family: Arial, sans-serif;\"><span style=\"font-size: medium;\">50ml d&rsquo;huile de noyaux d\u2019abricot BIO + une \u00e9ponge konjac neutre + 100ml d&rsquo;eau de rose de Damas BIO + un gel d\u2019aloe vera BIO (100g) + un roll-on anti-cernes<\/span><\/span><\/p>","protected":false},"excerpt":{"rendered":"<p class=\"western\"><span style=\"font-family: Arial, sans-serif;\"><span style=\"font-size: medium;\">La stratificazione \u00e8 un rituale tradizionale ancestrale originario del Giappone, il cui scopo \u00e8 schiarire la pelle.<\/span><\/span><span style=\"color: #000000;\"><span style=\"font-family: Arial, sans-serif;\"><span style=\"font-size: medium;\">a qu\u00eate de la peau parfaite. Il<\/span><\/span><\/span> <span style=\"color: #000000;\"><span style=\"font-family: Arial, sans-serif;\"><span style=\"font-size: medium;\">consiste \u00e0 superposer plusieurs produits dans un ordre tr\u00e8s pr\u00e9cis pour que chaque nouveau geste neutralise l\u2019inconv\u00e9nient du pr\u00e9c\u00e9dent et en potentialise les b\u00e9n\u00e9fices. <\/span><\/span><\/span><\/p>\n<p class=\"western\"><span style=\"font-family: Arial, sans-serif;\"><span style=\"font-size: medium;\">Notre pack layering est compos\u00e9 de 5 produits, chacun b\u00e9n\u00e9fique pour votre visage. Leur synergie et surtout l\u2019ordre d\u2019utilisation en feront un soin visage excellent.<\/span><\/span><\/p>\n<p class=\"western\"><span style=\"font-family: Arial, sans-serif;\"><span style=\"font-size: medium;\">Et pour que ce layering soit encore plus efficace, nous l\u2019avons d\u00e9clin\u00e9 en 4 variantes selon les diff\u00e9rents types de peau.<\/span><\/span><\/p>","protected":false},"featured_media":1883,"template":"","meta":[],"product_brand":[],"product_cat":[27,15,44],"product_tag":[],"class_list":{"0":"post-1882","1":"product","2":"type-product","3":"status-publish","4":"has-post-thumbnail","6":"product_cat-bien-etre","7":"product_cat-huiles-bio","8":"product_cat-nos-packs","10":"first","11":"instock","12":"sale","13":"shipping-taxable","14":"purchasable","15":"product-type-variable"},"_links":{"self":[{"href":"https:\/\/1001vertus.com\/it\/wp-json\/wp\/v2\/product\/1882","targetHints":{"allow":["GET"]}}],"collection":[{"href":"https:\/\/1001vertus.com\/it\/wp-json\/wp\/v2\/product"}],"about":[{"href":"https:\/\/1001vertus.com\/it\/wp-json\/wp\/v2\/types\/product"}],"wp:featuredmedia":[{"embeddable":true,"href":"https:\/\/1001vertus.com\/it\/wp-json\/wp\/v2\/media\/1883"}],"wp:attachment":[{"href":"https:\/\/1001vertus.com\/it\/wp-json\/wp\/v2\/media?parent=1882"}],"wp:term":[{"taxonomy":"product_brand","embeddable":true,"href":"https:\/\/1001vertus.com\/it\/wp-json\/wp\/v2\/product_brand?post=1882"},{"taxonomy":"product_cat","embeddable":true,"href":"https:\/\/1001vertus.com\/it\/wp-json\/wp\/v2\/product_cat?post=1882"},{"taxonomy":"product_tag","embeddable":true,"href":"https:\/\/1001vertus.com\/it\/wp-json\/wp\/v2\/product_tag?post=1882"}],"curies":[{"name":"wp","href":"https:\/\/api.w.org\/{rel}","templated":true}]}}