{"id":17950,"date":"2023-12-02T16:14:20","date_gmt":"2023-12-02T15:14:20","guid":{"rendered":"https:\/\/1001vertus.com\/?post_type=product&#038;p=17950"},"modified":"2026-05-03T18:59:58","modified_gmt":"2026-05-03T17:59:58","slug":"qassim-sukkari-rutab-date","status":"publish","type":"product","link":"https:\/\/1001vertus.com\/it\/produit\/dattes-sukkari-rutab-de-qassim\/","title":{"rendered":"Datteri Qassim sukkari rutab 500g - Nadaty"},"content":{"rendered":"<p>In questo articolo parleremo di questi deliziosi datteri sukkari rutab e delle caratteristiche speciali che li rendono cos\u00ec unici. Siete incuriositi? Allora continuate a leggere per saperne di pi\u00f9 su questa variet\u00e0 di datteri diversa da tutte le altre.<\/p>\n<h2><strong>L'origine dei datteri sukkari rutab<\/strong><\/h2>\n<p>Per cominciare, \u00e8 necessario sapere che\u00a0<strong>datteri sukkari rutab<\/strong>\u00a0sono originari dell'Arabia Saudita, pi\u00f9 precisamente della regione di Al-Qassim. Questo squisito frutto \u00e8 il risultato dell'incrocio di due diversi tipi di datteri, che gli conferiscono un sapore e una consistenza molto particolari.<\/p>\n<p>I datteri Sukkari sono coltivati da secoli in questa parte del mondo e sono un pilastro della cultura agricola saudita. I datteri Sukkari sono stati recentemente introdotti nei mercati internazionali e hanno rapidamente guadagnato popolarit\u00e0 grazie al loro gusto caratteristico e alle loro virt\u00f9 nutrizionali.<\/p>\n<h2><strong>Il sapore unico dei datteri sukkari rutab<\/strong><\/h2>\n<p>Passiamo a ci\u00f2 che rende questa variet\u00e0 di datteri una scelta cos\u00ec popolare tra gli amanti dei datteri. Il loro sapore ricorda quello dei\u00a0<strong>caramello<\/strong>Con note leggermente dolci e un retrogusto terroso.<\/p>\n<p>Inoltre, questi datteri sono naturalmente molto ricchi di zuccheri (circa 70% del loro peso), il che li rende particolarmente adatti al consumo secco. Se vi piace sgranocchiarli con una tazza di t\u00e8 o come spuntino salutare, questi datteri sono un ottimo modo per gustarli. <a href=\"https:\/\/1001vertus.com\/it\/product-category\/date-ajwa\/\"><strong>delizier\u00e0 le vostre papille gustative<\/strong><\/a>.<\/p>\n<h3><strong>Uso culinario<\/strong><\/h3>\n<p>Con un sapore cos\u00ec delicato e unico, \u00e8 ovvio che questi datteri possono essere utilizzati in molti piatti e ricette.<\/p>\n<p><strong>Ecco alcune idee per utilizzare i datteri sukkari rutab in cucina:<\/strong><\/p>\n<ul>\n<li>Aggiungeteli alle insalate per un tocco di dolcezza.<\/li>\n<li>Aggiungete pezzi di datteri agli yogurt o ai dessert a base di latticini<\/li>\n<li>Utilizzatele come ingrediente di dolci orientali<\/li>\n<li>Preparate dei tartufi di datteri rotolandoli nel cacao o nel cocco.<\/li>\n<\/ul>\n<p>Naturalmente, l'elenco non finisce qui. Potete facilmente trovare online molte altre ricette con questi datteri e dare sfogo alla vostra fantasia.<\/p>\n<h2><strong>L'irresistibile consistenza di questo frutto di Qassim<\/strong><\/h2>\n<p>Oltre che per il loro gusto squisito, i datteri sukkari sono apprezzati per la loro consistenza unica. Sono noti per la loro polpa particolarmente tenera e fondente, che li distingue dalle altre variet\u00e0 di datteri. Questa consistenza \u00e8 dovuta al processo di coltivazione ed essiccazione specifico di questa variet\u00e0 di datteri.<\/p>\n<p>Questa particolare consistenza consente di consumarli in diverse fasi del processo di essiccazione. Ad esempio, i datteri sukkari rutab freschi hanno una polpa molto tenera e umida, mentre quelli essiccati sono pi\u00f9 sodi e simili ai datteri tradizionali che si trovano in commercio.<\/p>\n<h3><strong>Conservazione dei datteri Sukkari Rutab<\/strong><\/h3>\n<p>A causa della loro consistenza morbida, \u00e8 essenziale conservare questi datteri in modo corretto per mantenere il loro sapore e la loro qualit\u00e0 ottimali. Ecco alcuni consigli per mantenere i datteri sukkari rutab in perfette condizioni:<\/p>\n<ol>\n<li>Conservatele in un contenitore ermetico: in questo modo eviterete che si secchino troppo rapidamente e conserverete la morbidezza della loro polpa.<\/li>\n<li>Conservare al fresco: anche se non \u00e8 necessario conservarli in frigorifero.<\/li>\n<li>Assicuratevi che siano conservati in un luogo asciutto: questo eviter\u00e0 che diventino appiccicosi o molli e vi garantir\u00e0 la migliore esperienza di gusto possibile.<\/li>\n<\/ol>\n<h3><strong>Benefici nutrizionali dei datteri Sukkari Rutab<\/strong><\/h3>\n<p>Sarebbe un peccato parlare di\u00a0<strong>datteri sukkari rutab<\/strong>\u00a0per non parlare dei loro benefici per la salute. Questi gustosi frutti non sono solo deliziosi da mangiare, ma hanno anche molti benefici nutrizionali:<\/p>\n<ul>\n<li>Ricco di fibre: favorisce la digestione e aiuta a regolare l'appetito.<\/li>\n<li>Buone fonti di potassio: questo minerale svolge un ruolo fondamentale nell'equilibrio dei liquidi corporei e della funzione nervosa.<\/li>\n<li>Contengono antiossidanti: i datteri sono ricchi di composti vegetali benefici. Proteggono le nostre cellule dai danni causati dai radicali liberi.<\/li>\n<li>Elevato contenuto di carboidrati naturali: grazie all'alto contenuto di zuccheri semplici come il fruttosio, i datteri rappresentano una fonte di energia facile e veloce.<\/li>\n<\/ul>\n<p><strong>In breve, i datteri sukkari rutab hanno tutto ci\u00f2 che serve.<\/strong>Sono buoni per il palato e per la salute. Un motivo in pi\u00f9 per gustare questi frutti gustosi senza sentirsi in colpa!<\/p>","protected":false},"excerpt":{"rendered":"<p><strong>Nuovo raccolto.<\/strong><\/p>","protected":false},"featured_media":17951,"template":"","meta":[],"product_brand":[],"product_cat":[79,29,109,111],"product_tag":[],"class_list":{"0":"post-17950","1":"product","2":"type-product","3":"status-publish","4":"has-post-thumbnail","6":"product_cat-bienfaits-des-dattes","7":"product_cat-alimentation","8":"product_cat-dattes-nadaty","9":"product_cat-fruits-secs","11":"first","12":"instock","13":"shipping-taxable","14":"purchasable","15":"product-type-simple"},"_links":{"self":[{"href":"https:\/\/1001vertus.com\/it\/wp-json\/wp\/v2\/product\/17950","targetHints":{"allow":["GET"]}}],"collection":[{"href":"https:\/\/1001vertus.com\/it\/wp-json\/wp\/v2\/product"}],"about":[{"href":"https:\/\/1001vertus.com\/it\/wp-json\/wp\/v2\/types\/product"}],"wp:featuredmedia":[{"embeddable":true,"href":"https:\/\/1001vertus.com\/it\/wp-json\/wp\/v2\/media\/17951"}],"wp:attachment":[{"href":"https:\/\/1001vertus.com\/it\/wp-json\/wp\/v2\/media?parent=17950"}],"wp:term":[{"taxonomy":"product_brand","embeddable":true,"href":"https:\/\/1001vertus.com\/it\/wp-json\/wp\/v2\/product_brand?post=17950"},{"taxonomy":"product_cat","embeddable":true,"href":"https:\/\/1001vertus.com\/it\/wp-json\/wp\/v2\/product_cat?post=17950"},{"taxonomy":"product_tag","embeddable":true,"href":"https:\/\/1001vertus.com\/it\/wp-json\/wp\/v2\/product_tag?post=17950"}],"curies":[{"name":"wp","href":"https:\/\/api.w.org\/{rel}","templated":true}]}}