{"id":17513,"date":"2023-11-24T11:53:11","date_gmt":"2023-11-24T10:53:11","guid":{"rendered":"https:\/\/1001vertus.com\/?post_type=product&#038;p=17513"},"modified":"2026-03-16T18:45:23","modified_gmt":"2026-03-16T17:45:23","slug":"miele-di-king-kong","status":"publish","type":"product","link":"https:\/\/1001vertus.com\/it\/produit\/miel-king-kong-honey\/","title":{"rendered":"King Kong Miele Afrodisiaco - 100g"},"content":{"rendered":"<p>Le\u00a0<strong>Miele di King Kong<\/strong> \u00e8 un prodotto naturale che dona vitalit\u00e0, tono ed energia per tutta la giornata. Questo eccezionale miele afrodisiaco contiene una moltitudine di nutrienti, vitamine e minerali essenziali per l'organismo. Scoprite i benefici del miele King Kong e approfondite la sua composizione e il suo utilizzo.<\/p>\n<h2><strong>Le eccezionali propriet\u00e0 del miele di King Kong<\/strong><\/h2>\n<p>Il miele King Kong si distingue per le sue notevoli qualit\u00e0 nutrizionali e il suo gusto unico. \u00c8 composto principalmente da\u00a0<strong>zuccheri naturali\u00a0<\/strong>(fruttosio e glucosio), che lo rendono un'eccellente fonte di energia rapida e duratura. Questo miele eccezionale \u00e8 ricco di\u00a0<strong>nutrienti essenziali<\/strong>, Per questo \u00e8 ideale per sostenere l'organismo nei suoi sforzi quotidiani.<\/p>\n<p>Ecco alcune delle propriet\u00e0 uniche di questo miele afrodisiaco naturale:<\/p>\n<ul>\n<li><strong>Ricco di vitamine e minerali<\/strong>\u00a0Contiene vitamine B, C, D, E e K, oltre a calcio, potassio, magnesio, ferro, zinco e rame. Questi elementi favoriscono un migliore assorbimento dei nutrienti e aiutano l'organismo a funzionare correttamente.<\/li>\n<li><strong>Potere antiossidante<\/strong>\u00a0Ha\u00a0<strong>antiossidanti naturali<\/strong> che aiutano a combattere i radicali liberi. Questi ultimi sono responsabili dell'invecchiamento precoce delle cellule e della degradazione di alcune funzioni corporee.<\/li>\n<li><strong>Effetto energizzante<\/strong> Grazie al suo contenuto di carboidrati, che vengono rapidamente assimilati dall'organismo. Fornisce <a href=\"https:\/\/1001vertus.com\/it\/product\/capsule-di-costoluto-indiano\/\"><strong>fonte immediata di energia<\/strong><\/a>\u00a0per far fronte a un intenso sforzo fisico o intellettuale.<\/li>\n<li><strong>Azione benefica sul sistema immunitario<\/strong> rafforzando le difese naturali dell'organismo. Questo miele afrodisiaco naturale aiuta a prevenire le infezioni e a resistere meglio alle aggressioni esterne.<\/li>\n<\/ul>\n<h2><strong>Uso quotidiano del miele King Kong<\/strong><\/h2>\n<p>Il miele afrodisiaco naturale qui presentato pu\u00f2 essere utilizzato in diversi modi per sfruttarne al meglio i benefici.<\/p>\n<p>Ecco alcuni suggerimenti per integrare questo miele eccezionale nella vostra routine quotidiana:<\/p>\n<ul>\n<li><strong>Nella dieta<\/strong><\/li>\n<\/ul>\n<p>A colazione, potete spalmare il miele afrodisiaco naturale su fette di pane o brioche per aggiungere un tocco dolce e nutriente al vostro pasto. Infine, aggiungetelo allo yogurt, al dessert alla crema o al frullato per uno spuntino gustoso e rivitalizzante.<\/p>\n<ul>\n<li><strong>Cura dell'energia<\/strong><\/li>\n<\/ul>\n<p>Per sfruttare al meglio l'energia fornita da King Kong Honey, si consiglia di assumerne un cucchiaino ogni mattina a stomaco vuoto. In questo modo si potr\u00e0 sfruttare appieno il suo contenuto di glucosio e fruttosio, per una carica di energia duratura per tutta la giornata.<\/p>\n<h2><strong>Miele King Kong: un prodotto naturale e autentico<\/strong><\/h2>\n<p>Acquistare il miele di King Kong significa innanzitutto scegliere un prodotto naturale e autentico. Questo miele proviene da <strong>apicoltori appassionati\u00a0<\/strong>che attribuisce particolare importanza al rispetto dell'ambiente e della biodiversit\u00e0. Le api raccolgono il nettare da una variet\u00e0 di specie vegetali che conferiscono a questo miele afrodisiaco naturale la sua incomparabile ricchezza nutrizionale. Il miele viene poi estratto con tecniche tradizionali, per preservarne il gusto e le qualit\u00e0 nutrizionali.<\/p>\n<h3><strong>Precauzioni per l'uso di questo miele afrodisiaco naturale<\/strong><\/h3>\n<p>Sebbene il miele di King Kong sia un prodotto naturale, \u00e8 necessario adottare alcune precauzioni per trarne il massimo beneficio:<\/p>\n<ol>\n<li><strong>Conservazione<\/strong> Miele afrodisiaco: per preservare le sue qualit\u00e0, il miele afrodisiaco deve essere conservato al riparo dalla luce e dall'umidit\u00e0. Conservare in un luogo fresco e asciutto.<\/li>\n<li><strong>Uso moderato<\/strong> Il miele \u00e8 un afrodisiaco naturale, anche se ha propriet\u00e0 benefiche per la salute. Il miele afrodisiaco naturale \u00e8 uno zucchero naturale e il suo consumo deve rimanere ragionevole (da 1 a 2 cucchiaini al giorno).<\/li>\n<li><strong>Rischi allergici<\/strong> Alcune persone possono essere allergiche o intolleranti ai prodotti dell'alveare. Fate quindi attenzione quando utilizzate per la prima volta il miele afrodisiaco naturale.<\/li>\n<li><strong>Non \u00e8 raccomandato per i bambini piccoli<\/strong> Come qualsiasi altro miele afrodisiaco, King Kong Honey non \u00e8 raccomandato per i bambini di et\u00e0 inferiore a 1 anno. Questo a causa del rischio di botulismo infantile che potrebbe rappresentare.<\/li>\n<\/ol>\n<p>\u00c8 quindi un vero e proprio alleato per il vostro tono quotidiano, la vostra vitalit\u00e0 e la vostra energia. Non esitate a inserirlo nella vostra routine quotidiana, per godere di tutti i benefici che questo tesoro naturale ha da offrire.<\/p>","protected":false},"excerpt":{"rendered":"<p><strong>Ingredienti: <\/strong><\/p>\n<ul>\n<li>Miele naturale<\/li>\n<li>Pappa reale biologica<\/li>\n<li>Propoli biologica<\/li>\n<li>Ginseng<\/li>\n<li>Chiodi di garofano<\/li>\n<li>Zenzero<\/li>\n<\/ul>","protected":false},"featured_media":17514,"template":"","meta":[],"product_brand":[],"product_cat":[25],"product_tag":[],"class_list":{"0":"post-17513","1":"product","2":"type-product","3":"status-publish","4":"has-post-thumbnail","6":"product_cat-miels","8":"first","9":"outofstock","10":"shipping-taxable","11":"purchasable","12":"product-type-simple"},"_links":{"self":[{"href":"https:\/\/1001vertus.com\/it\/wp-json\/wp\/v2\/product\/17513","targetHints":{"allow":["GET"]}}],"collection":[{"href":"https:\/\/1001vertus.com\/it\/wp-json\/wp\/v2\/product"}],"about":[{"href":"https:\/\/1001vertus.com\/it\/wp-json\/wp\/v2\/types\/product"}],"wp:featuredmedia":[{"embeddable":true,"href":"https:\/\/1001vertus.com\/it\/wp-json\/wp\/v2\/media\/17514"}],"wp:attachment":[{"href":"https:\/\/1001vertus.com\/it\/wp-json\/wp\/v2\/media?parent=17513"}],"wp:term":[{"taxonomy":"product_brand","embeddable":true,"href":"https:\/\/1001vertus.com\/it\/wp-json\/wp\/v2\/product_brand?post=17513"},{"taxonomy":"product_cat","embeddable":true,"href":"https:\/\/1001vertus.com\/it\/wp-json\/wp\/v2\/product_cat?post=17513"},{"taxonomy":"product_tag","embeddable":true,"href":"https:\/\/1001vertus.com\/it\/wp-json\/wp\/v2\/product_tag?post=17513"}],"curies":[{"name":"wp","href":"https:\/\/api.w.org\/{rel}","templated":true}]}}