{"id":1640,"date":"2019-08-01T14:44:41","date_gmt":"2019-08-01T13:44:41","guid":{"rendered":"https:\/\/1001vertus.com\/?post_type=product&#038;p=1640"},"modified":"2026-04-19T12:14:31","modified_gmt":"2026-04-19T11:14:31","slug":"branco-di-occhi-bellissimi-che-conosci","status":"publish","type":"product","link":"https:\/\/1001vertus.com\/it\/produit\/pack-tas-de-beaux-yeux-tu-sais\/","title":{"rendered":"Pack \"Hai degli occhi bellissimi, sai?"},"content":{"rendered":"<p align=\"JUSTIFY\"><strong><span style=\"color: #000000;\"><span style=\"font-family: Arial, sans-serif;\">Questa confezione include :<\/span><\/span><\/strong><\/p>\n<ul>\n<li>\n<p align=\"JUSTIFY\"><strong><span style=\"color: #000000;\"><span style=\"font-family: Arial, sans-serif;\">un roll-on anti-cerchio scuro,<\/span><\/span><\/strong><\/p>\n<\/li>\n<\/ul>\n<p align=\"JUSTIFY\"><span style=\"color: #000000;\"><span style=\"font-family: Arial, sans-serif;\"><span style=\"font-size: medium;\">Questa miscela di olio di calophylla e olio di mandorle dolci BIOLOGICO riduce l'aspetto delle occhiaie e i segni di stanchezza.<\/span><\/span><\/span><\/p>\n<p align=\"JUSTIFY\"><span style=\"color: #000000;\"><span style=\"font-family: Arial, sans-serif;\"><span style=\"font-size: medium;\">Avrete un aspetto migliore, vi sentirete meno stanchi e gli occhi saranno meno gonfi.<\/span><\/span><\/span><\/p>\n<p align=\"JUSTIFY\"><span style=\"color: #000000;\"><span style=\"font-family: Arial, sans-serif;\"><span style=\"font-size: medium;\">\u00c8 adatto a tutti i tipi di pelle, anche le pi\u00f9 sensibili.<\/span><\/span><\/span><\/p>\n<p align=\"JUSTIFY\"><span style=\"color: #000000;\"><span style=\"font-family: Arial, sans-serif;\"><span style=\"font-size: medium;\"><u>Istruzioni per l'uso :<\/u><\/span><\/span><\/span><\/p>\n<p align=\"JUSTIFY\"><span style=\"color: #000000;\"><span style=\"font-family: Arial, sans-serif;\"><span style=\"font-size: medium;\">Agitare bene il flacone prima di ogni utilizzo, quindi applicare il roll-on anti-occhiaie sulla pelle pulita e asciutta con movimenti circolari. Utilizzare mattina e sera.\u00a0<\/span><\/span><\/span><\/p>\n<p align=\"JUSTIFY\"><span style=\"font-family: Arial, sans-serif;\"><span style=\"color: #000000;\"><span style=\"font-size: medium;\"><u>Capacit\u00e0 :<\/u><\/span><\/span><span style=\"color: #000000;\"><span style=\"font-size: medium;\"> 10ml<\/span><\/span><\/span><\/p>\n<p>&nbsp;<\/p>\n<ul>\n<li>\n<p align=\"JUSTIFY\"><strong><span style=\"color: #000000;\"><span style=\"font-family: Arial, sans-serif;\">e mascara all'olio di ricino biologico.<\/span><\/span><\/strong><\/p>\n<\/li>\n<\/ul>\n<p align=\"JUSTIFY\"><span style=\"color: #000000;\"><span style=\"font-family: Arial, sans-serif;\">Il mascara all'olio di ricino biologico \u00e8 un trattamento pratico, naturale ed essenziale per rinforzare le ciglia, stimolarne la crescita e limitarne la perdita.<\/span><\/span><\/p>\n<p align=\"JUSTIFY\"><span style=\"color: #000000;\"><span style=\"font-family: Arial, sans-serif;\">Le ciglia pi\u00f9 sane cresceranno anche pi\u00f9 velocemente. Pi\u00f9 forti e resistenti, saranno anche pi\u00f9 belle, pi\u00f9 piene e pi\u00f9 lunghe!<\/span><\/span><\/p>\n<p align=\"JUSTIFY\"><span style=\"color: #000000;\"><span style=\"font-family: Arial, sans-serif;\"><u>Istruzioni per l'uso :<\/u><\/span><\/span><\/p>\n<p align=\"JUSTIFY\"><span style=\"font-family: Arial, sans-serif;\"><span style=\"color: #000000;\">Rimuovere il trucco prima dell'uso.<\/span> <span style=\"color: #000000;\">Utilizzate il mascara all'olio di ricino biologico come un normale mascara. Preferibilmente la sera, prima di andare a letto.<\/span><\/span><\/p>\n<p align=\"JUSTIFY\"><span style=\"color: #000000;\"><span style=\"font-family: Arial, sans-serif;\">I risultati sono visibili dopo 2 o 3 settimane! Ma la cosa migliore \u00e8 fare un ciclo di trattamenti della durata di uno o due mesi.<\/span><\/span><\/p>\n<p align=\"JUSTIFY\"><span style=\"font-family: Arial, sans-serif;\"><span style=\"color: #000000;\"><span style=\"font-size: medium;\"><u>Capacit\u00e0 :<\/u><\/span><\/span><span style=\"color: #000000;\"><span style=\"font-size: medium;\"> 10ml<\/span><\/span><\/span><\/p>","protected":false},"excerpt":{"rendered":"<p align=\"JUSTIFY\"><span style=\"color: #000000;\"><span style=\"font-family: Arial, sans-serif;\">Poich\u00e9 gli occhi sono spesso ci\u00f2 che guardiamo di pi\u00f9 in una persona, vi offriamo questo pacchetto composto da :<\/span><\/span><\/p>\n<p align=\"JUSTIFY\"><span style=\"color: #000000;\"><span style=\"font-family: Arial, sans-serif;\">- un roll-on anti-cerchio scuro,<\/span><\/span><\/p>\n<p align=\"JUSTIFY\"><span style=\"color: #000000;\"><span style=\"font-family: Arial, sans-serif;\">- e mascara all'olio di ricino biologico.<\/span><\/span><\/p>\n<p align=\"JUSTIFY\"><span style=\"font-family: Arial, sans-serif;\"><span style=\"color: #000000;\">Il primo vi far\u00e0 apparire pi\u00f9 belli. Il primo <\/span><span style=\"color: #000000;\"><span style=\"font-size: medium;\">attenua le occhiaie e i segni di stanchezza.<\/span><\/span><\/span><\/p>\n<p align=\"JUSTIFY\"><span style=\"font-family: Arial, sans-serif;\"><span style=\"color: #000000;\">Il secondo valorizzer\u00e0 il vostro look. Il <\/span><span style=\"color: #000000;\">rafforza le ciglia, ne stimola la crescita e ne limita la perdita.<\/span><\/span><\/p>","protected":false},"featured_media":2138,"template":"","meta":[],"product_brand":[],"product_cat":[27,92,44],"product_tag":[],"class_list":{"0":"post-1640","1":"product","2":"type-product","3":"status-publish","4":"has-post-thumbnail","6":"product_cat-bien-etre","7":"product_cat-maquillage-naturel","8":"product_cat-nos-packs","10":"first","11":"instock","12":"sale","13":"shipping-taxable","14":"purchasable","15":"product-type-simple"},"_links":{"self":[{"href":"https:\/\/1001vertus.com\/it\/wp-json\/wp\/v2\/product\/1640","targetHints":{"allow":["GET"]}}],"collection":[{"href":"https:\/\/1001vertus.com\/it\/wp-json\/wp\/v2\/product"}],"about":[{"href":"https:\/\/1001vertus.com\/it\/wp-json\/wp\/v2\/types\/product"}],"wp:featuredmedia":[{"embeddable":true,"href":"https:\/\/1001vertus.com\/it\/wp-json\/wp\/v2\/media\/2138"}],"wp:attachment":[{"href":"https:\/\/1001vertus.com\/it\/wp-json\/wp\/v2\/media?parent=1640"}],"wp:term":[{"taxonomy":"product_brand","embeddable":true,"href":"https:\/\/1001vertus.com\/it\/wp-json\/wp\/v2\/product_brand?post=1640"},{"taxonomy":"product_cat","embeddable":true,"href":"https:\/\/1001vertus.com\/it\/wp-json\/wp\/v2\/product_cat?post=1640"},{"taxonomy":"product_tag","embeddable":true,"href":"https:\/\/1001vertus.com\/it\/wp-json\/wp\/v2\/product_tag?post=1640"}],"curies":[{"name":"wp","href":"https:\/\/api.w.org\/{rel}","templated":true}]}}