{"id":16192,"date":"2023-10-24T08:15:10","date_gmt":"2023-10-24T07:15:10","guid":{"rendered":"https:\/\/1001vertus.com\/?post_type=product&#038;p=16192"},"modified":"2026-04-15T17:57:53","modified_gmt":"2026-04-15T16:57:53","slug":"muschio-nero","status":"publish","type":"product","link":"https:\/\/1001vertus.com\/it\/produit\/musc-noir\/","title":{"rendered":"Muschio nero analcolico (Musc Aswad) - 6ml"},"content":{"rendered":"<p>Oggi, il\u00a0<strong>Il muschio nero \u00e8 di origine sintetica<\/strong>\u00a0e non proviene pi\u00f9 da animali. \u00c8 una fragranza ammaliante e potente, originaria dei paesi arabi e di alcune regioni dell'India, dove \u00e8 stata molto apprezzata per secoli. Il muschio nero \u00e8 noto soprattutto per il suo profumo legnoso e animalesco, che lo distingue dagli altri profumi. \u00c8 un prodotto raro e prezioso, spesso descritto come speziato e dal carattere forte. In effetti, \u00e8 parte integrante delle buone pratiche igieniche e viene costantemente consigliato per migliorare il proprio aspetto e rendersi pi\u00f9 presentabili.<\/p>\n<ul>\n<li>Il muschio nero ha un profumo legnoso e animale.<\/li>\n<li>\u00c8 stata utilizzata per secoli nei paesi arabi e in India.<\/li>\n<li>Il muschio contribuisce a una buona igiene e ad abbellire la pelle.<\/li>\n<\/ul>\n<h2><strong>Hadith e muschio nella tradizione musulmana<\/strong><\/h2>\n<p>Negli hadith (<a href=\"https:\/\/www.la-librairie-musulmane.com\/categorie-produit\/prophete-mohamed\/\" target=\"_blank\" rel=\"noopener\"><strong>parole del profeta Mohamed \ufdfa<\/strong><\/a>), ci sono diverse menzioni del profumo e dei suoi benefici. Ad esempio, secondo Abu Hurairah, il Profeta \ufdfa disse: \u00abChiunque riceva un profumo non deve rifiutarlo, perch\u00e9 ha un buon odore e non \u00e8 pesante da indossare\u00bb. Inoltre, \u00e8 stato riportato che Allah \u00e8 buono e ama la bont\u00e0; ama la pulizia e le persone pulite; ama la generosit\u00e0 e le persone generose; ama la munificenza (dare senza contare il costo) e le persone munifiche\u00bb. <strong>Gli angeli apprezzano anche i buoni odori<\/strong>compreso il muschio.<\/p>\n<h2><strong>Usi e benefici del muschio nero nella vita quotidiana<\/strong><\/h2>\n<p>Il muschio nero pu\u00f2 essere usato quotidianamente come semplice profumo. Ma i musulmani sanno che ha anche un uso molto specifico,\u00a0<strong>Aisha riferisce che il Profeta \ufdfa le raccomand\u00f2 di praticare la ruqya<\/strong> (trattamento spirituale islamico) per allontanare il malocchio. Ad esempio, durante una <a href=\"https:\/\/1001vertus.com\/it\/product-category\/roqya-chariya\/\"><strong>roqya<\/strong><\/a>, Ad esempio, si pu\u00f2 applicare un po' di muschio nero sulle parti del corpo che necessitano di un trattamento: la testa, il petto, lo stomaco, ecc. Si pu\u00f2 anche applicare la sera e lasciarlo agire tutta la notte, perch\u00e9 il suo odore sgradevole indebolisce i djinn.<\/p>\n<h3><strong>Formati e pratica<\/strong><\/h3>\n<p>Offriamo il\u00a0<strong>muschio nero in forma liquida<\/strong>, che \u00e8 un formato molto pratico. Questa fragranza unisex \u00e8 adatta sia agli uomini che alle donne. Si pu\u00f2 usare ogni giorno per profumarsi con questa caratteristica fragranza orientale. Per farlo, applicare qualche goccia sui punti di pulsazione: polsi, dietro le orecchie, d\u00e9collet\u00e9, ecc. Date un'occhiata alla nostra vasta gamma di muschi El Nabil.<\/p>\n<ul>\n<li>Il formato liquido \u00e8 pratico per un uso quotidiano e misto<\/li>\n<li>Applicare il muschio nero sui punti di pulsazione per ottenere un'efficacia ottimale.<\/li>\n<\/ul>\n<p>Se preferite usare il muschio in forma solida, potete tagliarne un pezzo e utilizzarlo in vari modi:<\/p>\n<ul>\n<li>\u00c8 sufficiente posizionare un pezzo di muschio in auto, nell'armadio o in un altro luogo per diffondere la sua piacevole fragranza.<\/li>\n<li>Strofinare delicatamente sui vestiti per godere di questa incomparabile fragranza.<\/li>\n<li>Per una diffusione pi\u00f9 intensa e ampia, mettere questo quadrato di muschio nero in un bruciaprofumi.<\/li>\n<\/ul>\n<h3><strong>Muschio nero durante le sessioni di ruqya<\/strong><\/h3>\n<p>Questo tipo di muschio nero pu\u00f2 essere utile anche durante le sessioni di ruqya. Come indicato nel libro di Ibn Al Qayyim, \u00ab <a href=\"https:\/\/1001vertus.com\/it\/product\/libro-di-medicina-tawbah\/\"><strong>La medicina autentica della tradizione profetica<\/strong><\/a> \u00bbIl potente e sgradevole profumo di muschio applicato sul corpo durante questi trattamenti spirituali aiuta a combattere gli spiriti maligni.<\/p>\n<p>In breve, il\u00a0<strong>il muschio nero puro \u00e8 una fragranza unica e preziosa<\/strong>, utilizzato sia per le sue qualit\u00e0 olfattive che per le sue propriet\u00e0 curative spirituali. Non aspettate oltre per farlo entrare nella vostra routine quotidiana e scoprire il suo incredibile potere!<\/p>","protected":false},"excerpt":{"rendered":"<p><strong>Note olfattive :<\/strong><\/p>\n<p><strong>Note di testa<\/strong>\u00a0Vaniglia, prugna secca.<br \/>\n<strong>Note di cuore<\/strong>\u00a0Miele, vetiver, note legnose.<br \/>\n<strong>Note di fondo<\/strong>\u00a0Muschio, ambra.<\/p>\n<p>Muschio nero concentrato senza alcool. Prodotto in Arabia Saudita.<\/p>","protected":false},"featured_media":43051,"template":"","meta":[],"product_brand":[],"product_cat":[96],"product_tag":[],"class_list":{"0":"post-16192","1":"product","2":"type-product","3":"status-publish","4":"has-post-thumbnail","6":"product_cat-roqya-chariya","8":"first","9":"outofstock","10":"shipping-taxable","11":"purchasable","12":"product-type-simple"},"_links":{"self":[{"href":"https:\/\/1001vertus.com\/it\/wp-json\/wp\/v2\/product\/16192","targetHints":{"allow":["GET"]}}],"collection":[{"href":"https:\/\/1001vertus.com\/it\/wp-json\/wp\/v2\/product"}],"about":[{"href":"https:\/\/1001vertus.com\/it\/wp-json\/wp\/v2\/types\/product"}],"wp:featuredmedia":[{"embeddable":true,"href":"https:\/\/1001vertus.com\/it\/wp-json\/wp\/v2\/media\/43051"}],"wp:attachment":[{"href":"https:\/\/1001vertus.com\/it\/wp-json\/wp\/v2\/media?parent=16192"}],"wp:term":[{"taxonomy":"product_brand","embeddable":true,"href":"https:\/\/1001vertus.com\/it\/wp-json\/wp\/v2\/product_brand?post=16192"},{"taxonomy":"product_cat","embeddable":true,"href":"https:\/\/1001vertus.com\/it\/wp-json\/wp\/v2\/product_cat?post=16192"},{"taxonomy":"product_tag","embeddable":true,"href":"https:\/\/1001vertus.com\/it\/wp-json\/wp\/v2\/product_tag?post=16192"}],"curies":[{"name":"wp","href":"https:\/\/api.w.org\/{rel}","templated":true}]}}