{"id":15797,"date":"2023-10-11T08:48:49","date_gmt":"2023-10-11T07:48:49","guid":{"rendered":"https:\/\/1001vertus.com\/?post_type=product&#038;p=15797"},"modified":"2024-04-21T13:38:44","modified_gmt":"2024-04-21T12:38:44","slug":"deodorante-alla-vaniglia","status":"publish","type":"product","link":"https:\/\/1001vertus.com\/it\/produit\/deodorant-vanille\/","title":{"rendered":"Deodorante all'olio di vaniglia e cumino nero 50g - Exode"},"content":{"rendered":"<p><strong>Ingredienti:<\/strong><\/p>\n<ul>\n<li>Huile de nigelle : \u00c9limine la bact\u00e9rie responsable des mauvaises odeurs et r\u00e9g\u00e9n\u00e8re la peau<\/li>\n<li>Olio di cocco: nutre profondamente la pelle e le restituisce elasticit\u00e0.<\/li>\n<li>F\u00e9cule de ma\u00efs : absorbe l\u2019humidit\u00e9 et rend le toucher de peau soyeuxBicarbonate de soude : Absorbe les odeurs et limite l\u2019exc\u00e8s de s\u00e9bum<\/li>\n<li>Cire d\u2019abeille bio : Applique un film protecteur sur la peau et l\u2019adoucit<\/li>\n<li>Fragrance naturelle de vanille :\u00a0Notes gourmandes de vanille bourbon<\/li>\n<li>Liste INCI :\u00a0COCOS NUCIFERA OIL*, ZEA MAYS STARCH*, SODIUM BICARBONATE, CERA ALBA*, NIGELLA SATIVA SEED OIL*, PARFUM<\/li>\n<li>*Ingr\u00e9dients issus de l\u2019Agriculture Biologique<\/li>\n<\/ul>","protected":false},"excerpt":{"rendered":"<p><strong>Caratteristiche :<\/strong><\/p>\n<ul>\n<li>1 d\u00e9odorant dure 3 mois<\/li>\n<li>100% di origine naturale<\/li>\n<li>Not\u00e9 Yuka 100\/100<\/li>\n<li>Certifi\u00e9 Bio<\/li>\n<\/ul>","protected":false},"featured_media":15791,"template":"","meta":[],"product_brand":[],"product_cat":[103],"product_tag":[],"class_list":{"0":"post-15797","1":"product","2":"type-product","3":"status-publish","4":"has-post-thumbnail","6":"product_cat-deodorant-naturel","8":"first","9":"outofstock","10":"shipping-taxable","11":"purchasable","12":"product-type-simple"},"_links":{"self":[{"href":"https:\/\/1001vertus.com\/it\/wp-json\/wp\/v2\/product\/15797","targetHints":{"allow":["GET"]}}],"collection":[{"href":"https:\/\/1001vertus.com\/it\/wp-json\/wp\/v2\/product"}],"about":[{"href":"https:\/\/1001vertus.com\/it\/wp-json\/wp\/v2\/types\/product"}],"wp:featuredmedia":[{"embeddable":true,"href":"https:\/\/1001vertus.com\/it\/wp-json\/wp\/v2\/media\/15791"}],"wp:attachment":[{"href":"https:\/\/1001vertus.com\/it\/wp-json\/wp\/v2\/media?parent=15797"}],"wp:term":[{"taxonomy":"product_brand","embeddable":true,"href":"https:\/\/1001vertus.com\/it\/wp-json\/wp\/v2\/product_brand?post=15797"},{"taxonomy":"product_cat","embeddable":true,"href":"https:\/\/1001vertus.com\/it\/wp-json\/wp\/v2\/product_cat?post=15797"},{"taxonomy":"product_tag","embeddable":true,"href":"https:\/\/1001vertus.com\/it\/wp-json\/wp\/v2\/product_tag?post=15797"}],"curies":[{"name":"wp","href":"https:\/\/api.w.org\/{rel}","templated":true}]}}