{"id":15726,"date":"2023-10-09T15:43:34","date_gmt":"2023-10-09T14:43:34","guid":{"rendered":"https:\/\/1001vertus.com\/?post_type=product&#038;p=15726"},"modified":"2023-12-31T11:11:09","modified_gmt":"2023-12-31T10:11:09","slug":"pacchetto-roqya","status":"publish","type":"product","link":"https:\/\/1001vertus.com\/it\/produit\/pack-roqya\/","title":{"rendered":"Pacchetto Roqya"},"content":{"rendered":"<p>Chez 1001 vertus il nous tient \u00e0 c\u0153ur de toujours<strong>\u00a0vous proposer ce qui peut vous \u00eatre utile pour faciliter au quotidien. Ainsi que de vous procurer un bien \u00eatre certain.<\/strong>\u00a0Ainsi, dans ce sens, nous avons pens\u00e9 \u00e0 vous proposer directement des packs compos\u00e9s de\u00a0<strong>produits indispensables \u00e0 votre confort int\u00e9rieur.\u00a0<\/strong>Ici, on vous pr\u00e9sente un de nos favoris,\u00a0<strong>il pacchetto roqya<\/strong>\u00a0de fa\u00e7on pr\u00e9cise. On vous le pr\u00e9sente donc juste ici.<\/p>\n<h2><strong>Che cos'\u00e8 il pacchetto roqya?\u00a0<\/strong><\/h2>\n<p>Comme vous vous en doutez tr\u00e8s certainement, ici, il s&rsquo;agit de vous proposer une composition de\u00a0<strong>produits naturels assur\u00e9ment. Une composition qui vous accompagnera et vous soutiendra dans votre qu\u00eate de gu\u00e9rison.<\/strong>\u00a0En effet, ces produis pr\u00e9cis se veulent d&rsquo;une aide indispensable en termes de causes au quotidien pour vous lib\u00e9rer d&rsquo;un mal int\u00e9rieur.<\/p>\n<h2><strong>Alors que contient-il pr\u00e9cis\u00e9ment ?<\/strong><\/h2>\n<p>Le pack roqya est scrupuleusement bien pens\u00e9 puisqu&rsquo;il est uniquement compos\u00e9 de rem\u00e8des proph\u00e9tiques av\u00e9r\u00e9s. Ainsi, vous retrouvez 3 produits naturels incontournables :<strong>\u00a0<a href=\"https:\/\/1001vertus.com\/it\/product\/dethiopia-abissinia-olio-di-cumino-nero-100ml\/\">olio di cumino nero<\/a>e <a href=\"https:\/\/1001vertus.com\/it\/product\/sana-maki-foglie-di-senna-essiccate\/\">feuilles de s\u00e9n\u00e9<\/a> e <a href=\"https:\/\/1001vertus.com\/it\/product\/acqua-zamzam\/\">acqua zamzam<\/a>.<\/strong>\u00a0Ces trois rem\u00e8des sont, en effet, reconnus depuis des si\u00e8cles dans le cadre de la\u00a0<strong>m\u00e9decine proph\u00e9tique et naturelle.<\/strong><\/p>\n<p>C&rsquo;est donc pour nous logique de les mettre \u00e0 votre disposition ici \u00e0 l&rsquo;occasion d&rsquo;un seul et m\u00eame achat. Alors quel est l&rsquo;avantage de ce pack roqya?<\/p>\n<h3><strong>L&rsquo;avantage de vous procurez d\u00e8s maintenant le pack roqya<\/strong><\/h3>\n<p>L&rsquo;avantage de vous procurer ces 3 incontournables dans un seul et m\u00eame pack, c&rsquo;est que par celui-ci\u00a0<strong>vous b\u00e9n\u00e9ficiez pr\u00e9cis\u00e9ment de 10% de remise.<\/strong><\/p>\n<p>Un avantage non n\u00e9gligeable pour pouvoir d&rsquo;une part, vous procurer notamment,\u00a0<strong>une large quantit\u00e9 afin de mener \u00e0 bien une cure de longue dur\u00e9e.<\/strong>\u00a0Et ainsi arriver \u00e0 retrouver une s\u00e9r\u00e9nit\u00e9 int\u00e9rieure dans les plus courts d\u00e9lais.<\/p>\n<p>D'altra parte, consente di\u00a0<strong>a beneficio di tutti i membri della vostra famiglia e di coloro che amate.<\/strong>\u00a0Qui cherchent \u00e0 se lib\u00e9rer et faire les causes pour y arriver.<\/p>\n<p>Ne manquez donc pas ce pr\u00e9cieux pack roqya. Que votre sp\u00e9cialiste 1001 vertus se fait un plaisir de mettre \u00e0 votre disposition juste ici.<\/p>","protected":false},"excerpt":{"rendered":"<p><strong>Composizione della confezione di roqya :<\/strong><\/p>\n<ul>\n<li>Acqua Zamzam<\/li>\n<li>Huile de nigelle d&rsquo;\u00c9thiopie 100ml<\/li>\n<li>Feuilles de s\u00e9n\u00e9<\/li>\n<\/ul>","protected":false},"featured_media":15727,"template":"","meta":[],"product_brand":[],"product_cat":[96,44,89],"product_tag":[],"class_list":{"0":"post-15726","1":"product","2":"type-product","3":"status-publish","4":"has-post-thumbnail","6":"product_cat-roqya-chariya","7":"product_cat-nos-packs","8":"product_cat-promo-produits-naturels","10":"first","11":"instock","12":"sale","13":"shipping-taxable","14":"purchasable","15":"product-type-simple"},"_links":{"self":[{"href":"https:\/\/1001vertus.com\/it\/wp-json\/wp\/v2\/product\/15726","targetHints":{"allow":["GET"]}}],"collection":[{"href":"https:\/\/1001vertus.com\/it\/wp-json\/wp\/v2\/product"}],"about":[{"href":"https:\/\/1001vertus.com\/it\/wp-json\/wp\/v2\/types\/product"}],"wp:featuredmedia":[{"embeddable":true,"href":"https:\/\/1001vertus.com\/it\/wp-json\/wp\/v2\/media\/15727"}],"wp:attachment":[{"href":"https:\/\/1001vertus.com\/it\/wp-json\/wp\/v2\/media?parent=15726"}],"wp:term":[{"taxonomy":"product_brand","embeddable":true,"href":"https:\/\/1001vertus.com\/it\/wp-json\/wp\/v2\/product_brand?post=15726"},{"taxonomy":"product_cat","embeddable":true,"href":"https:\/\/1001vertus.com\/it\/wp-json\/wp\/v2\/product_cat?post=15726"},{"taxonomy":"product_tag","embeddable":true,"href":"https:\/\/1001vertus.com\/it\/wp-json\/wp\/v2\/product_tag?post=15726"}],"curies":[{"name":"wp","href":"https:\/\/api.w.org\/{rel}","templated":true}]}}