{"id":15450,"date":"2023-10-04T11:20:49","date_gmt":"2023-10-04T10:20:49","guid":{"rendered":"https:\/\/1001vertus.com\/?post_type=product&#038;p=15450"},"modified":"2024-08-19T14:24:51","modified_gmt":"2024-08-19T13:24:51","slug":"argilla-verde","status":"publish","type":"product","link":"https:\/\/1001vertus.com\/it\/produit\/argile-verte\/","title":{"rendered":"Maschera in polvere di argilla verde - 100 g"},"content":{"rendered":"<p>La maschera all'argilla verde \u00e8 un segreto di bellezza ben custodito che delizia chi vuole unire una cura efficace e naturale al rispetto della propria pelle. Su 1001vertus.com, avete l'opportunit\u00e0 di\u2019<strong>acquistare una maschera all'argilla verde<\/strong>\u00a0un prodotto di alta qualit\u00e0 che continua a crescere in popolarit\u00e0.<\/p>\n<h2><strong>Argilla verde, una meraviglia naturale per la pelle<\/strong><\/h2>\n<p>Le virt\u00f9 di\u00a0<strong>argilla verde<\/strong>\u00a0sono da tempo riconosciute e rinomate in tutto il mondo. Questa roccia fine e morbida, composta principalmente da silicato di alluminio idratato, ha propriet\u00e0 sorprendenti, ideali per prendersi cura di pelle e capelli in modo sano, delicato ed efficace.<\/p>\n<ul>\n<li><strong>Purificazione della pelle<\/strong><\/li>\n<\/ul>\n<p>Una delle applicazioni principali dell'argilla verde \u00e8 quella di purificare profondamente la pelle, grazie alla sua notevole capacit\u00e0 di assorbimento. Elimina le impurit\u00e0 e le cellule morte, lasciando la pelle rinfrescata e disintossicata. Inoltre, regola l'eccesso di sebo senza seccare la pelle.<\/p>\n<ul>\n<li><strong>Rigenerazione cellulare<\/strong><\/li>\n<\/ul>\n<p>Oltre a contribuire alla purificazione della pelle, favorisce la rigenerazione cellulare e la guarigione delle imperfezioni cutanee. \u00c8 particolarmente indicato per le pelli problematiche, fragili e devitalizzate.<\/p>\n<ul>\n<li><strong>Lenisce le irritazioni<\/strong><\/li>\n<\/ul>\n<p>Questa polvere verde ha un effetto lenitivo che aiuta a calmare arrossamenti, irritazioni e infiammazioni dell'epidermide. L'azione combinata di una maschera all'argilla verde e di una crema idratante aiuta a ridurre i sintomi di condizioni dermatologiche come la psoriasi o la rosacea.<\/p>\n<h2><strong>Utilizzate una maschera per rivitalizzare i capelli<\/strong><\/h2>\n<p>I benefici di\u00a0<strong>argilla verde<\/strong>\u00a0I suoi benefici non si limitano alla cura della pelle, ma si estendono anche ai capelli. Infatti, ha anche propriet\u00e0 benefiche per ridare vigore e lucentezza ai capelli.<\/p>\n<ul>\n<li><strong>Pulizia del cuoio capelluto<\/strong><\/li>\n<\/ul>\n<p>Come per la pelle, l'argilla verde \u00e8 un ottimo rimedio naturale per pulire il cuoio capelluto, prevenire l'eccesso di sebo e la forfora. Pu\u00f2 anche lenire e alleviare il prurito del cuoio capelluto associato a queste irritazioni.<\/p>\n<ul>\n<li><strong>Stimolare la crescita dei capelli<\/strong><\/li>\n<\/ul>\n<p>La maschera all'argilla verde stimola la circolazione sanguigna del cuoio capelluto e rafforza le radici, favorendo la crescita dei capelli. Inoltre, i minerali contenuti nell'argilla nutrono e rafforzano i capelli, restituendo loro volume e lucentezza.<\/p>\n<h2><strong>Fare una maschera di argilla verde in casa: ricetta e uso<\/strong><\/h2>\n<p>Per sfruttare appieno i benefici di questa polvere verde naturale, \u00e8 necessario utilizzare regolarmente una maschera per tutte le parti del corpo (viso, cuoio capelluto, corpo). Su 1001vertus.com troverete molte ricette facili da realizzare con la polvere di argilla verde.<\/p>\n<h3><strong>Ricetta della maschera per il viso all'argilla verde :<\/strong><\/h3>\n<ul>\n<li>Mescolare 2 cucchiai di argilla in polvere con un po' di acqua tiepida fino a formare una pasta omogenea.<\/li>\n<li>Applicare la miscela in modo uniforme sul viso, evitando il contorno occhi e la bocca.<\/li>\n<li>Lasciare riposare per circa 10 minuti o finch\u00e9 non si asciuga.<\/li>\n<li>Risciacquare con acqua tiepida e asciugare delicatamente la pelle.<\/li>\n<\/ul>\n<h3><strong>Ricetta della maschera per capelli all'argilla verde :<\/strong><\/h3>\n<ul>\n<li>Mescolare 3 cucchiai di polvere con acqua calda per formare una pasta omogenea.<\/li>\n<li>Applicare la pasta sul cuoio capelluto e sui capelli, massaggiando leggermente.<\/li>\n<li>Lasciare agire per 15-20 minuti sotto un asciugamano caldo o una cuffia da doccia.<\/li>\n<li>Risciacquare accuratamente con acqua tiepida, quindi procedere con la consueta routine di lavaggio e districatura.<\/li>\n<\/ul>\n<h2><strong>La maschera di argilla verde di 1001vertus.com: una scelta sicura e naturale per la vostra bellezza<\/strong><\/h2>\n<p>Per assicurarsi di ricevere una cura di altissima qualit\u00e0 con questa polvere naturale, \u00e8 fondamentale\u2019<strong>acquistare una maschera all'argilla verde<\/strong> a base di ingredienti puri e privi di sostanze chimiche nocive. Questo \u00e8 il caso della maschera offerta su 1001vertus.com, che soddisfa tutti questi requisiti e le vostre esigenze in termini di cura della pelle e dei capelli.<\/p>\n<h3><strong>Un commercio che rispetta il pianeta e il consumatore<\/strong><\/h3>\n<p>Acquistando una maschera di argilla verde su 1001vertus.com, vi assicurate anche di partecipare a un processo di commercio trasparente ed equo per i produttori locali. Inoltre, questo sito promuove l'uso di sacchetti di carta anzich\u00e9 di imballaggi di plastica.<\/p>\n<h3><strong>Un'ampia scelta di prodotti complementari<\/strong><\/h3>\n<p>Oltre al <strong>maschera all'argilla verde<\/strong>, Il sito 1001vertus.com offre anche un ampio catalogo di prodotti naturali per la cura del corpo e per deliziare gli appassionati di cosmesi responsabile. Questi prodotti includono i famosi <a href=\"https:\/\/1001vertus.com\/it\/product\/argilla-bianca\/\"><strong>Caolino marocchino<\/strong><\/a> con propriet\u00e0 purificanti e ammorbidenti che possono essere utilizzate sia per la pelle che per i capelli.<\/p>\n<p>Nel complesso, questa maschera \u00e8 una soluzione naturale efficace per mantenere in equilibrio la pelle e i capelli. Non esitate ad acquistare una maschera all'argilla verde su 1001vertus.com per sfruttarne i benefici!<\/p>","protected":false},"excerpt":{"rendered":"<p>Le masque \u00e0 l&rsquo;argile verte est un secret beaut\u00e9 bien gard\u00e9 qui fait les d\u00e9lices de ceux qui veulent allier des soins efficaces, naturels et respectueux pour leur peau. Sur le site 1001vertus.com, vous avez l&rsquo;occasion d&rsquo;acheter un masque \u00e0 l&rsquo;argile verte\u00a0de haute qualit\u00e9 dont la popularit\u00e9 ne se d\u00e9ment pas. L&rsquo;argile verte, une merveille [&#8230;]\n","protected":false},"featured_media":15448,"template":"","meta":[],"product_brand":[],"product_cat":[101,27],"product_tag":[],"class_list":{"0":"post-15450","1":"product","2":"type-product","3":"status-publish","4":"has-post-thumbnail","6":"product_cat-argile-rhassoul","7":"product_cat-bien-etre","9":"first","10":"outofstock","11":"shipping-taxable","12":"purchasable","13":"product-type-simple"},"_links":{"self":[{"href":"https:\/\/1001vertus.com\/it\/wp-json\/wp\/v2\/product\/15450","targetHints":{"allow":["GET"]}}],"collection":[{"href":"https:\/\/1001vertus.com\/it\/wp-json\/wp\/v2\/product"}],"about":[{"href":"https:\/\/1001vertus.com\/it\/wp-json\/wp\/v2\/types\/product"}],"wp:featuredmedia":[{"embeddable":true,"href":"https:\/\/1001vertus.com\/it\/wp-json\/wp\/v2\/media\/15448"}],"wp:attachment":[{"href":"https:\/\/1001vertus.com\/it\/wp-json\/wp\/v2\/media?parent=15450"}],"wp:term":[{"taxonomy":"product_brand","embeddable":true,"href":"https:\/\/1001vertus.com\/it\/wp-json\/wp\/v2\/product_brand?post=15450"},{"taxonomy":"product_cat","embeddable":true,"href":"https:\/\/1001vertus.com\/it\/wp-json\/wp\/v2\/product_cat?post=15450"},{"taxonomy":"product_tag","embeddable":true,"href":"https:\/\/1001vertus.com\/it\/wp-json\/wp\/v2\/product_tag?post=15450"}],"curies":[{"name":"wp","href":"https:\/\/api.w.org\/{rel}","templated":true}]}}