{"id":13839,"date":"2023-08-26T13:42:34","date_gmt":"2023-08-26T12:42:34","guid":{"rendered":"https:\/\/1001vertus.com\/?post_type=product&#038;p=13839"},"modified":"2026-02-24T21:37:56","modified_gmt":"2026-02-24T20:37:56","slug":"sapone-nila","status":"publish","type":"product","link":"https:\/\/1001vertus.com\/it\/produit\/savon-nila\/","title":{"rendered":"Sapone artigianale nila - 100g"},"content":{"rendered":"<p>L'utilizzo di prodotti naturali per la cura della pelle \u00e8 diventato negli ultimi anni una tendenza irrinunciabile. Il sapone di Nila, originario del Nord Africa, \u00e8 uno di questi prodotti dalle incredibili virt\u00f9. Perch\u00e9 scegliere questo sapone e dove si pu\u00f2 acquistare il sapone di Nila? Scopritelo su 1001vertus.com.<\/p>\n<h2><strong>Il sapone di Nila: un sapone tradizionale dalle mille virt\u00f9<\/strong><\/h2>\n<p>Il sapone di Nila \u00e8 prodotto con 100% ingredienti naturali come l'olio d'oliva e l'acqua di rose. \u00c8 rinomato per le sue propriet\u00e0 idratanti, nutrienti e purificanti. Grazie alla sua composizione ricca di antiossidanti, aiuta anche a combattere i segni dell'invecchiamento cutaneo.<\/p>\n<ul>\n<li><strong>Idratazione e nutrizione<\/strong><\/li>\n<\/ul>\n<p>L'<strong>olio d'oliva<\/strong> presente in questo sapone blu naturale offre un'intensa idratazione alla pelle e la nutre grazie al suo contenuto di vitamine A, D, E e K. Questo olio vegetale \u00e8 noto anche per la sua capacit\u00e0 di <strong><a href=\"https:\/\/1001vertus.com\/it\/2023\/08\/23\/scrub-allo-zucchero\/\">penetrare rapidamente nell'epidermide<\/a><\/strong>. Questo rende il sapone schiarente blu ideale per tutti i tipi di pelle, anche le pi\u00f9 sensibili.<\/p>\n<ul>\n<li><strong>Purificazione ed eliminazione delle impurit\u00e0<\/strong><\/li>\n<\/ul>\n<p>L'<a href=\"https:\/\/1001vertus.com\/it\/product\/acqua-di-rosa-damascena-biologica\/\"><strong>acqua di rose<\/strong><\/a>, L'olio di nila, altro ingrediente chiave del sapone di nila, ha propriet\u00e0 astringenti e antisettiche che aiutano a purificare la pelle e a eliminare le impurit\u00e0. \u00c8 anche noto per lenire gli arrossamenti e le irritazioni cutanee, rendendo il sapone di nila un prezioso alleato per la pelle soggetta a macchie o acne.<\/p>\n<ul>\n<li><strong>Gli antiossidanti e la lotta contro l'invecchiamento della pelle<\/strong><\/li>\n<\/ul>\n<p>Il sapone blu \u00e8 ricco di antiossidanti naturali che aiutano a neutralizzare i radicali liberi responsabili dell'invecchiamento precoce della pelle. Questi antiossidanti contribuiscono anche a rafforzare la barriera cutanea e a preservare l'elasticit\u00e0 dell'epidermide. In questo modo contribuisce a mantenere la pelle giovane e luminosa.<\/p>\n<h2><strong>Come si usa il sapone?<\/strong><\/h2>\n<p>Pu\u00f2 essere utilizzato quotidianamente per detergere e curare la pelle del viso e del corpo:<\/p>\n<ol>\n<li><strong>Bagnare la pelle con acqua tiepida<\/strong>\u00a0per aprire i pori e facilitare l'azione del sapone.<\/li>\n<li><strong>Strofinare il<\/strong><strong>\u00a0nelle tue mani<\/strong> fino a ottenere una schiuma cremosa. Applicare sulla pelle con movimenti circolari per rimuovere le impurit\u00e0.<\/li>\n<li><strong>Risciacquare accuratamente con acqua pulita<\/strong>, Quindi asciugare delicatamente la pelle con un asciugamano pulito.<\/li>\n<\/ol>\n<p>Si pu\u00f2 anche usare per fare una maschera purificante per il viso:<\/p>\n<ol>\n<li>Bagnare il viso e applicare il sapone schiarente in uno strato spesso su tutto il viso, evitando il contorno occhi.<\/li>\n<li>Lasciare agire per 5-10 minuti, quindi risciacquare con acqua tiepida. La pelle \u00e8 pulita a fondo e le impurit\u00e0 sono eliminate.<\/li>\n<\/ol>\n<h2><strong>Acquistare il sapone nila su 1001vertus.com: la garanzia di un prodotto di qualit\u00e0<\/strong><\/h2>\n<p>Per trarre tutti i benefici del sapone nila, \u00e8 essenziale scegliere un prodotto di qualit\u00e0.<\/p>\n<p>Su 1001vertus.com \u00e8 garantito che troverete un sapone nila autentico e tradizionale:<\/p>\n<ul>\n<li><strong>100% ingredienti naturali:<\/strong> 1001vertus.com Il sapone schiarente \u00e8 realizzato solo con ingredienti naturali. Non contiene coloranti, conservanti o profumi artificiali.<\/li>\n<li><strong>Realizzato a mano:<\/strong> \u00c8 realizzato con metodi tradizionali. Questo garantisce un prodotto di alta qualit\u00e0 e rispettoso della pelle.<\/li>\n<li><strong>Un'ampia scelta :<\/strong> Su 1001vertus.com \u00e8 possibile trovare diversi formati e versioni profumate (sapone nila con rosa, ambra o muschio).<\/li>\n<\/ul>\n<p>Scegliendo di acquistare il sapone nila da 1001vertus.com. scegliete un prodotto autentico e di qualit\u00e0 per prendervi cura della vostra pelle nel rispetto della tradizione.<\/p>\n<h3><strong>Un regalo originale e vantaggioso<\/strong><\/h3>\n<p>Questo sapone schiarente \u00e8 un'idea regalo originale che piacer\u00e0 sicuramente agli appassionati di prodotti naturali e di rituali di bellezza ancestrali. Il sapone di Nila \u00e8 considerato un vero e proprio tesoro di bellezza in Nord Africa, dove viene utilizzato da secoli.<\/p>\n<p>Che sia per un compleanno, una festa o semplicemente per regalare piacere, vi sedurr\u00e0 con le sue virt\u00f9, la sua autenticit\u00e0 e la sua raffinatezza.<\/p>\n<p>Concedetevi un momento di benessere con il sapone di nila, disponibile su 1001vertus.com.<\/p>","protected":false},"excerpt":{"rendered":"<p>L'uso di prodotti naturali per la cura della pelle \u00e8 diventato un trend essenziale negli ultimi anni.<\/p>\n<p>Il sapone di Nila, originario del Nord Africa, \u00e8 uno di questi prodotti dalle incredibili virt\u00f9. Perch\u00e9 scegliere questo sapone e dove si pu\u00f2 acquistare il sapone di Nila? Scopritelo su 1001vertus.com.<\/p>","protected":false},"featured_media":13840,"template":"","meta":[],"product_brand":[],"product_cat":[55],"product_tag":[],"class_list":{"0":"post-13839","1":"product","2":"type-product","3":"status-publish","4":"has-post-thumbnail","6":"product_cat-savon","8":"first","9":"instock","10":"shipping-taxable","11":"purchasable","12":"product-type-simple"},"_links":{"self":[{"href":"https:\/\/1001vertus.com\/it\/wp-json\/wp\/v2\/product\/13839","targetHints":{"allow":["GET"]}}],"collection":[{"href":"https:\/\/1001vertus.com\/it\/wp-json\/wp\/v2\/product"}],"about":[{"href":"https:\/\/1001vertus.com\/it\/wp-json\/wp\/v2\/types\/product"}],"wp:featuredmedia":[{"embeddable":true,"href":"https:\/\/1001vertus.com\/it\/wp-json\/wp\/v2\/media\/13840"}],"wp:attachment":[{"href":"https:\/\/1001vertus.com\/it\/wp-json\/wp\/v2\/media?parent=13839"}],"wp:term":[{"taxonomy":"product_brand","embeddable":true,"href":"https:\/\/1001vertus.com\/it\/wp-json\/wp\/v2\/product_brand?post=13839"},{"taxonomy":"product_cat","embeddable":true,"href":"https:\/\/1001vertus.com\/it\/wp-json\/wp\/v2\/product_cat?post=13839"},{"taxonomy":"product_tag","embeddable":true,"href":"https:\/\/1001vertus.com\/it\/wp-json\/wp\/v2\/product_tag?post=13839"}],"curies":[{"name":"wp","href":"https:\/\/api.w.org\/{rel}","templated":true}]}}