{"id":1202,"date":"2019-01-13T19:56:03","date_gmt":"2019-01-13T18:56:03","guid":{"rendered":"https:\/\/1001vertus.com\/?post_type=product&#038;p=1202"},"modified":"2026-04-28T16:05:38","modified_gmt":"2026-04-28T15:05:38","slug":"100-khol-naturale-fatto-a-mano","status":"publish","type":"product","link":"https:\/\/1001vertus.com\/it\/produit\/khol-artisanal-100-naturel\/","title":{"rendered":"Kh\u00f4l artigianale 100% naturale (senza piombo)"},"content":{"rendered":"<p>Storicamente, il kohl esiste da oltre 4500 anni e fu utilizzato per la prima volta dagli Egizi soprattutto per proteggersi dalle rifrazioni della luce intensa emessa dalle sabbie del deserto. Le sue propriet\u00e0 medicinali erano inoltre ritenute in grado di prevenire ogni tipo di infezione agli occhi. Rapidamente conquistati dalla profondit\u00e0 e dal mistero che il kohl conferiva ai loro occhi, i faraoni e altri sudditi, donne e uomini, usavano questa polvere nera per truccare i loro occhi.<br \/>\nNel corso dei secoli, ha continuato a essere utilizzato dagli arabi e dai berberi.<\/p>\n<p><strong>La nostra polvere di kohl \u00e8 fatta a mano in Marocco ed \u00e8 100% naturale. \u00c8 a base di zafferano, noccioli di dattero, noccioli di oliva, petali di rosa di Damasco e antimonio.<\/strong><\/p>\n<h2><strong>Uso e applicazione del nostro kohl naturale marocchino:<\/strong><\/h2>\n<ul>\n<li><strong>Medicina alternativa :<\/strong><\/li>\n<\/ul>\n<p>Se i vostri occhi soffrono a causa del sole o del vento e non possedete occhiali, questo sar\u00e0 di grande aiuto.<br \/>\nLe prime volte che si applica il kohl, \u00e8 possibile che venga secreto del liquido lacrimale, segno che il bulbo oculare si sta pulendo. Attenzione quindi alle lenti a contatto! Se le indossate, aspettate qualche minuto dopo l'applicazione del kohl affinch\u00e9 si fissi correttamente, quindi mettete le lenti a contatto.<\/p>\n<ul>\n<li><strong>Nei cosmetici :<\/strong><\/li>\n<\/ul>\n<p>Tradizionalmente, il kohl viene applicato con un bastoncino di legno chiamato mirwed. Dopo averlo ricoperto di polvere, il bastoncino viene fatto scorrere avanti e indietro tra le due palpebre e il kohl evidenzia armoniosamente l'occhio o la palpebra. Il mirwed viene delicatamente ritirato dall'esterno dell'occhio per consentirne la diffusione.<\/p>\n<p>Se necessario, \u00e8 possibile correggere la linea. Gli occhi potrebbero lacrimare alla prima applicazione, ma non preoccupatevi, ricordate che si tratta prima di tutto di un detergente per gli occhi. Lasciate agire, pulite l'eccesso e il gioco \u00e8 fatto!<\/p>\n<h2><strong>Kh\u00f4l e polemiche... quello che c'\u00e8 da sapere!<\/strong><\/h2>\n<p>Anche il kohl in polvere \u00e8 molto controverso a causa della regolare presenza di\u00a0<strong>piombo<\/strong>\u00a0e a volte anche\u00a0<strong>limatura di ferro<\/strong>. <strong>Il nostro kohl tradizionale\u00a0<\/strong>\u00e8 effettuata da una persona di fiducia in Marocco e\u00a0<strong>non contiene n\u00e9 l'uno n\u00e9 l'altro. <\/strong>Secondo alcuni studi, la presenza di piombo, in piccole dosi, non \u00e8 pericolosa, ma non tutti sono d'accordo... Quanto alla limatura di ferro, \u00e8 pi\u00f9 che pericolosa! Ecco un trucco per verificare la presenza di limatura di ferro nel kohl: versatelo su un foglio di carta e mettete una calamita sotto di esso. Se si muove e segue la calamita, contiene limatura di ferro. Vi consigliamo vivamente di gettarlo nel cestino.<\/p>\n<h3><u><strong>Ingredienti INCI:<\/strong><\/u><\/h3>\n<ul>\n<li>Antimonio<\/li>\n<li>Fosse di datazione<\/li>\n<li>Pietre d'ulivo<\/li>\n<li>Petali di rosa damascena essiccati<\/li>\n<li>Safran<\/li>\n<\/ul>\n<p><u><strong>Origine :<\/strong><\/u>\u00a0Marocco<\/p>\n<p><u><strong>Capacit\u00e0 :<\/strong><\/u>\u00a0Circa 10 g<\/p>\n<p><u><strong>Colore del kohl :<\/strong><\/u>Grigio bluastro<\/p>\n<p>Il nostro kohl viene consegnato con un applicatore di legno \"mirwed\" (legno di limone o di tiglio). <a href=\"https:\/\/1001vertus.com\/it\/product\/miele-doranger-del-marocco-1001-virtu\/\"><strong>arancione<\/strong><\/a>) in una graziosa scatola di cartone. Il colore pu\u00f2 differire dalla foto.<\/p>","protected":false},"excerpt":{"rendered":"<p>Il kh\u00f4l \u00e8 un prodotto per la cura degli occhi che si applica anche al trucco. \u00c8 una polvere a base di elementi naturali che si applica all'interno dell'occhio.<\/p>\n<p>Tradizionalmente utilizzato come collirio o come protezione naturale contro le aggressioni esterne, il kohl ha propriet\u00e0 protettive. Combatte le infezioni oculari e altre malattie e abbellisce gli occhi.<\/p>\n<p>\u00c8 perfetto per chi cerca un trattamento\/make-up lenitivo per gli occhi che non deve essere applicato come un make-up (pu\u00f2 essere applicato anche la sera) o per chi cerca un make-up che duri per diversi giorni!<\/p>","protected":false},"featured_media":1979,"template":"","meta":[],"product_brand":[],"product_cat":[27,92,28],"product_tag":[],"class_list":{"0":"post-1202","1":"product","2":"type-product","3":"status-publish","4":"has-post-thumbnail","6":"product_cat-bien-etre","7":"product_cat-maquillage-naturel","8":"product_cat-medecine-sante","10":"first","11":"instock","12":"shipping-taxable","13":"purchasable","14":"product-type-simple"},"_links":{"self":[{"href":"https:\/\/1001vertus.com\/it\/wp-json\/wp\/v2\/product\/1202","targetHints":{"allow":["GET"]}}],"collection":[{"href":"https:\/\/1001vertus.com\/it\/wp-json\/wp\/v2\/product"}],"about":[{"href":"https:\/\/1001vertus.com\/it\/wp-json\/wp\/v2\/types\/product"}],"wp:featuredmedia":[{"embeddable":true,"href":"https:\/\/1001vertus.com\/it\/wp-json\/wp\/v2\/media\/1979"}],"wp:attachment":[{"href":"https:\/\/1001vertus.com\/it\/wp-json\/wp\/v2\/media?parent=1202"}],"wp:term":[{"taxonomy":"product_brand","embeddable":true,"href":"https:\/\/1001vertus.com\/it\/wp-json\/wp\/v2\/product_brand?post=1202"},{"taxonomy":"product_cat","embeddable":true,"href":"https:\/\/1001vertus.com\/it\/wp-json\/wp\/v2\/product_cat?post=1202"},{"taxonomy":"product_tag","embeddable":true,"href":"https:\/\/1001vertus.com\/it\/wp-json\/wp\/v2\/product_tag?post=1202"}],"curies":[{"name":"wp","href":"https:\/\/api.w.org\/{rel}","templated":true}]}}