{"id":1197,"date":"2019-01-13T15:18:06","date_gmt":"2019-01-13T14:18:06","guid":{"rendered":"https:\/\/1001vertus.com\/?post_type=product&#038;p=1197"},"modified":"2026-04-15T10:56:32","modified_gmt":"2026-04-15T09:56:32","slug":"olio-prezioso-per-il-viso","status":"publish","type":"product","link":"https:\/\/1001vertus.com\/it\/produit\/huile-precieuse-pour-le-visage\/","title":{"rendered":"Olio prezioso per il viso - 1001 virt\u00f9"},"content":{"rendered":"<p class=\"western\"><span style=\"font-family: Liberation Serif, Times New Roman, serif;\"><span style=\"font-size: medium;\">Notre huile pr\u00e9cieuse pour le visage est compos\u00e9e de diverses huiles et mac\u00e9rats huileux tels que l&rsquo;huile d&rsquo;argan, l&rsquo;huile de p\u00e9pins de figue de barbarie, l&rsquo;huile d\u2019amande douce, de coco, d&rsquo;olive extra-vierge, de camomille, de rose, d\u2019abricot, d\u2019oliban, et de lavande, mais aussi d\u2019\u00e9pices comme le safran ou encore le curcuma.<\/span><\/span><\/p>\n<p class=\"western\"><span style=\"font-family: Liberation Serif, Times New Roman, serif;\"><span style=\"font-size: medium;\">Un m\u00e9lange savamment dos\u00e9 qui fait des merveilles.<\/span><\/span><\/p>\n<p class=\"western\"><span style=\"font-family: Liberation Serif, Times New Roman, serif;\"><span style=\"font-size: medium;\">Cette huile redonnera vitalit\u00e9 et jeunesse \u00e0 votre peau.\u00a0Elle est \u00e9galement tr\u00e8s efficace contre les rides et les probl\u00e8mes d\u2019acn\u00e9s.<\/span><\/span><\/p>\n<p class=\"western\"><span style=\"font-family: Liberation Serif, Times New Roman, serif;\"><span style=\"font-size: medium;\">Notre huile pr\u00e9cieuse convient \u00e0 tous types de peau m\u00eame celles \u00e0 probl\u00e8mes et allergiques.<\/span><\/span><\/p>\n<p>&nbsp;<\/p>\n<p class=\"western\"><span style=\"font-family: Liberation Serif, Times New Roman, serif;\"><span style=\"font-size: medium;\"><u><b>Istruzioni per l'uso<\/b><\/u><u> :<\/u><\/span><\/span><\/p>\n<p class=\"western\"><span style=\"font-family: Liberation Serif, Times New Roman, serif;\"><span style=\"font-size: medium;\">Appliquer 2 ou 3 gouttes sur votre visage apr\u00e8s l\u2019avoir nettoyer. Puis masser circulairement. <\/span><\/span><\/p>\n<p><u><b>Capacit\u00e0 :<\/b><\/u> 15ml<\/p>\n<p><u><b>Origine<\/b><\/u><u> :<\/u> Marocco<\/p>","protected":false},"excerpt":{"rendered":"<p class=\"western\"><span style=\"font-family: Liberation Serif, Times New Roman, serif;\"><span style=\"font-size: medium;\">Notre huile pr\u00e9cieuse pour le visage est compos\u00e9e de diverses huiles, de mac\u00e9rats huileux et d\u2019\u00e9pices, le tout savamment dos\u00e9. <\/span><\/span><\/p>\n<p class=\"western\"><span style=\"font-family: Liberation Serif, Times New Roman, serif;\"><span style=\"font-size: medium;\">Cette huile redonnera vitalit\u00e9 et jeunesse \u00e0 votre peau.<\/span><\/span><\/p>\n<p class=\"western\"><span style=\"font-family: Liberation Serif, Times New Roman, serif;\"><span style=\"font-size: medium;\">Elle est \u00e9galement tr\u00e8s efficace contre les rides et les probl\u00e8mes d\u2019acn\u00e9s.<\/span><\/span><\/p>\n<p class=\"western\"><span style=\"font-family: Liberation Serif, Times New Roman, serif;\"><span style=\"font-size: medium;\">Notre huile pr\u00e9cieuse convient \u00e0 tous types de peau m\u00eame celles \u00e0 probl\u00e8mes et allergiques.<\/span><\/span><\/p>","protected":false},"featured_media":1986,"template":"","meta":[],"product_brand":[],"product_cat":[27],"product_tag":[],"class_list":{"0":"post-1197","1":"product","2":"type-product","3":"status-publish","4":"has-post-thumbnail","6":"product_cat-bien-etre","8":"first","9":"instock","10":"sale","11":"shipping-taxable","12":"purchasable","13":"product-type-simple"},"_links":{"self":[{"href":"https:\/\/1001vertus.com\/it\/wp-json\/wp\/v2\/product\/1197","targetHints":{"allow":["GET"]}}],"collection":[{"href":"https:\/\/1001vertus.com\/it\/wp-json\/wp\/v2\/product"}],"about":[{"href":"https:\/\/1001vertus.com\/it\/wp-json\/wp\/v2\/types\/product"}],"wp:featuredmedia":[{"embeddable":true,"href":"https:\/\/1001vertus.com\/it\/wp-json\/wp\/v2\/media\/1986"}],"wp:attachment":[{"href":"https:\/\/1001vertus.com\/it\/wp-json\/wp\/v2\/media?parent=1197"}],"wp:term":[{"taxonomy":"product_brand","embeddable":true,"href":"https:\/\/1001vertus.com\/it\/wp-json\/wp\/v2\/product_brand?post=1197"},{"taxonomy":"product_cat","embeddable":true,"href":"https:\/\/1001vertus.com\/it\/wp-json\/wp\/v2\/product_cat?post=1197"},{"taxonomy":"product_tag","embeddable":true,"href":"https:\/\/1001vertus.com\/it\/wp-json\/wp\/v2\/product_tag?post=1197"}],"curies":[{"name":"wp","href":"https:\/\/api.w.org\/{rel}","templated":true}]}}