{"id":9665,"date":"2023-03-27T11:28:17","date_gmt":"2023-03-27T10:28:17","guid":{"rendered":"https:\/\/1001vertus.com\/?post_type=product&#038;p=9665"},"modified":"2026-04-11T18:19:29","modified_gmt":"2026-04-11T17:19:29","slug":"agua-de-zamzam","status":"publish","type":"product","link":"https:\/\/1001vertus.com\/es\/produit\/eau-de-zamzam\/","title":{"rendered":"Agua Zamzam 50cl"},"content":{"rendered":"<p>El agua Zamzam es conocida por todos los musulmanes, e incluso m\u00e1s all\u00e1. <strong>De hecho, esta agua, que surgi\u00f3 de la causa del \u00e1ngel Jibril, tiene virtudes incre\u00edbles<\/strong>. Para saber m\u00e1s, emprenda un viaje de descubrimiento.<\/p>\n<h2><strong>El origen del agua de zamzam<\/strong><\/h2>\n<p>Ser\u00eda impensable hablar de los beneficios del agua de zamzam sin mencionar su origen. Descubra su historia.<\/p>\n<p>La fuente de zamzam brot\u00f3 en La Meca en un momento en que Hajar, la esposa del Profeta Ibrahim, estaba sola con su hijo reci\u00e9n nacido, Ismail. Se encontraba en una situaci\u00f3n cr\u00edtica, carec\u00eda de agua para amamantar a su hijo y corr\u00eda entre el monte Safa y el monte Marwa.<\/p>\n<p><strong>Cuando por fin se agote<\/strong>Fue entonces cuando oy\u00f3 una voz, la del \u00e1ngel Jibril. <strong>Apareci\u00f3, golpeando la arena con su ala, y brot\u00f3 agua, el agua del zamzam<\/strong>.<\/p>\n<p>Desde entonces, los musulmanes de todo el mundo beben esta agua sagrada.<\/p>\n<h2><strong>Agua extremadamente pura de La Meca<\/strong><\/h2>\n<p>Esta agua procede de una fuente muy pura. De hecho, esta agua bendita ha sido sometida a varios an\u00e1lisis. Todos ellos han demostrado que su pureza es inigualable. De hecho, esta agua carece de impurezas y no contiene rastros de g\u00e9rmenes ni bacterias.<\/p>\n<p>Seg\u00fan Abu Dharr, el Profeta (Salla allah alayhi wa salam) dijo: \"En La Meca, me quitaron el techo y Gabriel baj\u00f3 y abri\u00f3 mi coraz\u00f3n, <strong>lo lav\u00f3 con el agua de Zamzam, luego trajo una vasija llena de oro<\/strong>Lo verti\u00f3 en mi pecho, cerr\u00f3 el pecho, me cogi\u00f3 de la mano y me elev\u00f3 hasta el cielo m\u00e1s bajo\" (Al Boukhari).<\/p>\n<p>As\u00ed que el hecho de que el coraz\u00f3n del Profeta (Salla allah alayhi wa salam) fuera lavado con esta agua prueba su pureza.<\/p>\n<h3><strong>Los beneficios del agua de zamzam para el organismo<\/strong><\/h3>\n<p>Esta agua pura de La Meca tiene muchos beneficios.<\/p>\n<p><strong>Se puede utilizar :<\/strong><\/p>\n<ul>\n<li><strong>Como remedio contra la enfermedad y alivio de las diversas dolencias que pueden afectarnos.<\/strong><\/li>\n<\/ul>\n<p>El Profeta (Salla allah alayhi wa salam) y sus compa\u00f1eros lo utilizaban para curarse.<\/p>\n<ul>\n<li><strong>Para las invocaciones :<\/strong><\/li>\n<\/ul>\n<p>Seg\u00fan 'Abdallah Ibn 'Abbas (que Allah est\u00e9 complacido con \u00e9l y con su padre), el Profeta (Salla allah alayhi wa salam) dijo: \" <strong>Se concede aquello por lo que se bebe el agua de zamzam<\/strong> \". (Narrado por Daraqoutni en su Sunan n\u00b0 2739 y autentificado por Sheij Albani en Sahih Targhib Wa Tarhib n\u00b0 1164.<\/p>\n<ul>\n<li><strong>Adem\u00e1s, es saciante:<\/strong><\/li>\n<\/ul>\n<p>De hecho, se trata de un <a href=\"https:\/\/1001vertus.com\/es\/product-category\/leche-de-camella\/\"><b>bebida energ\u00e9tica<\/b><\/a>\u00a0y sacia el est\u00f3mago. En los sahih de Al Bujari y Muslim, se relata que el Profeta (Salla allah alayhi wa salam) dijo a Abi Dhar cuando permaneci\u00f3 cuarenta d\u00edas y cuarenta noches entre la Kaaba y sus l\u00edmites, sin otro alimento que el agua de Zamzam: \"Es un alimento completo\".<\/p>\n<p>As\u00ed podemos ver los muchos beneficios de esta agua milagrosa. As\u00ed que si quieres hacerte con un poco, visita nuestra tienda online 1001 vertus.<\/p>","protected":false},"excerpt":{"rendered":"<p>L\u2019eau de zamzam est connue par tous les musulmans, et m\u00eame au-del\u00e0. En effet, cette eau dont la source a jailli par la cause de l\u2019ange Jibril poss\u00e8de des vertus incroyables. Pour ce faire, partez \u00e0 sa d\u00e9couverte. L\u2019origine de l\u2019eau de zamzam Parler des bienfaits de l\u2019eau de zamzam sans parler de son origine, [&#8230;]\n","protected":false},"featured_media":9669,"template":"","meta":[],"product_brand":[],"product_cat":[27,29,28,96],"product_tag":[],"class_list":{"0":"post-9665","1":"product","2":"type-product","3":"status-publish","4":"has-post-thumbnail","6":"product_cat-bien-etre","7":"product_cat-alimentation","8":"product_cat-medecine-sante","9":"product_cat-roqya-chariya","11":"first","12":"outofstock","13":"shipping-taxable","14":"purchasable","15":"product-type-simple"},"_links":{"self":[{"href":"https:\/\/1001vertus.com\/es\/wp-json\/wp\/v2\/product\/9665","targetHints":{"allow":["GET"]}}],"collection":[{"href":"https:\/\/1001vertus.com\/es\/wp-json\/wp\/v2\/product"}],"about":[{"href":"https:\/\/1001vertus.com\/es\/wp-json\/wp\/v2\/types\/product"}],"wp:featuredmedia":[{"embeddable":true,"href":"https:\/\/1001vertus.com\/es\/wp-json\/wp\/v2\/media\/9669"}],"wp:attachment":[{"href":"https:\/\/1001vertus.com\/es\/wp-json\/wp\/v2\/media?parent=9665"}],"wp:term":[{"taxonomy":"product_brand","embeddable":true,"href":"https:\/\/1001vertus.com\/es\/wp-json\/wp\/v2\/product_brand?post=9665"},{"taxonomy":"product_cat","embeddable":true,"href":"https:\/\/1001vertus.com\/es\/wp-json\/wp\/v2\/product_cat?post=9665"},{"taxonomy":"product_tag","embeddable":true,"href":"https:\/\/1001vertus.com\/es\/wp-json\/wp\/v2\/product_tag?post=9665"}],"curies":[{"name":"wp","href":"https:\/\/api.w.org\/{rel}","templated":true}]}}