{"id":8614,"date":"2023-02-17T13:35:06","date_gmt":"2023-02-17T12:35:06","guid":{"rendered":"https:\/\/1001vertus.com\/?post_type=product&#038;p=8614"},"modified":"2023-11-24T11:37:31","modified_gmt":"2023-11-24T10:37:31","slug":"miel-rosa-de-rusia","status":"publish","type":"product","link":"https:\/\/1001vertus.com\/es\/produit\/miel-rose-de-russie\/","title":{"rendered":"Miel de Rusia rosa - 225g"},"content":{"rendered":"<p>Intrigante miel rosa procedente de Rusia. At\u00edpica por su delicado color rosa. Sorprendentemente \u00e1cida y en su punto. Emb\u00e1rquese en una aventura gustativa pura a trav\u00e9s de la belleza de este color sublimemente raro. La miel rusa es pura elegancia y lujo en el paladar. Le presentamos una miel excepcional.<\/p>\n<h2><strong>Los preciosos or\u00edgenes de la miel rosa rusa<\/strong><\/h2>\n<p>Est\u00e1 en\u00a0<strong>un entorno suave y salvaje<\/strong>\u00a0que la Miel Rosa Rusa tiene su fuente. En las altitudes de las altas monta\u00f1as, donde fluye el agua dulce, las abejas recolectan el encantador tesoro que es la rosa silvestre.\u00a0<strong>En pleno coraz\u00f3n de la fr\u00eda Rusia y las monta\u00f1as de Altai,\u00a0<\/strong>Un rayo de sol se enciende, dando paso al dulce n\u00e9ctar de las distintas flores que las abejas van titilando.<\/p>\n<p>Adem\u00e1s, la creaci\u00f3n resultante es\u00a0<strong>de rara ternura y puro candor.<\/strong> Este beneficioso producto de la colmena ofrece a nuestros paladares una experiencia gustativa sin igual. De hecho, un <strong>un sabor incomparable que calienta suavemente el coraz\u00f3n.\u00a0<\/strong><\/p>\n<h3><strong>Sabor armonioso e inigualable<\/strong><\/h3>\n<p>La armon\u00eda de la miel Russian Rose se instala delicadamente entre dos placeres cuidadosamente medidos. Un sabor indiscutiblemente excepcional. Reflet\u00a0<strong>una perfecta armon\u00eda de dulzura y frescura.\u00a0<\/strong>Este toque plenamente \u00e1cido se ve deliciosamente correspondido por un car\u00e1cter dulce e igualmente afrutado. Se respira un aire de infancia, entre manzanas de caramelo, tortitas dulces y tiernos caramelos para saborear.<\/p>\n<p>La delicada fragancia floral de la rosa silvestre le transportar\u00e1 a un paisaje tierno, suave y lejano. Y cuando\u00a0<strong>a tu paladar le encantar\u00e1 su textura cremosa<\/strong>Te deslumbrar\u00e1 un vestido tan bonito en tonos pastel como maravilloso.<\/p>\n<h3><strong>El deslumbrante color de la miel rosa rusa<\/strong><\/h3>\n<p>Este\u00a0<strong>color rosa at\u00edpico. Con reflejos pastel <a href=\"https:\/\/1001vertus.com\/es\/product\/miel-blanca-de-kirguistan\/\">blanchis<\/a><\/strong>. Un producto de calidad naturalmente exquisita. Una miel incomparablemente compuesta por un toque de\u00a0<strong>rosa mosqueta,\u00a0<\/strong>el fruto de la rosa canina, imposible de confundir. Confiere a esta miel excepcional un sabor realmente caracter\u00edstico.<\/p>\n<p>D\u00e9jese llevar por\u00a0<strong>este color veraniego, que recuerda a bonitas flores y suculentas frutas de huerto.<\/strong>\u00a0Es un fest\u00edn para la vista y el paladar, y ofrece un sinf\u00edn de virtudes en su fragancia floral.<\/p>\n<h3><strong>Las exquisitas virtudes de la miel rosa rusa<\/strong><\/h3>\n<p>Este dulce natural parece <a href=\"https:\/\/1001vertus.com\/es\/2023\/09\/16\/raiz-de-malvavisco\/\"><strong>malvavisco<\/strong><\/a> Esta miel de color pastel ofrece a su cuerpo no s\u00f3lo un sabor excepcional, sino tambi\u00e9n extraordinarios beneficios. La miel Russian Pink es sin\u00f3nimo de juventud y renacimiento. Ofrecer\u00e1 a su cuerpo\u00a0<strong>la quintaesencia del rejuvenecimiento, pero tambi\u00e9n el poder de los antioxidantes<\/strong>.<\/p>\n<p>No espere m\u00e1s para beneficiarse de sus numerosas vitaminas. Aut\u00e9ntico regenerador celular, ser\u00e1 un aliado para su sistema inmunitario. Y mucho m\u00e1s,\u00a0<strong>su sistema sangu\u00edneo se fortalecer\u00e1 y su vitalidad se restablecer\u00e1 por completo\u00a0<\/strong>con una cucharada diaria de este dulce \u00e1cido.<\/p>\n<p>As\u00ed que, cada ma\u00f1ana, recargue sus pilas con ingredientes de calidad, reforzando suavemente su inmunidad. Y disfruta de un raro momento de dulzura.<\/p>\n<p>D\u00e9jese hechizar por<strong>\u00a0ese sabor sutilmente fresco y dulce<\/strong>.  La miel rosa de Rusia es obviamente la mejor,\u00a0<strong>la combinaci\u00f3n perfecta de deliciosa indulgencia, suntuosas virtudes y lujosas cualidades.\u00a0<\/strong><\/p>","protected":false},"excerpt":{"rendered":"<p>Intriguant Miel rose de Russie. Atypique cette robe de tendre rose d\u00e9licatement parsem\u00e9e. Surprenant ce go\u00fbt acidul\u00e9e et justement prononc\u00e9. Embarquez pour une pure aventure gustative \u00e0 travers la beaut\u00e9 de cette robe d&rsquo;une sublime raret\u00e9. Le miel de Russie l&rsquo;\u00e9l\u00e9gance et le luxe en bouche \u00e0 l&rsquo;\u00e9tat pur. Pr\u00e9sentation d&rsquo;un miel, d&rsquo;une extr\u00eame exception. [&#8230;]\n","protected":false},"featured_media":17512,"template":"","meta":[],"product_brand":[],"product_cat":[25],"product_tag":[],"class_list":{"0":"post-8614","1":"product","2":"type-product","3":"status-publish","4":"has-post-thumbnail","6":"product_cat-miels","8":"first","9":"instock","10":"shipping-taxable","11":"purchasable","12":"product-type-simple"},"_links":{"self":[{"href":"https:\/\/1001vertus.com\/es\/wp-json\/wp\/v2\/product\/8614","targetHints":{"allow":["GET"]}}],"collection":[{"href":"https:\/\/1001vertus.com\/es\/wp-json\/wp\/v2\/product"}],"about":[{"href":"https:\/\/1001vertus.com\/es\/wp-json\/wp\/v2\/types\/product"}],"wp:featuredmedia":[{"embeddable":true,"href":"https:\/\/1001vertus.com\/es\/wp-json\/wp\/v2\/media\/17512"}],"wp:attachment":[{"href":"https:\/\/1001vertus.com\/es\/wp-json\/wp\/v2\/media?parent=8614"}],"wp:term":[{"taxonomy":"product_brand","embeddable":true,"href":"https:\/\/1001vertus.com\/es\/wp-json\/wp\/v2\/product_brand?post=8614"},{"taxonomy":"product_cat","embeddable":true,"href":"https:\/\/1001vertus.com\/es\/wp-json\/wp\/v2\/product_cat?post=8614"},{"taxonomy":"product_tag","embeddable":true,"href":"https:\/\/1001vertus.com\/es\/wp-json\/wp\/v2\/product_tag?post=8614"}],"curies":[{"name":"wp","href":"https:\/\/api.w.org\/{rel}","templated":true}]}}