{"id":821,"date":"2018-09-02T15:10:25","date_gmt":"2018-09-02T14:10:25","guid":{"rendered":"https:\/\/1001vertus.com\/?post_type=product&#038;p=821"},"modified":"2023-02-12T14:24:28","modified_gmt":"2023-02-12T13:24:28","slug":"aceite-de-hueso-de-albaricoque-ecologico","status":"publish","type":"product","link":"https:\/\/1001vertus.com\/es\/produit\/huile-de-noyaux-dabricot-bio\/","title":{"rendered":"Aceite de hueso de albaricoque ecol\u00f3gico"},"content":{"rendered":"<p class=\"western\" align=\"justify\"><span style=\"font-family: Arial, sans-serif;\">L&rsquo;abricotier est un arbre de la famille des rosac\u00e9es, la m\u00eame famille que le p\u00eacher, le cerisier, l&rsquo;amandier&#8230; Son nom nous vient du mot arabe \u00ab\u00a0albarquq\u00a0\u00bb qui signifie \u00ab\u00a0pr\u00e9coce\u00a0\u00bb en raison de la pr\u00e9cocit\u00e9 de sa floraison printani\u00e8re. L<\/span><span style=\"font-family: Arial, sans-serif;\">aceite de hueso de albaricoque<\/span><span style=\"font-family: Arial, sans-serif;\"> est extraite par pression \u00e0 froid des noyaux d&rsquo;abricot.<br \/>\n<\/span><\/p>\n<p align=\"justify\">\n<h3 class=\"western\" align=\"justify\"><span style=\"font-family: Arial, sans-serif;\"><u><b>VIRTUDES DEL ACEITE DE ALBARICOQUE :<br \/>\n<\/b><\/u><\/span><\/h3>\n<h4 class=\"western\" align=\"justify\"><span style=\"font-family: Arial, sans-serif;\"><u>Utilisation de l&rsquo;huile v\u00e9g\u00e9tale de noyaux d\u2019abricot pour la peau :<\/u><\/span><\/h4>\n<ul>\n<li>\n<p class=\"western\" align=\"justify\"><span style=\"font-family: Arial, sans-serif;\">Huile illuminatrice, elle apporte un v\u00e9ritable coup d&rsquo;\u00e9clat \u00e0 votre peau.<\/span><\/p>\n<\/li>\n<li>\n<p class=\"western\" align=\"justify\"><span style=\"font-family: Arial, sans-serif;\">R\u00e9g\u00e9n\u00e9rante et revitalisante, elle lutte contre les signes du vieillissement.<\/span><\/p>\n<\/li>\n<li>\n<p class=\"western\" align=\"justify\"><span style=\"font-family: Arial, sans-serif;\">Tonifiante, elle assouplit les peaux les plus s\u00e8ches.<\/span><\/p>\n<\/li>\n<li>\n<p class=\"western\" align=\"justify\"><span style=\"font-family: Arial, sans-serif;\">\u00c9molliente, elle nourrit la peau et contribue ainsi \u00e0 la rendre plus douce.<\/span><\/p>\n<\/li>\n<li>\n<p class=\"western\" align=\"justify\"><span style=\"font-family: Arial, sans-serif;\">En renfor\u00e7ant le film hydrolipidique, elle prot\u00e8ge la peau de la d\u00e9shydratation.<\/span><\/p>\n<\/li>\n<\/ul>\n<p>&nbsp;<\/p>\n<h4 class=\"western\" align=\"justify\"><span style=\"font-family: Arial, sans-serif;\"><u>Qu\u2019en est-il de l\u2019u<\/u><\/span><span style=\"font-family: Arial, sans-serif;\"><u>tilisation de l&rsquo;huile v\u00e9g\u00e9tale de noyaux d\u2019abricot pour la sant\u00e9\u00a0?<\/u><\/span><\/h4>\n<p align=\"justify\"><span style=\"font-family: Arial, sans-serif;\">Traditionnellement, la m\u00e9decine chinoise pr\u00e9conise l&rsquo;amande d&rsquo;abricot pour des maux tels que la toux, les maux de gorge, l\u2019asthme ou la constipation. <\/span><\/p>\n<p align=\"justify\"><span style=\"font-family: Arial, sans-serif;\">Mais depuis quelques ann\u00e9es beaucoup disent que cette huile est un traitement miracle contre le cancer\u00a0; qu\u2019en est-il vraiment\u00a0?<\/span><\/p>\n<p align=\"justify\"><span style=\"font-family: Arial, sans-serif;\">Une recherche datant des ann\u00e9es 50 a notamment \u00e9t\u00e9 men\u00e9e sur un peuple des montagnes himalayennes, le peuple Hunzakuts, c\u00e9l\u00e8bre pour leur long\u00e9vit\u00e9 et leur r\u00e9sistance aux cancers. Ce peuple consommait une quantit\u00e9 faramineuse d\u2019abricots toute entiers&#8230; noyaux compris. <\/span><\/p>\n<p align=\"justify\"><span style=\"font-family: Arial, sans-serif;\">L\u2019amande d\u2019abricot contient en effet une vitamine B17, aussi appel\u00e9e amygdaline, qui selon les sources est soit dangereuse, soit un produit miracle contre les cancers. L\u2019amygdaline aurait des propri\u00e9t\u00e9s anti-canc\u00e9reuses mais sous l\u2019action de certaines enzymes pr\u00e9sentes dans le corps, cette vitamine est transform\u00e9e en cyanure et benzald\u00e9hyde. D\u2019un c\u00f4t\u00e9, certains vous diront que le cyanure est un produit toxique, m\u00eame \u00e0 faible dose, tandis que d\u2019autres contrediront la croyance populaire en affirmant que le cyanure n\u2019attaque que les cellules malades (canc\u00e9reuses) et non les cellules saines. <\/span><\/p>\n<p align=\"justify\"><span style=\"font-family: Arial, sans-serif;\">Finalement, apr\u00e8s diverses \u00e9tudes men\u00e9es sur la vitamine B17 et ses propri\u00e9t\u00e9s anti-canc\u00e9reuses, les autorit\u00e9s fran\u00e7aises et am\u00e9ricaines n\u2019ont rien confirm\u00e9 sur l\u2019utilisation des noyaux d\u2019abricots contre le cancer\u2026 Affaire \u00e0 suivre. <\/span><\/p>\n<p align=\"justify\"><span style=\"font-family: Arial, sans-serif;\">En tout cas, si vous comptiez choisir cette huile pour ses effets contre le cancer, mieux vaut vous tourner vers l\u2019huile de nigelle\u2026<\/span><\/p>\n<p align=\"justify\"><span style=\"font-family: Arial, sans-serif;\"><u>Tenga en cuenta lo siguiente:<\/u><\/span><span style=\"font-family: Arial, sans-serif;\"> Du fait de la pr\u00e9sence de cyanure, certaines sources incitent \u00e0 la prudence quant \u00e0 sa consommation. Cette affirmation s&rsquo;av\u00e8re controvers\u00e9e mais \u00e0 titre pr\u00e9ventif, il est pr\u00e9f\u00e9rable de limiter sa consommation \u00e0 une seule cuill\u00e8re caf\u00e9 par jour.<\/span><\/p>\n<p align=\"justify\"><span style=\"font-family: Arial, sans-serif;\">L&rsquo;huile de noyaux d&rsquo;abricot convient \u00e9galement pour une utilisation alimentaire o\u00f9 elle peut \u00eatre incorpor\u00e9e dans les salade ou les p\u00e2tisseries. On peut l\u2019utiliser pour la cuisson mais il est cependant d\u00e9conseill\u00e9 de trop la faire chauffer. <\/span><\/p>\n<p class=\"western\" align=\"justify\"><span style=\"font-family: Arial, sans-serif;\">C&rsquo;est une bonne huile pour les gens qui sont allergiques ou intol\u00e9rants aux noix.<\/span><\/p>\n<p class=\"western\" align=\"justify\"><span style=\"font-family: Arial, sans-serif;\">\u00a0<\/span><\/p>\n<p><u><b>Ingredientes INCI :<\/b><\/u><\/p>\n<p><span style=\"font-family: Liberation Sans, sans-serif;\"><span style=\"font-size: medium;\"><span style=\"color: #00000a;\">Prunus armeniaca kernel oil (huile vierge de noyaux d\u2019abricot)<\/span><\/span><\/span><\/p>\n<p><u><b>Origen :<\/b><\/u> <span style=\"font-family: Liberation Sans, sans-serif;\"><span style=\"font-size: medium;\">Fabricado en Francia. <\/span><\/span><span style=\"color: #00000a;\"><span style=\"font-family: Liberation Sans, sans-serif;\"><span style=\"font-size: medium;\">La fruta es originaria de Turqu\u00eda.<\/span><\/span><\/span><\/p>\n<p class=\"western\" align=\"justify\"><span style=\"font-family: Arial, sans-serif;\"><i>Disponible en format 50ml (bouteille cosm\u00e9tique) ou 900ml (bouteille en plastique).<\/i><\/span><i> <\/i><\/p>","protected":false},"excerpt":{"rendered":"<p class=\"western\" align=\"justify\"><span style=\"font-family: Arial, sans-serif;\">Obtenido de <\/span><span style=\"font-family: Arial, sans-serif;\">par pression \u00e0 froid <\/span><span style=\"font-family: Arial, sans-serif;\">des noyaux d&rsquo;abricot, l&rsquo;huile de noyaux d&rsquo;abricot est connue pour ses effets anti-\u00e2ges <\/span><span style=\"font-family: Arial, sans-serif;\">y<\/span><span style=\"font-family: Arial, sans-serif;\"> suavizantes.<\/span><\/p>\n<p class=\"western\" align=\"justify\"><span style=\"font-family: Arial, sans-serif;\">Elle est riche en acide ol\u00e9ique, en vitamines A et E. <\/span><\/p>\n<p class=\"western\" align=\"justify\"><span style=\"font-family: Arial, sans-serif;\">En plus d&rsquo;\u00eatre nourrissante et adoucissante,elle redonne \u00e9clat et tonus \u00e0 votre peau !<\/span><\/p>\n<p class=\"western\" align=\"justify\"><span style=\"font-family: Arial, sans-serif;\">Notre huile de noyaux d&rsquo;abricot est certifi\u00e9 BIO par Veritas selon les standar<\/span><span style=\"font-family: Arial, sans-serif;\">d v2.0 de Cosmos.<\/span><span style=\"font-family: Arial, sans-serif;\"><br \/>\n<\/span><\/p>","protected":false},"featured_media":842,"template":"","meta":[],"product_brand":[],"product_cat":[15,27],"product_tag":[],"class_list":{"0":"post-821","1":"product","2":"type-product","3":"status-publish","4":"has-post-thumbnail","6":"product_cat-huiles-bio","7":"product_cat-bien-etre","9":"first","10":"instock","11":"shipping-taxable","12":"purchasable","13":"product-type-variable"},"_links":{"self":[{"href":"https:\/\/1001vertus.com\/es\/wp-json\/wp\/v2\/product\/821","targetHints":{"allow":["GET"]}}],"collection":[{"href":"https:\/\/1001vertus.com\/es\/wp-json\/wp\/v2\/product"}],"about":[{"href":"https:\/\/1001vertus.com\/es\/wp-json\/wp\/v2\/types\/product"}],"wp:featuredmedia":[{"embeddable":true,"href":"https:\/\/1001vertus.com\/es\/wp-json\/wp\/v2\/media\/842"}],"wp:attachment":[{"href":"https:\/\/1001vertus.com\/es\/wp-json\/wp\/v2\/media?parent=821"}],"wp:term":[{"taxonomy":"product_brand","embeddable":true,"href":"https:\/\/1001vertus.com\/es\/wp-json\/wp\/v2\/product_brand?post=821"},{"taxonomy":"product_cat","embeddable":true,"href":"https:\/\/1001vertus.com\/es\/wp-json\/wp\/v2\/product_cat?post=821"},{"taxonomy":"product_tag","embeddable":true,"href":"https:\/\/1001vertus.com\/es\/wp-json\/wp\/v2\/product_tag?post=821"}],"curies":[{"name":"wp","href":"https:\/\/api.w.org\/{rel}","templated":true}]}}