{"id":807,"date":"2018-12-21T18:41:27","date_gmt":"2018-12-21T17:41:27","guid":{"rendered":"https:\/\/1001vertus.com\/?post_type=product&#038;p=807"},"modified":"2025-11-23T16:40:32","modified_gmt":"2025-11-23T15:40:32","slug":"aceite-de-jojoba-ecologico","status":"publish","type":"product","link":"https:\/\/1001vertus.com\/es\/produit\/huile-de-jojoba-bio\/","title":{"rendered":"Aceite de jojoba ecol\u00f3gico"},"content":{"rendered":"<p class=\"western\" align=\"justify\"><span style=\"font-family: Arial, sans-serif;\">El aceite de jojoba es una cera l\u00edquida procedente del \u00e1rbol de jojoba o \"avellano silvestre\" que se encuentra en los desiertos de Sudam\u00e9rica.<\/span><\/p>\n<p class=\"western\" align=\"justify\"><span style=\"font-family: Arial, sans-serif;\">Sus ra\u00edces pueden alcanzar m\u00e1s de 30 metros de longitud, lo que le permite captar la humedad en suelos des\u00e9rticos y resistir la sequ\u00eda. Cada a\u00f1o, el \u00e1rbol produce un gran n\u00famero de semillas oleaginosas de las que se extrae la cera l\u00edquida de Jojoba. Su composici\u00f3n es muy diferente de la de otros aceites vegetales, pero sus propiedades no son menos notables.<\/span><\/p>\n<p align=\"justify\">\n<h2 class=\"western\" align=\"justify\"><span style=\"font-family: Arial, sans-serif;\"><u><b>VALORES :<br \/>\n<\/b><\/u><\/span><\/h2>\n<h3 class=\"western\" align=\"justify\"><span style=\"font-family: Arial, sans-serif;\"><u>Uso del aceite vegetal de jojoba para la piel :<\/u><\/span><\/h3>\n<ul>\n<li>\n<p class=\"western\" align=\"justify\"><span style=\"font-family: Arial, sans-serif;\">Protege contra la deshidrataci\u00f3n y frena la p\u00e9rdida de agua de la piel.<\/span><\/p>\n<\/li>\n<li>\n<p class=\"western\" align=\"justify\"><span style=\"font-family: Arial, sans-serif;\">Nutritiva, penetra sin dejar una pel\u00edcula grasa en la superficie.<\/span><\/p>\n<\/li>\n<li>\n<p class=\"western\" align=\"justify\"><span style=\"font-family: Arial, sans-serif;\">Reequilibrante, regula las secreciones seb\u00e1ceas.<\/span><\/p>\n<\/li>\n<li>\n<p class=\"western\" align=\"justify\"><span style=\"font-family: Arial, sans-serif;\">Acci\u00f3n appaissante y reparadora.<\/span><\/p>\n<\/li>\n<li>\n<p class=\"western\" align=\"justify\"><span style=\"font-family: Arial, sans-serif;\">Protectora, suavizante y calmante, es adecuada para pieles sensibles.<\/span><\/p>\n<\/li>\n<li>\n<p class=\"western\" align=\"justify\"><span style=\"font-family: Arial, sans-serif;\">Regeneradora, mantiene la flexibilidad y elasticidad de la piel y combate los signos del envejecimiento cut\u00e1neo.<\/span><\/p>\n<\/li>\n<li>\n<p class=\"western\" align=\"justify\"><span style=\"font-family: Arial, sans-serif;\">Ayuda a alisar y reafirmar la piel fl\u00e1cida.<\/span><\/p>\n<\/li>\n<\/ul>\n<p>&nbsp;<\/p>\n<h3 align=\"justify\"><span style=\"font-family: Arial, sans-serif;\"><u>El uso de aceite vegetal de jojoba para el cabello :<\/u><\/span><\/h3>\n<ul>\n<li>\n<p class=\"western\" align=\"justify\"><span style=\"font-family: Arial, sans-serif;\">Equilibra el cabello graso normalizando la producci\u00f3n de sebo.<\/span><\/p>\n<\/li>\n<li>\n<p class=\"western\" align=\"justify\"><span style=\"font-family: Arial, sans-serif;\">Devuelve la vitalidad al cabello seco y quebradizo.<\/span><\/p>\n<\/li>\n<li>\n<p class=\"western\" align=\"justify\"><span style=\"font-family: Arial, sans-serif;\">Mejora su brillo y flexibilidad, haci\u00e9ndolos m\u00e1s bellos.<\/span><\/p>\n<\/li>\n<li>\n<p class=\"western\" align=\"justify\"><span style=\"font-family: Arial, sans-serif;\">Tiene fama de frenar la ca\u00edda del cabello<\/span><\/p>\n<\/li>\n<li>\n<p class=\"western\" align=\"justify\"><span style=\"font-family: Arial, sans-serif;\">Nutre el cabello.<\/span><\/p>\n<\/li>\n<\/ul>\n<p class=\"western\" align=\"justify\"><span style=\"font-family: Arial, sans-serif;\">Este aceite puede cuajar por debajo de 15\u00b0C.<\/span><\/p>\n<p class=\"western\" align=\"justify\"><span style=\"font-family: Arial, sans-serif;\">Es sensible a la oxidaci\u00f3n. Cons\u00e9rvese en un lugar fresco, al abrigo del aire y la luz.<\/span><\/p>\n<p class=\"western\" align=\"justify\"><span style=\"font-family: Arial, sans-serif;\">\u00a0<\/span><\/p>\n<p><u><b>Ingredientes INCI :<\/b><\/u><\/p>\n<p>Aceite de semilla de Simmondsia chinensis<\/p>\n<p>&nbsp;<\/p>\n<p><u><b>Capacidad :<\/b><\/u> 50 ml<\/p>\n<p><u><b>Origen :<\/b><\/u> Per\u00fa<\/p>\n<p class=\"western\" align=\"justify\"><span style=\"font-family: Arial, sans-serif;\"><br \/>\n<\/span><i> <\/i><\/p>","protected":false},"excerpt":{"rendered":"<p class=\"western\" align=\"justify\"><span style=\"font-family: Arial, sans-serif;\">El aceite de jojoba es una cera l\u00edquida con una composici\u00f3n similar a la del sebo humano, y tiene una notable afinidad con la piel y el cabello.<\/span><\/p>\n<p class=\"western\" align=\"justify\"><span style=\"font-family: Arial, sans-serif;\">Utilizado en productos para el cuidado de la piel, el aceite de jojoba tiene fama de prevenir la deshidrataci\u00f3n y revitalizar las pieles asfixiadas. <\/span><\/p>\n<p class=\"western\" align=\"justify\"><span style=\"font-family: Arial, sans-serif;\">Tambi\u00e9n puede utilizarse en productos capilares para reequilibrar el cabello graso y devolver la vitalidad al cabello seco y quebradizo. En ambos casos, aporta brillo, flexibilidad y belleza.<\/span><\/p>\n<p class=\"western\" align=\"justify\">Nuestro aceite de jojoba est\u00e1 certificado BIO por Cosmos y Kosher.<\/p>","protected":false},"featured_media":1168,"template":"","meta":[],"product_brand":[],"product_cat":[15,27],"product_tag":[],"class_list":{"0":"post-807","1":"product","2":"type-product","3":"status-publish","4":"has-post-thumbnail","6":"product_cat-huiles-bio","7":"product_cat-bien-etre","9":"first","10":"instock","11":"sale","12":"shipping-taxable","13":"purchasable","14":"product-type-simple"},"_links":{"self":[{"href":"https:\/\/1001vertus.com\/es\/wp-json\/wp\/v2\/product\/807","targetHints":{"allow":["GET"]}}],"collection":[{"href":"https:\/\/1001vertus.com\/es\/wp-json\/wp\/v2\/product"}],"about":[{"href":"https:\/\/1001vertus.com\/es\/wp-json\/wp\/v2\/types\/product"}],"wp:featuredmedia":[{"embeddable":true,"href":"https:\/\/1001vertus.com\/es\/wp-json\/wp\/v2\/media\/1168"}],"wp:attachment":[{"href":"https:\/\/1001vertus.com\/es\/wp-json\/wp\/v2\/media?parent=807"}],"wp:term":[{"taxonomy":"product_brand","embeddable":true,"href":"https:\/\/1001vertus.com\/es\/wp-json\/wp\/v2\/product_brand?post=807"},{"taxonomy":"product_cat","embeddable":true,"href":"https:\/\/1001vertus.com\/es\/wp-json\/wp\/v2\/product_cat?post=807"},{"taxonomy":"product_tag","embeddable":true,"href":"https:\/\/1001vertus.com\/es\/wp-json\/wp\/v2\/product_tag?post=807"}],"curies":[{"name":"wp","href":"https:\/\/api.w.org\/{rel}","templated":true}]}}