{"id":743,"date":"2018-08-20T16:11:56","date_gmt":"2018-08-20T16:11:56","guid":{"rendered":"https:\/\/1001vertus.com\/?post_type=product&#038;p=743"},"modified":"2023-05-06T15:03:49","modified_gmt":"2023-05-06T14:03:49","slug":"miel-blanca-de-kirguistan","status":"publish","type":"product","link":"https:\/\/1001vertus.com\/es\/produit\/miel-blanc-du-kirghizistan\/","title":{"rendered":"Miel blanca de Kirguist\u00e1n"},"content":{"rendered":"<p class=\"western\">Kirguist\u00e1n tiene fama de ser \"el reino de la apicultura\", y a lo largo de las carreteras de monta\u00f1a o en zonas m\u00e1s aisladas se pueden ver numerosos apicultores que llevan generaciones dando rienda suelta a su pasi\u00f3n por la miel, compitiendo entre s\u00ed para obtener la mejor miel.<\/p>\n<p class=\"western\">La regi\u00f3n de Naryn est\u00e1 formada esencialmente por altas monta\u00f1as y mesetas, la mayor\u00eda de ellas de m\u00e1s de 2.000 m de altura. Es en las praderas de estas altas monta\u00f1as (las \"\u00a0<em>jailoo \"<\/em>), rica en plantas nectar\u00edferas y polinizadoras, que las abejas acuden a recolectar.<\/p>\n<p class=\"western\">Esta miel blanca es monofloral, lo que significa que s\u00f3lo tiene una fuente floral: la esparceta.<\/p>\n<p class=\"western\">Los estudios demuestran que la esparceta puede atraer 10 veces m\u00e1s abejas que el tr\u00e9bol blanco, y muchos apicultores consideran que la miel de esparceta es cualitativamente superior a la de tr\u00e9bol blanco.<\/p>\n<p class=\"western\">Esta miel tiene un tiempo de cristalizaci\u00f3n medio. De color blanco, sabor intenso y aromas florales, es una de las variedades de miel gourmet m\u00e1s raras del planeta. <span style=\"color: #000000;\">Es el resultado de recolectar a m\u00e1s de 2000 metros de altitud, una altitud que tiene un efecto innegable en esta miel de flores silvestres. <\/span><\/p>\n<h3 class=\"western\">Virtudes de la miel blanca :<\/h3>\n<ul>\n<li class=\"western\">Propiedades antibacterianas y antioxidantes naturales (ayuda a proteger el organismo contra el da\u00f1o celular causado por los radicales libres),<\/li>\n<li class=\"western\">refuerza el sistema inmunitario,<\/li>\n<li>fuente de vitaminas y minerales,<\/li>\n<li>act\u00faa como t\u00f3nico (aumenta la fuerza y reduce la fatiga),<\/li>\n<li>mejora la circulaci\u00f3n sangu\u00ednea y el metabolismo,<\/li>\n<li>protege contra las enfermedades gastrointestinales (como la gastritis y la ulceraci\u00f3n g\u00e1strica causadas por bacterias),<\/li>\n<li>act\u00faa como remedio natural contra el envejecimiento.<\/li>\n<\/ul>\n<p>&nbsp;<\/p>\n<p class=\"western\">Sea uno de los pocos privilegiados en degustar este n\u00e9ctar blanco de alt\u00edsima calidad, con sabor a flores silvestres. Una degustaci\u00f3n que le har\u00e1 viajar a los altos valles de Asia Central.<\/p>\n<h4 class=\"western\"><\/h4>\n<p class=\"western\">Por supuesto, se envasa en un tarro de cristal para su mejor conservaci\u00f3n.<\/p>\n<p class=\"western\"><i>Disponible en tarros de 50 g, 125 g y 250 g.<\/i><\/p>\n<p>&nbsp;<\/p>\n<p><strong><u><b>Tenga en cuenta lo siguiente:<\/b><\/u><\/strong> Le recordamos que est\u00e1 prohibido dar miel a los lactantes. Para saber m\u00e1s, lea <a href=\"https:\/\/1001vertus.com\/es\/miel-prohibida-para-los-lactantes\/\">este art\u00edculo<\/a>.<\/p>","protected":false},"excerpt":{"rendered":"<p class=\"western\">Kirguist\u00e1n tiene fama de ser \"el reino de la apicultura\" y su miel blanca goza de gran reputaci\u00f3n, con medallas y premios en el \u00faltimo \"Congreso Internacional de Apicultura\" que hablan por s\u00ed solos.<\/p>\n<p class=\"western\">Es en los prados de las altas monta\u00f1as (los \"\u00a0<em>jailoo \"<\/em>), rica en plantas nectar\u00edferas y polinizadoras, que las abejas vienen a recolectar. Esta miel blanca<span style=\"color: #000000;\"> es el resultado de la recolecci\u00f3n a m\u00e1s de 2000 metros de altitud, una altitud que tiene un efecto innegable en esta miel de flores silvestres. <\/span><\/p>\n<p class=\"western\">De sabor intenso y aromas florales, es una de las variedades de miel gourmet m\u00e1s raras del planeta. Pero eso no significa que no tenga algunas virtudes...<\/p>\n<p class=\"western\"><span style=\"color: #000000;\">Sea uno de los pocos privilegiados en degustar este n\u00e9ctar blanco de alt\u00edsima calidad, con sabor a flores silvestres. Una degustaci\u00f3n que le har\u00e1 viajar a los altos valles de Asia Central.<\/span><\/p>","protected":false},"featured_media":1132,"template":"","meta":[],"product_brand":[],"product_cat":[25,29,28],"product_tag":[],"class_list":{"0":"post-743","1":"product","2":"type-product","3":"status-publish","4":"has-post-thumbnail","6":"product_cat-miels","7":"product_cat-alimentation","8":"product_cat-medecine-sante","10":"first","11":"instock","12":"shipping-taxable","13":"purchasable","14":"product-type-variable","15":"has-default-attributes"},"_links":{"self":[{"href":"https:\/\/1001vertus.com\/es\/wp-json\/wp\/v2\/product\/743","targetHints":{"allow":["GET"]}}],"collection":[{"href":"https:\/\/1001vertus.com\/es\/wp-json\/wp\/v2\/product"}],"about":[{"href":"https:\/\/1001vertus.com\/es\/wp-json\/wp\/v2\/types\/product"}],"wp:featuredmedia":[{"embeddable":true,"href":"https:\/\/1001vertus.com\/es\/wp-json\/wp\/v2\/media\/1132"}],"wp:attachment":[{"href":"https:\/\/1001vertus.com\/es\/wp-json\/wp\/v2\/media?parent=743"}],"wp:term":[{"taxonomy":"product_brand","embeddable":true,"href":"https:\/\/1001vertus.com\/es\/wp-json\/wp\/v2\/product_brand?post=743"},{"taxonomy":"product_cat","embeddable":true,"href":"https:\/\/1001vertus.com\/es\/wp-json\/wp\/v2\/product_cat?post=743"},{"taxonomy":"product_tag","embeddable":true,"href":"https:\/\/1001vertus.com\/es\/wp-json\/wp\/v2\/product_tag?post=743"}],"curies":[{"name":"wp","href":"https:\/\/api.w.org\/{rel}","templated":true}]}}