{"id":724,"date":"2018-08-19T12:22:20","date_gmt":"2018-08-19T11:22:20","guid":{"rendered":"https:\/\/1001vertus.com\/?post_type=product&#038;p=724"},"modified":"2026-04-20T15:08:44","modified_gmt":"2026-04-20T14:08:44","slug":"aceite-de-comino-negro-marroqui","status":"publish","type":"product","link":"https:\/\/1001vertus.com\/es\/produit\/huile-de-nigelle-du-maroc\/","title":{"rendered":"Aceite de comino negro marroqu\u00ed"},"content":{"rendered":"<p class=\"western\" align=\"justify\"><span style=\"font-family: Arial, sans-serif;\"><span style=\"font-size: medium;\">La nigella se utiliza desde hace m\u00e1s de 2000 a\u00f1os por sus beneficios para la salud y la cosm\u00e9tica. <\/span><\/span><span style=\"font-family: Arial, sans-serif;\"><span style=\"font-size: medium;\">Seg\u00fan algunas fuentes, Cleopatra y Nefertiti utilizaban el aceite de comino negro como producto de belleza. <\/span><\/span><span style=\"font-family: Arial, sans-serif;\"><span style=\"font-size: medium;\">Los egipcios siguen llamando a esta semilla \"habba al baraka\", que significa \"semilla bendita\".<\/span><\/span><\/p>\n<p class=\"western\"><span style=\"font-family: Arial, sans-serif;\"><span style=\"font-size: medium;\">El comino negro tambi\u00e9n forma parte de la <\/span><\/span><span style=\"font-family: Arial, sans-serif;\"><span style=\"font-size: medium;\">medicina tradicional india y china, donde se utiliza como antibi\u00f3tico natural. <\/span><\/span><\/p>\n<p class=\"western\" align=\"justify\"><span style=\"font-family: Arial, sans-serif;\"><span style=\"font-size: medium;\"><i>De hecho, hemos escrito un fascinante art\u00edculo al respecto, que encontrar\u00e1 en nuestra secci\u00f3n \"blog\".<\/i><\/span><\/span><\/p>\n<p align=\"justify\"><span style=\"font-family: Arial, sans-serif;\"><span style=\"font-size: medium;\">Se trata, por tanto, de un remedio milenario que est\u00e1 ganando popularidad, sobre todo a ra\u00edz de una serie de estudios cient\u00edficos recientes, pero tambi\u00e9n gracias al desarrollo del Islam. <\/span><\/span><\/p>\n<p align=\"justify\"><span style=\"font-family: Arial, sans-serif;\"><span style=\"font-size: medium;\">De hecho, el Profeta de los musulmanes, Mahoma, orden\u00f3 a su comunidad que lo utilizara en los siguientes t\u00e9rminos: \"Curaos utilizando semillas de comino negro, es un remedio para todos los males excepto la muerte\" (colecci\u00f3n de hadices de Al-Bujari). El comino negro es, por tanto, un pilar de la medicina prof\u00e9tica musulmana. <\/span><\/span><\/p>\n<p align=\"justify\"><span style=\"font-family: Arial, sans-serif;\"><span style=\"font-size: medium;\">De hecho, los pioneros de la medicina, musulmanes o no, hablaban del comino negro y de sus m\u00faltiples virtudes. <\/span><\/span><\/p>\n<h3 class=\"western\" align=\"justify\"><span style=\"font-family: Arial, sans-serif;\"><span style=\"font-size: x-large;\"><b>Los beneficios del aceite de Nigella<\/b><\/span><\/span><\/h3>\n<p class=\"western\" align=\"justify\"><span style=\"font-family: Arial, sans-serif;\"><span style=\"font-size: medium;\">Como ya se ha mencionado, el aceite de comino negro puede utilizarse tanto interna como externamente. <\/span><\/span><\/p>\n<p align=\"justify\"><span style=\"font-family: Times New Roman, serif;\"><span style=\"font-size: medium;\"><span style=\"font-family: Arial, sans-serif;\">El comino negro contiene numerosos componentes naturales (vitaminas, enzimas, oligoelementos y omega-6 y omega-3 de origen vegetal). Componentes cuyos beneficios para la salud han sido ampliamente demostrados por la ciencia desde hace m\u00e1s de cuarenta a\u00f1os. <\/span><\/span><\/span><\/p>\n<p align=\"justify\"><span style=\"font-family: Times New Roman, serif;\"><span style=\"font-size: medium;\"><span style=\"font-family: Arial, sans-serif;\">Tambi\u00e9n contiene prote\u00ednas, l\u00edpidos, hidratos de carbono, amino\u00e1cidos y metabolitos secundarios, conocidos por su actividad farmacol\u00f3gica. En sinergia, estos componentes ayudan a prevenir infecciones y alergias y, sobre todo, refuerzan el sistema inmunitario. Y cuanto m\u00e1s fuerte es el sistema inmunitario, mejor es el estado de salud, porque ayuda a combatir las enfermedades y a mantener el organismo en buena forma.<\/span><\/span><\/span><\/p>\n<h3 class=\"western\" align=\"justify\"><span style=\"font-family: Arial, sans-serif;\"><span style=\"font-size: medium;\"><b>He aqu\u00ed una lista no exhaustiva<\/b><\/span><\/span><span style=\"font-family: Arial, sans-serif;\"><span style=\"font-size: medium;\">)<\/span><\/span><span style=\"font-family: Arial, sans-serif;\"><span style=\"font-size: medium;\"><b> 46 enfermedades y dolencias para las que el comino negro mejora las posibilidades de recuperaci\u00f3n:<\/b><\/span><\/span><\/h3>\n<ul>\n<li><span style=\"font-family: Arial, sans-serif;\"><span style=\"font-size: medium;\">C\u00e1ncer (de p\u00e1ncreas, colon, pr\u00f3stata, mama, pulm\u00f3n e incluso cerebral).<\/span><\/span><\/li>\n<\/ul>\n<ul>\n<li>\n<p class=\"western\" align=\"justify\"><span style=\"font-family: Arial, sans-serif;\"><span style=\"font-size: medium;\">Enfermedades autoinmunes (lupus, enfermedad de Crohn...)<\/span><\/span><\/p>\n<\/li>\n<\/ul>\n<ul>\n<li>\n<p class=\"western\" align=\"justify\"><span style=\"font-family: Arial, sans-serif;\"><span style=\"font-size: medium;\">SIDA <\/span><\/span><\/p>\n<\/li>\n<li>\n<p class=\"western\" align=\"justify\"><span style=\"font-family: Arial, sans-serif;\"><span style=\"font-size: medium;\">Alergias, fiebre del heno<\/span><\/span><\/p>\n<\/li>\n<li>\n<p class=\"western\" align=\"justify\"><span style=\"font-family: Arial, sans-serif;\"><span style=\"font-size: medium;\">Inflamaci\u00f3n<\/span><\/span><\/p>\n<\/li>\n<li>\n<p class=\"western\" align=\"justify\"><span style=\"font-family: Arial, sans-serif;\"><span style=\"font-size: medium;\">Reumatismo, artritis y otros dolores articulares<\/span><\/span><\/p>\n<\/li>\n<li>\n<p class=\"western\" align=\"justify\"><span style=\"font-family: Arial, sans-serif;\"><span style=\"font-size: medium;\">Dolor muscular<\/span><\/span><\/p>\n<\/li>\n<li>\n<p class=\"western\" align=\"justify\"><span style=\"font-family: Arial, sans-serif;\"><span style=\"font-size: medium;\">Dolor de espalda<\/span><\/span><\/p>\n<\/li>\n<li>\n<p class=\"western\" align=\"justify\"><span style=\"font-family: Arial, sans-serif;\"><span style=\"font-size: medium;\">Congesti\u00f3n tor\u00e1cica<\/span><\/span><\/p>\n<\/li>\n<li>\n<p class=\"western\" align=\"justify\"><span style=\"font-family: Arial, sans-serif;\"><span style=\"font-size: medium;\">Bronquitis<\/span><\/span><\/p>\n<\/li>\n<li>\n<p class=\"western\" align=\"justify\"><span style=\"font-family: Arial, sans-serif;\"><span style=\"font-size: medium;\">Congesti\u00f3n nasal<\/span><\/span><\/p>\n<\/li>\n<li>\n<p class=\"western\" align=\"justify\"><span style=\"font-family: Arial, sans-serif;\"><span style=\"font-size: medium;\">Resfriados<\/span><\/span><\/p>\n<\/li>\n<li>\n<p class=\"western\" align=\"justify\"><span style=\"font-family: Arial, sans-serif;\"><span style=\"font-size: medium;\">Tos<\/span><\/span><\/p>\n<\/li>\n<li>\n<p class=\"western\" align=\"justify\"><span style=\"font-family: Arial, sans-serif;\"><span style=\"font-size: medium;\">Gripe<\/span><\/span><\/p>\n<\/li>\n<li>\n<p class=\"western\" align=\"justify\"><span style=\"font-family: Arial, sans-serif;\"><span style=\"font-size: medium;\">Dolor de garganta, anginas<\/span><\/span><\/p>\n<\/li>\n<li>\n<p class=\"western\" align=\"justify\"><span style=\"font-family: Arial, sans-serif;\"><span style=\"font-size: medium;\">Dolores de cabeza, migra\u00f1as<\/span><\/span><\/p>\n<\/li>\n<li>\n<p class=\"western\" align=\"justify\"><span style=\"font-family: Arial, sans-serif;\">Alivia las quemaduras, la piel agrietada y las quemaduras solares.<\/span><\/p>\n<\/li>\n<li>\n<p class=\"western\" align=\"justify\"><span style=\"font-family: Arial, sans-serif;\"><span style=\"font-size: medium;\">Picor<\/span><\/span><\/p>\n<\/li>\n<li>\n<p class=\"western\" align=\"justify\"><span style=\"font-family: Arial, sans-serif;\"><span style=\"font-size: medium;\">Eczema, psoriasis y otros problemas cut\u00e1neos<\/span><\/span><\/p>\n<\/li>\n<li>\n<p class=\"western\" align=\"justify\"><span style=\"font-family: Arial, sans-serif;\"><span style=\"font-size: medium;\">Acn\u00e9 y granos<\/span><\/span><\/p>\n<\/li>\n<li>\n<p class=\"western\" align=\"justify\"><span style=\"font-family: Arial, sans-serif;\"><span style=\"font-size: medium;\">Nutre la piel seca o irritada<\/span><\/span><\/p>\n<\/li>\n<li>\n<p class=\"western\" align=\"justify\"><span style=\"font-family: Arial, sans-serif;\"><span style=\"font-size: medium;\">Calvicie y ca\u00edda del cabello<\/span><\/span><\/p>\n<\/li>\n<li>\n<p class=\"western\" align=\"justify\"><span style=\"font-family: Arial, sans-serif;\"><span style=\"font-size: medium;\">N\u00e1useas y v\u00f3mitos<\/span><\/span><\/p>\n<\/li>\n<li>\n<p class=\"western\" align=\"justify\"><span style=\"font-family: Arial, sans-serif;\"><span style=\"font-size: medium;\">Trastornos digestivos<\/span><\/span><\/p>\n<\/li>\n<li>\n<p class=\"western\" align=\"justify\"><span style=\"font-family: Arial, sans-serif;\"><span style=\"font-size: medium;\">Estre\u00f1imiento<\/span><\/span><\/p>\n<\/li>\n<li>\n<p class=\"western\" align=\"justify\"><span style=\"font-family: Arial, sans-serif;\"><span style=\"font-size: medium;\">Diarrea<\/span><\/span><\/p>\n<\/li>\n<li>\n<p class=\"western\" align=\"justify\"><span style=\"font-family: Arial, sans-serif;\"><span style=\"font-size: medium;\">Acidez<\/span><\/span><\/p>\n<\/li>\n<li>\n<p class=\"western\" align=\"justify\"><span style=\"font-family: Arial, sans-serif;\"><span style=\"font-size: medium;\">Par\u00e1sitos intestinales<\/span><\/span><\/p>\n<\/li>\n<li>\n<p class=\"western\" align=\"justify\"><span style=\"font-family: Arial, sans-serif;\"><span style=\"font-size: medium;\">Gas<\/span><\/span><\/p>\n<\/li>\n<li>\n<p class=\"western\" align=\"justify\"><span style=\"font-family: Arial, sans-serif;\"><span style=\"font-size: medium;\">Dolor de muelas y abscesos <\/span><\/span><span style=\"font-family: Arial, sans-serif;\">(como enjuague bucal)<\/span><\/p>\n<\/li>\n<li>\n<p class=\"western\" align=\"justify\"><span style=\"font-family: Arial, sans-serif;\"><span style=\"font-size: medium;\">Infecciones y hemorragias de las enc\u00edas <\/span><\/span><span style=\"font-family: Arial, sans-serif;\">(como enjuague bucal)<\/span><\/p>\n<\/li>\n<li>\n<p class=\"western\" align=\"justify\"><span style=\"font-family: Arial, sans-serif;\"><span style=\"font-size: medium;\">Infecci\u00f3n de vejiga<\/span><\/span><\/p>\n<\/li>\n<li>\n<p class=\"western\" align=\"justify\"><span style=\"font-family: Arial, sans-serif;\"><span style=\"font-size: medium;\">Hemorroides<\/span><\/span><\/p>\n<\/li>\n<li>\n<p class=\"western\" align=\"justify\"><span style=\"font-family: Arial, sans-serif;\"><span style=\"font-size: medium;\">Otitis<\/span><\/span><\/p>\n<\/li>\n<li>\n<p class=\"western\" align=\"justify\"><span style=\"font-family: Arial, sans-serif;\"><span style=\"font-size: medium;\">Asma<\/span><\/span><\/p>\n<\/li>\n<li>\n<p class=\"western\" align=\"justify\"><span style=\"font-family: Arial, sans-serif;\"><span style=\"font-size: medium;\">Tensi\u00f3n arterial<\/span><\/span><\/p>\n<\/li>\n<li>\n<p class=\"western\" align=\"justify\"><span style=\"font-family: Arial, sans-serif;\"><span style=\"font-size: medium;\">Colesterol<\/span><\/span><\/p>\n<\/li>\n<li>\n<p class=\"western\" align=\"justify\"><span style=\"font-family: Arial, sans-serif;\"><span style=\"font-size: medium;\">Debilidad sexual<\/span><\/span><\/p>\n<\/li>\n<li>\n<p class=\"western\" align=\"justify\"><span style=\"font-family: Arial, sans-serif;\"><span style=\"font-size: medium;\">Diabetes<\/span><\/span><span style=\"font-family: Arial, sans-serif;\"><span style=\"font-size: medium;\"> (Su consumo regular puede reducir los niveles de az\u00facar en sangre y la resistencia a la insulina, lo que lo convierte en un remedio eficaz para evitar la diabetes de tipo 2)<\/span><\/span><\/p>\n<\/li>\n<li>\n<p class=\"western\" align=\"justify\"><span style=\"font-family: Arial, sans-serif;\"><span style=\"font-size: medium;\">Su efecto drenante ayuda a eliminar las toxinas de los intestinos y los pulmones.<\/span><\/span><\/p>\n<\/li>\n<li>\n<p class=\"western\" align=\"justify\"><span style=\"font-family: Arial, sans-serif;\"><span style=\"font-size: medium;\">Previene y equilibra la hipertensi\u00f3n<\/span><\/span><\/p>\n<\/li>\n<li>\n<p class=\"western\" align=\"justify\"><span style=\"font-family: Arial, sans-serif;\"><span style=\"font-size: medium;\">Reduce el colesterol malo<\/span><\/span><span style=\"font-family: Arial, sans-serif;\"><span style=\"font-size: medium;\">l<\/span><\/span><\/p>\n<\/li>\n<li>\n<p class=\"western\" align=\"justify\"><span style=\"font-family: Arial, sans-serif;\"><span style=\"font-size: medium;\">Depresi\u00f3n<\/span><\/span><\/p>\n<\/li>\n<li>\n<p class=\"western\" align=\"justify\"><span style=\"font-family: Arial, sans-serif;\"><span style=\"font-size: medium;\">Insomnio<\/span><\/span><\/p>\n<\/li>\n<li>\n<p class=\"western\" align=\"justify\"><span style=\"font-family: Arial, sans-serif;\"><span style=\"font-size: medium;\">Infertilidad<\/span><\/span><\/p>\n<\/li>\n<li>\n<p class=\"western\" align=\"justify\"><span style=\"font-family: Arial, sans-serif;\"><span style=\"font-size: medium;\">Deterioro de la memoria<\/span><\/span><\/p>\n<\/li>\n<\/ul>\n<p class=\"western\" align=\"justify\"><span style=\"font-family: Arial, sans-serif;\"><span style=\"font-size: medium;\"><i>Precauci\u00f3n: en caso de enfermedades graves como el c\u00e1ncer, el sida o las enfermedades autoinmunes, el comino negro debe utilizarse como tratamiento alternativo o adicional. <\/i><\/span><\/span><\/p>\n<p class=\"western\" align=\"justify\"><span style=\"font-family: Arial, sans-serif;\"><span style=\"font-size: medium;\"><i>Aunque los estudios recientes sobre el tema son alucinantes, en ning\u00fan caso debe interrumpir ning\u00fan tratamiento y recurrir exclusivamente al comino negro, y no aceptamos ninguna responsabilidad si lo hace.<\/i><\/span><\/span><\/p>\n<p><span style=\"font-family: Arial, sans-serif;\"><span style=\"font-size: medium;\">El aceite de comino negro es un suplemento diet\u00e9tico para aumentar los niveles de energ\u00eda en el cambio de estaci\u00f3n. Tomar dos curas de tres semanas de aceite de comino negro al a\u00f1o ayuda a reforzar el sistema inmunitario y a mejorar el bienestar general.<\/span><\/span><\/p>\n<p>&nbsp;<\/p>\n<h3 align=\"justify\"><span style=\"font-family: Arial, sans-serif;\"><span style=\"font-size: medium;\"><u><b>Modo de empleo :<\/b><\/u><\/span><\/span><\/h3>\n<p align=\"justify\"><span style=\"font-family: Arial, sans-serif;\"><span style=\"font-size: medium;\"><u>Posolog\u00eda : <\/u><\/span><\/span><\/p>\n<p align=\"justify\"><span style=\"font-family: Arial, sans-serif;\"><span style=\"font-size: medium;\">Para aplicaciones locales (cuidado de la piel, masaje para aliviar contracturas, enjuague bucal, etc.): una o varias veces al d\u00eda, en funci\u00f3n del dolor.<\/span><\/span><\/p>\n<p align=\"justify\"><span style=\"font-family: Times New Roman, serif;\"><span style=\"font-size: medium;\"><span style=\"font-family: Arial, sans-serif;\">El aceite de comino negro tambi\u00e9n puede utilizarse como inhalante.<\/span><\/span><\/span><\/p>\n<p align=\"justify\"><span style=\"font-family: Times New Roman, serif;\"><span style=\"font-size: medium;\"><span style=\"font-family: Arial, sans-serif;\">Las semillas machacadas pueden utilizarse en cataplasmas para tratar ciertos problemas cut\u00e1neos. <\/span><\/span><\/span><\/p>\n<p align=\"justify\"><span style=\"font-family: Arial, sans-serif;\"><span style=\"font-size: medium;\">El aceite tambi\u00e9n puede a\u00f1adirse a productos cosm\u00e9ticos.<\/span><\/span><\/p>\n<p align=\"justify\"><span style=\"font-family: Arial, sans-serif;\"><span style=\"font-size: medium;\"><u>Administraci\u00f3n oral :<\/u><\/span><\/span><\/p>\n<p align=\"justify\"><span style=\"font-family: Arial, sans-serif;\"><span style=\"font-size: medium;\">- Para adultos: Tomar una cucharadita todas las ma\u00f1anas en ayunas, durante tres meses.<\/span><\/span><\/p>\n<p align=\"justify\"><span style=\"font-family: Arial, sans-serif;\"><span style=\"font-size: medium;\">- Para ni\u00f1os (hasta 12 a\u00f1os): Basta con tomar media cucharadita por la ma\u00f1ana en ayunas.\u00a0<\/span><\/span><\/p>\n<p align=\"justify\"><span style=\"font-family: Arial, sans-serif;\"><span style=\"font-size: medium;\">Es bueno saber que el comino negro puede mezclarse con miel, zumo de frutas, leche, agua, aceite de oliva, etc. Por ejemplo, una mezcla de una cucharadita de aceite de comino negro con yogur puede servir para calmar la diarrea.<\/span><\/span><\/p>\n<p align=\"justify\"><span style=\"font-family: Times New Roman, serif;\"><span style=\"font-size: medium;\"><strong><span style=\"font-family: Arial, sans-serif;\">CONTRAINDICACIONES :<br \/>\n<\/span><\/strong><\/span><\/span><\/p>\n<p class=\"western\" align=\"justify\"><span style=\"font-family: Arial, sans-serif;\"><span style=\"font-size: medium;\">Aunque esto s\u00f3lo se ha observado tras la administraci\u00f3n de dosis muy superiores a las recomendadas para uso medicinal, la toma de Nigella est\u00e1 contraindicada en mujeres embarazadas y en periodo de lactancia para un uso prolongado.<\/span><\/span><\/p>\n<p class=\"western\" align=\"justify\"><span style=\"font-family: Arial, sans-serif;\"><span style=\"font-size: medium;\">Aparte de eso, no presenta efectos adversos, no interact\u00faa con plantas medicinales o suplementos y no interact\u00faa con f\u00e1rmacos. Sin embargo, hay que tener cuidado con los pacientes que toman anticoagulantes.<\/span><\/span><\/p>\n<p class=\"western\" align=\"justify\"><span style=\"font-family: Arial, sans-serif;\"><span style=\"font-size: medium;\">\u00a0<\/span><\/span><\/p>\n<p><span style=\"font-family: Liberation Sans, sans-serif;\"><u><b>Ing<\/b><\/u><u><b>r<\/b><\/u><u><b>Ingredientes INCI :<\/b><\/u><\/span><\/p>\n<p><span style=\"color: #00000a;\"><span style=\"font-family: Liberation Sans, sans-serif;\"><span style=\"font-size: medium;\">Aceite de comino negro<\/span><\/span><\/span><\/p>\n<p><span style=\"font-family: Liberation Sans, sans-serif;\"><u><b>Origen :<\/b><\/u> <span style=\"font-size: medium;\">Marruecos<\/span><\/span><\/p>\n<p><u><b>Capacidad :<\/b><\/u><b> <\/b>100 ml<\/p>\n<p>&nbsp;<\/p>\n<p class=\"western\" align=\"justify\"><span style=\"font-family: Arial, sans-serif;\"><span style=\"font-size: medium;\">Condiciones de almacenamiento: Aceite vegetal sensible a la oxidaci\u00f3n. Conservar en lugar fresco (&lt; 20\u00b0C), al abrigo del aire y de la luz.<\/span><\/span><\/p>\n<p class=\"western\"><span style=\"font-family: Arial, sans-serif;\"><span style=\"font-size: medium;\"><i>\u00bfQuiere saber m\u00e1s sobre el comino negro? Lea un art\u00edculo completo sobre esta planta milagrosa en nuestra secci\u00f3n de blogs.<\/i><\/span><\/span><\/p>","protected":false},"excerpt":{"rendered":"<p align=\"justify\"><span style=\"font-family: Times New Roman, serif;\"><span style=\"font-size: medium;\"><span style=\"font-family: Arial, sans-serif;\">El aceite de comino negro tiene 1001 virtudes, por eso lo ofrecemos en varias versiones (marroqu\u00ed y et\u00edope). Incluso hemos creado una gama completa de productos llamada <\/span><span style=\"font-family: Arial, sans-serif;\"><i>Abisinia<\/i><\/span><span style=\"font-family: Arial, sans-serif;\">.<\/span><\/span><\/span><\/p>\n<p align=\"justify\"><span style=\"font-family: Times New Roman, serif;\"><span style=\"font-size: medium;\"><span style=\"font-family: Arial, sans-serif;\">Este aceite <\/span><span style=\"font-family: Arial, sans-serif;\">repleto de ventajas<\/span><span style=\"font-family: Arial, sans-serif;\">,<\/span><span style=\"font-family: Arial, sans-serif;\"> tanto interna como externamente.<\/span><\/span><\/span><\/p>\n<p align=\"justify\"><span style=\"font-family: Times New Roman, serif;\"><span style=\"font-size: medium;\"><span style=\"font-family: Arial, sans-serif;\">Nuestro aceite de comino negro marroqu\u00ed es absolutamente puro, 100 % natural y de gran calidad.<\/span><span style=\"font-family: Arial, sans-serif;\">uperprochable calidad cosm\u00e9tica y alimentaria<\/span><span style=\"font-family: Arial, sans-serif;\">. <\/span><span style=\"font-family: Arial, sans-serif;\">Es <\/span><span style=\"font-family: Arial, sans-serif;\">obtenido mediante un primer prensado en fr\u00edo para <\/span><span style=\"font-family: Arial, sans-serif;\">para preservar de forma \u00f3ptima todos sus beneficios y virtudes. Se prensa in situ utilizando semillas locales de la regi\u00f3n de Ouazzane.<\/span><\/span><\/span><\/p>","protected":false},"featured_media":899,"template":"","meta":[],"product_brand":[],"product_cat":[26,28,96],"product_tag":[],"class_list":{"0":"post-724","1":"product","2":"type-product","3":"status-publish","4":"has-post-thumbnail","6":"product_cat-nigelle","7":"product_cat-medecine-sante","8":"product_cat-roqya-chariya","10":"first","11":"instock","12":"shipping-taxable","13":"purchasable","14":"product-type-simple"},"_links":{"self":[{"href":"https:\/\/1001vertus.com\/es\/wp-json\/wp\/v2\/product\/724","targetHints":{"allow":["GET"]}}],"collection":[{"href":"https:\/\/1001vertus.com\/es\/wp-json\/wp\/v2\/product"}],"about":[{"href":"https:\/\/1001vertus.com\/es\/wp-json\/wp\/v2\/types\/product"}],"wp:featuredmedia":[{"embeddable":true,"href":"https:\/\/1001vertus.com\/es\/wp-json\/wp\/v2\/media\/899"}],"wp:attachment":[{"href":"https:\/\/1001vertus.com\/es\/wp-json\/wp\/v2\/media?parent=724"}],"wp:term":[{"taxonomy":"product_brand","embeddable":true,"href":"https:\/\/1001vertus.com\/es\/wp-json\/wp\/v2\/product_brand?post=724"},{"taxonomy":"product_cat","embeddable":true,"href":"https:\/\/1001vertus.com\/es\/wp-json\/wp\/v2\/product_cat?post=724"},{"taxonomy":"product_tag","embeddable":true,"href":"https:\/\/1001vertus.com\/es\/wp-json\/wp\/v2\/product_tag?post=724"}],"curies":[{"name":"wp","href":"https:\/\/api.w.org\/{rel}","templated":true}]}}