{"id":5978,"date":"2022-04-02T21:01:49","date_gmt":"2022-04-02T20:01:49","guid":{"rendered":"https:\/\/1001vertus.com\/?post_type=product&#038;p=5978"},"modified":"2026-05-10T19:56:16","modified_gmt":"2026-05-10T18:56:16","slug":"joroba-de-camello-grasa-daroua-1001-virtudes","status":"publish","type":"product","link":"https:\/\/1001vertus.com\/es\/produit\/graisse-de-bosse-de-chameau-daroua-1001-vertus\/","title":{"rendered":"Graisse de bosse de chameau \u00ab\u00a0daroua\u00a0\u00bb &#8211; 100g &#8211; 1001 VERTUS"},"content":{"rendered":"<p>En \u00c1frica y Asia, los camellos y dromedarios no son s\u00f3lo un medio de transporte (de hecho, el nombre dromedario deriva de la palabra \"camello\"), sino tambi\u00e9n una fuente de alimento. <em>dromos<\/em> que significa camino en griego), pero sobre todo son un pilar fundamental de la econom\u00eda. Su pelo y sus pieles se utilizan para la artesan\u00eda local (ropa, sillas de montar, etc.), pero estos animales tambi\u00e9n desempe\u00f1an un papel esencial en la dieta, gracias sobre todo a su <strong>carne<\/strong> y sus <strong>leche <\/strong><em>(disponible en nuestro sitio web en <a href=\"https:\/\/1001vertus.com\/es\/product\/leche-de-camella-en-polvo-1001-vertus-2\/\">polvo<\/a> o en <a href=\"https:\/\/1001vertus.com\/es\/product\/uht-leche-de-camella-liquida-1001-vertus\/\">puede<\/a>)<\/em>pero tambi\u00e9n, lo que es m\u00e1s sorprendente, gracias a la <strong>grasa <\/strong>contenidas en su(s) joroba(s).<\/p>\n<p>Contrariamente a la creencia popular, las jorobas de camellos y dromedarios no son dep\u00f3sitos de agua, sino acumulaciones de grasa que representan reservas de energ\u00eda para el animal.<br \/>\nCuando el animal no puede saciarse, consume la grasa contenida en sus jorobas.<br \/>\nUna joroba de dromedario contiene hasta 15 kilos de grasa, mientras que las de camello suman entre 11 y 12 kilos.<\/p>\n<p>M\u00e1s conocido como <strong><em>daroua<\/em><\/strong>La grasa de camello se utiliza localmente como ingrediente de ciertos platos o como masaje para calmar dolores y molestias.<br \/>\nSu uso se democratiz\u00f3 despu\u00e9s, pasando de las manos de los n\u00f3madas a las poblaciones de las grandes ciudades vecinas, y ahora en todo el mundo gracias a los numerosos beneficios que contiene y a la creaci\u00f3n de gamas cosm\u00e9ticas (aceite capilar, crema de manos y pies, b\u00e1lsamos labiales...).<\/p>\n<p>&nbsp;<\/p>\n<h2>Virtudes de la grasa de joroba de camello :<\/h2>\n<p>La grasa de camello tiene muchas virtudes, entre ellas las siguientes:<\/p>\n<ul>\n<li>alivia los problemas de artritis y artrosis<\/li>\n<li>Alivia los dolores musculares, reum\u00e1ticos (articulaciones), de espalda o del nervio ci\u00e1tico,<\/li>\n<li>ayuda a combatir el asma y ciertas enfermedades respiratorias,<\/li>\n<li>es muy eficaz contra la ca\u00edda del cabello,<\/li>\n<li>ayuda a tratar problemas cut\u00e1neos como el eccema y la psoriasis,<\/li>\n<li>Hidrata y se utiliza para tratar la piel seca, as\u00ed como manos y pies agrietados,<\/li>\n<li>Alivia el dolor de las hemorroides.<\/li>\n<\/ul>\n<p>&nbsp;<\/p>\n<h2>C\u00f3mo utilizarlo :<\/h2>\n<ul>\n<li>Para dolores y molestias: masajear la zona a tratar.<\/li>\n<li>Para problemas cut\u00e1neos: masajear sin diluir en la zona a tratar, o mezclar con aceite de oliva virgen extra o aceite de comino negro.<\/li>\n<li>Para problemas respiratorios: masajear en la caja tor\u00e1cica o en la parte superior de la espalda, o consumir solo o mezclado con miel.<\/li>\n<\/ul>\n<p>Conservar en lugar fresco, seco y protegido de la luz.<\/p>\n<p>No dejar que entre en contacto con el agua.<\/p>\n<p>&nbsp;<\/p>\n<p><u>Peso neto :<\/u> 100g<\/p>\n<p><u>Fuente :<\/u> Marruecos<\/p>","protected":false},"excerpt":{"rendered":"<p>Grasa de joroba de camello, m\u00e1s conocida como <em>daroua<\/em>Tiene fama de aliviar la artritis, la artrosis, los dolores musculares, el reumatismo, el dolor de espalda y el dolor del nervio ci\u00e1tico.<\/p>\n<p>Pero tambi\u00e9n es muy eficaz para tratar el asma y problemas cut\u00e1neos como el eccema y la psoriasis.<\/p>\n<p>Disfrute de los beneficios de este producto raro y poco conocido.<\/p>\n<p>&nbsp;<\/p>","protected":false},"featured_media":6001,"template":"","meta":[],"product_brand":[],"product_cat":[28,27],"product_tag":[],"class_list":{"0":"post-5978","1":"product","2":"type-product","3":"status-publish","4":"has-post-thumbnail","6":"product_cat-medecine-sante","7":"product_cat-bien-etre","9":"first","10":"instock","11":"featured","12":"shipping-taxable","13":"purchasable","14":"product-type-simple"},"_links":{"self":[{"href":"https:\/\/1001vertus.com\/es\/wp-json\/wp\/v2\/product\/5978","targetHints":{"allow":["GET"]}}],"collection":[{"href":"https:\/\/1001vertus.com\/es\/wp-json\/wp\/v2\/product"}],"about":[{"href":"https:\/\/1001vertus.com\/es\/wp-json\/wp\/v2\/types\/product"}],"wp:featuredmedia":[{"embeddable":true,"href":"https:\/\/1001vertus.com\/es\/wp-json\/wp\/v2\/media\/6001"}],"wp:attachment":[{"href":"https:\/\/1001vertus.com\/es\/wp-json\/wp\/v2\/media?parent=5978"}],"wp:term":[{"taxonomy":"product_brand","embeddable":true,"href":"https:\/\/1001vertus.com\/es\/wp-json\/wp\/v2\/product_brand?post=5978"},{"taxonomy":"product_cat","embeddable":true,"href":"https:\/\/1001vertus.com\/es\/wp-json\/wp\/v2\/product_cat?post=5978"},{"taxonomy":"product_tag","embeddable":true,"href":"https:\/\/1001vertus.com\/es\/wp-json\/wp\/v2\/product_tag?post=5978"}],"curies":[{"name":"wp","href":"https:\/\/api.w.org\/{rel}","templated":true}]}}