{"id":595,"date":"2018-06-29T10:51:33","date_gmt":"2018-06-29T09:51:33","guid":{"rendered":"https:\/\/1001vertus.com\/?post_type=product&#038;p=595"},"modified":"2026-05-05T21:22:34","modified_gmt":"2026-05-05T20:22:34","slug":"goma-arabiga-sudanesa","status":"publish","type":"product","link":"https:\/\/1001vertus.com\/es\/produit\/gomme-arabique-du-soudan\/","title":{"rendered":"Goma ar\u00e1biga de Sud\u00e1n"},"content":{"rendered":"<p>La goma ar\u00e1biga es un producto poco conocido que le ser\u00e1 muy \u00fatil, ya que contiene numerosos beneficios. Se trata de una savia solidificada, producida de forma natural o tras una incisi\u00f3n, en el tronco de los \u00e1rboles de la familia de las acacias. Comestible, se recolecta principalmente en el \u00c1frica sahariana (Magreb, Mal\u00ed, Senegal, Chad, Egipto, Sud\u00e1n, etc.). Es un hidrato de carbono natural en forma de mezcla de sales de potasio, magnesio y calcio.<\/p>\n<p>Existen m\u00e1s de 900 especies de acacia, por lo que hay varios tipos de goma ar\u00e1biga, pero tambi\u00e9n distintos niveles de calidad. Las m\u00e1s populares son las de Senegal y Sud\u00e1n.<\/p>\n<h2><strong>La goma ar\u00e1biga es muy \u00fatil para el tratamiento curativo o preventivo:<\/strong><\/h2>\n<ul>\n<li>enfermedad renal aguda y cr\u00f3nica,<\/li>\n<li>ayuda en el tratamiento de enfermedades tor\u00e1cicas y pulmonares (resfriados), <a href=\"https:\/\/1001vertus.com\/es\/product\/despagne-1001-virtudes-miel-de-tomillo\/\"><strong>tos<\/strong><\/a>...),<\/li>\n<li>hipertensi\u00f3n arterial,<\/li>\n<li>diabetes (reduce los niveles de az\u00facar en sangre),<\/li>\n<li>infecciones del aparato digestivo, la fibra diet\u00e9tica de la goma ar\u00e1biga es prebi\u00f3tica y se recomienda para reforzar la poblaci\u00f3n de bacterias intestinales buenas.<\/li>\n<li>osteoporosis (muy rica en calcio),<\/li>\n<li>regula los niveles de colesterol,<\/li>\n<li>ayuda a prevenir el c\u00e1ncer intestinal y de colon,<\/li>\n<li>s\u00edndrome del intestino irritable,<\/li>\n<li>excelente antibi\u00f3tico natural<\/li>\n<li><a href=\"https:\/\/www.la-perte-de-poids.com\/\" target=\"_blank\" rel=\"noopener\"><strong>ayuda a perder peso<\/strong><\/a>.<\/li>\n<\/ul>\n<h3><strong><u>C\u00f3mo utilizar nuestra goma ar\u00e1biga :<\/u><\/strong><\/h3>\n<p>Poner unos 20 g de este producto en un vaso de agua tibia y beber 1 \u00f3 2 veces al d\u00eda, preferiblemente por la ma\u00f1ana en ayunas.<\/p>\n<h3><u><strong>Ing<\/strong><\/u><u><strong>r<\/strong><\/u><u><strong>Ingredientes :<\/strong><\/u><\/h3>\n<ul>\n<li>Goma ar\u00e1biga<\/li>\n<\/ul>\n<p><u><strong>Origen :<\/strong><\/u>\u00a0Sud\u00e1n<\/p>\n<p><u><strong>Capacidad :<\/strong><\/u>Disponible en bolsas zip de 100 g o 250 g<\/p>\n<p>Almacenar en un lugar seco.<\/p>","protected":false},"excerpt":{"rendered":"<p>La goma ar\u00e1biga es una savia solidificada, producida de forma natural o tras una incisi\u00f3n, en el tronco de los \u00e1rboles de la familia de las acacias, recolectados principalmente en el \u00c1frica sahariana.<\/p>\n<p>Es muy \u00fatil como tratamiento curativo o preventivo de las enfermedades renales, tor\u00e1cicas y pulmonares (resfriados, tos, etc.), la hipertensi\u00f3n arterial, la diabetes y las infecciones del aparato digestivo.<\/p>","protected":false},"featured_media":1097,"template":"","meta":[],"product_brand":[],"product_cat":[28],"product_tag":[],"class_list":{"0":"post-595","1":"product","2":"type-product","3":"status-publish","4":"has-post-thumbnail","6":"product_cat-medecine-sante","8":"first","9":"instock","10":"shipping-taxable","11":"purchasable","12":"product-type-variable"},"_links":{"self":[{"href":"https:\/\/1001vertus.com\/es\/wp-json\/wp\/v2\/product\/595","targetHints":{"allow":["GET"]}}],"collection":[{"href":"https:\/\/1001vertus.com\/es\/wp-json\/wp\/v2\/product"}],"about":[{"href":"https:\/\/1001vertus.com\/es\/wp-json\/wp\/v2\/types\/product"}],"wp:featuredmedia":[{"embeddable":true,"href":"https:\/\/1001vertus.com\/es\/wp-json\/wp\/v2\/media\/1097"}],"wp:attachment":[{"href":"https:\/\/1001vertus.com\/es\/wp-json\/wp\/v2\/media?parent=595"}],"wp:term":[{"taxonomy":"product_brand","embeddable":true,"href":"https:\/\/1001vertus.com\/es\/wp-json\/wp\/v2\/product_brand?post=595"},{"taxonomy":"product_cat","embeddable":true,"href":"https:\/\/1001vertus.com\/es\/wp-json\/wp\/v2\/product_cat?post=595"},{"taxonomy":"product_tag","embeddable":true,"href":"https:\/\/1001vertus.com\/es\/wp-json\/wp\/v2\/product_tag?post=595"}],"curies":[{"name":"wp","href":"https:\/\/api.w.org\/{rel}","templated":true}]}}