{"id":5305,"date":"2021-11-21T12:50:24","date_gmt":"2021-11-21T11:50:24","guid":{"rendered":"https:\/\/1001vertus.com\/?post_type=product&#038;p=5305"},"modified":"2023-09-13T18:15:35","modified_gmt":"2023-09-13T17:15:35","slug":"aceite-de-costus-indio","status":"publish","type":"product","link":"https:\/\/1001vertus.com\/es\/produit\/huile-de-costus-indien\/","title":{"rendered":"Aceite de costus indio - 1001 VERTUS"},"content":{"rendered":"<p>El costus indio, en \u00e1rabe Qyst Al-Hindi, se parece a una ra\u00edz seca de color marr\u00f3n en su estado inicial, originaria de Asia y Oriente Pr\u00f3ximo.<br \/>\nEs una medicina natural muy utilizada en estas partes del mundo por sus numerosas propiedades terap\u00e9uticas. Se utiliza en la medicina tradicional china y ayurv\u00e9dica.<\/p>\n<p>El costus indio tambi\u00e9n goza de gran reputaci\u00f3n entre los musulmanes, ya que forma parte de la medicina prof\u00e9tica y aparece en varios relatos prof\u00e9ticos.<\/p>\n<p>Disponible en forma de aceite, ahora puede utilizarlo m\u00e1s f\u00e1cilmente para masajes, aplicarlo localmente o internamente.<\/p>\n<h2>Origen del costus indio :<\/h2>\n<p>Utilizado en la India y Oriente Pr\u00f3ximo desde hace mucho tiempo, este remedio \u00fanico proporciona un alivio rapid\u00edsimo de los dolores de cabeza.<br \/>\nEn regiones donde los dispensarios est\u00e1n a veces a horas de camino a pie, el costus indio puede utilizarse para tratar una amplia gama de dolencias: dificultades respiratorias, am\u00edgdalas inflamadas, problemas dentales, etc.<\/p>\n<p>&nbsp;<\/p>\n<h2>Beneficios del aceite de costus indio :<\/h2>\n<p>Los beneficios del aceite de costus indio son tan numerosos como en su forma original:<\/p>\n<ul>\n<li>Facilita la digesti\u00f3n limpiando el tracto digestivo.<\/li>\n<li>Refuerza el sistema inmunitario.<\/li>\n<li>Elimina bacterias, infecciones y g\u00e9rmenes nocivos.<\/li>\n<li>Ayuda a tratar problemas respiratorios como el asma, la bronquitis y la tos cr\u00f3nica.<\/li>\n<li>Alivia los dolores articulares y musculares.<\/li>\n<li>Alivia los calambres musculares.<\/li>\n<li>Trata problemas de la piel: eczema, psoriasis, etc.<\/li>\n<li>Elimina la pel\u00edcula.<\/li>\n<li>Trata las enfermedades bucodentales.<\/li>\n<li>Frena el envejecimiento celular eliminando los radicales libres. Frena la aparici\u00f3n de arrugas y manchas de la edad.<\/li>\n<li>Ayuda a eliminar bacterias e infecciones en heridas abiertas.<\/li>\n<li>Se utiliza para tratar \u00falceras graves.<\/li>\n<\/ul>\n<p>&nbsp;<\/p>\n<h2>Modo de empleo :<\/h2>\n<p>El aceite de costus indio puede utilizarse por v\u00eda oral y t\u00f3pica.<\/p>\n<p><u>V\u00eda oral :<\/u> Una cucharadita por la ma\u00f1ana en ayunas y otra por la noche antes de acostarse.<\/p>\n<p>Puedes diluir el aceite en zumo de frutas o mezclarlo con miel para reducir su sabor fuerte.<\/p>\n<p><u>Aplicaci\u00f3n local :<\/u> Vierta unas gotas de aceite en la palma de la mano y masajee suavemente la zona afectada.<\/p>\n<p>&nbsp;<\/p>\n<p>Tambi\u00e9n puede encontrar costus indios en nuestro sitio web en forma de <a href=\"https:\/\/1001vertus.com\/es\/product\/costus-indio-en-polvo\/\">polvo<\/a> o <a href=\"https:\/\/1001vertus.com\/es\/product\/gelules-bio-de-costus-indien\/\">c\u00e1psulas<\/a>, para facilitar la absorci\u00f3n.<\/p>\n<p>&nbsp;<\/p>\n<h2>Precauciones de uso :<\/h2>\n<p>No recomendamos este producto a mujeres embarazadas o en per\u00edodo de lactancia, ni a ni\u00f1os muy peque\u00f1os (menores de 3 a\u00f1os).<\/p>\n<p>La aplicaci\u00f3n cut\u00e1nea requiere una prueba de alergia previa, en el pliegue del codo, por ejemplo.<\/p>\n<p>Conservar en lugar fresco, seco y protegido de la luz.<\/p>\n<p>&nbsp;<\/p>\n<p>Este aceite de costus es un macerado oleoso natural 100% elaborado a partir de aceite de oliva virgen extra marroqu\u00ed. Nuestro aceite de costus es de calidad alimentaria y cosm\u00e9tica.<\/p>\n<p><u>Ingredientes INCI :<\/u> Aceite del fruto de Olea europaea, Saussurea costus<\/p>\n<p><u>Capacidad :<\/u> 50 ml<\/p>\n<p><u>Origen :<\/u> Marruecos<\/p>\n<p>&nbsp;<\/p>","protected":false},"excerpt":{"rendered":"<p>Descubra todas las virtudes del costus indio, este antiguo remedio, en forma de aceite.<\/p>\n<p>Este macerado oleoso de uso cosm\u00e9tico y alimentario es ideal para masajear zonas doloridas, para aplicaciones locales (piel y cuero cabelludo) o para uso interno.<\/p>","protected":false},"featured_media":5819,"template":"","meta":[],"product_brand":[],"product_cat":[15,27,28,96],"product_tag":[],"class_list":{"0":"post-5305","1":"product","2":"type-product","3":"status-publish","4":"has-post-thumbnail","6":"product_cat-huiles-bio","7":"product_cat-bien-etre","8":"product_cat-medecine-sante","9":"product_cat-roqya-chariya","11":"first","12":"instock","13":"shipping-taxable","14":"purchasable","15":"product-type-simple"},"_links":{"self":[{"href":"https:\/\/1001vertus.com\/es\/wp-json\/wp\/v2\/product\/5305","targetHints":{"allow":["GET"]}}],"collection":[{"href":"https:\/\/1001vertus.com\/es\/wp-json\/wp\/v2\/product"}],"about":[{"href":"https:\/\/1001vertus.com\/es\/wp-json\/wp\/v2\/types\/product"}],"wp:featuredmedia":[{"embeddable":true,"href":"https:\/\/1001vertus.com\/es\/wp-json\/wp\/v2\/media\/5819"}],"wp:attachment":[{"href":"https:\/\/1001vertus.com\/es\/wp-json\/wp\/v2\/media?parent=5305"}],"wp:term":[{"taxonomy":"product_brand","embeddable":true,"href":"https:\/\/1001vertus.com\/es\/wp-json\/wp\/v2\/product_brand?post=5305"},{"taxonomy":"product_cat","embeddable":true,"href":"https:\/\/1001vertus.com\/es\/wp-json\/wp\/v2\/product_cat?post=5305"},{"taxonomy":"product_tag","embeddable":true,"href":"https:\/\/1001vertus.com\/es\/wp-json\/wp\/v2\/product_tag?post=5305"}],"curies":[{"name":"wp","href":"https:\/\/api.w.org\/{rel}","templated":true}]}}