{"id":5223,"date":"2021-11-06T11:36:11","date_gmt":"2021-11-06T10:36:11","guid":{"rendered":"https:\/\/1001vertus.com\/?post_type=product&#038;p=5223"},"modified":"2026-04-28T05:11:56","modified_gmt":"2026-04-28T04:11:56","slug":"tarro-de-7-1001-virtudes","status":"publish","type":"product","link":"https:\/\/1001vertus.com\/es\/produit\/pot-de-7-guerisons-1001-vertus\/","title":{"rendered":"Kanz shifae 7 curas - 1001 VERTUS"},"content":{"rendered":"<p>Le pot 7 gu\u00e9risons est un produit phare 100% naturel, ses bienfaits et son efficacit\u00e9 ayant \u00e9t\u00e9 vant\u00e9 et d\u00e9montr\u00e9 depuis de nombreuses ann\u00e9es.<\/p>\n<p>R\u00e9put\u00e9 mondialement, le pot de \u00ab\u00a07 gu\u00e9risons\u00a0\u00bb ou \u00ab\u00a07 ashfiya\u00a0\u00bb renferme 7 ingr\u00e9dients r\u00e9put\u00e9s pour leurs tr\u00e8s nombreuses vertus et issus de la m\u00e9d\u00e9cine proph\u00e9tique musulmane. Sa composition a fait l\u2019objet de nombreuses recherches r\u00e9alis\u00e9es dans la ville de M\u00e9dine, par un centre de recherche saoudien afin d\u2019obtenir un m\u00e9lange savamment dos\u00e9. Le but \u00e9tant de maximiser les bienfaits de chaque ingr\u00e9dient mais aussi de permettre une action cibl\u00e9e sur plusieurs points, de fa\u00e7on \u00e0 optimiser son efficacit\u00e9.<\/p>\n<h2><strong>Quels sont les ingr\u00e9dients du pot de 7 gu\u00e9risons ?<\/strong><\/h2>\n<ul>\n<li><strong>Miel<\/strong><\/li>\n<\/ul>\n<p>Produit 100% naturel et issu de la ruche des abeilles, ses bienfaits sont extr\u00eamement nombreux. Il agit sur la peau, sur le syst\u00e8me immunitaire, la digestion, la toux et les maux de gorge, il soulage les brulures et aide \u00e0 la cicatrisation\u2026<br \/>\nConcernant le pot de 7 gu\u00e9risons, ce n\u2019est autre que le miel de jujubier (sidr) qui a \u00e9t\u00e9 s\u00e9lectionn\u00e9 et lorsque l\u2019on connait ses immenses vertus, on comprend pourquoi.<\/p>\n<ul>\n<li>La vari\u00e9t\u00e9 de <strong>datte \u00ab\u00a0Ajwa\u00a0\u00bb<\/strong><\/li>\n<\/ul>\n<p>La datte Ajwa ne pousse qu\u2019\u00e0 M\u00e9dine et est reconnue au travers du monde entier pour ses bienfaits uniques. Elle booste les performances physiques, est anti-inflammatoire, calme la constipation et soulage les probl\u00e8mes digestifs\u2026<\/p>\n<ul>\n<li><strong>Semilla de comino negro<\/strong><\/li>\n<\/ul>\n<p>On ne cesse de d\u00e9nombrer les bienfaits de la nigelle. Un de ces bienfaits le plus important est de booster le syst\u00e8me immunitaire.<\/p>\n<ul>\n<li><strong>El costus indio<\/strong><\/li>\n<\/ul>\n<p>Le costus indien est beaucoup utilis\u00e9 en Asie et au Moyen-Orient pour ses bienfaits sur la fertilit\u00e9, le d\u00e9r\u00e8glement menstruel, les troubles gastiques\u2026<\/p>\n<ul>\n<li><strong>Les feuille de s\u00e9n\u00e9<\/strong><\/li>\n<\/ul>\n<p>Les feuilles de s\u00e9n\u00e9 sont surtout utilis\u00e9es pour leurs bienfaits sur le syst\u00e8me digestif, pour lutter contre la fi\u00e8vre ou calmer la toux\u2026<\/p>\n<ul>\n<li><strong>Hinojo<\/strong><\/li>\n<\/ul>\n<p>Le fenouil est \u00ab\u00a0un rem\u00e8de de grand-m\u00e8re\u00a0\u00bb bien connu pour traiter efficacement les probl\u00e8mes de digestions et am\u00e9liorer le transit intestinal. Il permet \u00e9galement de renforcer le syst\u00e8me immunitaire ou d\u2019emp\u00eacher la prolif\u00e9ration des cellules canc\u00e9reuses.<\/p>\n<ul>\n<li><strong>L\u2019eau de Zamzam<\/strong><\/li>\n<\/ul>\n<p><a href=\"https:\/\/1001vertus.com\/es\/product\/agua-de-zamzam\/\"><strong>L\u2019eau de zamzam<\/strong><\/a> est issue d\u2019une source d\u2019eau miraculeuse \u00e0 la Mecque et occupe une place importante pour les musulmans pour qui elle rassasie celui qui la boit, gu\u00e9rit de nombreuses maladies et est une cause d\u2019exaucement pour celui qui invoque et la boit.<\/p>\n<p>De nombreux cas cliniques font \u00e9tat de l\u2019am\u00e9lioration de l\u2019\u00e9tat de sant\u00e9 de nombreuses personnes \u00e0 travers le monde. De plus, des gu\u00e9risons de certaines maladies ont m\u00eame \u00e9t\u00e9 constat\u00e9es.<\/p>\n<p>Cependant, contrairement \u00e0 certaines rumeurs, le pot des 7 gu\u00e9risons n\u2019est pas un produit miracle pouvant tout soigner. Son action agira sur certains maux bien pr\u00e9cis.<\/p>\n<h2><strong>Bienfaits du pot de 7 gu\u00e9risons\u00a0:<\/strong><\/h2>\n<p>Le pot \u00ab 7 gu\u00e9risons \u00bb est un super aliment pouvant \u00eatre consid\u00e9r\u00e9 comme un compl\u00e9ment alimentaire de tr\u00e8s grande qualit\u00e9.<\/p>\n<p>Il traite de nombreuses maladies ne pouvant pas, ou tr\u00e8s difficilement, \u00eatre trait\u00e9es par la m\u00e9decine moderne.<\/p>\n<p>Les \u00e9l\u00e9ments ci-dessous sont tir\u00e9s des \u00e9crits du centre de recherche saoudien. Il s\u2019agit donc d\u2019\u00e9l\u00e9ments concrets ayant \u00e9t\u00e9 prouv\u00e9s.<\/p>\n<ul>\n<li>Il agit de mani\u00e8re pr\u00e9ventive et curative contre le cancer<\/li>\n<li>Es excelente para el h\u00edgado y puede utilizarse para tratar ciertas enfermedades hep\u00e1ticas graves.<br \/>\nr\u00e9activer son fonctionnement.<\/li>\n<li>Conseill\u00e9 aux personnes souffrants de constipation et agit comme un laxatif, mais il peut aussi agir sur la diarrh\u00e9e<\/li>\n<li>Il est aussi conseill\u00e9 aux personnes faisant de l\u2019an\u00e9mie car il constitue une bonne source de fer<\/li>\n<li>Il apaise les indigestions, d\u00e9truit les vers ainsi que les parasites pr\u00e9sents dans les intestins<\/li>\n<li>Il est efficace contre les maux de l\u2019hiver, notamment contre la toux et le rhume<\/li>\n<li>Il aide \u00e0 soigner la gastro-ent\u00e9rite virale, aussi appel\u00e9e grippe intestinale<\/li>\n<li>Il agit sur les maladies du c\u00f4lon<\/li>\n<li>Trata las hernias discales<\/li>\n<li>Trata ciertas enfermedades de la piel como el vit\u00edligo<\/li>\n<li>Traite les douleurs de certains nerfs, comme celui des nerfs faciaux et du cinqui\u00e8me nerf cr\u00e2nien (Nerf trijumeau).<\/li>\n<li>Traite les maladies abdominales chroniques et inopin\u00e9es.<\/li>\n<li>Alivia los dolores articulares, como el reumatismo agudo.<\/li>\n<\/ul>\n<h3><strong>Posolog\u00eda :<\/strong><\/h3>\n<p>Il existe deux types d\u2019utilisation\u00a0: en interne et en externe.<br \/>\nQuel que soit le mode de consommation, il est imp\u00e9ratif de bien m\u00e9langez le produit avant de le consommer.<\/p>\n<p>En interne\u00a0: Prenez une cuill\u00e8re le matin, de pr\u00e9f\u00e9rence \u00e0 jeun, et une le soir. A consommer au moins 30 minutes avant le repas.<\/p>\n<p>En externe\u00a0(pour soulager les douleurs) :\u00a0Massez d\u00e9licatement et circulairement la zone concern\u00e9e.<\/p>\n<p><u>Capacidad :<\/u> 300g<\/p>\n<p><u>Origen :<\/u> Arabia Saud\u00ed<\/p>\n<p>A conserver \u00e0 temp\u00e9rature ambiante et \u00e0 l\u2019abri de l\u2019humidit\u00e9.<\/p>\n<p><strong>Tenga en cuenta lo siguiente:<\/strong> l&rsquo;utilisation de ce produit est interdit pour les femmes enceintes, celles qui allaitent et pour les enfants de moins de 3 ans. Pour les enfants ayant entre 3 et douze ans, ne leur administrer qu&rsquo;une demi cuill\u00e8re par jour.<\/p>","protected":false},"excerpt":{"rendered":"<p>Le\u00a0c\u00e9l\u00e8bre pot de \u00ab\u00a07 Gu\u00e9risons\u00a0\u00bb ou \u00ab\u00a07 ashfiah\u00a0\u00bb est un produit <strong>100% naturel compos\u00e9 de 7 ingr\u00e9dients tous b\u00e9n\u00e9fiques<\/strong> : le miel, les dattes \u00ab Ajwa \u00bb, la graine de nigelle, le costus indien, les feuille de s\u00e9n\u00e9, le fenouil et l\u2019eau de Zamzam.<\/p>","protected":false},"featured_media":8398,"template":"","meta":[],"product_brand":[],"product_cat":[28,53,25,26,89,96],"product_tag":[],"class_list":{"0":"post-5223","1":"product","2":"type-product","3":"status-publish","4":"has-post-thumbnail","6":"product_cat-medecine-sante","7":"product_cat-complements-alimentaires","8":"product_cat-miels","9":"product_cat-nigelle","10":"product_cat-promo-produits-naturels","11":"product_cat-roqya-chariya","13":"first","14":"instock","15":"sale","16":"shipping-taxable","17":"purchasable","18":"product-type-simple"},"_links":{"self":[{"href":"https:\/\/1001vertus.com\/es\/wp-json\/wp\/v2\/product\/5223","targetHints":{"allow":["GET"]}}],"collection":[{"href":"https:\/\/1001vertus.com\/es\/wp-json\/wp\/v2\/product"}],"about":[{"href":"https:\/\/1001vertus.com\/es\/wp-json\/wp\/v2\/types\/product"}],"wp:featuredmedia":[{"embeddable":true,"href":"https:\/\/1001vertus.com\/es\/wp-json\/wp\/v2\/media\/8398"}],"wp:attachment":[{"href":"https:\/\/1001vertus.com\/es\/wp-json\/wp\/v2\/media?parent=5223"}],"wp:term":[{"taxonomy":"product_brand","embeddable":true,"href":"https:\/\/1001vertus.com\/es\/wp-json\/wp\/v2\/product_brand?post=5223"},{"taxonomy":"product_cat","embeddable":true,"href":"https:\/\/1001vertus.com\/es\/wp-json\/wp\/v2\/product_cat?post=5223"},{"taxonomy":"product_tag","embeddable":true,"href":"https:\/\/1001vertus.com\/es\/wp-json\/wp\/v2\/product_tag?post=5223"}],"curies":[{"name":"wp","href":"https:\/\/api.w.org\/{rel}","templated":true}]}}