{"id":5175,"date":"2021-10-24T14:28:39","date_gmt":"2021-10-24T13:28:39","guid":{"rendered":"https:\/\/1001vertus.com\/?post_type=product&#038;p=5175"},"modified":"2023-12-18T13:37:52","modified_gmt":"2023-12-18T12:37:52","slug":"physio-source-hierba-de-san-juan-bio-gelulas","status":"publish","type":"product","link":"https:\/\/1001vertus.com\/es\/produit\/gelules-de-millepertuis-bio-physio-source\/","title":{"rendered":"Hierba de San Juan ecol\u00f3gica en c\u00e1psulas - Physio Source"},"content":{"rendered":"<p>Tradicionalmente, la hierba de San Juan se ha utilizado por v\u00eda t\u00f3pica para aliviar quemaduras superficiales, irritaciones y llagas de la piel y picaduras de insectos.<\/p>\n<p>Tomados por v\u00eda oral, los productos a base de hierba de San Juan est\u00e1n concebidos para tratar estados transitorios de depresi\u00f3n.<\/p>\n<p>El efecto de la hierba de San Juan sobre los s\u00edntomas depresivos ha sido confirmado por m\u00e1s de treinta estudios controlados con placebo en los que participaron m\u00e1s de 4.000 pacientes. Los resultados de estos estudios demostraron que los extractos de hierba de San Juan eran tan eficaces como la medicaci\u00f3n contra la depresi\u00f3n (antidepresivos sint\u00e9ticos convencionales) en estados depresivos de leves a moderados. Por otra parte, la hierba de San Juan no parece ser suficientemente eficaz para el alivio a largo plazo de la depresi\u00f3n moderada a grave. En estos estudios, la duraci\u00f3n del tratamiento fue de cuatro a ocho semanas. Se trataba de episodios depresivos temporales, no de depresiones duraderas.<\/p>\n<p>Los resultados de estos estudios cl\u00ednicos fueron suficientemente convincentes para que las autoridades sanitarias de varios pa\u00edses (OMS, Comisi\u00f3n E, ESCOP, NIH), entre ellos Francia, acordaran reconocer los productos a base de hip\u00e9rico como medicamentos para el tratamiento de la depresi\u00f3n transitoria de leve a moderada. La hierba de San Juan es la \u00fanica planta reconocida para esta indicaci\u00f3n.<\/p>\n<p>&nbsp;<\/p>\n<h2>Virtudes de la hierba de San Juan (para uso interno) :<\/h2>\n<ul>\n<li>Tratamiento de trastornos psicosom\u00e1ticos, depresi\u00f3n, depresi\u00f3n estacional, ansiedad y agitaci\u00f3n nerviosa; ;<\/li>\n<li>Tambi\u00e9n mejora la calidad del sue\u00f1o y ayuda a combatir el insomnio;<\/li>\n<li>Ayuda a reducir el estr\u00e9s;<\/li>\n<li>Puede utilizarse para aliviar el trastorno obsesivo-compulsivo;<\/li>\n<li>Reduce los s\u00edntomas asociados a la menopausia y al s\u00edndrome premenstrual, como los sofocos y las palpitaciones.<\/li>\n<\/ul>\n<p>Para el tratamiento del bajo estado de \u00e1nimo o la depresi\u00f3n leve, se necesitan entre dos y cuatro semanas de tratamiento para que se noten los efectos de la hierba de San Juan.<\/p>\n<p>&nbsp;<\/p>\n<h3>Precauciones y contraindicaciones :<\/h3>\n<p>La Organizaci\u00f3n Mundial de la Salud (OMS) desaconseja su uso a las mujeres embarazadas y en periodo de lactancia.<br \/>\nLos receptores de trasplantes no deben consumirla en ninguna de sus formas.<br \/>\nLa hierba de San Juan no est\u00e1 recomendada para ni\u00f1os menores de 6 a\u00f1os, y la dosis debe ser ajustada y aprobada por un m\u00e9dico para ni\u00f1os de 6 a 12 a\u00f1os.<br \/>\nLas personas que padecen trastorno bipolar no deben tomar Hierba de San Juan.<br \/>\nLa planta tambi\u00e9n puede causar alergias y es fotosensibilizante. Por lo tanto, debe evitar la exposici\u00f3n al sol (o a los rayos UV de las cabinas de bronceado) si la ha ingerido o se la ha aplicado sobre la piel.<br \/>\nLos pacientes con pensamientos suicidas deben evitar tomar Hierba de San Juan.<br \/>\nEvite tomar Hierba de San Juan antes de una operaci\u00f3n (riesgo de reducir los efectos de la anestesia).<\/p>\n<p>Los principios activos de la planta, cuando se toman por v\u00eda oral, pueden interactuar con varios medicamentos. Alrededor de 70 sustancias o familias de sustancias interact\u00faan con la hierba de San Juan.<\/p>\n<p>\u00c9stos son los principales:<br \/>\n- Antidepresivos ;<br \/>\n- Medicamentos para trastornos cardiovasculares ;<br \/>\n- P\u00edldoras anticonceptivas ;<br \/>\n- Triptanos (medicamentos para la migra\u00f1a); ;<br \/>\n- Anticoagulantes ;<br \/>\n- Ciertos antiinflamatorios ;<\/p>\n<p>La hierba de San Juan tambi\u00e9n interact\u00faa con ciertas plantas: ginkgo, pasiflora, valeriana, etc.<\/p>\n<p>Se aplica una regla: si est\u00e1 tomando medicamentos, plantas o complementos alimenticios, consulte siempre a su m\u00e9dico o farmac\u00e9utico antes de tomar cualquier producto que contenga Hierba de San Juan.<\/p>\n<p>&nbsp;<\/p>\n<p><u>Capacidad :<\/u> 90 c\u00e1psulas que contienen 215 mg<\/p>\n<p><u>Ingredientes:<\/u> Hierba de San Juan ecol\u00f3gica (Hypericum perforatum) sumidad florida: 215 mg<br \/>\nC\u00e1psula de origen vegetal.<\/p>\n<p><u>Posolog\u00eda :<\/u> 3 c\u00e1psulas al d\u00eda<\/p>\n<p>&nbsp;<\/p>\n<p><em>Consumir como parte de una dieta equilibrada y variada, No superar la dosis diaria indicada, Mantener fuera del alcance de los ni\u00f1os, Conservar al abrigo del calor.<\/em><\/p>\n<p>&nbsp;<\/p>","protected":false},"excerpt":{"rendered":"<p>Tradicionalmente utilizada por v\u00eda t\u00f3pica para tratar quemaduras superficiales, la hierba de San Juan es ahora m\u00e1s conocida por su uso en el tratamiento de estados depresivos transitorios de leves a moderados. Este uso ha sido confirmado por numerosos estudios cl\u00ednicos.<\/p>\n<p>La hierba de San Juan contribuye al equilibrio emocional. Favorece una relajaci\u00f3n \u00f3ptima y ayuda a mantener un estado de \u00e1nimo positivo y un sue\u00f1o saludable.<\/p>","protected":false},"featured_media":5167,"template":"","meta":[],"product_brand":[],"product_cat":[53,27,28],"product_tag":[],"class_list":{"0":"post-5175","1":"product","2":"type-product","3":"status-publish","4":"has-post-thumbnail","6":"product_cat-complements-alimentaires","7":"product_cat-bien-etre","8":"product_cat-medecine-sante","10":"first","11":"outofstock","12":"shipping-taxable","13":"purchasable","14":"product-type-simple"},"_links":{"self":[{"href":"https:\/\/1001vertus.com\/es\/wp-json\/wp\/v2\/product\/5175","targetHints":{"allow":["GET"]}}],"collection":[{"href":"https:\/\/1001vertus.com\/es\/wp-json\/wp\/v2\/product"}],"about":[{"href":"https:\/\/1001vertus.com\/es\/wp-json\/wp\/v2\/types\/product"}],"wp:featuredmedia":[{"embeddable":true,"href":"https:\/\/1001vertus.com\/es\/wp-json\/wp\/v2\/media\/5167"}],"wp:attachment":[{"href":"https:\/\/1001vertus.com\/es\/wp-json\/wp\/v2\/media?parent=5175"}],"wp:term":[{"taxonomy":"product_brand","embeddable":true,"href":"https:\/\/1001vertus.com\/es\/wp-json\/wp\/v2\/product_brand?post=5175"},{"taxonomy":"product_cat","embeddable":true,"href":"https:\/\/1001vertus.com\/es\/wp-json\/wp\/v2\/product_cat?post=5175"},{"taxonomy":"product_tag","embeddable":true,"href":"https:\/\/1001vertus.com\/es\/wp-json\/wp\/v2\/product_tag?post=5175"}],"curies":[{"name":"wp","href":"https:\/\/api.w.org\/{rel}","templated":true}]}}