{"id":5174,"date":"2021-10-24T14:16:29","date_gmt":"2021-10-24T13:16:29","guid":{"rendered":"https:\/\/1001vertus.com\/?post_type=product&#038;p=5174"},"modified":"2023-11-12T17:48:51","modified_gmt":"2023-11-12T16:48:51","slug":"ginkgo-biloba-bio-gelules-physio-source","status":"publish","type":"product","link":"https:\/\/1001vertus.com\/es\/produit\/gelules-de-ginkgo-biloba-bio-physio-source\/","title":{"rendered":"Ginkgo Biloba bio c\u00e1psulas - Physio Source"},"content":{"rendered":"<p>Apodado el \u00ab\u00e1rbol de la juventud\u00bb o el \u00ab\u00e1rbol f\u00f3sil\u00bb, este majestuoso \u00e1rbol es la especie m\u00e1s antigua de la Tierra y se cree que es anterior a la aparici\u00f3n de los dinosaurios.<br \/>\nEste inmenso \u00e1rbol, que puede alcanzar los 40 metros de altura, puede vivir m\u00e1s de 1.000 a\u00f1os y es excepcionalmente resistente. Ha sobrevivido a varias glaciaciones y, mucho m\u00e1s recientemente, fue la primera planta que volvi\u00f3 a crecer en la isla de Hiroshima tras el bombardeo at\u00f3mico. Una longevidad y una resistencia excepcionales de las que se derivan virtudes.<\/p>\n<h2>\nEl Ginkgo biloba a trav\u00e9s de los tiempos :<\/h2>\n<p>Los primeros usos medicinales del ginkgo se remontan a China, al a\u00f1o 2600 a.C., y se mencionan en el tratado m\u00e9dico Chen Noung Pen T'sao. En \u00e9l se explica que, en aquella \u00e9poca, era la almendra del fruto del \u00e1rbol lo que se utilizaba como medicamento para tratar problemas respiratorios y asma.<\/p>\n<p>En 1730, el ginkgo se plant\u00f3 en Europa y luego en el continente americano, donde fue apreciado inicialmente por sus cualidades ornamentales y su resistencia. No fue hasta la d\u00e9cada de 1950 cuando investigadores alemanes estudiaron la eficacia medicinal del extracto estandarizado de hojas de ginkgo (en lugar de los n\u00facleos) para reducir el deterioro cognitivo de las personas mayores. En Europa, se considera que el extracto estandarizado de ginkgo es al menos tan eficaz como los f\u00e1rmacos convencionales para retrasar la progresi\u00f3n de la enfermedad de Alzheimer y aliviar otros trastornos asociados al deterioro cognitivo.<\/p>\n<p>En Alemania, el extracto de ginkgo biloba (EGb 761) es uno de los medicamentos m\u00e1s recetados. Se utiliza sobre todo para tratar la insuficiencia circulatoria cerebral, enfermedad que incluye los siguientes s\u00edntomas: problemas de memoria y concentraci\u00f3n, confusi\u00f3n, depresi\u00f3n, ansiedad, mareos, ac\u00fafenos y dolores de cabeza.<\/p>\n<p>En la actualidad, el \u00e1rbol se cultiva en todo el mundo para satisfacer las necesidades de la industria de extractos medicinales. Existen grandes plantaciones comerciales de ginkgo en el oeste de Francia, Carolina del Sur (EE.UU.), Jap\u00f3n, Corea y China.<\/p>\n<p>&nbsp;<\/p>\n<h2>\nBeneficios y virtudes :<\/h2>\n<p>La eficacia de sus hojas est\u00e1 reconocida como cl\u00ednicamente probada por la Organizaci\u00f3n Mundial de la Salud. El uso tradicional del ginkgo tambi\u00e9n est\u00e1 reconocido por la Cooperaci\u00f3n Cient\u00edfica Europea sobre Fitoterapia (ESCOP). Es una de las plantas medicinales que figuran en la Farmacopea Francesa.<\/p>\n<p>&nbsp;<\/p>\n<p>El ginkgo biloba tiene muchos beneficios:<\/p>\n<ul>\n<li>El ginkgo biloba es un agente neuroprotector que act\u00faa sobre el cerebro. Sus hojas se utilizan para tratar s\u00edntomas de demencia senil y estados de debilidad como p\u00e9rdida de memoria, depresi\u00f3n, problemas de concentraci\u00f3n y alerta, ac\u00fafenos y dolores de cabeza.<\/li>\n<\/ul>\n<p>&nbsp;<\/p>\n<ul>\n<li>Veinot\u00f3nico, act\u00faa sobre el sistema vascular y alivia la flebitis superficial gracias a su acci\u00f3n anticoagulante, las hemorroides, las varices, la enfermedad de Raynaud y la claudicaci\u00f3n intermitente.<\/li>\n<\/ul>\n<p>Alivia el v\u00e9rtigo y reduce los trastornos vestibulares.<br \/>\nLa OMS reconoce el uso del ginkgo \u00abpara aliviar el v\u00e9rtigo y los ac\u00fafenos de origen circulatorio\u00bb.<\/p>\n<ul>\n<li>Previene las enfermedades cardiovasculares.<\/li>\n<\/ul>\n<p>Los flavonoides antioxidantes contenidos en grandes cantidades en el extracto de ginkgo son a la vez vasodilatadores y antiagregantes plaquetarios. Por tanto, contribuyen a ampliar el di\u00e1metro de los vasos sangu\u00edneos y a prevenir la formaci\u00f3n de placas de ateroma.<br \/>\n<a href=\"https:\/\/pubmed.ncbi.nlm.nih.gov\/17704974\/\" target=\"_blank\" rel=\"noopener\">Un estudio alem\u00e1n de 2007<\/a> demuestra que el extracto de ginkgo es eficaz para reducir las placas ateroscler\u00f3ticas, a las que se atribuye la aparici\u00f3n de muchas enfermedades cardiovasculares.<\/p>\n<ul>\n<li>Es eficaz contra las hemorroides.<\/li>\n<\/ul>\n<p>&nbsp;<\/p>\n<ul>\n<li>Mejora el rendimiento f\u00edsico y la resistencia.<\/li>\n<\/ul>\n<p>&nbsp;<\/p>\n<ul>\n<li>Tiene propiedades curativas.<\/li>\n<\/ul>\n<p>&nbsp;<\/p>\n<h2>El ginkgo y la lucha contra la demencia senil, el deterioro cognitivo y la enfermedad de Alzheimer en fase inicial :<\/h2>\n<p>Un gran n\u00famero de estudios cl\u00ednicos han examinado el efecto del ginkgo sobre el deterioro cognitivo, vinculado o no a la enfermedad de Alzheimer.<\/p>\n<p><a href=\"https:\/\/pubmed.ncbi.nlm.nih.gov\/10755847\/\" target=\"_blank\" rel=\"noopener\">Un primer estudio suizo del a\u00f1o 2000<\/a>, El estudio Ginkgo ha demostrado la eficacia del ginkgo en personas con enfermedad de Alzheimer en fase inicial.<\/p>\n<p>Dos a\u00f1os despu\u00e9s, <a href=\"https:\/\/pubmed.ncbi.nlm.nih.gov\/12519586\/\" target=\"_blank\" rel=\"noopener\">un segundo estudio<\/a> est\u00e1 examinando el efecto del ginkgo en el tratamiento de la demencia y los trastornos cognitivos. Los resultados son alentadores, pero la metodolog\u00eda es insuficiente para confirmar la eficacia del ginkgo.<\/p>\n<p>En 2010,<a href=\"https:\/\/pubmed.ncbi.nlm.nih.gov\/20236541\/\" target=\"_blank\" rel=\"noopener\"> un metaan\u00e1lisis alem\u00e1n<\/a> re\u00fane todos los estudios publicados anteriormente, as\u00ed como varios nuevos. Demuestra que el ginkgo tiene un efecto significativo sobre la funci\u00f3n cognitiva, en todas las demencias.<\/p>\n<p><a href=\"https:\/\/pubmed.ncbi.nlm.nih.gov\/22459264\/\" target=\"_blank\" rel=\"noopener\">Un reciente estudio alem\u00e1n realizado en 2012<\/a> examin\u00f3 los efectos del ginkgo en pacientes con demencia moderada (enfermedad de Alzheimer o demencia vascular) asociada a s\u00edntomas neuropsiqui\u00e1tricos. Concluy\u00f3 que \u00abel tratamiento con EGb 761 a una dosis diaria de 240 mg fue seguro y produjo mejoras significativas y cl\u00ednicamente relevantes en la cognici\u00f3n, la psicopatolog\u00eda, las medidas funcionales y la calidad de vida de los pacientes\u00bb.<\/p>\n<p>&nbsp;<\/p>\n<h3>Contraindicaciones:<\/h3>\n<p>Debido a su acci\u00f3n anticoagulante, el gingko est\u00e1 contraindicado durante el embarazo y para las personas con hemofilia.<br \/>\nEl ginkgo puede interactuar con ciertos anticoagulantes (warfarina, aspirina, etc.). Las personas que toman estos medicamentos deben consultar previamente a su m\u00e9dico.<br \/>\nEn caso de intervenci\u00f3n quir\u00fargica, se recomienda interrumpir el tratamiento al menos 48 horas antes.<\/p>\n<p>&nbsp;<\/p>\n<p><u>Capacidad :<\/u> 90 c\u00e1psulas vegetales que contienen 180 mg<\/p>\n<p>&nbsp;<\/p>\n<p><u>Ingredientes:<\/u> Hojas de Ginkgo Biloba ecol\u00f3gicas: 180 mg<\/p>\n<p>C\u00e1psula de origen vegetal.<\/p>\n<p>&nbsp;<\/p>\n<p><u>Modo de empleo :<\/u> Tomar de 3 a 4 c\u00e1psulas al d\u00eda<\/p>\n<p>&nbsp;<\/p>\n<p><em>Este complemento alimenticio no es un medicamento, sino un suplemento nutricional que debe tomarse como parte de una dieta variada. No superar la dosis diaria indicada. Mantener fuera del alcance de los ni\u00f1os peque\u00f1os.<\/em><\/p>","protected":false},"excerpt":{"rendered":"<p>Este \u00e1rbol milenario, de excepcional resistencia, ofrece numerosos beneficios. Es m\u00e1s conocido por su efecto sobre la memoria y la concentraci\u00f3n, y sus efectos sobre la enfermedad de Alzheimer.<\/p>\n<p>Ayuda a mantener el bienestar mental y la memoria a medida que envejecemos y a preservar las funciones cognitivas<\/p>","protected":false},"featured_media":5166,"template":"","meta":[],"product_brand":[],"product_cat":[108],"product_tag":[],"class_list":{"0":"post-5174","1":"product","2":"type-product","3":"status-publish","4":"has-post-thumbnail","6":"product_cat-rupture-de-stock","8":"first","9":"outofstock","10":"shipping-taxable","11":"purchasable","12":"product-type-simple"},"_links":{"self":[{"href":"https:\/\/1001vertus.com\/es\/wp-json\/wp\/v2\/product\/5174","targetHints":{"allow":["GET"]}}],"collection":[{"href":"https:\/\/1001vertus.com\/es\/wp-json\/wp\/v2\/product"}],"about":[{"href":"https:\/\/1001vertus.com\/es\/wp-json\/wp\/v2\/types\/product"}],"wp:featuredmedia":[{"embeddable":true,"href":"https:\/\/1001vertus.com\/es\/wp-json\/wp\/v2\/media\/5166"}],"wp:attachment":[{"href":"https:\/\/1001vertus.com\/es\/wp-json\/wp\/v2\/media?parent=5174"}],"wp:term":[{"taxonomy":"product_brand","embeddable":true,"href":"https:\/\/1001vertus.com\/es\/wp-json\/wp\/v2\/product_brand?post=5174"},{"taxonomy":"product_cat","embeddable":true,"href":"https:\/\/1001vertus.com\/es\/wp-json\/wp\/v2\/product_cat?post=5174"},{"taxonomy":"product_tag","embeddable":true,"href":"https:\/\/1001vertus.com\/es\/wp-json\/wp\/v2\/product_tag?post=5174"}],"curies":[{"name":"wp","href":"https:\/\/api.w.org\/{rel}","templated":true}]}}