{"id":5082,"date":"2021-09-29T20:16:46","date_gmt":"2021-09-29T19:16:46","guid":{"rendered":"https:\/\/1001vertus.com\/?post_type=product&#038;p=5082"},"modified":"2026-04-11T13:29:22","modified_gmt":"2026-04-11T12:29:22","slug":"doranger-miel-de-marruecos-1001-virtudes","status":"publish","type":"product","link":"https:\/\/1001vertus.com\/es\/produit\/miel-doranger-du-maroc-1001-vertus\/","title":{"rendered":"Miel de naranjo de Marruecos - 1001 VERTUS"},"content":{"rendered":"<p>La miel de naranjo es una miel monofloral elaborada por abejas que han recolectado las flores del naranjo.<br \/>\nSe distingue de otras mieles por su color dorado claro y su textura l\u00edquida.<br \/>\nEn boca, esta miel es muy dulce y afrutada, lo que la convierte en una de las mieles m\u00e1s populares entre los ni\u00f1os.<\/p>\n<p>&nbsp;<\/p>\n<h2>Los beneficios de la miel de azahar<\/h2>\n<p>Como la mayor\u00eda de los productos de la colmena (miel, polen, jalea real, prop\u00f3leo, etc.), la miel de naranjo contiene muchas vitaminas (C, B2, B3, B5, B6, B9 y K1) y minerales (calcio, f\u00f3sforo, magnesio, potasio, sodio, hierro, cobre, zinc, manganeso y selenio).<br \/>\nRica en fructosa y glucosa, es un perfecto sustituto natural del az\u00facar.<\/p>\n<p>Pero tambi\u00e9n tiene otras virtudes:<\/p>\n<ul>\n<li>Facilita la digesti\u00f3n y es un excelente regulador intestinal. Antiespasm\u00f3dico natural, no irrita las mucosas del est\u00f3mago.<\/li>\n<li>Tiene un efecto calmante y tranquilizante. La miel de naranjo es eficaz para calmar las migra\u00f1as, el insomnio, las palpitaciones, la ansiedad y el estr\u00e9s.<\/li>\n<li>Excelente sedante nervioso natural, es ideal para calmar la tensi\u00f3n y el nerviosismo que se puede sentir por la noche a la hora de acostarse. Se recomienda su consumo a las personas nerviosas.<\/li>\n<li>Para dormir pl\u00e1cidamente, prep\u00e1rate una infusi\u00f3n de manzanilla y a\u00f1\u00e1dele una cucharadita de miel de azahar.<\/li>\n<li>Antis\u00e9ptico: Ayuda a prevenir la proliferaci\u00f3n de bacterias<\/li>\n<li>Antiespasm\u00f3dico: Previene los espasmos y dolores menstruales.<\/li>\n<li>Previene los resfriados: una cucharadita en un vaso de leche ayuda a combatir la tos, prevenir los resfriados y aliviar los dolores de garganta.<\/li>\n<li>Trata heridas y quemaduras: gracias a sus propiedades antimicrobianas y antis\u00e9pticas, puede utilizarse directamente sobre heridas y quemaduras para favorecer la cicatrizaci\u00f3n.<\/li>\n<\/ul>\n<h2><\/h2>\n<h2>Miel de naranjo: perfecta para cocinar<\/h2>\n<p>La textura l\u00edquida de la miel de naranjo hace que combine perfectamente con sus peque\u00f1os platos y delicias dulces.<br \/>\nEs ideal para endulzar el t\u00e9, el caf\u00e9 o incluso el yogur. Una cucharadita es m\u00e1s que suficiente.<br \/>\nSu textura y sabor tambi\u00e9n lo hacen muy agradable en tostadas o tortitas.<br \/>\nPero tambi\u00e9n es especialmente adecuado para cocinar, y combina igual de bien con platos dulces y salados.<\/p>\n<p><strong>He aqu\u00ed algunas ideas para utilizar esta miel:\u00a0<\/strong><br \/>\n- Sobre tostadas calientes de queso de cabra, pizza de queso de cabra o Camembert al horno.<br \/>\n- En la carne, especialmente pechuga de pato o pollo.<br \/>\n- En una macedonia de fruta fresca, puede sustituir f\u00e1cilmente al az\u00facar.<br \/>\n- En la reposter\u00eda oriental, sustituye al az\u00facar y combina de maravilla con almendras, azahar, frutos secos...<br \/>\n- O prepare su propio amlou casero, la t\u00edpica pasta para untar marroqu\u00ed a base de miel, almendras y aceite de arg\u00e1n. O si no se atreve a prepararlo, d\u00e9jese tentar por nuestro <a href=\"https:\/\/1001vertus.com\/es\/product\/almendra-amlou\/\">amlou<\/a>\u00a1Es excelente!<\/p>\n<p><u>Origen :<\/u> Marruecos<\/p>","protected":false},"excerpt":{"rendered":"<p>La miel de naranjo es de color dorado, muy l\u00edquida y de sabor dulce, lo que la convierte en un perfecto sustituto natural del az\u00facar. Es ideal para endulzar tostadas, tortitas, caf\u00e9, infusiones y cocinar, ya sea salado o dulce.<\/p>\n<p>La miel de naranjo est\u00e1 especialmente recomendada para personas estresadas, nerviosas o con problemas para dormir, ya que tiene un efecto calmante y tranquilizador.<\/p>","protected":false},"featured_media":5081,"template":"","meta":[],"product_brand":[],"product_cat":[25,29,28,68],"product_tag":[],"class_list":{"0":"post-5082","1":"product","2":"type-product","3":"status-publish","4":"has-post-thumbnail","6":"product_cat-miels","7":"product_cat-alimentation","8":"product_cat-medecine-sante","9":"product_cat-miel-maroc","11":"first","12":"instock","13":"shipping-taxable","14":"purchasable","15":"product-type-simple"},"_links":{"self":[{"href":"https:\/\/1001vertus.com\/es\/wp-json\/wp\/v2\/product\/5082","targetHints":{"allow":["GET"]}}],"collection":[{"href":"https:\/\/1001vertus.com\/es\/wp-json\/wp\/v2\/product"}],"about":[{"href":"https:\/\/1001vertus.com\/es\/wp-json\/wp\/v2\/types\/product"}],"wp:featuredmedia":[{"embeddable":true,"href":"https:\/\/1001vertus.com\/es\/wp-json\/wp\/v2\/media\/5081"}],"wp:attachment":[{"href":"https:\/\/1001vertus.com\/es\/wp-json\/wp\/v2\/media?parent=5082"}],"wp:term":[{"taxonomy":"product_brand","embeddable":true,"href":"https:\/\/1001vertus.com\/es\/wp-json\/wp\/v2\/product_brand?post=5082"},{"taxonomy":"product_cat","embeddable":true,"href":"https:\/\/1001vertus.com\/es\/wp-json\/wp\/v2\/product_cat?post=5082"},{"taxonomy":"product_tag","embeddable":true,"href":"https:\/\/1001vertus.com\/es\/wp-json\/wp\/v2\/product_tag?post=5082"}],"curies":[{"name":"wp","href":"https:\/\/api.w.org\/{rel}","templated":true}]}}