{"id":4951,"date":"2021-08-29T14:36:45","date_gmt":"2021-08-29T13:36:45","guid":{"rendered":"https:\/\/1001vertus.com\/?post_type=product&#038;p=4951"},"modified":"2026-04-26T18:36:52","modified_gmt":"2026-04-26T17:36:52","slug":"hojas-de-azufaifo-sidr-en-polvo","status":"publish","type":"product","link":"https:\/\/1001vertus.com\/es\/produit\/feuilles-de-jujubier-sidr-en-poudre\/","title":{"rendered":"Hojas de azufaifo (sidr) en polvo"},"content":{"rendered":"<p>El azufaifo en polvo se obtiene de las hojas de azufaifo. Las hojas se recolectan a mano, se secan al aire y se muelen hasta obtener un polvo.<\/p>\n<p>A las abejas les encantan las flores, que producen una miel fabulosa.<\/p>\n<p>Los chinos tambi\u00e9n la utilizan para aliviar el estr\u00e9s y revitalizar el cuerpo.<\/p>\n<p>&nbsp;<\/p>\n<h2>Composici\u00f3n del polvo de hoja de azufaifo :<\/h2>\n<ul>\n<li>Sapon\u00f3sidos<\/li>\n<li>Flavonoides<\/li>\n<li>Gluc\u00f3sidos triterp\u00e9nicos<\/li>\n<li>Muc\u00edlago<\/li>\n<\/ul>\n<p>El polvo de azufaifo tiene muchas virtudes y usos: para el cabello, la piel, a nivel interno, en cosm\u00e9tica, etc. Los musulmanes tambi\u00e9n lo utilizan para lavar a sus muertos o para combatir la brujer\u00eda.<\/p>\n<p>&nbsp;<\/p>\n<h2>\u00bfCu\u00e1les son los beneficios de las hojas de azufaifo?<\/h2>\n<h3>Azufaifo y cabello :<\/h3>\n<p>Mezclado con agua tibia y bien emulsionado, es un maravilloso polvo limpiador suave para el cabello, ideal para cueros cabelludos sensibles propensos a la caspa. Tambi\u00e9n es ideal para el cabello seco y quebradizo, ya que aporta flexibilidad, brillo y suavidad.<\/p>\n<ul>\n<li>El azufaifo lava el cabello de forma natural.<\/li>\n<li>Se utiliza para lavar y embellecer el cabello.<\/li>\n<li>Astringente y purificante, ayuda a aliviar el picor ligado a los trastornos del cuero cabelludo y combate la caspa.<\/li>\n<li>Reduce la ca\u00edda del cabello.<\/li>\n<li>Sirve para lavar los cabellos te\u00f1idos sin que sangren, al tiempo que fija el color. El azufaifo, primo del shikakai, tiene la ventaja de evitar el sangrado de los cabellos te\u00f1idos con mezclas que contienen \u00edndigo y katam.<\/li>\n<\/ul>\n<p>&nbsp;<\/p>\n<h3>Uso externo :<\/h3>\n<p>Utilizado como cataplasma, ayuda a combatir trastornos cut\u00e1neos como la psoriasis, el eczema, la caspa y el acn\u00e9.<\/p>\n<p>Haga una mezcla de agua caliente y azufaifo y apl\u00edquela en la cara durante 5-10 minutos.<\/p>\n<p>&nbsp;<\/p>\n<h3>Uso interno :<\/h3>\n<p>Es un buen antioxidante y puede tratar la diarrea.<\/p>\n<h3><\/h3>\n<h3>Uso en cosm\u00e9tica:<\/h3>\n<ul>\n<li>El polvo de azufaifo es adecuado para todo tipo de pieles y cabellos, y muy recomendable para pieles normales y sensibles.<\/li>\n<li>Puede incorporarse a sus productos de cuidado de la piel, mascarillas corporales y capilares.<\/li>\n<li>Es muy recomendable para tratar problemas del cuero cabelludo.<\/li>\n<li>Es un jab\u00f3n natural. Basta con poner una cucharada en un cubo y a\u00f1adir agua, y tendr\u00e1s un l\u00edquido espumoso.<\/li>\n<\/ul>\n<p>&nbsp;<\/p>\n<p class=\"Textbody\"><u>Peso :<\/u> 100g<\/p>\n<p class=\"Textbody\"><u>Fuente :<\/u> Marruecos<\/p>","protected":false},"excerpt":{"rendered":"<p>Las hojas de azufaifo se utilizan desde hace siglos, sobre todo en la medicina tradicional ayurv\u00e9dica y musulmana.<\/p>\n<p>Tiene muchas virtudes y usos: para el cabello, para la piel, a nivel interno, en cosm\u00e9tica, etc. Los musulmanes tambi\u00e9n lo utilizan para lavar a sus muertos o para combatir la brujer\u00eda.<\/p>","protected":false},"featured_media":4971,"template":"","meta":[],"product_brand":[],"product_cat":[28,27,96],"product_tag":[],"class_list":{"0":"post-4951","1":"product","2":"type-product","3":"status-publish","4":"has-post-thumbnail","6":"product_cat-medecine-sante","7":"product_cat-bien-etre","8":"product_cat-roqya-chariya","10":"first","11":"instock","12":"shipping-taxable","13":"purchasable","14":"product-type-simple"},"_links":{"self":[{"href":"https:\/\/1001vertus.com\/es\/wp-json\/wp\/v2\/product\/4951","targetHints":{"allow":["GET"]}}],"collection":[{"href":"https:\/\/1001vertus.com\/es\/wp-json\/wp\/v2\/product"}],"about":[{"href":"https:\/\/1001vertus.com\/es\/wp-json\/wp\/v2\/types\/product"}],"wp:featuredmedia":[{"embeddable":true,"href":"https:\/\/1001vertus.com\/es\/wp-json\/wp\/v2\/media\/4971"}],"wp:attachment":[{"href":"https:\/\/1001vertus.com\/es\/wp-json\/wp\/v2\/media?parent=4951"}],"wp:term":[{"taxonomy":"product_brand","embeddable":true,"href":"https:\/\/1001vertus.com\/es\/wp-json\/wp\/v2\/product_brand?post=4951"},{"taxonomy":"product_cat","embeddable":true,"href":"https:\/\/1001vertus.com\/es\/wp-json\/wp\/v2\/product_cat?post=4951"},{"taxonomy":"product_tag","embeddable":true,"href":"https:\/\/1001vertus.com\/es\/wp-json\/wp\/v2\/product_tag?post=4951"}],"curies":[{"name":"wp","href":"https:\/\/api.w.org\/{rel}","templated":true}]}}