{"id":4950,"date":"2021-08-29T14:33:32","date_gmt":"2021-08-29T13:33:32","guid":{"rendered":"https:\/\/1001vertus.com\/?post_type=product&#038;p=4950"},"modified":"2026-04-05T10:01:49","modified_gmt":"2026-04-05T09:01:49","slug":"sana-maki-hojas-secas-de-sen","status":"publish","type":"product","link":"https:\/\/1001vertus.com\/es\/produit\/feuilles-de-sene-sechees-sana-maki\/","title":{"rendered":"Hojas de sen secas (sana maki) 100 g"},"content":{"rendered":"<p>El sen es un arbusto de la familia de las cesalpini\u00e1ceas. Las hojas y las vainas se utilizan en fitoterapia para combatir el estre\u00f1imiento. Tambi\u00e9n se utilizan para purificar el tubo digestivo y la flora intestinal. \u00a1No tardes en descubrir las hojas de sen en 1001 vertus!<\/p>\n<h2><strong>Senna a trav\u00e9s de los tiempos :<\/strong><\/h2>\n<p>Esta planta es originaria de las zonas des\u00e9rticas de la pen\u00ednsula ar\u00e1biga (Yemen) y \u00c1frica (Somalia). Su uso se remonta al antiguo Egipto, donde los m\u00e9dicos egipcios la utilizaban para la limpieza anal de los intestinos.<\/p>\n<p>En el siglo XIII, el m\u00e9dico griego Actuarius mencion\u00f3 por primera vez el sen como laxante en una de sus obras.<\/p>\n<p>Pero fueron los \u00e1rabes quienes realmente popularizaron este remedio natural, entre otras cosas porque era un remedio prof\u00e9tico. Le dieron el nombre de \u00absana\u00bb, que m\u00e1s tarde dio lugar al nombre franc\u00e9s s\u00e9n\u00e9.<br \/>\nLos mercaderes \u00e1rabes trajeron la planta en sus caravanas y la difundieron por toda Europa. La planta se introdujo en las farmacopeas europeas y se hizo muy popular como purgante y astringente en el siglo XVIII, sobre todo entre los marineros, ya que se utilizaba como remedio en la farmacopea mar\u00edtima occidental de la \u00e9poca.<\/p>\n<p>Hoy en d\u00eda, los beneficios del sen son reconocidos por las m\u00e1s altas autoridades m\u00e9dicas.<\/p>\n<h2><strong>Sana makki: Para beneficios reconocidos por las autoridades m\u00e9dicas:<\/strong><\/h2>\n<p><strong>Organizaci\u00f3n Mundial de la Salud<\/strong> (OMS) considera las hojas de sen como \u00abun tratamiento ocasional del estre\u00f1imiento\u00bb. La OMS tambi\u00e9n recomienda el sen como tratamiento para la fiebre. la tos, la gonorrea y las hemorroides, pero sin ninguna prueba cient\u00edfica real.<\/p>\n<p><strong>Agencia Europea de Medicamentos<\/strong>\u00a0La Agencia Europea del Medicamento (EMA) considera que el uso de las hojas y el fruto del sen est\u00e1 \u00abbien establecido\u00bb para \u00abtratar el estre\u00f1imiento ocasional\u00ab, pero s\u00f3lo en adultos y ni\u00f1os mayores de doce a\u00f1os.<\/p>\n<p><strong>Comisi\u00f3n E del Ministerio de Sanidad alem\u00e1n y ESCOP<\/strong>\u00a0(Cooperativa Cient\u00edfica Europea de Fitoterapia) tambi\u00e9n recomienda el mismo uso del sen, durante un periodo corto.<\/p>\n<h2><strong>La hoja de sen en la medicina prof\u00e9tica musulmana :<\/strong><\/h2>\n<p>El sen se utiliza en la medicina tradicional musulmana (Sunna) para purgar el organismo, pero tambi\u00e9n se emplea con los siguientes fines <a href=\"https:\/\/www.huiles-de-nigelle.com\/collection\/roqya\/\" target=\"_blank\" rel=\"noopener\"><strong>como parte de Roqya chariya<\/strong><\/a>, que podr\u00eda traducirse como exorcismo, aunque Roqya trata m\u00e1s bien de curar los males del cuerpo y del alma.<br \/>\nEste remedio se utiliza para la brujer\u00eda (sihr), que se bebe o ingiere para librarse de ella gracias a su potente efecto purgante.<\/p>\n<h2><strong>\u00bfCu\u00e1les son los beneficios de las hojas de sen?<\/strong><\/h2>\n<p>Las hojas de sen se utilizan principalmente por sus efectos laxantes y purgantes sobre los intestinos, pero tambi\u00e9n tienen otras virtudes:<\/p>\n<h2><strong>Acci\u00f3n sobre el aparato digestivo y el tr\u00e1nsito: <\/strong><\/h2>\n<p>Al estimular el tr\u00e1nsito intestinal, el sen combate eficazmente el estre\u00f1imiento pasajero y los problemas digestivos. Act\u00faa como purgante intestinal.<\/p>\n<p>Esta acci\u00f3n es beneficiosa en casos de hemorroides. Las heces blandas son m\u00e1s f\u00e1ciles de defecar que las duras, que pueden ser dolorosas. Este efecto se utiliza a veces para limpiar los intestinos, en particular el colon. Antes de ciertos ex\u00e1menes m\u00e9dicos endosc\u00f3picos (endoscopias y colonoscopias) para un examen eficaz. Algunas personas afirman que tiene propiedades adelgazantes, pero al tratarse de un producto \u00fanico, no tiene ning\u00fan efecto adelgazante real.<\/p>\n<p><strong>Acci\u00f3n sobre el h\u00edgado : <\/strong>En la medicina ayurv\u00e9dica (medicina tradicional india), el sen se utiliza para combatir trastornos hep\u00e1ticos como la anemia, las enfermedades hep\u00e1ticas, la ictericia y la fiebre tifoidea.<\/p>\n<p><strong>Uso en cosm\u00e9tica : <\/strong>La infusi\u00f3n\/t\u00e9 de sen se utiliza como enjuague o como cataplasma sobre el cabello para nutrirlo y darle brillo. Se le atribuye una acci\u00f3n anticaspa muy eficaz.<\/p>\n<h2><strong>\u00bfC\u00f3mo deben utilizarse las hojas de sen?<\/strong><\/h2>\n<p>La dosis recomendada es de 1 a 2 g de hojas secas. En general, se aconseja tomar una infusi\u00f3n al d\u00eda, normalmente por la noche antes de acostarse, para que no moleste su efecto purgante durante el d\u00eda.<\/p>\n<h3><strong>\u00bfC\u00f3mo preparar una infusi\u00f3n de hojas de sen?<\/strong><\/h3>\n<p>Calentar el agua sin que llegue a hervir, dejar en infusi\u00f3n 1 \u00f3 2 cucharaditas de hojas secas de sen (no m\u00e1s de 2 g) en el agua caliente durante 10 minutos y filtrar.<\/p>\n<p><strong>Uso externo : <\/strong>Haz una infusi\u00f3n y utiliza el t\u00e9 como enjuague capilar. Alternativamente, empapa un pa\u00f1o limpio en la decocci\u00f3n y apl\u00edcalo como cataplasma sobre el cabello. <a href=\"https:\/\/1001vertus.com\/es\/product\/kardoune-argelino\/\"><strong>pelo<\/strong><\/a>.<\/p>\n<h2><strong>Precauciones de uso de la hoja de sen :<\/strong><\/h2>\n<p>El estre\u00f1imiento puede ocultar una afecci\u00f3n m\u00e1s grave, as\u00ed que consulte siempre a un m\u00e9dico antes de utilizar una planta medicinal.<br \/>\nEl tratamiento con sen siempre debe ser breve y directo, nunca superior a 8 d\u00edas, ya que la planta puede irritar los intestinos. Si no se observa ning\u00fan efecto al cabo de 4 d\u00edas, consulte inmediatamente a un m\u00e9dico o farmac\u00e9utico.<\/p>\n<h3><strong>Contraindicaciones:<\/strong><\/h3>\n<p>El uso de la hoja de sen est\u00e1 contraindicado en personas que padezcan inflamaci\u00f3n intestinal (enfermedad de Crohn, rectocolitis hemorr\u00e1gica, etc.). Obstrucci\u00f3n intestinal, estre\u00f1imiento cr\u00f3nico y todos los problemas intestinales en general, en cualquier caso sin autorizaci\u00f3n m\u00e9dica. El sen no est\u00e1 recomendado para mujeres embarazadas o en per\u00edodo de lactancia. En ni\u00f1os menores de 12 a\u00f1os y en personas con problemas card\u00edacos.<\/p>\n<h3><strong>Efectos secundarios de la hoja de sen (sana makki)<\/strong><\/h3>\n<p>Si se toma en sobredosis, durante demasiado tiempo o con demasiada regularidad, el sen puede causar irritaci\u00f3n intestinal, dolor abdominal o diarrea grave. La diarrea grave puede provocar deficiencia de potasio, lo que puede causar problemas en el ritmo cardiaco.<\/p>\n<h3><strong>Interacciones con medicamentos y plantas medicinales :<\/strong><\/h3>\n<p>El sen no debe tomarse junto con medicamentos. Tampoco debe tomarse con una planta o complemento alimenticio con propiedades laxantes. La hoja de sen no debe combinarse con ning\u00fan tratamiento para enfermedades cardiacas o insuficiencia renal. Esto incluye digit\u00e1licos, diur\u00e9ticos y corticoides.<\/p>\n<p><u>Peso :<\/u>\u00a0100g<\/p>\n<p><u>Fuente :<\/u>\u00a0India<\/p>","protected":false},"excerpt":{"rendered":"<p class=\"Standard\">Utilizado desde la \u00e9poca de los faraones, popularizado despu\u00e9s por los \u00e1rabes en el marco de su medicina prof\u00e9tica, el sen es reconocido actualmente por las principales autoridades m\u00e9dicas, como la OMS, como \u00abun tratamiento ocasional del estre\u00f1imiento\u00bb.<\/p>\n<p class=\"Standard\">Consumidas en infusi\u00f3n, las hojas se utilizan en fitoterapia para combatir el estre\u00f1imiento y depurar el tubo digestivo y la flora intestinal.<\/p>","protected":false},"featured_media":4972,"template":"","meta":[],"product_brand":[],"product_cat":[54,28,96],"product_tag":[],"class_list":{"0":"post-4950","1":"product","2":"type-product","3":"status-publish","4":"has-post-thumbnail","6":"product_cat-tisane","7":"product_cat-medecine-sante","8":"product_cat-roqya-chariya","10":"first","11":"instock","12":"shipping-taxable","13":"purchasable","14":"product-type-simple"},"_links":{"self":[{"href":"https:\/\/1001vertus.com\/es\/wp-json\/wp\/v2\/product\/4950","targetHints":{"allow":["GET"]}}],"collection":[{"href":"https:\/\/1001vertus.com\/es\/wp-json\/wp\/v2\/product"}],"about":[{"href":"https:\/\/1001vertus.com\/es\/wp-json\/wp\/v2\/types\/product"}],"wp:featuredmedia":[{"embeddable":true,"href":"https:\/\/1001vertus.com\/es\/wp-json\/wp\/v2\/media\/4972"}],"wp:attachment":[{"href":"https:\/\/1001vertus.com\/es\/wp-json\/wp\/v2\/media?parent=4950"}],"wp:term":[{"taxonomy":"product_brand","embeddable":true,"href":"https:\/\/1001vertus.com\/es\/wp-json\/wp\/v2\/product_brand?post=4950"},{"taxonomy":"product_cat","embeddable":true,"href":"https:\/\/1001vertus.com\/es\/wp-json\/wp\/v2\/product_cat?post=4950"},{"taxonomy":"product_tag","embeddable":true,"href":"https:\/\/1001vertus.com\/es\/wp-json\/wp\/v2\/product_tag?post=4950"}],"curies":[{"name":"wp","href":"https:\/\/api.w.org\/{rel}","templated":true}]}}