{"id":4359,"date":"2021-04-02T17:09:20","date_gmt":"2021-04-02T16:09:20","guid":{"rendered":"https:\/\/1001vertus.com\/?post_type=product&#038;p=4359"},"modified":"2025-12-23T23:03:14","modified_gmt":"2025-12-23T22:03:14","slug":"1001-capsulas-de-guarana-bio","status":"publish","type":"product","link":"https:\/\/1001vertus.com\/es\/produit\/gelules-de-guarana-bio-1001-vertus\/","title":{"rendered":"C\u00e1psulas de guaran\u00e1 ecol\u00f3gico - 1001 Vertus"},"content":{"rendered":"<h2><u>Qu\u2019est-ce que le guarana\u00a0?<\/u><\/h2>\n<p>Le guarana est un arbuste provenant d\u2019Am\u00e9rique du Sud, principalement du Br\u00e9sil, dans la for\u00eat amazonienne. Le climat tropical est id\u00e9al pour la culture du fruit, qui est r\u00e9colt\u00e9 et utilis\u00e9 dans le monde entier. Son fruit est de couleur rouge et contient des graines qui sont r\u00e9duites en poudre afin de les utiliser comme additifs alimentaires ou bien dans les compl\u00e9ments alimentaires. Ces graines contiennent diff\u00e9rents actifs tel que des alcalo\u00efdes, des polyph\u00e9nols, des vitamines et min\u00e9raux, mais aussi de la caf\u00e9ine. C\u2019est pour cela que l\u2019on attribue souvent des vertus stimulantes au guarana, \u00e9tudes scientifiques \u00e0 l\u2019appui.<\/p>\n<p>D\u2019ailleurs, la principale substance active du guarana est la caf\u00e9ine. Les graines de Guarana contiennent de 3 \u00e0 5% de caf\u00e9ine, ce qui en fait la mati\u00e8re v\u00e9g\u00e9tale la plus riche en caf\u00e9ine actuellement connue.<\/p>\n<p>&nbsp;<\/p>\n<h2><u>Le guarana \u00e0 travers le temps :<br \/>\n<\/u><\/h2>\n<p>Ce sont les Indiens d&rsquo;Am\u00e9rique de la branche Tupi-Guarani qui ont d\u00e9couvert, il y a fort longtemps, les propri\u00e9t\u00e9s du guarana. Ses graines \u00e9taient d\u00e9j\u00e0 utilis\u00e9es en phytoth\u00e9rapie, \u00e0 l&rsquo;\u00e9poque pr\u00e9colombienne (soit plus de 2 000 ans av. J.-C.), pour lutter contre la fatigue et contr\u00f4ler l&rsquo;app\u00e9tit, lors des p\u00e9riodes de disette ou de longues exp\u00e9ditions en for\u00eat.<\/p>\n<p>Ils le consid\u00e9raient comme une plante sacr\u00e9e, et le consommaient pour ses propri\u00e9t\u00e9s stimulantes et \u00e9nergisantes sur le corps et l\u2019esprit. Mais aussi pour ses nombreuses autres vertus\u00a0: anti-inflammatoire, anti-oxydante, aide \u00e0 combattre la fi\u00e8vre, \u00e0 soulager les n\u00e9vralgies et les maux de t\u00eate, les crampes, les diarrh\u00e9es, les r\u00e8gles douloureuses, etc.<br \/>\nSa forte teneur en caf\u00e9ine naturelle agissant comme anti fatigue leur apportait bien \u00eatre et vitalit\u00e9..<br \/>\nLe guarana sera rapport\u00e9 en Europe au 18\u00e8me si\u00e8cle. Consomm\u00e9 en boisson, il sera utilis\u00e9 comme stimulant et diur\u00e9tique.<\/p>\n<p>&nbsp;<\/p>\n<h2><strong><u>Virtudes :<\/u><\/strong><\/h2>\n<p>El guaran\u00e1 es conocido por <strong>am\u00e9liorer l\u2019attention et combattre la fatigue<\/strong>. En effet, tonifiant physique et mental, il stimule les capacit\u00e9s cognitives comme la concentration et la m\u00e9moire. C\u2019est donc une plante int\u00e9ressante en cas de fatigue, notamment li\u00e9e au surmenage personnel ou professionnel.<\/p>\n<p>En plus de cette action, le guarana est \u00e9galement <strong>un bon alli\u00e9 minceur<\/strong>. Sa composition permet de vous aider au mieux \u00e0 contr\u00f4ler votre poids, en agissant sur le m\u00e9tabolisme des graisses. Les lipides sont alors plus facilement transform\u00e9s, ce qui permet d\u2019\u00e9viter les exc\u00e8s et les accumulations trop importantes dans les tissus humains. Nos g\u00e9lules de guarana Bio sont id\u00e9ales pour aider \u00e0 combattre l\u2019exc\u00e8s de poids.<\/p>\n<p>Mais le guarana a bien d\u2019autres vertus. Voici les principales\u00a0:<\/p>\n<ul>\n<li>Perte de poids favoris\u00e9e,<\/li>\n<li>Propri\u00e9t\u00e9s \u00e9nergisantes,<\/li>\n<li>reduce el estr\u00e9s<\/li>\n<li>facilita la digesti\u00f3n en caso de hinchaz\u00f3n,<\/li>\n<li>ayuda a combatir los problemas intestinales, la diarrea y la tensi\u00f3n baja,<\/li>\n<li>reduce el dolor muscular,<\/li>\n<li>combate las migra\u00f1as,<\/li>\n<li>ayuda a desintoxicar la sangre,<\/li>\n<li>Trata el reumatismo, la dispepsia y la arteriosclerosis,<\/li>\n<li>estimula el sistema inmunitario (analg\u00e9sico, antigripal).<\/li>\n<\/ul>\n<p>&nbsp;<\/p>\n<p>&nbsp;<\/p>\n<h4><strong>Modo de empleo :<\/strong><\/h4>\n<p>Tomar 4 c\u00e1psulas al d\u00eda, repartidas a lo largo del d\u00eda, evitando las dosis vespertinas.<\/p>\n<p>Se recomienda un curso de 1 mes, que se repetir\u00e1 si es necesario.<\/p>\n<p>&nbsp;<\/p>\n<h4><strong>Pr\u00e9cautions particuli\u00e8res pour l&rsquo;utilisation de g\u00e9lules de guarana :<\/strong><\/h4>\n<p>Contient de la caf\u00e9ine : d\u00e9conseill\u00e9 aux enfants et aux femmes enceintes ou allaitantes.<\/p>\n<p>Doit \u00eatre consomm\u00e9 avec mod\u00e9ration. Ne pas d\u00e9passer les doses indiqu\u00e9es. Un surdosage peut engendrer nervosit\u00e9, insomnie et palpitations cardiaques.<\/p>\n<p>A conserver dans un endroit frais et sec et \u00e0 l\u2019abri de la lumi\u00e8re et de la chaleur.<\/p>\n<p>&nbsp;<\/p>\n<p><strong><u>Ingredientes:<\/u><\/strong> graines de guarana BIO, g\u00e9lule d&rsquo;origine v\u00e9g\u00e9tale (HPMC).<\/p>\n<p>Ingr\u00e9dients d\u2019origine agricole issus de l\u2019Agriculture Biologique.<\/p>\n<p>Fabriqu\u00e9 en France. Garantie sans OGM et sans gluten<\/p>\n<p>&nbsp;<\/p>\n<p>Concentration en caf\u00e9ine\u00a0: 11,2 mg par g\u00e9lule (250mg) \/ 44.8mg pour 4 g\u00e9lules (1000mg)<\/p>","protected":false},"excerpt":{"rendered":"<p>Consomm\u00e9 depuis des si\u00e8cles par les peuples d\u2019Amazonie, le guarana \u00e9tait principalement utilis\u00e9 comme coupe-faim et \u00e9nergisant, ce qui leur permettait de partir pour de longues journ\u00e9es de chasse sans ressentir la moindre faim.<\/p>\n<p>Aujourd\u2019hui, le guarana est connu pour aider \u00e0 combattre les exc\u00e8s de poids, dans le cadre d\u2019un programme minceur, par sa contribution sur le m\u00e9tabolisme des graisses.<\/p>\n<p>Il est \u00e9galement r\u00e9put\u00e9 pour lutter contre la fatigue physique et mentale gr\u00e2ce \u00e0 ses propri\u00e9t\u00e9s stimulantes et tonifiantes.<\/p>","protected":false},"featured_media":4369,"template":"","meta":[],"product_brand":[],"product_cat":[53,27,28],"product_tag":[],"class_list":{"0":"post-4359","1":"product","2":"type-product","3":"status-publish","4":"has-post-thumbnail","6":"product_cat-complements-alimentaires","7":"product_cat-bien-etre","8":"product_cat-medecine-sante","10":"first","11":"instock","12":"shipping-taxable","13":"purchasable","14":"product-type-simple"},"_links":{"self":[{"href":"https:\/\/1001vertus.com\/es\/wp-json\/wp\/v2\/product\/4359","targetHints":{"allow":["GET"]}}],"collection":[{"href":"https:\/\/1001vertus.com\/es\/wp-json\/wp\/v2\/product"}],"about":[{"href":"https:\/\/1001vertus.com\/es\/wp-json\/wp\/v2\/types\/product"}],"wp:featuredmedia":[{"embeddable":true,"href":"https:\/\/1001vertus.com\/es\/wp-json\/wp\/v2\/media\/4369"}],"wp:attachment":[{"href":"https:\/\/1001vertus.com\/es\/wp-json\/wp\/v2\/media?parent=4359"}],"wp:term":[{"taxonomy":"product_brand","embeddable":true,"href":"https:\/\/1001vertus.com\/es\/wp-json\/wp\/v2\/product_brand?post=4359"},{"taxonomy":"product_cat","embeddable":true,"href":"https:\/\/1001vertus.com\/es\/wp-json\/wp\/v2\/product_cat?post=4359"},{"taxonomy":"product_tag","embeddable":true,"href":"https:\/\/1001vertus.com\/es\/wp-json\/wp\/v2\/product_tag?post=4359"}],"curies":[{"name":"wp","href":"https:\/\/api.w.org\/{rel}","templated":true}]}}