{"id":43377,"date":"2025-11-10T11:10:46","date_gmt":"2025-11-10T10:10:46","guid":{"rendered":"https:\/\/1001vertus.com\/?post_type=product&#038;p=43377"},"modified":"2026-03-16T01:14:14","modified_gmt":"2026-03-16T00:14:14","slug":"jabon-artesanal-con-petalos-de-rosa","status":"publish","type":"product","link":"https:\/\/1001vertus.com\/es\/produit\/savon-artisanal-aux-petales-de-roses\/","title":{"rendered":"Jab\u00f3n de p\u00e9talos de rosa (aprox. 100 a 120 g) - Tanja Tijara"},"content":{"rendered":"<p>Le&nbsp;<strong>jab\u00f3n artesanal con p\u00e9talos de rosa<\/strong> ha conquistado el mundo del cuidado natural de la piel. Fabricado con\u2019<strong>ingredientes vegetales<\/strong>, esta peque\u00f1a joya s\u00f3lida combina <strong>suavidad<\/strong>, Su composici\u00f3n es rica en principios activos beneficiosos como <strong>manteca de karit\u00e9<\/strong>. Sa <strong>Producci\u00f3n francesa<\/strong> perpet\u00faa una larga tradici\u00f3n, al tiempo que satisface las necesidades actuales de un <strong>jab\u00f3n ecol\u00f3gico<\/strong>, respetuoso con la piel y con el medio ambiente. \u00bfDe d\u00f3nde viene la locura por este producto? He aqu\u00ed los secretos de este jab\u00f3n \u00fanico y sensorial.<\/p>\n<h2>Las particularidades del jab\u00f3n artesanal de p\u00e9talos de rosa<\/h2>\n<p>Elija una <strong>jab\u00f3n artesanal enriquecido con p\u00e9talos de rosa<\/strong>, significa optar por una experiencia aut\u00e9ntica. Lejos de los geles de ducha industriales, este <strong>jab\u00f3n s\u00f3lido<\/strong> extrae sus puntos fuertes de su <strong>composici\u00f3n natural<\/strong> y en el <strong>tradicional<\/strong> utilizados durante el proceso de fabricaci\u00f3n. Los ingredientes se seleccionan cuidadosamente para garantizar su pureza, calidad y eficacia.<\/p>\n<p>La presencia de <strong>p\u00e9talos de rosa reales<\/strong> da al jab\u00f3n un aspecto est\u00e9tico incomparable, adem\u00e1s de valiosas <strong>propiedades hidratantes<\/strong> y calmante. Su suave acci\u00f3n mejora cualquier rutina de belleza. Muchas personas tambi\u00e9n aprecian <strong>fragancia floral<\/strong> la sutil fragancia que estos p\u00e9talos dejan en la piel tras su uso. Para quienes busquen soluciones similares con distintos principios activos, descubra los beneficios de un <a href=\"https:\/\/1001vertus.com\/es\/product\/jabon-artesanal-de-leche-de-cabra\/\">jab\u00f3n natural de leche de cabra<\/a> puede ser una excelente alternativa.<\/p>\n<h2>\u00bfCu\u00e1les son los beneficios de los ingredientes naturales?<\/h2>\n<h3>El papel central de la manteca de karit\u00e9 en la hidrataci\u00f3n<\/h3>\n<p>En el coraz\u00f3n de muchos <strong>jabones artesanales<\/strong> es el <strong>manteca de karit\u00e9<\/strong>. Este ingrediente es reconocido por su capacidad para <strong>nutren la piel en profundidad<\/strong>. Est\u00e1 indicado incluso para pieles muy secas o sensibles, protegi\u00e9ndolas de la deshidrataci\u00f3n. Su efecto se combina con el de los p\u00e9talos de rosa para crear un producto de cuidado de la piel muy suave.<\/p>\n<p>La asociaci\u00f3n entre <strong>manteca de karit\u00e9<\/strong> y <strong>p\u00e9talos de rosa<\/strong> proporciona un jab\u00f3n que favorece la reparaci\u00f3n de la piel. La textura cremosa de la manteca hace que su aplicaci\u00f3n sea agradable, reforzando de forma natural la barrera cut\u00e1nea. Adem\u00e1s, algunos jabones a base de comino negro tambi\u00e9n tienen reconocidas propiedades calmantes, como se encuentra en <a href=\"https:\/\/1001vertus.com\/es\/product\/jabon-artesanal-de-comino-negro\/\">jab\u00f3n artesanal de comino negro<\/a>.<\/p>\n<h3>Los beneficios de los p\u00e9talos de rosa para una exfoliaci\u00f3n suave<\/h3>\n<p>En <strong>p\u00e9talos de rosa<\/strong> no son meros adornos. Una vez integrados en un <strong>jab\u00f3n s\u00f3lido<\/strong>, ofrecen un <strong>exfoliaci\u00f3n suave<\/strong> y naturales. En lugar de agredir la piel, favorecen la renovaci\u00f3n celular sin irritar, para una piel m\u00e1s suave y luminosa.<\/p>\n<p>Adem\u00e1s de su efecto exfoliante, los <strong>p\u00e9talos de rosa<\/strong> emitir un <strong>fragancia de rosas<\/strong> delicada y elegante. Esta sutil fragancia transforma cada ducha en un momento verdaderamente relajante, ideal para quienes buscan un interludio floral y sensorial.<\/p>\n<h2>Fabricaci\u00f3n francesa y compromiso con el medio ambiente<\/h2>\n<p>Opte por un <strong>jab\u00f3n artesanal fabricado en Francia<\/strong>, es apoyar el saber hacer local. Muchos jaboneros prefieren <strong>recetas ancestrales<\/strong>, Estos productos se elaboran artesanalmente a partir de ingredientes vegetales procedentes de fuentes responsables. Este <strong>fabricaci\u00f3n tradicional<\/strong> garantiza un producto final de alta calidad, ya que cada pieza es \u00fanica.<\/p>\n<p>A menudo se ofrece <strong>org\u00e1nico certificado<\/strong>, estos <strong>jabones s\u00f3lidos<\/strong> garantizan la ausencia de ingredientes controvertidos, como parabenos y colorantes sint\u00e9ticos. El compromiso ecol\u00f3gico tambi\u00e9n se expresa a trav\u00e9s de la elecci\u00f3n de materias primas y envases minimalistas, algunos de los cuales son compostables.<\/p>\n<ul>\n<li><strong>Apoyo a los fabricantes locales<\/strong> y la artesan\u00eda francesa<\/li>\n<li><strong>Aprovechar al m\u00e1ximo los recursos naturales<\/strong> y procedimientos \u00e9ticos<\/li>\n<li><strong>Reducir el impacto medioambiental<\/strong> en comparaci\u00f3n con los cosm\u00e9ticos convencionales<\/li>\n<li><strong>Respeto del bienestar animal<\/strong> (a menudo veganos y sin crueldad)<\/li>\n<\/ul>\n<h2>\u00bfC\u00f3mo puede incorporar el jab\u00f3n artesanal de p\u00e9talos de rosa a su rutina de belleza?<\/h2>\n<h3>Limpieza e hidrataci\u00f3n diarias<\/h3>\n<p>Este <strong>jab\u00f3n s\u00f3lido<\/strong> puede utilizarse tanto en la cara como en el cuerpo. Su fina espuma limpia eficazmente la piel, dej\u00e1ndola suave y flexible. <strong>pel\u00edcula protectora<\/strong> en la piel gracias a <strong>propiedades hidratantes de la manteca de karit\u00e9<\/strong>. Utilizado a diario o varias veces por semana, basta con humedecer ligeramente el jab\u00f3n y frotarlo en las manos o directamente sobre la piel.<\/p>\n<p>Tras el aclarado, la piel recupera su flexibilidad y luminosidad. L\u2019<strong>exfoliaci\u00f3n ligera<\/strong> son ideales para un uso regular, incluso en zonas delicadas.<\/p>\n<h3>Un aliado sensorial para el ba\u00f1o<\/h3>\n<p>Le <strong>jab\u00f3n artesanal<\/strong> rima con placer. Sonido <strong>fragancia de rosas<\/strong> envuelve el ambiente, creando un momento de relajaci\u00f3n realmente apreciable. Introducido en un ba\u00f1o caliente, difunde su refinada fragancia mientras deja flotar algunos p\u00e9talos, para una atm\u00f3sfera digna de un lujoso spa.<\/p>\n<p>Combinar este momento de relajaci\u00f3n con un suave masaje con jab\u00f3n aumenta a\u00fan m\u00e1s la sensaci\u00f3n de bienestar. Muchas personas consideran que esta combinaci\u00f3n estimula tanto la mente como la piel.<\/p>\n<table>\n<tbody>\n<tr>\n<th>Ingrediente<\/th>\n<th>Beneficios<\/th>\n<th>Origen<\/th>\n<\/tr>\n<tr>\n<td><strong>P\u00e9talos de rosa<\/strong><\/td>\n<td>Calmante, suavizante, exfoliante<\/td>\n<td>Natural\/vegetal<\/td>\n<\/tr>\n<tr>\n<td><strong>Manteca de karit\u00e9<\/strong><\/td>\n<td>Hidrataci\u00f3n profunda, protecci\u00f3n<\/td>\n<td>Natural<\/td>\n<\/tr>\n<tr>\n<td><strong>Base de jab\u00f3n artesanal<\/strong><\/td>\n<td>Limpieza, cero residuos<\/td>\n<td>Fabricaci\u00f3n tradicional<\/td>\n<\/tr>\n<\/tbody>\n<\/table>\n<h2>Preguntas frecuentes sobre el jab\u00f3n artesanal de p\u00e9talos de rosa<\/h2>\n<div itemscope=\"\" itemtype=\"https:\/\/schema.org\/FAQPage\">\n<div itemprop=\"mainEntity\" itemscope=\"\" itemtype=\"https:\/\/schema.org\/Question\">\n<h3 itemprop=\"name\">\u00bfPor qu\u00e9 elegir un jab\u00f3n artesanal de p\u00e9talos de rosa en lugar de un jab\u00f3n tradicional?<\/h3>\n<div itemprop=\"acceptedAnswer\" itemscope=\"\" itemtype=\"https:\/\/schema.org\/Answer\">\n<div itemprop=\"text\">A <strong>jab\u00f3n artesanal<\/strong> se beneficia de un <strong>Fabricaci\u00f3n francesa o tradicional<\/strong>, que garantiza m\u00e9todos suaves y el uso de\u2019<strong>ingredientes naturales o ecol\u00f3gicos<\/strong>. En <strong>p\u00e9talos de rosa<\/strong> ofrecen un ligero efecto exfoliante <strong>fragancia aut\u00e9ntica<\/strong>. Esta mezcla garantiza un cuidado saludable de la piel, lejos de los aditivos nocivos de algunos jabones industriales.<\/p>\n<ul>\n<li><strong>Ingredientes de calidad superior<\/strong><\/li>\n<li><strong>Sin compuestos qu\u00edmicos agresivos<\/strong><\/li>\n<li><strong>Respeto del medio ambiente<\/strong><\/li>\n<\/ul>\n<\/div>\n<\/div>\n<\/div>\n<div itemprop=\"mainEntity\" itemscope=\"\" itemtype=\"https:\/\/schema.org\/Question\">\n<h3 itemprop=\"name\">\u00bfCu\u00e1l es la diferencia entre jab\u00f3n natural, ecol\u00f3gico y certificado?<\/h3>\n<div itemprop=\"acceptedAnswer\" itemscope=\"\" itemtype=\"https:\/\/schema.org\/Answer\">\n<div itemprop=\"text\">A <strong>jab\u00f3n natural<\/strong> contiene esencialmente <strong>ingredientes de origen vegetal<\/strong>, mientras que un <strong>jab\u00f3n ecol\u00f3gico<\/strong> tambi\u00e9n garantiza una producci\u00f3n sin pesticidas qu\u00edmicos. El \u201c<strong>certificado<\/strong>\u201dEstas distinciones ayudan a seleccionar un producto que cumple las normas de calidad m\u00e1s estrictas. Estas distinciones ayudan a seleccionar un <strong>jab\u00f3n artesanal<\/strong> seg\u00fan sus necesidades.<\/p>\n<table>\n<tbody>\n<tr>\n<th>Tipo<\/th>\n<th>Caracter\u00edstica principal<\/th>\n<\/tr>\n<tr>\n<td><strong>Natural<\/strong><\/td>\n<td>Ingredientes de origen vegetal<\/td>\n<\/tr>\n<tr>\n<td><strong>Bio<\/strong><\/td>\n<td>Materias primas procedentes de la agricultura ecol\u00f3gica<\/td>\n<\/tr>\n<tr>\n<td><strong>Certificado<\/strong><\/td>\n<td>Norma establecida por un certificador oficial<\/td>\n<\/tr>\n<\/tbody>\n<\/table>\n<\/div>\n<\/div>\n<\/div>\n<div itemprop=\"mainEntity\" itemscope=\"\" itemtype=\"https:\/\/schema.org\/Question\">\n<h3 itemprop=\"name\">\u00bfEl jab\u00f3n de p\u00e9talos de rosa es adecuado para todo tipo de pieles?<\/h3>\n<div itemprop=\"acceptedAnswer\" itemscope=\"\" itemtype=\"https:\/\/schema.org\/Answer\">\n<div itemprop=\"text\">S\u00ed, en general es adecuado para todo el mundo, incluso para las pieles sensibles. La combinaci\u00f3n de <strong>manteca de karit\u00e9<\/strong> y <strong>p\u00e9talos de rosa<\/strong> trae <strong>hidrataci\u00f3n<\/strong> y suavidad. En el caso de las pieles reactivas, se recomienda probar primero el jab\u00f3n en una zona peque\u00f1a.<\/p>\n<ul>\n<li><strong>Piel seca<\/strong> nutre intensamente<\/li>\n<li><strong>Pieles mixtas<\/strong> : equilibrio gracias a la suavidad de los p\u00e9talos<\/li>\n<li><strong>Piel sensible<\/strong> previene las irritaciones gracias a su f\u00f3rmula natural<\/li>\n<\/ul>\n<\/div>\n<\/div>\n<\/div>\n<div itemprop=\"mainEntity\" itemscope=\"\" itemtype=\"https:\/\/schema.org\/Question\">\n<h3 itemprop=\"name\">\u00bfPuedo utilizar el jab\u00f3n s\u00f3lido de p\u00e9talos de rosa a diario?<\/h3>\n<div itemprop=\"acceptedAnswer\" itemscope=\"\" itemtype=\"https:\/\/schema.org\/Answer\">\n<div itemprop=\"text\">Utilice este <strong>jab\u00f3n artesanal<\/strong> todos los d\u00edas es totalmente posible. Su <strong>propiedades hidratantes<\/strong> y su <strong>exfoliaci\u00f3n ligera<\/strong> preservar el equilibrio de la piel. Su formato s\u00f3lido ofrece adem\u00e1s la ventaja de ser f\u00e1cil de transportar y de larga duraci\u00f3n.<\/p>\n<ul>\n<li><strong>Mayor vida \u00fatil<\/strong> en comparaci\u00f3n con los geles de ducha<\/li>\n<li><strong>Menos residuos pl\u00e1sticos<\/strong><\/li>\n<li><strong>Fragancia de rosas<\/strong> una presencia agradable en la vida cotidiana<\/li>\n<\/ul>\n<\/div>\n<\/div>\n<\/div>\n<\/div>","protected":false},"excerpt":{"rendered":"<p>Jab\u00f3n artesanal enriquecido Tanja Tijara <strong>con p\u00e9talos de rosa de verdad<\/strong>. Limpia suavemente, hidrata y deja la piel delicadamente perfumada.<\/p>","protected":false},"featured_media":43378,"template":"","meta":[],"product_brand":[],"product_cat":[55],"product_tag":[],"class_list":{"0":"post-43377","1":"product","2":"type-product","3":"status-publish","4":"has-post-thumbnail","6":"product_cat-savon","8":"first","9":"outofstock","10":"shipping-taxable","11":"purchasable","12":"product-type-simple"},"_links":{"self":[{"href":"https:\/\/1001vertus.com\/es\/wp-json\/wp\/v2\/product\/43377","targetHints":{"allow":["GET"]}}],"collection":[{"href":"https:\/\/1001vertus.com\/es\/wp-json\/wp\/v2\/product"}],"about":[{"href":"https:\/\/1001vertus.com\/es\/wp-json\/wp\/v2\/types\/product"}],"wp:featuredmedia":[{"embeddable":true,"href":"https:\/\/1001vertus.com\/es\/wp-json\/wp\/v2\/media\/43378"}],"wp:attachment":[{"href":"https:\/\/1001vertus.com\/es\/wp-json\/wp\/v2\/media?parent=43377"}],"wp:term":[{"taxonomy":"product_brand","embeddable":true,"href":"https:\/\/1001vertus.com\/es\/wp-json\/wp\/v2\/product_brand?post=43377"},{"taxonomy":"product_cat","embeddable":true,"href":"https:\/\/1001vertus.com\/es\/wp-json\/wp\/v2\/product_cat?post=43377"},{"taxonomy":"product_tag","embeddable":true,"href":"https:\/\/1001vertus.com\/es\/wp-json\/wp\/v2\/product_tag?post=43377"}],"curies":[{"name":"wp","href":"https:\/\/api.w.org\/{rel}","templated":true}]}}