{"id":43355,"date":"2025-11-09T15:31:47","date_gmt":"2025-11-09T14:31:47","guid":{"rendered":"https:\/\/1001vertus.com\/?post_type=product&#038;p=43355"},"modified":"2026-03-22T19:25:38","modified_gmt":"2026-03-22T18:25:38","slug":"jabon-de-higo-chumbo-procesado-en-frio","status":"publish","type":"product","link":"https:\/\/1001vertus.com\/es\/produit\/savon-a-froid-a-la-figue-de-barbarie\/","title":{"rendered":"Jab\u00f3n de higo chumbo elaborado en fr\u00edo Aprox. 100g - Assali"},"content":{"rendered":"<p>En el mundo de <strong>cuidados naturales<\/strong>el <strong>jab\u00f3n de higo chumbo procesado en fr\u00edo<\/strong> seduce por su eficacia y su gran suavidad. Apreciado por su <strong>composici\u00f3n natural<\/strong> y su riqueza en aceites preciosos, este jab\u00f3n ofrece <strong>hidrataci\u00f3n intensa<\/strong>, un efecto nutritivo y una aut\u00e9ntica acci\u00f3n antiedad. Esta gu\u00eda explora los m\u00faltiples beneficios de un <strong>jab\u00f3n procesado en fr\u00edo enriquecido con aceite de semilla de higo chumbo<\/strong> y explica por qu\u00e9 conquista cada vez a m\u00e1s entusiastas del bienestar natural.<\/p>\n<h2>Jab\u00f3n en fr\u00edo: un proceso artesanal \u00fanico<\/h2>\n<p>La <strong>saponificaci\u00f3n en fr\u00edo<\/strong> distingue lo real <strong>jab\u00f3n artesanal<\/strong> productos industriales convencionales. Este suave proceso consiste en mezclar lentamente diversas grasas -como el aceite de oliva o el de coco- con una base alcalina, sin calor excesivo. \u00bfLa ventaja? Los ingredientes conservan toda su <strong>propiedades naturales<\/strong>, ofreciendo un <strong>jab\u00f3n natural<\/strong> que respeta la piel.<\/p>\n<p>Este m\u00e9todo de fabricaci\u00f3n preserva la <strong>glicerina vegetal<\/strong> producido durante el procesado, lo que hace que el jab\u00f3n sea especialmente eficaz. <strong>suave e hidratante<\/strong>. Muchos de sus beneficios permanecen intactos, a diferencia de los jabones convencionales cuya producci\u00f3n industrial suele eliminar la mayor parte de los principios activos presentes en los ingredientes. <strong>aceites vegetales<\/strong> usado.<\/p>\n<h2>\u00bfPor qu\u00e9 elegir el higo chumbo en un jab\u00f3n procesado en fr\u00edo?<\/h2>\n<p>L'<strong>aceite de semillas de higo chumbo<\/strong> es famosa por su <strong>propiedades antiedad excepcionales<\/strong>. El uso de este aceite raro en un <strong>jab\u00f3n en fr\u00edo<\/strong> le permite disfrutar a diario de sus valiosos y eficaces beneficios.<\/p>\n<p>En t\u00e9rminos de <strong>combate las arrugas<\/strong> y <strong>regeneraci\u00f3n cut\u00e1nea<\/strong>, Pocos ingredientes igualan las prestaciones de este aceite. Su riqueza en <strong>vitamina E<\/strong>, Su alto contenido en Omega-3, Omega-6 y esteroles confiere al jab\u00f3n una completa acci\u00f3n protectora, nutritiva y suavizante de la piel.<\/p>\n<h3>Propiedades reconocidas para todo tipo de pieles<\/h3>\n<p>Tanto si su piel es seca, sensible o mixta, el <strong>jab\u00f3n natural enriquecido con higo chumbo<\/strong> encaja a la perfecci\u00f3n. Gracias a su formulaci\u00f3n <strong>nutritivo<\/strong>, Limpia sin irritar ni tirar. Esto ayuda a mantener un <strong>piel m\u00e1s firme<\/strong>, c\u00f3moda y visiblemente m\u00e1s luminosa d\u00eda tras d\u00eda.<\/p>\n<p>La adici\u00f3n de<strong>aceite de semillas de higo chumbo<\/strong> tambi\u00e9n proporciona un apoyo real a\u2019<strong>hidrataci\u00f3n cut\u00e1nea<\/strong>. Utilizado a diario, este jab\u00f3n ayuda a restaurar la piel. <strong>pel\u00edcula hidrolip\u00eddica<\/strong> y preservar la elasticidad de la piel, para un aspecto m\u00e1s joven y radiante. Para variar los placeres sin dejar de ser suave y respetuoso con la piel, descubra tambi\u00e9n las virtudes de <a href=\"https:\/\/1001vertus.com\/es\/product-category\/bienestar\/jabon\/\">jabones naturales ricos en vitaminas<\/a>.<\/p>\n<h3>Centrarse en la saponificaci\u00f3n en fr\u00edo y conservar los beneficios<\/h3>\n<p>El m\u00e9todo artesanal garantiza <strong>\u00e1cidos grasos esenciales<\/strong>, antioxidantes y vitaminas permanecen intactos. Estos componentes estimulan el <strong>regeneraci\u00f3n cut\u00e1nea<\/strong> y protegen activamente la piel contra las agresiones externas. Elegir un <strong>jab\u00f3n en fr\u00edo<\/strong>, As\u00ed que opta por un producto aut\u00e9ntico, puro y respetuoso con el medio ambiente.<\/p>\n<p>Este proceso de producci\u00f3n manual tambi\u00e9n favorece <strong>materias primas sin refinar<\/strong>. El resultado es un producto saludable y minimalista que act\u00faa suavemente sobre la piel y limita su impacto medioambiental gracias a un proceso de energ\u00eda reducido. Para quienes deseen explorar a\u00fan m\u00e1s las alternativas suaves, existen variantes como el <a href=\"https:\/\/1001vertus.com\/es\/product\/jabon-vegetal-vitalidad-con-leche-de-camello\/\">jab\u00f3n vegetal enriquecido con leche de camello y aceite de arg\u00e1n ecol\u00f3gico<\/a>, conocido por su excepcional poder hidratante.<\/p>\n<h2>Los beneficios cotidianos del jab\u00f3n de higo chumbo<\/h2>\n<p>Adem\u00e1s de sus propiedades limpiadoras <strong>jab\u00f3n procesado en fr\u00edo enriquecido con aceite de semilla de higo chumbo<\/strong> revoluciona su ritual de belleza. Usado regularmente, combina <strong>delicada acci\u00f3n purificadora<\/strong> y beneficios espec\u00edficos para una piel m\u00e1s joven.<\/p>\n<ul>\n<li><strong>Hidrataci\u00f3n duradera<\/strong> Mantiene la suavidad de la piel y limita la deshidrataci\u00f3n.<\/li>\n<li><strong>Lucha contra las arrugas<\/strong> El aceite de higo chumbo favorece la renovaci\u00f3n celular.<\/li>\n<li><strong>Protecci\u00f3n antioxidante<\/strong> Neutraliza los efectos nocivos de la contaminaci\u00f3n y el estr\u00e9s oxidativo.<\/li>\n<li><strong>Piel m\u00e1s firme y el\u00e1stica<\/strong> Tonifica y proporciona un efecto lifting natural.<\/li>\n<li><strong>Acci\u00f3n nutritiva y reparadora<\/strong> Ideal para pieles fr\u00e1giles con tendencia a la irritaci\u00f3n o tirantez.<\/li>\n<\/ul>\n<p>Este producto adaptable para el cuidado de la piel satisface las necesidades de toda la familia, tanto adultos como adolescentes, sea cual sea la estaci\u00f3n del a\u00f1o. La difusi\u00f3n progresiva de <strong>nutrientes<\/strong> Cuando usas el jab\u00f3n, te sientes c\u00f3modo de inmediato.<\/p>\n<h2>\u00bfC\u00f3mo utilizar eficazmente el jab\u00f3n natural de higo chumbo?<\/h2>\n<p>La integraci\u00f3n de este <strong>jab\u00f3n natural<\/strong> al ba\u00f1o es muy sencillo. Basta con mojarse la piel, hacer espuma con el jab\u00f3n entre las manos y aplicarlo sobre la cara y el cuerpo con movimientos circulares. Esta acci\u00f3n estimula la <strong>microcirculaci\u00f3n sangu\u00ednea<\/strong>, maximizar el efecto regenerador de\u2019<strong>aceite de semillas de higo chumbo<\/strong>.<\/p>\n<p>Despu\u00e9s de aclarar con agua limpia, la piel queda flexible y protegida, sin residuos grasos. Muchas personas tambi\u00e9n aprecian este <strong>jab\u00f3n en fr\u00edo<\/strong> para limpiar el cabello o como alternativa suave a los limpiadores de manos de uso diario.<\/p>\n<h3>Consejos para alargar la vida de tu jab\u00f3n procesado en fr\u00edo<\/h3>\n<p>Para evitar la <strong>el jab\u00f3n se derrite demasiado r\u00e1pido<\/strong>, Si vas a utilizarlo, aqu\u00ed tienes unos sencillos consejos: d\u00e9jalo secar al aire entre usos y utiliza un pa\u00f1o h\u00famedo. <strong>jabonera calada<\/strong>. Como resultado, conserva su forma y dura m\u00e1s tiempo, incluso con un uso frecuente.<\/p>\n<p>Cortar el jab\u00f3n en trozos peque\u00f1os tambi\u00e9n puede prolongar la frescura de cada pastilla. Este pr\u00e1ctico gesto permite variar los usos, por ejemplo reservando peque\u00f1os bloques para la cara y otros para el cuerpo.<\/p>\n<h3>\u00bfSe puede incorporar este jab\u00f3n a cualquier rutina de belleza?<\/h3>\n<p>Ya sea para sustituir al gel de ducha o para completar una rutina facial, el uso de un <strong>jab\u00f3n natural de higo chumbo<\/strong> es f\u00e1cil de integrar. Puede utilizarse ma\u00f1ana y noche, sola o con una crema ligera adaptada a cada tipo de piel.<\/p>\n<p>Gracias a su suavidad, este <strong>jab\u00f3n en fr\u00edo<\/strong> sigue siendo compatible con productos m\u00e1s espec\u00edficos para el cuidado de la piel (s\u00e9rums, b\u00e1lsamos regeneradores). La combinaci\u00f3n de estos productos optimiza <strong>combate las arrugas<\/strong> al tiempo que refuerza la barrera natural de la piel.<\/p>\n<h2>Preguntas frecuentes sobre el jab\u00f3n de higo chumbo<\/h2>\n<div itemscope=\"\" itemtype=\"https:\/\/schema.org\/FAQPage\">\n<div itemprop=\"mainEntity\" itemscope=\"\" itemtype=\"https:\/\/schema.org\/Question\">\n<h3 itemprop=\"name\">\u00bfCu\u00e1les son los principales beneficios del aceite de semillas de higo chumbo en un jab\u00f3n elaborado en fr\u00edo?<\/h3>\n<div itemprop=\"acceptedAnswer\" itemscope=\"\" itemtype=\"https:\/\/schema.org\/Answer\">\n<div itemprop=\"text\">Las virtudes de este aceite residen en su capacidad para <strong>hidratar la piel<\/strong>, promover <strong>regeneraci\u00f3n cut\u00e1nea<\/strong> y combatir las arrugas. Contiene <strong>vitamina E<\/strong> y potentes antioxidantes. Su efecto <strong>nutritivo<\/strong> proporciona flexibilidad y firmeza, lo que se traduce en una <strong>piel m\u00e1s firme<\/strong> y mejor protegidos.<\/p>\n<ul>\n<li>Acci\u00f3n antiedad y revitalizante<\/li>\n<li>Adecuado para pieles sensibles y maduras<\/li>\n<li>Favorece la elasticidad y la reparaci\u00f3n de la epidermis<\/li>\n<\/ul>\n<\/div>\n<\/div>\n<\/div>\n<div itemprop=\"mainEntity\" itemscope=\"\" itemtype=\"https:\/\/schema.org\/Question\">\n<h3 itemprop=\"name\">\u00bfPara qui\u00e9n es el jab\u00f3n de higo chumbo?<\/h3>\n<div itemprop=\"acceptedAnswer\" itemscope=\"\" itemtype=\"https:\/\/schema.org\/Answer\">\n<div itemprop=\"text\">Este <strong>jab\u00f3n natural<\/strong> se ha formulado para todo tipo de pieles, incluso las m\u00e1s sensibles o reactivas. Es adecuado tanto para adultos como para adolescentes que buscan <strong>hidrataci\u00f3n<\/strong>, <strong>limpieza suave<\/strong> y <strong>protecci\u00f3n a largo plazo<\/strong>. Es la opci\u00f3n ideal para quienes desean beneficiarse de un <strong>rutina de belleza saludable<\/strong> y eficiente.<\/p>\n<ul>\n<li>Suficientemente suave para el uso diario<\/li>\n<li>Sin aditivos qu\u00edmicos ni colorantes<\/li>\n<li>Eficaz contra la sequedad y el envejecimiento cut\u00e1neo<\/li>\n<\/ul>\n<\/div>\n<\/div>\n<\/div>\n<div itemprop=\"mainEntity\" itemscope=\"\" itemtype=\"https:\/\/schema.org\/Question\">\n<h3 itemprop=\"name\">\u00bfCu\u00e1les son las diferencias entre el jab\u00f3n procesado en fr\u00edo y el jab\u00f3n industrial convencional?<\/h3>\n<div itemprop=\"acceptedAnswer\" itemscope=\"\" itemtype=\"https:\/\/schema.org\/Answer\">\n<div itemprop=\"text\">A <strong>jab\u00f3n en fr\u00edo<\/strong>, obtenido por <strong>saponificaci\u00f3n a temperatura controlada<\/strong>, conserva <strong>beneficios naturales de los ingredientes<\/strong>, incluida la preciada glicerina. Los jabones industriales suelen calentarse a altas temperaturas, lo que destruye algunos de los ingredientes activos beneficiosos y a veces deja residuos sint\u00e9ticos. La tabla siguiente muestra algunas de las principales distinciones.<\/p>\n<table>\n<tbody>\n<tr>\n<th>Caracter\u00edsticas<\/th>\n<th>Jab\u00f3n en fr\u00edo<\/th>\n<th>Jab\u00f3n industrial<\/th>\n<\/tr>\n<tr>\n<td>Proceso<\/td>\n<td>Saponificaci\u00f3n en fr\u00edo<\/td>\n<td>Saponificaci\u00f3n en caliente<\/td>\n<\/tr>\n<tr>\n<td>Conservar la glicerina<\/td>\n<td>S\u00ed<\/td>\n<td>No, a menudo se retira<\/td>\n<\/tr>\n<tr>\n<td>Nivel de hidrataci\u00f3n<\/td>\n<td>Alta<\/td>\n<td>Media a baja<\/td>\n<\/tr>\n<\/tbody>\n<\/table>\n<\/div>\n<\/div>\n<\/div>\n<div itemprop=\"mainEntity\" itemscope=\"\" itemtype=\"https:\/\/schema.org\/Question\">\n<h3 itemprop=\"name\">\u00bfCu\u00e1nto suele durar el jab\u00f3n de higo chumbo tradicional?<\/h3>\n<div itemprop=\"acceptedAnswer\" itemscope=\"\" itemtype=\"https:\/\/schema.org\/Answer\">\n<div itemprop=\"text\">Todo depende de c\u00f3mo se utilice, pero si se siguen unas buenas pr\u00e1cticas (secar al aire, utilizar una jabonera con escurridor), una pastilla de 100 g suele durar entre 3 y 5 semanas para uso diario en la cara y el cuerpo. Cortar el jab\u00f3n en varios trozos prolonga su frescura y facilita su conservaci\u00f3n, sobre todo cuando se viaja.<\/p>\n<ol>\n<li>Dejar secar entre usos<\/li>\n<li>Almacenar al abrigo de la humedad<\/li>\n<li>Cortar en porciones seg\u00fan sea necesario<\/li>\n<\/ol>\n<\/div>\n<\/div>\n<\/div>\n<\/div>","protected":false},"excerpt":{"rendered":"<p>Jab\u00f3n artesanal en fr\u00edo Assali (100 g), enriquecido con <strong>precioso aceite de higo chumbo<\/strong>. Tratamiento natural supergraso, antiedad e hidratante para el rostro y el cuerpo.<\/p>","protected":false},"featured_media":44896,"template":"","meta":[],"product_brand":[],"product_cat":[55],"product_tag":[],"class_list":{"0":"post-43355","1":"product","2":"type-product","3":"status-publish","4":"has-post-thumbnail","6":"product_cat-savon","8":"first","9":"instock","10":"shipping-taxable","11":"purchasable","12":"product-type-simple"},"_links":{"self":[{"href":"https:\/\/1001vertus.com\/es\/wp-json\/wp\/v2\/product\/43355","targetHints":{"allow":["GET"]}}],"collection":[{"href":"https:\/\/1001vertus.com\/es\/wp-json\/wp\/v2\/product"}],"about":[{"href":"https:\/\/1001vertus.com\/es\/wp-json\/wp\/v2\/types\/product"}],"wp:featuredmedia":[{"embeddable":true,"href":"https:\/\/1001vertus.com\/es\/wp-json\/wp\/v2\/media\/44896"}],"wp:attachment":[{"href":"https:\/\/1001vertus.com\/es\/wp-json\/wp\/v2\/media?parent=43355"}],"wp:term":[{"taxonomy":"product_brand","embeddable":true,"href":"https:\/\/1001vertus.com\/es\/wp-json\/wp\/v2\/product_brand?post=43355"},{"taxonomy":"product_cat","embeddable":true,"href":"https:\/\/1001vertus.com\/es\/wp-json\/wp\/v2\/product_cat?post=43355"},{"taxonomy":"product_tag","embeddable":true,"href":"https:\/\/1001vertus.com\/es\/wp-json\/wp\/v2\/product_tag?post=43355"}],"curies":[{"name":"wp","href":"https:\/\/api.w.org\/{rel}","templated":true}]}}