{"id":43308,"date":"2025-11-07T12:36:40","date_gmt":"2025-11-07T11:36:40","guid":{"rendered":"https:\/\/1001vertus.com\/?post_type=product&#038;p=43308"},"modified":"2025-12-18T16:52:12","modified_gmt":"2025-12-18T15:52:12","slug":"shilajit-resina-pura","status":"publish","type":"product","link":"https:\/\/1001vertus.com\/es\/produit\/shilajit-pur-en-resine\/","title":{"rendered":"Shilajit de resina pura de las monta\u00f1as de Altai (tarro de 50 g) - Ziyada"},"content":{"rendered":"<p>Descubre la&nbsp;<strong>shilajit puro<\/strong> en forma de <strong>resina natural<\/strong> de <strong>Monta\u00f1as Altai<\/strong>, es sumergirse en un mundo donde confluyen tradiciones ancestrales y bienestar.<\/p>\n<p>Este tesoro, apreciado desde hace tiempo en las medicinas tradicionales de Asia Central, atrae ahora la atenci\u00f3n por su potencial para reforzar el sistema inmunitario.&nbsp;<strong>vitalidad<\/strong>, apoyar la\u2019<strong>energ\u00eda<\/strong> y fomentar el equilibrio f\u00edsico. El formato&nbsp;<strong>Tarro de 50 g<\/strong> La marca Ziyada garantiza un uso pr\u00e1ctico conservando todas las cualidades aut\u00e9nticas de este raro concentrado.<\/p>\n<h2>Origen y caracter\u00edsticas espec\u00edficas de la resina pura de shilajit<\/h2>\n<p>Le <strong>shilajit<\/strong> extrae su fuerza de su excepcional entorno. Desde las alturas v\u00edrgenes del <strong>Monta\u00f1as Altai<\/strong>, Adopta la forma de <strong>resina natural<\/strong> rico, meticulosamente cosechado tras un largo proceso de maduraci\u00f3n entre las rocas. Estas condiciones geogr\u00e1ficas extremas garantizan un producto de notable pureza y una gran calidad. <strong>concentraci\u00f3n \u00fanica<\/strong>.<\/p>\n<p>Su tonalidad oscura y su densa textura dan fe de su compleja composici\u00f3n, moldeada a lo largo de miles de a\u00f1os por la descomposici\u00f3n de plantas alpinas y minerales preciosos.<\/p>\n<p>Este proceso natural confiere al shilajit un alto contenido de&nbsp;<strong>\u00e1cido f\u00falvico<\/strong>, conocido por facilitar el transporte de nutrientes, apoyar la\u2019<strong>equilibrio celular<\/strong> y optimizar la biodisponibilidad de los elementos esenciales.<\/p>\n<h2>Beneficios esenciales asociados al shilajit de Altai<\/h2>\n<h3>\u00bfPor qu\u00e9 elegir esta resina natural?<\/h3>\n<p>Opte por un curso de <strong>shilajit puro<\/strong> de la regi\u00f3n de Altai es una valiosa fuente de\u2019<strong>antioxidantes naturales<\/strong>. Ayudan a combatir el estr\u00e9s oxidativo, favorecen la recuperaci\u00f3n tras el ejercicio y son especialmente \u00fatiles durante periodos de <strong>fatiga persistente<\/strong>.<\/p>\n<p>Muchas personas aprecian este&nbsp;<strong>resina natural<\/strong> que estimula gradualmente la\u2019<strong>energ\u00eda<\/strong> y resistencia al estr\u00e9s cotidiano. Tambi\u00e9n puede aprovechar <a href=\"https:\/\/1001vertus.com\/es\/product\/capsulas-de-shilajit\/\">c\u00e1psulas de shilajit a base de resina natural<\/a> para quienes prefieren una alternativa pr\u00e1ctica a la forma tradicional.<\/p>\n<p>Gracias a su elevado <strong>oligoelementos<\/strong>, Shilajit tambi\u00e9n ayuda a reforzar las defensas naturales del organismo. L\u2019<strong>\u00e1cido f\u00falvico<\/strong> act\u00faa como catalizador, facilitando la asimilaci\u00f3n de minerales y otros componentes vitales necesarios para el equilibrio general.<\/p>\n<h3>Apoyo a la vitalidad, la libido y la testosterona<\/h3>\n<p>Entre sus mayores atractivos, el shilajit puro es reconocido por su influencia beneficiosa sobre el <strong>vitalidad general<\/strong> y tonicidad. Seg\u00fan la tradici\u00f3n, su uso regular no s\u00f3lo favorece\u2019<strong>energ\u00eda total<\/strong>, sino que tambi\u00e9n mejora <strong>libido<\/strong> y la producci\u00f3n de <strong>testosterona<\/strong>.<\/p>\n<p>Cada vez son m\u00e1s los usuarios que adoptan este superalimento como apoyo a un estilo de vida activo o para superar episodios temporales de fatiga.<\/p>\n<p>Este <strong>un poderoso aliado vegetal<\/strong> tambi\u00e9n act\u00faa sobre el\u2019<strong>equilibrio hormonal masculino<\/strong> y ayuda a aumentar de forma natural los niveles de <strong>testosterona<\/strong>, a menudo afectados por el estr\u00e9s o un ritmo fren\u00e9tico. La sinergia entre <strong>\u00e1cido f\u00falvico<\/strong>, El efecto positivo sobre el tono muscular, la resistencia y la fuerza se explica por el alto contenido de vitaminas, minerales y micronutrientes.&nbsp;<\/p>\n<h2>\u00bfC\u00f3mo utilizar la resina pura de shilajit de los montes Altai?<\/h2>\n<h3>Posolog\u00eda y consejos pr\u00e1cticos<\/h3>\n<p>A <strong>Tarro de 50 g<\/strong> de Ziyada suele cubrir varias semanas de uso diario. La mayor\u00eda de los usuarios prefieren disolver una peque\u00f1a pizca de <strong>resina natural<\/strong> (del tama\u00f1o de un grano de arroz) en un vaso de agua tibia o infusi\u00f3n caliente. T\u00f3melo con el est\u00f3mago vac\u00edo por la ma\u00f1ana para maximizar los efectos beneficiosos sobre el sistema inmunitario.\u2019<strong>energ\u00eda<\/strong> y el <strong>vitalidad<\/strong>.<\/p>\n<p>Tomar este suplemento en forma l\u00edquida facilita su r\u00e1pida absorci\u00f3n por el organismo. Aunque el sabor puede sorprender al principio, puede incorporarse f\u00e1cilmente a una rutina de bienestar en cuanto se perciben los primeros beneficios: aumento de la energ\u00eda, mayor resistencia a la fatiga.<\/p>\n<h3>Consejos para que la resina natural forme parte de su vida cotidiana<\/h3>\n<p>Utilizar una cuchara dosificadora directamente en el tarro le ayuda a controlar con precisi\u00f3n cada porci\u00f3n de <strong>shilajit puro<\/strong>. A\u00f1adirlo de vez en cuando a una bebida o batido detox ofrece alternativas sabrosas sin comprometer el valor nutritivo. <strong>\u00e1cido f\u00falvico<\/strong> y antioxidantes.<\/p>\n<p>Cierre el <strong>Tarro de 50 g<\/strong> despu\u00e9s de su uso para preservar todas las propiedades activas del producto. <strong>resina natural<\/strong>, para evitar la exposici\u00f3n a la humedad o al aire. Unos sencillos pasos bastan para prolongar la calidad y eficacia de este excepcional superalimento.<\/p>\n<h2>Tabla comparativa de ingestas nutricionales<\/h2>\n<p>Para ayudarle a comprender mejor lo que le aporta este suplemento, he aqu\u00ed un cuadro recapitulativo de los principales elementos presentes en el <strong>shilajit resina pura<\/strong> :<\/p>\n<table>\n<tbody>\n<tr>\n<th>Componente<\/th>\n<th>Papel del cuerpo<\/th>\n<\/tr>\n<tr>\n<td>\u00c1cido f\u00falvico<\/td>\n<td>Transporte de nutrientes, desintoxicaci\u00f3n<\/td>\n<\/tr>\n<tr>\n<td>Antioxidantes naturales<\/td>\n<td>Proteger las c\u00e9lulas contra los radicales libres<\/td>\n<\/tr>\n<tr>\n<td>Oligoelementos (magnesio, zinc...)<\/td>\n<td>Equilibrio nervioso, metabolismo energ\u00e9tico<\/td>\n<\/tr>\n<tr>\n<td>Amino\u00e1cidos<\/td>\n<td>S\u00edntesis proteica, recuperaci\u00f3n muscular<\/td>\n<\/tr>\n<\/tbody>\n<\/table>\n<p>Estos componentes trabajan juntos para proporcionar un suplemento completo, particularmente apreciado para la <strong>vitalidad renovada<\/strong> y el <strong>resistencia al estr\u00e9s f\u00edsico<\/strong>.<\/p>\n<h2>Preguntas frecuentes sobre el shilajit puro de resina de Altai<\/h2>\n<div itemscope=\"\" itemtype=\"https:\/\/schema.org\/FAQPage\">\n<div itemprop=\"mainEntity\" itemscope=\"\" itemtype=\"https:\/\/schema.org\/Question\">\n<h3 itemprop=\"name\">\u00bfCu\u00e1nto tiempo se tarda en sentir los efectos del shilajit puro?<\/h3>\n<div itemprop=\"acceptedAnswer\" itemscope=\"\" itemtype=\"https:\/\/schema.org\/Answer\">\n<div itemprop=\"text\">\n<p>La aparici\u00f3n de los efectos var\u00eda en funci\u00f3n de cada organismo y de la regularidad con que se tome. Muchas personas ya han notado una mejora en\u2019<strong>energ\u00eda<\/strong> o una reducci\u00f3n de <strong>fatiga<\/strong> tras una o dos semanas de uso regular. Una dieta equilibrada y una buena hidrataci\u00f3n optimizan estos resultados.<\/p>\n<ul>\n<li>Aumento de los niveles de energ\u00eda<\/li>\n<li>Recuperaci\u00f3n m\u00e1s r\u00e1pida<\/li>\n<li>Menos episodios de fatiga durante el d\u00eda<\/li>\n<\/ul>\n<\/div>\n<\/div>\n<\/div>\n<div itemprop=\"mainEntity\" itemscope=\"\" itemtype=\"https:\/\/schema.org\/Question\">\n<h3 itemprop=\"name\">\u00bfPuede combinarse la resina natural con otros complementos alimenticios?<\/h3>\n<div itemprop=\"acceptedAnswer\" itemscope=\"\" itemtype=\"https:\/\/schema.org\/Answer\">\n<div itemprop=\"text\">\n<p>La <strong>resina natural<\/strong> El shilajit puro puede combinarse con otros suplementos como el magnesio, la espirulina o ciertos probi\u00f3ticos. Aun as\u00ed, es preferible espaciar la ingesta de varios productos para observar claramente sus efectos respectivos en el organismo. <strong>vitalidad<\/strong> y el<strong>energ\u00eda<\/strong>.<\/p>\n<ul>\n<li>Siga un intervalo de al menos una hora entre los suplementos.<\/li>\n<li>Adaptar las dosis seg\u00fan las preferencias personales<\/li>\n<\/ul>\n<\/div>\n<\/div>\n<\/div>\n<div itemprop=\"mainEntity\" itemscope=\"\" itemtype=\"https:\/\/schema.org\/Question\">\n<h3 itemprop=\"name\">\u00bfCu\u00e1les son los signos de una buena tolerancia al shilajit puro?<\/h3>\n<div itemprop=\"acceptedAnswer\" itemscope=\"\" itemtype=\"https:\/\/schema.org\/Answer\">\n<div itemprop=\"text\">\n<p>Gesti\u00f3n \u00f3ptima de\u2019<strong>energ\u00eda<\/strong>, Una sensaci\u00f3n de claridad mental y un sue\u00f1o reparador son indicadores positivos. Algunas personas pueden experimentar ligeros problemas digestivos durante los primeros d\u00edas, que pueden aliviarse reduciendo temporalmente la dosis.<\/p>\n<ul>\n<li>Control de las reacciones digestivas<\/li>\n<li>Escuchar al cuerpo y ajustar la dosis<\/li>\n<\/ul>\n<\/div>\n<\/div>\n<\/div>\n<div itemprop=\"mainEntity\" itemscope=\"\" itemtype=\"https:\/\/schema.org\/Question\">\n<h3 itemprop=\"name\">\u00bfExisten contraindicaciones conocidas para el consumo de shilajit puro?<\/h3>\n<div itemprop=\"acceptedAnswer\" itemscope=\"\" itemtype=\"https:\/\/schema.org\/Answer\">\n<div itemprop=\"text\">\n<p>Determinados grupos de poblaci\u00f3n deben consultar a un profesional antes de consumir <strong>shilajit puro<\/strong> Mujeres embarazadas, madres lactantes y personas que padezcan una enfermedad renal cr\u00f3nica. Respete las <strong>dosificaci\u00f3n<\/strong> Se recomienda aprovechar al m\u00e1ximo sus beneficios para la salud.<\/p>\n<ul>\n<li>Cumplimiento de la dosis diaria recomendada<\/li>\n<li>Se recomienda una puesta en marcha gradual para las personas sensibles<\/li>\n<\/ul>\n<\/div>\n<\/div>\n<\/div>\n<\/div>","protected":false},"excerpt":{"rendered":"<p>D&eacute;couvrir le&nbsp;shilajit pur sous forme de r&eacute;sine naturelle issue des montagnes de l&rsquo;Alta&iuml;, c&rsquo;est plonger dans un univers o&ugrave; traditions ancestrales et bien-&ecirc;tre se rejoignent. Ce tr&eacute;sor, longtemps valoris&eacute; dans les m&eacute;decines traditionnelles d&rsquo;Asie centrale, s&eacute;duit aujourd&rsquo;hui pour son potentiel &agrave; renforcer la&nbsp;vitalit&eacute;, soutenir l&rsquo;&eacute;nergie quotidienne et favoriser l&rsquo;&eacute;quilibre physique.&nbsp;Le format&nbsp;pot de 50g de la [&#8230;]\n","protected":false},"featured_media":43309,"template":"","meta":[],"product_brand":[],"product_cat":[27,53],"product_tag":[],"class_list":{"0":"post-43308","1":"product","2":"type-product","3":"status-publish","4":"has-post-thumbnail","6":"product_cat-bien-etre","7":"product_cat-complements-alimentaires","9":"first","10":"instock","11":"shipping-taxable","12":"purchasable","13":"product-type-simple"},"_links":{"self":[{"href":"https:\/\/1001vertus.com\/es\/wp-json\/wp\/v2\/product\/43308","targetHints":{"allow":["GET"]}}],"collection":[{"href":"https:\/\/1001vertus.com\/es\/wp-json\/wp\/v2\/product"}],"about":[{"href":"https:\/\/1001vertus.com\/es\/wp-json\/wp\/v2\/types\/product"}],"wp:featuredmedia":[{"embeddable":true,"href":"https:\/\/1001vertus.com\/es\/wp-json\/wp\/v2\/media\/43309"}],"wp:attachment":[{"href":"https:\/\/1001vertus.com\/es\/wp-json\/wp\/v2\/media?parent=43308"}],"wp:term":[{"taxonomy":"product_brand","embeddable":true,"href":"https:\/\/1001vertus.com\/es\/wp-json\/wp\/v2\/product_brand?post=43308"},{"taxonomy":"product_cat","embeddable":true,"href":"https:\/\/1001vertus.com\/es\/wp-json\/wp\/v2\/product_cat?post=43308"},{"taxonomy":"product_tag","embeddable":true,"href":"https:\/\/1001vertus.com\/es\/wp-json\/wp\/v2\/product_tag?post=43308"}],"curies":[{"name":"wp","href":"https:\/\/api.w.org\/{rel}","templated":true}]}}