{"id":41175,"date":"2025-07-29T10:27:26","date_gmt":"2025-07-29T09:27:26","guid":{"rendered":"https:\/\/1001vertus.com\/?post_type=product&#038;p=41175"},"modified":"2025-09-25T14:48:16","modified_gmt":"2025-09-25T13:48:16","slug":"proteina-de-seda-botox-capilar","status":"publish","type":"product","link":"https:\/\/1001vertus.com\/es\/produit\/botox-capillaire-a-la-proteine-de-soie\/","title":{"rendered":"Botox capilar con prote\u00ednas de seda 1000ml - Nota 33"},"content":{"rendered":"<p>Ingr\u00e9dients principaux : <\/p>\n<p>Aqua (Agua), Alcohol cetear\u00edlico, Cloruro de cetrimonio, Cloruro de behentrimonio, Alcohol mirist\u00edlico, Seda hidrolizada, Parfum (Fragancia), \u00c1cido hialur\u00f3nico hidrolizado, Kaempferol, Magnolol, Honokiol, oleato de poliglicerilo 10, oleato de poliglicerilo 6, aceite de hueso de albaricoque, \u00e9steres de poliglicerilo, palmitato de sorbit\u00e1n, dimeticona PEG\/PPG-25\/25, tocoferol, EDTA dis\u00f3dico, \u00e1cido c\u00edtrico, linalol.<\/p>","protected":false},"excerpt":{"rendered":"<p><strong>Instrucciones de uso : <\/strong><\/p>\n<ul>\n<li>Preparaci\u00f3n: Empieza lav\u00e1ndote el pelo y esc\u00farrelo bien.<\/li>\n<li>Aplicaci\u00f3n: Aplicar botox mech\u00f3n a mech\u00f3n sobre el cabello h\u00famedo, cepillando y masajeando desde la ra\u00edz hasta las puntas para una distribuci\u00f3n uniforme.<\/li>\n<li>Tiempo de aplicaci\u00f3n: Dejar actuar el producto entre 30 y 60 minutos para que los principios activos penetren en profundidad en las fibras capilares.<\/li>\n<li>Aclarado: Aclarar abundantemente con agua limpia para eliminar cualquier resto de producto.<\/li>\n<\/ul>","protected":false},"featured_media":41176,"template":"","meta":[],"product_brand":[],"product_cat":[128],"product_tag":[],"class_list":{"0":"post-41175","1":"product","2":"type-product","3":"status-publish","4":"has-post-thumbnail","6":"product_cat-botox-capillaire","8":"first","9":"instock","10":"shipping-taxable","11":"purchasable","12":"product-type-simple"},"_links":{"self":[{"href":"https:\/\/1001vertus.com\/es\/wp-json\/wp\/v2\/product\/41175","targetHints":{"allow":["GET"]}}],"collection":[{"href":"https:\/\/1001vertus.com\/es\/wp-json\/wp\/v2\/product"}],"about":[{"href":"https:\/\/1001vertus.com\/es\/wp-json\/wp\/v2\/types\/product"}],"wp:featuredmedia":[{"embeddable":true,"href":"https:\/\/1001vertus.com\/es\/wp-json\/wp\/v2\/media\/41176"}],"wp:attachment":[{"href":"https:\/\/1001vertus.com\/es\/wp-json\/wp\/v2\/media?parent=41175"}],"wp:term":[{"taxonomy":"product_brand","embeddable":true,"href":"https:\/\/1001vertus.com\/es\/wp-json\/wp\/v2\/product_brand?post=41175"},{"taxonomy":"product_cat","embeddable":true,"href":"https:\/\/1001vertus.com\/es\/wp-json\/wp\/v2\/product_cat?post=41175"},{"taxonomy":"product_tag","embeddable":true,"href":"https:\/\/1001vertus.com\/es\/wp-json\/wp\/v2\/product_tag?post=41175"}],"curies":[{"name":"wp","href":"https:\/\/api.w.org\/{rel}","templated":true}]}}