{"id":41171,"date":"2025-07-29T10:24:15","date_gmt":"2025-07-29T09:24:15","guid":{"rendered":"https:\/\/1001vertus.com\/?post_type=product&#038;p=41171"},"modified":"2025-07-29T10:24:15","modified_gmt":"2025-07-29T09:24:15","slug":"botox-capilar-nigella","status":"publish","type":"product","link":"https:\/\/1001vertus.com\/es\/produit\/botox-capillaire-a-la-nigelle\/","title":{"rendered":"Botox con comino negro 1000ml - Nota 33"},"content":{"rendered":"<p>Ingredientes principales: Agua (Aqua) Alcohol cetear\u00edlico: agente texturizante y emoliente Cloruro de cetrimonio y cloruro de behentrimonio: agentes acondicionadores del cabello Alcohol mirist\u00edlico: emoliente suavizante Aceite de semillas de comino negro (Nigella Sativa) : nutritivo y calmante Parfum (Fragancia) \u00c1cido hialur\u00f3nico hidrolizado: hidrataci\u00f3n intensa Kaempferol, Magnolol, Honokiol: extractos vegetales con propiedades antioxidantes Oleato de poliglicerilo-10 &amp; Oleato de poliglicerilo-6 : Agentes emulsionantes suaves Aceite de hueso de albaricoque: nutritivo y regenerador \u00c9steres de poligliceril-6, palmitato de sorbit\u00e1n: agentes texturizantes naturales PEG\/PPG-25\/25 Dimeticona: agente suavizante y de recubrimiento Alcohol benc\u00edlico, \u00e1cido benzoico, \u00e1cido deshidroac\u00e9tico: Conservantes suaves Tocoferol (Vitamina E): antioxidante EDTA dis\u00f3dico: agente de estabilidad \u00c1cido c\u00edtrico: regulador del pH Linalool: componente de fragancia presente de forma natural en ciertos aceites esenciales.<\/p>","protected":false},"excerpt":{"rendered":"<p><strong>Instrucciones de uso : <\/strong><\/p>\n<ul>\n<li>Preparaci\u00f3n: Empieza lav\u00e1ndote el pelo y esc\u00farrelo bien.<\/li>\n<li>Aplicaci\u00f3n: Aplicar botox mech\u00f3n a mech\u00f3n sobre el cabello h\u00famedo, cepillando y masajeando desde la ra\u00edz hasta las puntas para una distribuci\u00f3n uniforme.<\/li>\n<li>Tiempo de aplicaci\u00f3n: Dejar actuar el producto entre 30 y 60 minutos para que los principios activos penetren en profundidad en las fibras capilares.<\/li>\n<li>Aclarado: Aclarar abundantemente con agua limpia para eliminar cualquier resto de producto.<\/li>\n<\/ul>","protected":false},"featured_media":41172,"template":"","meta":[],"product_brand":[],"product_cat":[128],"product_tag":[],"class_list":{"0":"post-41171","1":"product","2":"type-product","3":"status-publish","4":"has-post-thumbnail","6":"product_cat-botox-capillaire","8":"first","9":"instock","10":"shipping-taxable","11":"purchasable","12":"product-type-simple"},"_links":{"self":[{"href":"https:\/\/1001vertus.com\/es\/wp-json\/wp\/v2\/product\/41171","targetHints":{"allow":["GET"]}}],"collection":[{"href":"https:\/\/1001vertus.com\/es\/wp-json\/wp\/v2\/product"}],"about":[{"href":"https:\/\/1001vertus.com\/es\/wp-json\/wp\/v2\/types\/product"}],"wp:featuredmedia":[{"embeddable":true,"href":"https:\/\/1001vertus.com\/es\/wp-json\/wp\/v2\/media\/41172"}],"wp:attachment":[{"href":"https:\/\/1001vertus.com\/es\/wp-json\/wp\/v2\/media?parent=41171"}],"wp:term":[{"taxonomy":"product_brand","embeddable":true,"href":"https:\/\/1001vertus.com\/es\/wp-json\/wp\/v2\/product_brand?post=41171"},{"taxonomy":"product_cat","embeddable":true,"href":"https:\/\/1001vertus.com\/es\/wp-json\/wp\/v2\/product_cat?post=41171"},{"taxonomy":"product_tag","embeddable":true,"href":"https:\/\/1001vertus.com\/es\/wp-json\/wp\/v2\/product_tag?post=41171"}],"curies":[{"name":"wp","href":"https:\/\/api.w.org\/{rel}","templated":true}]}}