{"id":41086,"date":"2025-07-24T15:33:45","date_gmt":"2025-07-24T14:33:45","guid":{"rendered":"https:\/\/1001vertus.com\/?post_type=product&#038;p=41086"},"modified":"2025-09-15T11:20:08","modified_gmt":"2025-09-15T10:20:08","slug":"gominolas-quemagrasas","status":"publish","type":"product","link":"https:\/\/1001vertus.com\/es\/produit\/gummies-brule-graisse\/","title":{"rendered":"60 gominolas quemagrasas - Ziyada"},"content":{"rendered":"<p>En el punto de mira una tendencia cada vez mayor en el mundo de la nutrici\u00f3n: la <strong>gominolas quemagrasas<\/strong>. Estas gomas de borrar peque\u00f1as, coloridas y f\u00e1ciles de comer ofrecen un enfoque innovador para <strong>complemento alimenticio dedicado a la acci\u00f3n adelgazante<\/strong>. Su agradable textura y su sabor afrutado seducir\u00e1n a quienes busquen soluciones naturales que les ayuden a alcanzar sus objetivos de p\u00e9rdida de peso. <strong>p\u00e9rdida de peso<\/strong>.<\/p>\n<p>\u00bfA qu\u00e9 viene tanto alboroto? <strong>gominolas sin az\u00facar<\/strong> que est\u00e1n surgiendo en las redes sociales y en las farmacias? Lejos de ser s\u00f3lo un caramelo mal disimulado, a menudo re\u00fanen varias <strong>ingredientes naturales<\/strong> como el guaran\u00e1, el mate o extractos de plantas con fama de ayudar al sistema inmunitario. <strong>reducir el apetito<\/strong>estimular el metabolismo y facilitar la eliminaci\u00f3n de grasas.<\/p>\n<h2>\u00bfC\u00f3mo funcionan las gominolas quemagrasas?<\/h2>\n<p>En <strong>gominolas quemagrasas<\/strong> se encuentran entre los complementos alimenticios dise\u00f1ados para tener un efecto suave pero eficaz en el organismo. \u00bfSu misi\u00f3n? Ayudarle a perder los kilos de m\u00e1s mediante una serie de mecanismos inspirados en las virtudes de <strong>plantas<\/strong> y principios activos cuidadosamente seleccionados.<\/p>\n<p>La eficacia de estas gomas se debe a la combinaci\u00f3n de varios ingredientes que llevan el <strong>quemador de grasa<\/strong> y <a href=\"https:\/\/1001vertus.com\/es\/product\/tallos-de-cereza-cortados\/\"><strong>supresor del apetito<\/strong><\/a>combinando sus puntos fuertes para estimular el organismo. Las gominolas cambian la experiencia del usuario: decir adi\u00f3s a las c\u00e1psulas poco atractivas y adoptar un gesto placentero, f\u00e1cil de integrar en la rutina diaria, seduce tanto a los novatos como a los asiduos de las curas de adelgazamiento.<\/p>\n<h3>Efecto quemagrasas: \u00bfc\u00f3mo funciona?<\/h3>\n<p>La promesa estrella de las gominolas dedicadas al adelgazamiento se basa en tres grandes temas: ayudarte a <strong>eliminar la grasa acumulada<\/strong>calmar el apetito y acentuar la<strong>aumento del metabolismo<\/strong>.<\/p>\n<p>Gran parte de estos efectos se deben a su composici\u00f3n, basada en <strong>ingredientes naturales<\/strong> que han sido objeto de estudios que apoyan su papel en un <strong>p\u00e9rdida gradual de peso<\/strong>. Por ejemplo, algunos complejos utilizan algarroba o fucus para inducir una saciedad duradera, mientras que el extracto de caf\u00e9 verde ayuda a movilizar los l\u00edpidos (grasas) durante el esfuerzo f\u00edsico o en reposo.<\/p>\n<h3>\u00bfSon realmente beneficiosas las gominolas sin az\u00facar para adelgazar?<\/h3>\n<p>Elegir bien <strong>gominolas<\/strong> es prestar atenci\u00f3n a la lista de ingredientes y valores nutricionales. Elegir una f\u00f3rmula <strong>sin az\u00facar<\/strong> limita la ingesta innecesaria de calor\u00edas al tiempo que evita cualquier efecto adverso sobre el control de la glucemia, lo que resulta esencial durante una dieta o una fase de estabilizaci\u00f3n.<\/p>\n<p>Algunas marcas prefieren una formulaci\u00f3n baja en grasa o sin az\u00facar, lo que la hace m\u00e1s compatible con sus ambiciones en materia de seguridad alimentaria. <strong>p\u00e9rdida de peso<\/strong> y mantener <strong>az\u00facar en sangre<\/strong> en valores \u00f3ptimos.<\/p>\n<h2>\u00bfCu\u00e1les son los ingredientes clave de las gominolas quemagrasas?<\/h2>\n<p>El atractivo de <strong>gominolas quemagrasas<\/strong> se debe sobre todo a su riqueza en sustancias activas conocidas por su <strong>acci\u00f3n espec\u00edfica sobre el metabolismo<\/strong>Tambi\u00e9n ayuda a reducir el apetito y a controlar el almacenamiento de grasas. Pero no todas las recetas son iguales.<\/p>\n<p>He aqu\u00ed una lista no exhaustiva de los ingredientes esenciales que se encuentran con frecuencia en estas f\u00f3rmulas adelgazantes, junto con explicaciones sencillas para ayudarle a comprender mejor su valor a\u00f1adido en este tipo de dieta. <strong>complemento alimenticio<\/strong>.<\/p>\n<ul>\n<li><strong>Guaran\u00e1 :<\/strong> Rico en cafe\u00edna natural, aumenta la energ\u00eda, favorece la termog\u00e9nesis y ayuda a la eliminaci\u00f3n.<\/li>\n<li><strong>Kola :<\/strong> Estimulante gracias a su teobromina, ayuda a quemar grasas y a controlar el hambre.<\/li>\n<li><strong>Mat\u00e9 :<\/strong> conocido por optimizar la oxidaci\u00f3n de los l\u00edpidos y proporcionar un efecto tonificante natural.<\/li>\n<li><strong>Pi\u00f1a :<\/strong> contiene bromelina, una enzima utilizada para mejorar la digesti\u00f3n y reducir la retenci\u00f3n de l\u00edquidos.<\/li>\n<li><strong>Cromo :<\/strong> regula los niveles de az\u00facar en sangre, limitando los antojos ligados a las variaciones de los niveles de az\u00facar en sangre.<\/li>\n<li><strong>Caf\u00e9 verde :<\/strong> presencia de \u00e1cido clorog\u00e9nico, asociado a un aumento del metabolismo b\u00e1sico.<\/li>\n<li><strong>Ascophyllum y rockweed :<\/strong> Algas marinas naturalmente ricas en yodo, que estimulan la funci\u00f3n tiroidea \u00f3ptima para favorecer el ritmo metab\u00f3lico.<\/li>\n<li><strong>Algarroba :<\/strong> fuente de fibra soluble, que ralentiza la absorci\u00f3n de az\u00facares y prolonga la sensaci\u00f3n de saciedad.<\/li>\n<li><strong>Achicoria :<\/strong> conocido por su capacidad para facilitar la digesti\u00f3n y ayudar a reducir el almacenamiento de grasa.<\/li>\n<li><strong>Probi\u00f3ticos :<\/strong> ayudan a equilibrar la flora intestinal, lo que puede repercutir positivamente en la silueta y el confort digestivo.<\/li>\n<\/ul>\n<h2>\u00bfPara qui\u00e9n est\u00e1n dise\u00f1adas las gominolas quemagrasas y cu\u00e1l es la mejor forma de utilizarlas?<\/h2>\n<p>Dise\u00f1ados para adultos que buscan una opci\u00f3n pr\u00e1ctica que les ayude a mantener un estilo de vida saludable, estos chicles pueden utilizarse en diferentes etapas de la vida <strong>p\u00e9rdida de peso<\/strong>&nbsp;Como parte de una dieta personalizada, para compensar una dieta desequilibrada o simplemente para echar una mano al cuerpo de vez en cuando.<strong>eliminaci\u00f3n<\/strong> despu\u00e9s de algunos excesos.<\/p>\n<p>La principal ventaja es que es f\u00e1cil de tomar. Para quienes son reacios a tomar comprimidos, c\u00e1psulas o bebidas diluidas, el <strong>gominola<\/strong> renueva el placer mientras cumple su funci\u00f3n de <strong>complemento alimenticio<\/strong>. Masticar suavemente tambi\u00e9n mejora la percepci\u00f3n del sabor, reforzando el aspecto \"placer-salud\".<\/p>\n<h3>\u00bfCu\u00e1les son las condiciones para lograr resultados visibles?<\/h3>\n<p>No hay magia detr\u00e1s del efecto <strong>quemador de grasa<\/strong> integrados en gominolas que combinan caf\u00e9 verde, cromo o incluso konjak: sus beneficios residen en complementar los buenos h\u00e1bitos nutricionales a diario.<\/p>\n<p>La actividad f\u00edsica regular, una hidrataci\u00f3n adecuada y una dieta equilibrada siguen siendo esenciales. Visite <strong>gominolas<\/strong> desempe\u00f1an un papel acelerador, pero su uso aislado no provoca transformaciones milagrosas. Un seguimiento ocasional por parte de un profesional de la salud maximiza sus beneficios, sin riesgo de desequilibrio o sobredosis.<\/p>\n<h3>Precauciones y recomendaciones de uso<\/h3>\n<p>Si el <strong>gominolas sin az\u00facar<\/strong> y enriquecido con <strong>ingredientes naturales<\/strong> Aunque estas plantas son atractivas por su perfil \"saludable\", deben observarse ciertas precauciones, sobre todo para las personas que sufren trastornos metab\u00f3licos o son al\u00e9rgicas a ciertas plantas.<\/p>\n<p>Una dosificaci\u00f3n inteligente seg\u00fan los consejos del envase, evitando los excesos y comprobando al mismo tiempo que no existen interacciones medicamentosas, le garantizar\u00e1 una utilizaci\u00f3n tranquila del producto. Para cualquier patolog\u00eda cr\u00f3nica, se recomienda el asesoramiento m\u00e9dico previo.<\/p>\n<h2>Comparaci\u00f3n: la diferencia entre las gominolas quemagrasas y otras formas de suplementos adelgazantes<\/h2>\n<p>Cada vez hay m\u00e1s opciones para impulsar la<strong>acci\u00f3n adelgazante<\/strong> pueden complicar la elecci\u00f3n. C\u00e1psulas, polvos, l\u00edquidos o <strong>gominolas<\/strong> Cada uno tiene sus propias ventajas y limitaciones, por lo que compararlos le ayudar\u00e1 a encontrar la alternativa que mejor se adapte a sus necesidades y limitaciones.<\/p>\n<p>A continuaci\u00f3n figura un cuadro recapitulativo en el que se destacan las principales caracter\u00edsticas de estas diferentes formas, para dar una idea m\u00e1s clara del inter\u00e9s espec\u00edfico de <strong>gominolas sin az\u00facar<\/strong> para la <strong>p\u00e9rdida de peso<\/strong> y gesti\u00f3n del metabolismo.<\/p>\n<table border=\"1\">\n<tbody>\n<tr>\n<th>Forma<\/th>\n<th>Beneficios<\/th>\n<th>Desventajas<\/th>\n<th>Destinatarios<\/th>\n<\/tr>\n<tr>\n<td>Gominolas quemagrasas<br \/>(ingredientes naturales)<\/td>\n<td>\n<ul>\n<li>Formato divertido y pr\u00e1ctico<\/li>\n<li>Sabor agradable<\/li>\n<li>A menudo sin az\u00facar<\/li>\n<\/ul>\n<\/td>\n<td>\n<ul>\n<li>Dosis limitada por unidad<\/li>\n<li>Riesgo de confusi\u00f3n con los dulces<\/li>\n<\/ul>\n<\/td>\n<td>Adultos que buscan una alternativa sencilla y sabrosa<\/td>\n<\/tr>\n<tr>\n<td>C\u00e1psulas \/ comprimidos<\/td>\n<td>\n<ul>\n<li>Dosificaci\u00f3n precisa<\/li>\n<li>Amplia gama de activos<\/li>\n<\/ul>\n<\/td>\n<td>\n<ul>\n<li>Dificultad para tragar<\/li>\n<li>Falta de atractivo<\/li>\n<\/ul>\n<\/td>\n<td>Usuarios disciplinados acostumbrados a tratamientos regulares<\/td>\n<\/tr>\n<tr>\n<td>Polvos diluibles<\/td>\n<td>\n<ul>\n<li>Versatilidad de uso<br \/>- Alta concentraci\u00f3n de activos<\/li>\n<\/ul>\n<\/td>\n<td>- Preparaci\u00f3n tediosa<br \/>- A veces sabor amargo<\/td>\n<td>Deportivo, adaptado a rutinas elaboradas<\/td>\n<\/tr>\n<tr>\n<td>Bebidas listas para el consumo<\/td>\n<td>- F\u00e1cil de transportar<br \/>- R\u00e1pida absorci\u00f3n<\/td>\n<td>- Presencia frecuente de az\u00facares<br \/>- Conservaci\u00f3n limitada<\/td>\n<td>Gente con prisa, retenci\u00f3n n\u00f3mada<\/td>\n<\/tr>\n<\/tbody>\n<\/table>\n<p>La integraci\u00f3n de <strong>probi\u00f3ticos<\/strong> o <strong>plantas<\/strong> en gominolas es una opci\u00f3n atractiva para combinar eficacia, facilidad de uso y ahorro de energ\u00eda.<\/p>\n<div itemscope=\"\" itemtype=\"https:\/\/schema.org\/FAQPage\">\n<h2>Preguntas frecuentes sobre las gominolas quemagrasas<\/h2>\n<div itemprop=\"mainEntity\" itemscope=\"\" itemtype=\"https:\/\/schema.org\/Question\">\n<h3 itemprop=\"name\">\u00bfPuedes confiar en las gominolas quemagrasas sin cambiar tu dieta?<\/h3>\n<div itemprop=\"acceptedAnswer\" itemscope=\"\" itemtype=\"https:\/\/schema.org\/Answer\">\n<div itemprop=\"text\">Aunque ciertas f\u00f3rmulas ricas en <strong>ingredientes naturales<\/strong> ofrecer un apoyo real a<strong>adelgazamiento<\/strong>No son muy eficaces sin <strong>dieta equilibrada<\/strong> y un <strong>actividad f\u00edsica m\u00ednima<\/strong>. Las gominolas deben considerarse <strong>adici\u00f3n inteligente<\/strong>no una soluci\u00f3n milagrosa.<\/div>\n<\/div>\n<\/div>\n<div itemprop=\"mainEntity\" itemscope=\"\" itemtype=\"https:\/\/schema.org\/Question\">\n<h3 itemprop=\"name\">\u00bfQu\u00e9 diferencias hay entre las gominolas tradicionales y las gominolas sin az\u00facar?<\/h3>\n<div itemprop=\"acceptedAnswer\" itemscope=\"\" itemtype=\"https:\/\/schema.org\/Answer\">\n<div itemprop=\"text\">En <strong>gominolas sin az\u00facar<\/strong> no contienen calor\u00edas vac\u00edas y ayudan a mejorar <strong>controlar el az\u00facar en sangre<\/strong>. Conservan activos esenciales como <strong>guaran\u00e1<\/strong>el <strong>cromo<\/strong> o el <strong>mate<\/strong> sin afectar a los objetivos de p\u00e9rdida de peso. Por lo tanto, son ideales en un <strong>programa de adelgazamiento<\/strong>.<\/div>\n<\/div>\n<\/div>\n<div itemprop=\"mainEntity\" itemscope=\"\" itemtype=\"https:\/\/schema.org\/Question\">\n<h3 itemprop=\"name\">\u00bfExiste alguna contraindicaci\u00f3n para consumir gominolas quemagrasas?<\/h3>\n<div itemprop=\"acceptedAnswer\" itemscope=\"\" itemtype=\"https:\/\/schema.org\/Answer\">\n<div itemprop=\"text\">S\u00ed, algunos ingredientes como <strong>cafe\u00edna natural<\/strong> (guaran\u00e1, caf\u00e9 verde), el <strong>algas marinas<\/strong> o el <strong>cromo<\/strong> puede no recomendarse a mujeres embarazadas o en per\u00edodo de lactancia, ni a personas que padezcan trastornos cardiovasculares o tiroideos. Siempre :<\/p>\n<ul>\n<li>Lea atentamente las instrucciones<\/li>\n<li>Respetar la dosis<\/li>\n<li>Consulte a un profesional sanitario en caso de duda<\/li>\n<\/ul>\n<\/div>\n<\/div>\n<\/div>\n<div itemprop=\"mainEntity\" itemscope=\"\" itemtype=\"https:\/\/schema.org\/Question\">\n<h3 itemprop=\"name\">Gominolas quemagrasas: \u00bfc\u00f3mo elegir la mejor f\u00f3rmula?<\/h3>\n<div itemprop=\"acceptedAnswer\" itemscope=\"\" itemtype=\"https:\/\/schema.org\/Answer\">\n<div itemprop=\"text\">Una buena f\u00f3rmula contiene :<\/p>\n<ul>\n<li>En <strong>activos quemagrasas naturales<\/strong> reconocido<\/li>\n<li>No <strong>az\u00facar a\u00f1adido<\/strong><\/li>\n<li>Dosificaciones claras y origen rastreable<\/li>\n<\/ul>\n<p>He aqu\u00ed algunos principios activos comunes y sus beneficios:<\/p>\n<table border=\"1\">\n<thead>\n<tr>\n<th>Principales activos<\/th>\n<th>Principales ventajas<\/th>\n<\/tr>\n<\/thead>\n<tbody>\n<tr>\n<td>Guaran\u00e1<\/td>\n<td>Aumentar la energ\u00eda y el metabolismo<\/td>\n<\/tr>\n<tr>\n<td>Mat\u00e9<\/td>\n<td>Supresor del apetito y antioxidante<\/td>\n<\/tr>\n<tr>\n<td>Cromo<\/td>\n<td>Regulaci\u00f3n de los niveles de az\u00facar en sangre<\/td>\n<\/tr>\n<tr>\n<td>Fucus<\/td>\n<td>Eliminaci\u00f3n de grasa<\/td>\n<\/tr>\n<tr>\n<td>Achicoria \/ Algarroba<\/td>\n<td>Disminuci\u00f3n del apetito<\/td>\n<\/tr>\n<\/tbody>\n<\/table>\n<\/div>\n<\/div>\n<\/div>\n<\/div>","protected":false},"excerpt":{"rendered":"<p><strong>Instrucciones de uso<\/strong> 2 gominolas al d\u00eda para masticar con placer y un gran vaso de agua 30 minutos antes de las comidas. Se recomienda un tratamiento de al menos 3 meses para maximizar sus efectos.<\/p>\n<p><strong>Ingredientes<\/strong> Agua, aroma de melocot\u00f3n, eritritol, pectina, \u00e1cido c\u00edtrico, aceite de coco, extracto de canela.<\/p>","protected":false},"featured_media":41087,"template":"","meta":[],"product_brand":[],"product_cat":[53],"product_tag":[],"class_list":{"0":"post-41086","1":"product","2":"type-product","3":"status-publish","4":"has-post-thumbnail","6":"product_cat-complements-alimentaires","8":"first","9":"instock","10":"shipping-taxable","11":"purchasable","12":"product-type-simple"},"_links":{"self":[{"href":"https:\/\/1001vertus.com\/es\/wp-json\/wp\/v2\/product\/41086","targetHints":{"allow":["GET"]}}],"collection":[{"href":"https:\/\/1001vertus.com\/es\/wp-json\/wp\/v2\/product"}],"about":[{"href":"https:\/\/1001vertus.com\/es\/wp-json\/wp\/v2\/types\/product"}],"wp:featuredmedia":[{"embeddable":true,"href":"https:\/\/1001vertus.com\/es\/wp-json\/wp\/v2\/media\/41087"}],"wp:attachment":[{"href":"https:\/\/1001vertus.com\/es\/wp-json\/wp\/v2\/media?parent=41086"}],"wp:term":[{"taxonomy":"product_brand","embeddable":true,"href":"https:\/\/1001vertus.com\/es\/wp-json\/wp\/v2\/product_brand?post=41086"},{"taxonomy":"product_cat","embeddable":true,"href":"https:\/\/1001vertus.com\/es\/wp-json\/wp\/v2\/product_cat?post=41086"},{"taxonomy":"product_tag","embeddable":true,"href":"https:\/\/1001vertus.com\/es\/wp-json\/wp\/v2\/product_tag?post=41086"}],"curies":[{"name":"wp","href":"https:\/\/api.w.org\/{rel}","templated":true}]}}