{"id":3755,"date":"2020-11-15T13:08:54","date_gmt":"2020-11-15T12:08:54","guid":{"rendered":"https:\/\/1001vertus.com\/?post_type=product&#038;p=3755"},"modified":"2026-01-24T15:16:45","modified_gmt":"2026-01-24T14:16:45","slug":"daghmous-sahara-spurge-miel","status":"publish","type":"product","link":"https:\/\/1001vertus.com\/es\/produit\/miel-deuphorbe-daghmous-du-sahara\/","title":{"rendered":"Miel de euforbia del S\u00e1hara"},"content":{"rendered":"<p align=\"LEFT\">La miel de euforbia, tambi\u00e9n conocida como miel de Darmous, a veces de Daghmous o miel de cactus, es una miel que calienta la garganta y es muy eficaz contra los dolores de garganta, las anginas...<\/p>\n<p align=\"LEFT\">Esta sorprendente miel procede de una variedad de cactus, una planta que en su estado natural es pr\u00e1cticamente esquiva a simple vista. Pero eso no impide que las abejas recolecten las flores y produzcan la miel de euforbia, que, como el cactus, no se ha olvidado de picar.<\/p>\n<p align=\"LEFT\">Esta miel, originaria de Marruecos, se encuentra en el Medio Atlas, el Alto Atlas, la regi\u00f3n del Souss y tambi\u00e9n en el S\u00e1hara. Hemos elegido deliberadamente esta \u00faltima. Debido a la aridez de esta regi\u00f3n, la miel de euforbia producida es a\u00fan m\u00e1s \"fuerte\", calienta a\u00fan m\u00e1s la garganta y, por tanto, es m\u00e1s eficaz.<\/p>\n<h2 align=\"LEFT\"><strong><u>Entre sus virtudes:<\/u><\/strong><\/h2>\n<ul>\n<li>Muy eficaz contra el dolor de garganta y la tos,<\/li>\n<li>combate el asma, la bronquitis y otras enfermedades ORL y respiratorias,<\/li>\n<li>combate las infecciones orales y nasales y los dolores de garganta,<\/li>\n<li>tonifica y calienta el cuerpo,<\/li>\n<li>aumenta la fertilidad.<\/li>\n<\/ul>\n<h2 align=\"LEFT\"><strong>\u00bfC\u00f3mo reconocer la aut\u00e9ntica miel de Euphorbia?<\/strong><\/h2>\n<p align=\"LEFT\">Ten cuidado, ya que la miel de euforbia tiene fama de calentar o incluso picar la garganta. Algunas personas sin escr\u00fapulos a\u00f1aden savia de cactus (u otras cosas) para hacerla m\u00e1s picante.<\/p>\n<p align=\"LEFT\">En 1001 vertus, esto no es as\u00ed, e incluso le explicaremos c\u00f3mo diferenciar una miel de euforbia aut\u00e9ntica de una con \"picor\" a\u00f1adido.<\/p>\n<p align=\"LEFT\">Se supone que la miel de euforbia pura calienta la garganta (y\/o el tubo digestivo) gradualmente y no desde el principio. Si este es el caso y te pica mucho en la boca, los labios o el tracto digestivo inmediatamente despu\u00e9s de tragarla, hay muchas probabilidades de que la miel haya sido adulterada deliberadamente.<\/p>\n<h3 align=\"LEFT\"><strong>\u00bfC\u00f3mo se come la miel acre?<\/strong><\/h3>\n<p align=\"LEFT\">La miel de euforbia es ante todo una miel medicinal. Recomendamos tomar una cucharadita en cualquier momento del d\u00eda. Siempre que sienta la necesidad (dolor de garganta, tos fuerte, ataque de asma...).<\/p>\n<p align=\"LEFT\">Para facilitar su uso, puede diluirlo en medio vaso de agua a temperatura ambiente. Sin embargo, es m\u00e1s eficaz por s\u00ed solo.<\/p>\n<p align=\"LEFT\">La miel de euforbia puede utilizarse como tratamiento de fertilidad. Combinada con polen de palma, se convierte en un potente medicamento natural 100%.<\/p>\n<p align=\"LEFT\"><strong><u><b>Fuente :<\/b><\/u><\/strong> Marruecos (S\u00e1hara)<\/p>\n<p align=\"LEFT\"><strong><u><b>Capacidad :<\/b><\/u><\/strong> disponible en tarros de cristal de 125 g y 250 g<\/p>\n<p align=\"LEFT\">Desaconsejamos comprar esta miel a ni\u00f1os menores de 10 a\u00f1os. No porque sea peligrosa, sino porque pica mucho y no les gustar\u00e1.<\/p>\n<p align=\"LEFT\"><strong><u><b>Tenga en cuenta lo siguiente:<\/b><\/u><\/strong> Le recordamos que est\u00e1 prohibido dar miel a los lactantes. Para saber m\u00e1s, lea <a href=\"https:\/\/1001vertus.com\/es\/miel-prohibida-para-los-lactantes\/\">este art\u00edculo<\/a>.<\/p>","protected":false},"excerpt":{"rendered":"<p align=\"LEFT\">La miel de Euforbia, tambi\u00e9n conocida como miel de Daghmous, es una miel que tiene la particularidad de <strong>calentar la garganta<\/strong> y ser<strong> muy eficaz contra dolores de garganta, anginas, tos...<\/strong><\/p>\n<p align=\"LEFT\">Esta sorprendente miel, principalmente medicinal, procede de una variedad de cactus, \u00a1y lo menos que podemos decir es que no le falta picante!<\/p>\n<p align=\"LEFT\">Miel de euforbia del <strong>Regi\u00f3n del S\u00e1hara<\/strong>Al ser tan seco, es a\u00fan m\u00e1s \"fuerte\", calienta a\u00fan m\u00e1s la garganta y, por lo tanto, \u00a1es a\u00fan m\u00e1s eficaz!<strong><br \/>\n<\/strong><\/p>\n<p><strong>*Nuestras mieles pueden cristalizar de forma natural: descubra por qu\u00e9 y c\u00f3mo licuarlas <a href=\"https:\/\/1001vertus.com\/es\/2026\/01\/24\/por-que-cristaliza-la-miel\/\">aqu\u00ed<\/strong><\/a>.<\/p>","protected":false},"featured_media":3758,"template":"","meta":[],"product_brand":[],"product_cat":[25,28,68],"product_tag":[],"class_list":{"0":"post-3755","1":"product","2":"type-product","3":"status-publish","4":"has-post-thumbnail","6":"product_cat-miels","7":"product_cat-medecine-sante","8":"product_cat-miel-maroc","10":"first","11":"instock","12":"featured","13":"shipping-taxable","14":"purchasable","15":"product-type-variable"},"_links":{"self":[{"href":"https:\/\/1001vertus.com\/es\/wp-json\/wp\/v2\/product\/3755","targetHints":{"allow":["GET"]}}],"collection":[{"href":"https:\/\/1001vertus.com\/es\/wp-json\/wp\/v2\/product"}],"about":[{"href":"https:\/\/1001vertus.com\/es\/wp-json\/wp\/v2\/types\/product"}],"wp:featuredmedia":[{"embeddable":true,"href":"https:\/\/1001vertus.com\/es\/wp-json\/wp\/v2\/media\/3758"}],"wp:attachment":[{"href":"https:\/\/1001vertus.com\/es\/wp-json\/wp\/v2\/media?parent=3755"}],"wp:term":[{"taxonomy":"product_brand","embeddable":true,"href":"https:\/\/1001vertus.com\/es\/wp-json\/wp\/v2\/product_brand?post=3755"},{"taxonomy":"product_cat","embeddable":true,"href":"https:\/\/1001vertus.com\/es\/wp-json\/wp\/v2\/product_cat?post=3755"},{"taxonomy":"product_tag","embeddable":true,"href":"https:\/\/1001vertus.com\/es\/wp-json\/wp\/v2\/product_tag?post=3755"}],"curies":[{"name":"wp","href":"https:\/\/api.w.org\/{rel}","templated":true}]}}