{"id":3681,"date":"2020-11-06T09:09:54","date_gmt":"2020-11-06T08:09:54","guid":{"rendered":"https:\/\/1001vertus.com\/?post_type=product&#038;p=3681"},"modified":"2026-04-29T15:21:31","modified_gmt":"2026-04-29T14:21:31","slug":"capsulas-de-costus-indio","status":"publish","type":"product","link":"https:\/\/1001vertus.com\/es\/produit\/gelules-de-costus-indien\/","title":{"rendered":"C\u00e1psulas de costus indio - Fuente Nigella"},"content":{"rendered":"<p><span style=\"font-family: Times New Roman, serif;\"><span style=\"font-size: medium;\">El costus indio, o<\/span><\/span><span style=\"font-family: Times New Roman, serif;\"><span style=\"font-size: medium;\"><i> qist al hindi<\/i><\/span><\/span><span style=\"font-family: Times New Roman, serif;\"><span style=\"font-size: medium;\"> en \u00e1rabe, es una planta que crece a gran altitud, principalmente en Asia. Las ra\u00edces de esta planta se utilizan por sus incre\u00edbles propiedades medicinales en la medicina tradicional \u00e1rabe y china, as\u00ed como en la medicina prof\u00e9tica isl\u00e1mica, <\/span><\/span><\/p>\n<p><span style=\"font-family: Times New Roman, serif;\"><span style=\"font-size: medium;\">Dado que tiene un sabor amargo y un olor muy desagradable, nuestro Costus indio se presenta en forma de c\u00e1psulas naturales 100% para facilitar su ingesti\u00f3n y ayudar a que act\u00fae r\u00e1pidamente en el organismo.<\/span><\/span><\/p>\n<h2><span style=\"font-family: Times New Roman, serif;\"><span style=\"font-size: large;\"><b>Los beneficios del costus indio :<\/b><\/span><\/span><\/h2>\n<ul>\n<li><span style=\"font-family: Times New Roman, serif;\"><span style=\"font-size: medium;\">estimula el sistema inmunitario,<\/span><\/span><\/li>\n<li><span style=\"font-family: Times New Roman, serif;\"><span style=\"font-size: medium;\">Alivia eficazmente los dolores de cabeza (migra\u00f1as y jaquecas), <\/span><\/span><\/li>\n<li><span style=\"font-family: Times New Roman, serif;\"><span style=\"font-size: medium;\">regula de forma natural el ciclo menstrual, <\/span><\/span><\/li>\n<li><span style=\"font-family: Times New Roman, serif;\"><span style=\"font-size: medium;\">potencia la fertilidad y favorece la ovulaci\u00f3n,<\/span><\/span><\/li>\n<li><span style=\"font-family: Times New Roman, serif;\"><span style=\"font-size: medium;\">Estimula la libido y ayuda a combatir la impotencia sexual,<\/span><\/span><\/li>\n<li><span style=\"font-family: Times New Roman, serif;\"><span style=\"font-size: medium;\">trata problemas urinarios como la incontinencia o la retenci\u00f3n urinaria (dificultad para vaciar completamente la vejiga), <\/span><\/span><\/li>\n<li><span style=\"font-family: Times New Roman, serif;\"><span style=\"font-size: medium;\">trata la pleures\u00eda (inflamaci\u00f3n de la pleura, el revestimiento del pulm\u00f3n), <\/span><\/span><\/li>\n<li><span style=\"font-family: Times New Roman, serif;\"><span style=\"font-size: medium;\">baja la fiebre, <\/span><\/span><\/li>\n<li><span style=\"font-family: Times New Roman, serif;\"><span style=\"font-size: medium;\">estimula el apetito en personas con trastornos alimentarios, <\/span><\/span><\/li>\n<li><span style=\"font-family: Times New Roman, serif;\"><span style=\"font-size: medium;\">ayuda a deshacerse de infecciones como las \u00falceras bucales o la amigdalitis, <\/span><\/span><\/li>\n<li><span style=\"font-family: Times New Roman, serif;\"><span style=\"font-size: medium;\">alivia el dolor abdominal, <\/span><\/span><\/li>\n<li><span style=\"font-family: Times New Roman, serif;\"><span style=\"font-size: medium;\">Alivia el reumatismo,<\/span><\/span><\/li>\n<li><span style=\"font-family: Times New Roman, serif;\"><span style=\"font-size: medium;\">ayuda a recuperarse m\u00e1s r\u00e1pidamente tras un esfuerzo f\u00edsico, <\/span><\/span><\/li>\n<li><span style=\"font-family: Times New Roman, serif;\"><span style=\"font-size: medium;\">devuelve el vigor y la energ\u00eda a las personas con bajo nivel energ\u00e9tico, <\/span><\/span><\/li>\n<li><span style=\"font-family: Times New Roman, serif;\"><span style=\"font-size: medium;\">favorece el tr\u00e1nsito intestinal y regula tanto la diarrea como el estre\u00f1imiento cr\u00f3nico, <\/span><\/span><\/li>\n<li><span style=\"font-family: Times New Roman, serif;\"><span style=\"font-size: medium;\">eficaz contra las disfunciones renales y hep\u00e1ticas,<br \/>\n<\/span><\/span><\/li>\n<li><span style=\"font-family: Times New Roman, serif;\"><span style=\"font-size: medium;\">drena el h\u00edgado, d\u00e1ndole un impulso natural, <\/span><\/span><\/li>\n<li><span style=\"font-family: Times New Roman, serif;\"><span style=\"font-size: medium;\">previene el desarrollo de tumores y c\u00e1ncer oral <\/span><\/span><\/li>\n<li><span style=\"font-family: Times New Roman, serif;\"><span style=\"font-size: medium;\">es un excelente regulador de tensi\u00f3n, <\/span><\/span><\/li>\n<li><span style=\"font-family: Times New Roman, serif;\"><span style=\"font-size: medium;\">alivia el dolor dental,<\/span><\/span><\/li>\n<li><span style=\"font-family: Times New Roman, serif;\"><span style=\"font-size: medium;\">libra al organismo de lombrices intestinales y otros par\u00e1sitos, <\/span><\/span><\/li>\n<li><span style=\"font-family: Times New Roman, serif;\"><span style=\"font-size: medium;\">ayuda a tratar problemas relacionados con la diabetes y el p\u00e1ncreas, <\/span><\/span><\/li>\n<li><span style=\"font-family: Times New Roman, serif;\"><span style=\"font-size: medium;\">Reduce los efectos de los resfriados y los mocos.<\/span><\/span><\/li>\n<\/ul>\n<p>&nbsp;<\/p>\n<p><span style=\"font-family: Times New Roman, serif;\"><span style=\"font-size: medium;\"><b>DOSIFICACI\u00d3N :<\/b><\/span><\/span><\/p>\n<p><span style=\"font-family: Times New Roman, serif;\"><span style=\"font-size: medium;\">2 c\u00e1psulas al d\u00eda por la ma\u00f1ana, preferentemente con el est\u00f3mago vac\u00edo. Recomendamos un tratamiento m\u00ednimo de 3 meses para apreciar plenamente sus efectos. <\/span><\/span><\/p>\n<p><span style=\"font-family: Times New Roman, serif;\"><span style=\"font-size: medium;\">Este suplemento diet\u00e9tico puede utilizarse como prevenci\u00f3n o como ayuda en el tratamiento.<\/span><\/span><\/p>\n<p>&nbsp;<\/p>\n<p><span style=\"font-family: Times New Roman, serif;\"><span style=\"font-size: medium;\"><b>CONTRAINDICACIONES :<\/b><\/span><\/span><\/p>\n<p><span style=\"font-family: Times New Roman, serif;\"><span style=\"font-size: medium;\">No recomendado para ni\u00f1os peque\u00f1os, mujeres embarazadas o en per\u00edodo de lactancia.<\/span><\/span><\/p>\n<p>&nbsp;<\/p>\n<p><span style=\"font-family: Times New Roman, serif;\"><span style=\"font-size: medium;\"><u><b>Capacidad :<\/b><\/u><\/span><\/span><span style=\"font-family: Times New Roman, serif;\"><span style=\"font-size: medium;\">\u00a0 60 c\u00e1psulas<br \/>\n<\/span><\/span><\/p>\n<p><span style=\"font-family: Times New Roman, serif;\"><span style=\"font-size: medium;\"><u><b>Ingredientes INCI :<\/b><\/u><\/span><\/span><span style=\"font-family: Times New Roman, serif;\"><span style=\"font-size: medium;\">\u00a0 SAUSSUREA COSTUS (polvo)<br \/>\n<\/span><\/span><\/p>\n<p><span style=\"font-family: Times New Roman, serif;\"><span style=\"font-size: medium;\"> C\u00e1psulas vegetales HPMC<\/span><\/span><\/p>\n<p><span style=\"font-family: Times New Roman, serif;\"><span style=\"font-size: medium;\"><u><b>Fuente :<\/b><\/u><\/span><\/span><span style=\"font-family: Times New Roman, serif;\"><span style=\"font-size: medium;\"> Fabricado en Francia. Costus origen: no UE.<br \/>\n<\/span><\/span><\/p>\n<p><span style=\"font-family: Times New Roman, serif;\"><span style=\"font-size: medium;\">Almacenar en un lugar seco, lejos del calor y la humedad. <\/span><\/span><\/p>\n<p>&nbsp;<\/p>\n<p><span style=\"font-family: Times New Roman, serif;\"><span style=\"font-size: medium;\">Tambi\u00e9n puede encontrar el costus en forma de<a href=\"https:\/\/1001vertus.com\/es\/product\/huile-de-costus-indien-60ml\/\">aceite<\/a> (masaje, aplicaci\u00f3n local) o <a href=\"https:\/\/1001vertus.com\/es\/product\/costus-indio-en-polvo\/\">polvo<\/a> (para mezclar con miel, por ejemplo) en nuestro sitio web.<br \/>\n<\/span><\/span><\/p>","protected":false},"excerpt":{"rendered":"<p><span style=\"font-family: Times New Roman, serif;\"><span style=\"font-size: medium;\">Utilizado desde hace siglos en la medicina asi\u00e1tica y \u00e1rabe, sobre todo en la medicina prof\u00e9tica, el costus indio ha demostrado sobradamente su eficacia en el tratamiento de una amplia gama de dolencias.<\/span><\/span><\/p>\n<p><span style=\"font-family: Times New Roman, serif;\"><span style=\"font-size: medium;\">Por fin puede disfrutar de todos los beneficios del costus indio en forma de c\u00e1psulas. Este formato es ideal para quienes no soportan el sabor o el olor.<\/span><\/span><\/p>\n<p><span style=\"font-family: Times New Roman, serif;\"><span style=\"font-size: medium;\">Estas c\u00e1psulas son 100% naturales y garantizadas <\/span><\/span><span style=\"font-family: Times New Roman, serif;\"><span style=\"font-size: medium;\">BIO, <\/span><\/span><span style=\"font-family: Times New Roman, serif;\"><span style=\"font-size: medium;\">halal, kosher y sin OMG.<\/span><\/span><\/p>","protected":false},"featured_media":6977,"template":"","meta":[],"product_brand":[],"product_cat":[53,27,28,96],"product_tag":[],"class_list":{"0":"post-3681","1":"product","2":"type-product","3":"status-publish","4":"has-post-thumbnail","6":"product_cat-complements-alimentaires","7":"product_cat-bien-etre","8":"product_cat-medecine-sante","9":"product_cat-roqya-chariya","11":"first","12":"instock","13":"shipping-taxable","14":"purchasable","15":"product-type-simple"},"_links":{"self":[{"href":"https:\/\/1001vertus.com\/es\/wp-json\/wp\/v2\/product\/3681","targetHints":{"allow":["GET"]}}],"collection":[{"href":"https:\/\/1001vertus.com\/es\/wp-json\/wp\/v2\/product"}],"about":[{"href":"https:\/\/1001vertus.com\/es\/wp-json\/wp\/v2\/types\/product"}],"wp:featuredmedia":[{"embeddable":true,"href":"https:\/\/1001vertus.com\/es\/wp-json\/wp\/v2\/media\/6977"}],"wp:attachment":[{"href":"https:\/\/1001vertus.com\/es\/wp-json\/wp\/v2\/media?parent=3681"}],"wp:term":[{"taxonomy":"product_brand","embeddable":true,"href":"https:\/\/1001vertus.com\/es\/wp-json\/wp\/v2\/product_brand?post=3681"},{"taxonomy":"product_cat","embeddable":true,"href":"https:\/\/1001vertus.com\/es\/wp-json\/wp\/v2\/product_cat?post=3681"},{"taxonomy":"product_tag","embeddable":true,"href":"https:\/\/1001vertus.com\/es\/wp-json\/wp\/v2\/product_tag?post=3681"}],"curies":[{"name":"wp","href":"https:\/\/api.w.org\/{rel}","templated":true}]}}