{"id":3586,"date":"2020-10-04T09:55:03","date_gmt":"2020-10-04T08:55:03","guid":{"rendered":"https:\/\/1001vertus.com\/?post_type=product&#038;p=3586"},"modified":"2025-03-24T12:15:54","modified_gmt":"2025-03-24T11:15:54","slug":"oliban-louban-dakar-1001-virtudes","status":"publish","type":"product","link":"https:\/\/1001vertus.com\/es\/produit\/oliban-louban-dakar-1001-vertus\/","title":{"rendered":"Oliban \" louban dakar \" - 1001 VERTUS"},"content":{"rendered":"<p>El ol\u00edbano o louban dakar en \u00e1rabe (que significa \"incienso masculino\") es un tipo de goma ar\u00e1biga.<\/p>\n<p>El lub\u00e1n procede de la Boswellia, un \u00e1rbol de la familia de las Burser\u00e1ceas, tambi\u00e9n conocido como \u00e1rbol del incienso. Se obtiene cortando la corteza, ya sea en las ramas o en el tronco. La savia sale y, al entrar en contacto directo con el aire, se coagula. A continuaci\u00f3n, la savia puede extraerse a mano.<\/p>\n<p>Esta preciosa resina era objeto de comercio entre la India y los pa\u00edses europeos.<\/p>\n<p>En el siglo XV, los navegantes europeos descubrieron la goma ar\u00e1biga en las costas de Senegal y la actual Mauritania. En el siglo XVIII, una sangrienta y amarga \"guerra de la goma\" dio a Francia el monopolio del comercio en la costa occidental africana.<\/p>\n<p>En aquella \u00e9poca, este producto de lujo se vend\u00eda muy caro.<\/p>\n<p>El incienso tiene muchos beneficios, y \u00e9stos son muy espec\u00edficos dependiendo de c\u00f3mo se utilice.<\/p>\n<h2><u>Usos del incienso :<\/u><\/h2>\n<ul>\n<li><strong>Quemado :<\/strong>\u00a0perfuma sus hogares y purifica el aire.<\/li>\n<li><strong>Masticable :<\/strong>\u00a0alivia los dolores de est\u00f3mago y facilita la digesti\u00f3n despu\u00e9s de las comidas; limpia los dientes de tabaco y caf\u00e9 y regula los latidos del coraz\u00f3n; y refresca el aliento y desinfecta la boca.<\/li>\n<li><strong>Macerado en agua\u00a0<\/strong>La vitamina E: refuerza la memoria, previene enfermedades cr\u00f3nicas como las hep\u00e1ticas, renales y digestivas, alivia el estre\u00f1imiento y la diarrea, refuerza el sistema inmunitario, controla los niveles de az\u00facar en sangre y reduce el colesterol...<\/li>\n<li><strong>En preparaci\u00f3n cosm\u00e9tica<\/strong>\u00a0Ayuda a reafirmar la piel, la mantiene bien hidratada y estimula la producci\u00f3n de col\u00e1geno. Reduce la aparici\u00f3n de arrugas, unifica y mejora la tez y favorece la renovaci\u00f3n celular de la piel.<\/li>\n<li><strong>Masajear o diluir en un ba\u00f1o:<\/strong>\u00a0Muy utilizado en aromaterapia, el ol\u00edbano alivia la ansiedad y el estr\u00e9s. Tambi\u00e9n es un excelente relajante, que ayuda a combatir la depresi\u00f3n estacional, el exceso de emotividad y la tensi\u00f3n...<\/li>\n<\/ul>\n<p>Seg\u00fan estudios realizados por la Universidad Hopkins de Estados Unidos y la Universidad Qaboos de Om\u00e1n, el incienso es beneficioso en la lucha contra el c\u00e1ncer. Los cient\u00edficos han descubierto que hay un agente en la resina que detiene la propagaci\u00f3n del c\u00e1ncer. Se cree que provoca la autodestrucci\u00f3n de las c\u00e9lulas cancerosas.<\/p>\n<h3><u>Preparativos :<\/u><\/h3>\n<ul>\n<li><strong>Quemado :\u00a0<\/strong>Coloca un trocito de incienso sobre un carb\u00f3n encendido.<\/li>\n<li>\u00a0<strong>Masticable :\u00a0<\/strong>Mastica algunas piedras de incienso con una pizca de az\u00facar en polvo o una cucharadita de miel.<\/li>\n<li><strong>Macerar :<\/strong>\u00a0A\u00f1ade 30 g de incienso a 1 litro de agua hirviendo o a temperatura ambiente (cuanto m\u00e1s caliente est\u00e9 el agua, m\u00e1s r\u00e1pido se disolver\u00e1 el incienso). Dejar reposar toda la noche (de 3 a 4 horas como m\u00ednimo). Tome peque\u00f1os sorbos de esta bebida a lo largo del d\u00eda.<\/li>\n<\/ul>\n<p>Nota: el agua tendr\u00e1 entonces un color blanquecino y un aspecto \"viscoso\", lo cual es perfectamente normal. Puede colar esta mezcla con un colador.<\/p>\n<ul>\n<li><strong>Masaje:<\/strong>\u00a0diluir algunas unidades de ol\u00edbano en un aceite vegetal virgen (recomendamos un aceite vegetal con una alta concentraci\u00f3n de ol\u00edbano).\u00a0<a href=\"https:\/\/1001vertus.com\/es\/product\/aceite-de-almendras-dulces-ecologico\/\">Aceite de almendras dulces ecol\u00f3gicas<\/a>).<\/li>\n<\/ul>\n<ul>\n<li><strong>En preparaci\u00f3n cosm\u00e9tica :<\/strong><\/li>\n<\/ul>\n<p><u>Ingredientes:<\/u><\/p>\n<p><a href=\"https:\/\/1001vertus.com\/es\/product\/manteca-de-karite-cruda-y-filtrada-con-certificado-ecologico-y-ecocert\/\">100 g de manteca de karit\u00e9<\/a><\/p>\n<p>30 g de incienso<\/p>\n<p>8 gotas de vitamina E<\/p>\n<p><u>Preparaci\u00f3n :<\/u><\/p>\n<ol>\n<li>Remojar el incienso en agua durante toda la noche.<\/li>\n<li>Poner la manteca de karit\u00e9 al ba\u00f1o mar\u00eda y dejar que se derrita ligeramente.<\/li>\n<li>Filtrar el incienso y mezclarlo con la batidora.<\/li>\n<li>A\u00f1adir la manteca de karit\u00e9 y batir de nuevo.<\/li>\n<li>A\u00f1adir la vitamina E y mezclar.<\/li>\n<li>\u00a1Tu crema de noche est\u00e1 lista!<\/li>\n<\/ol>\n<p><u><strong>Origen :<\/strong><\/u>\u00a0Sud\u00e1n \/ Somalia<\/p>\n<p><u><strong>Peso :<\/strong><\/u> Disponible en bolsas kraft herm\u00e9ticas de 100 g o 250 g.<\/p>\n<p><u><strong>Conservaci\u00f3n :<\/strong><\/u>\u00a0Lejos de fuentes de calor, aire y luz.<\/p>","protected":false},"excerpt":{"rendered":"<p>El ol\u00edbano es una resina utilizada desde hace siglos en Asia y \u00c1frica. Tiene un amplio abanico de virtudes, dependiendo de c\u00f3mo se utilice.<\/p>\n<p>Entre otras cosas, puede quemarse como incienso para aprovechar su aroma y purificar el aire, masticarse para purificar la boca y aliviar los dolores de est\u00f3mago, beberse como preparado para reforzar el sistema inmunitario o prevenir una serie de enfermedades cr\u00f3nicas, utilizarse en cosm\u00e9tica como antiarrugas, potenciador del col\u00e1geno y para igualar la tez, o masajearse para aliviar una serie de dolores y molestias, as\u00ed como la congesti\u00f3n ORL y respiratoria...<\/p>","protected":false},"featured_media":3588,"template":"","meta":[],"product_brand":[],"product_cat":[28,27],"product_tag":[],"class_list":{"0":"post-3586","1":"product","2":"type-product","3":"status-publish","4":"has-post-thumbnail","6":"product_cat-medecine-sante","7":"product_cat-bien-etre","9":"first","10":"instock","11":"shipping-taxable","12":"purchasable","13":"product-type-variable"},"_links":{"self":[{"href":"https:\/\/1001vertus.com\/es\/wp-json\/wp\/v2\/product\/3586","targetHints":{"allow":["GET"]}}],"collection":[{"href":"https:\/\/1001vertus.com\/es\/wp-json\/wp\/v2\/product"}],"about":[{"href":"https:\/\/1001vertus.com\/es\/wp-json\/wp\/v2\/types\/product"}],"wp:featuredmedia":[{"embeddable":true,"href":"https:\/\/1001vertus.com\/es\/wp-json\/wp\/v2\/media\/3588"}],"wp:attachment":[{"href":"https:\/\/1001vertus.com\/es\/wp-json\/wp\/v2\/media?parent=3586"}],"wp:term":[{"taxonomy":"product_brand","embeddable":true,"href":"https:\/\/1001vertus.com\/es\/wp-json\/wp\/v2\/product_brand?post=3586"},{"taxonomy":"product_cat","embeddable":true,"href":"https:\/\/1001vertus.com\/es\/wp-json\/wp\/v2\/product_cat?post=3586"},{"taxonomy":"product_tag","embeddable":true,"href":"https:\/\/1001vertus.com\/es\/wp-json\/wp\/v2\/product_tag?post=3586"}],"curies":[{"name":"wp","href":"https:\/\/api.w.org\/{rel}","templated":true}]}}