{"id":3272,"date":"2020-07-09T20:15:25","date_gmt":"2020-07-09T19:15:25","guid":{"rendered":"https:\/\/1001vertus.com\/?post_type=product&#038;p=3272"},"modified":"2026-04-26T11:51:51","modified_gmt":"2026-04-26T10:51:51","slug":"1001-vertus-aceite-de-coquillo-amarillo-ecologico","status":"publish","type":"product","link":"https:\/\/1001vertus.com\/es\/produit\/huile-de-souchet-bio-1001-vertus\/","title":{"rendered":"Aceite de chufa bio - 1001 VERTUS"},"content":{"rendered":"<p><span style=\"font-family: Arial, sans-serif;\"><span style=\"font-size: medium;\">El aceite de chufa se utiliza tradicionalmente en los rituales de belleza de las mujeres orientales para\u00a0<\/span><\/span><strong><span style=\"font-family: Arial, sans-serif;\"><span style=\"font-size: medium;\">ralentizar y reducir el crecimiento del vello.<\/span><\/span><\/strong><span style=\"font-family: Arial, sans-serif;\"><span style=\"font-size: medium;\">\u00a0<\/span><\/span><\/p>\n<p><span style=\"font-family: Arial, sans-serif;\"><span style=\"font-size: medium;\">Una aplicaci\u00f3n diaria de aceite de Nuez amarilla antes y despu\u00e9s de la depilaci\u00f3n ayuda a prevenir y limitar la cantidad y el crecimiento del vello. <\/span><\/span><\/p>\n<p><span style=\"font-family: Arial, sans-serif;\"><span style=\"font-size: medium;\">Rico en fitosteroles, es<\/span><\/span><strong><span style=\"font-family: Arial, sans-serif;\"><span style=\"font-size: medium;\">\u00a0tiene fama de proteger la piel despu\u00e9s de la depilaci\u00f3n y de aliviar las quemaduras de la cuchilla de afeitar, <\/span><\/span><\/strong><span style=\"font-family: Arial, sans-serif;\"><span style=\"font-size: medium;\">prevenir la aparici\u00f3n de<\/span><\/span><strong><span style=\"font-family: Arial, sans-serif;\"><span style=\"font-size: medium;\"> rojeces y peque\u00f1os granos<\/span><\/span><\/strong><span style=\"font-family: Arial, sans-serif;\"><span style=\"font-size: medium;\">, y ser<\/span><\/span><strong><span style=\"font-family: Arial, sans-serif;\"><span style=\"font-size: medium;\">\u00a0<\/span><\/span><\/strong><span style=\"font-family: Arial, sans-serif;\"><span style=\"font-size: medium;\">eficaz para calmar las rojeces.\u00a0<\/span><\/span><\/p>\n<p><span style=\"font-family: Arial, sans-serif;\"><span style=\"font-size: medium;\">Recomendado tanto para hombres como para mujeres, este aceite, conocido por las egipcias desde hace m\u00e1s de 4.000 a\u00f1os, proporciona a la piel un verdadero confort y un alivio innegable.<\/span><\/span><\/p>\n<p>Este aceite, conocido por sus propiedades antioxidantes y rico en vitamina E, tambi\u00e9n se utiliza en tratamientos cosm\u00e9ticos para\u00a0<strong><span style=\"font-family: Arial, sans-serif;\"><span style=\"font-size: medium;\">combatir el envejecimiento prematuro<\/span><\/span><\/strong><span style=\"font-family: Arial, sans-serif;\"><span style=\"font-size: medium;\">\u00a0de la piel. Se utiliza en\u00a0<\/span><\/span><strong><span style=\"font-family: Arial, sans-serif;\"><span style=\"font-size: medium;\">nutritivo<\/span><\/span><\/strong><span style=\"font-family: Arial, sans-serif;\"><span style=\"font-size: medium;\">\u00a0para\u00a0<\/span><\/span><strong><span style=\"font-family: Arial, sans-serif;\"><span style=\"font-size: medium;\">protege la piel y el cabello de la deshidrataci\u00f3n, revitaliza, suaviza y devuelve la flexibilidad, la luminosidad y el vigor <\/span><\/span><\/strong><span style=\"font-family: Arial, sans-serif;\"><span style=\"font-size: medium;\">para cabellos da\u00f1ados. <\/span><\/span><\/p>\n<p><span style=\"font-family: Arial, sans-serif;\"><span style=\"font-size: medium;\">Tambi\u00e9n contiene fitoesteroles. \u00c9stos tienen propiedades calmantes. Esto explica que el aceite de chufa se recomiende a menudo en publicaciones para pieles muy secas, con eczema o psoriasis, y tambi\u00e9n para cabellos finos o encrespados. <\/span><\/span><\/p>\n<h2><span style=\"font-family: Arial, sans-serif;\"><span style=\"font-size: medium;\"><u><b>VIRTUDES DEL ACEITE DE COQUILLO AMARILLO :<\/b><\/u><\/span><\/span><\/h2>\n<h3><strong><span style=\"font-family: Arial, sans-serif;\"><span style=\"font-size: medium;\">- PARA LA PIEL :<\/span><\/span><\/strong><\/h3>\n<ul>\n<li><strong><span style=\"font-family: Arial, sans-serif;\"><span style=\"font-size: medium;\"><b>L\u00edmite <\/b><\/span><\/span><\/strong><span style=\"font-family: Arial, sans-serif;\"><span style=\"font-size: medium;\"><b>el<\/b><\/span><\/span><strong><span style=\"font-family: Arial, sans-serif;\"><span style=\"font-size: medium;\"><b> rebrote<\/b><\/span><\/span><\/strong> <span style=\"font-family: Arial, sans-serif;\"><span style=\"font-size: medium;\">de<\/span><\/span><strong><span style=\"font-family: Arial, sans-serif;\"><span style=\"font-size: medium;\"> pelo<\/span><\/span><\/strong><span style=\"font-family: Arial, sans-serif;\"><span style=\"font-size: medium;\">. <\/span><\/span><\/li>\n<li><strong><span style=\"font-family: Arial, sans-serif;\"><span style=\"font-size: medium;\">Muy <\/span><\/span><\/strong><strong><span style=\"font-family: Arial, sans-serif;\"><span style=\"font-size: medium;\"><b>nutritivo<\/b><\/span><\/span><\/strong><span style=\"font-family: Arial, sans-serif;\"><span style=\"font-size: medium;\">, Protege la piel de la deshidrataci\u00f3n. <\/span><\/span><\/li>\n<li><span style=\"font-family: Arial, sans-serif;\"><span style=\"font-size: medium;\">Su contenido en vitamina E <\/span><\/span><strong><span style=\"font-family: Arial, sans-serif;\"><span style=\"font-size: medium;\">antioxidante\u00a0<\/span><\/span><\/strong><span style=\"font-family: Arial, sans-serif;\"><span style=\"font-size: medium;\">es un activo para <\/span><\/span><span style=\"font-family: Arial, sans-serif;\"><span style=\"font-size: medium;\"><b>ralentizar la aparici\u00f3n de signos de envejecimiento cut\u00e1neo<\/b><\/span><\/span><span style=\"font-family: Arial, sans-serif;\"><span style=\"font-size: medium;\">. <\/span><\/span><\/li>\n<li><span style=\"font-family: Arial, sans-serif;\"><span style=\"font-size: medium;\"><b>Mejora\u2019<\/b><\/span><\/span><strong><span style=\"font-family: Arial, sans-serif;\"><span style=\"font-size: medium;\"><b>elasticidad<\/b><\/span><\/span><\/strong><span style=\"font-family: Arial, sans-serif;\"><span style=\"font-size: medium;\"><b> de la piel<\/b><\/span><\/span><span style=\"font-family: Arial, sans-serif;\"><span style=\"font-size: medium;\"> al tiempo que proporciona <\/span><\/span><strong><span style=\"font-family: Arial, sans-serif;\"><span style=\"font-size: medium;\">suavidad<\/span><\/span><\/strong><span style=\"font-family: Arial, sans-serif;\"><span style=\"font-size: medium;\"> y <\/span><\/span><strong><span style=\"font-family: Arial, sans-serif;\"><span style=\"font-size: medium;\">flexibilidad<\/span><\/span><\/strong><span style=\"font-family: Arial, sans-serif;\"><span style=\"font-size: medium;\">. <\/span><\/span><\/li>\n<\/ul>\n<h4 class=\"western\"><span style=\"font-family: Arial, sans-serif;\"><span style=\"font-size: medium;\">Ideal para pieles secas y muy secas, pieles descamadas y pieles maduras.<\/span><\/span><\/h4>\n<p><span style=\"font-family: Arial, sans-serif;\"><span style=\"font-size: medium;\">El aceite de coquillo amarillo no es adecuado para pieles demasiado grasas, pero s\u00ed para ni\u00f1os y pieles sensibles.<\/span><\/span><\/p>\n<p>&nbsp;<\/p>\n<p>&nbsp;<\/p>\n<h3><strong><span style=\"font-family: Arial, sans-serif;\"><span style=\"font-size: medium;\">- PARA EL PELO :<\/span><\/span><\/strong><\/h3>\n<ul>\n<li><strong><span style=\"font-family: Arial, sans-serif;\"><span style=\"font-size: medium;\">Alimentadores <\/span><\/span><\/strong><span style=\"font-family: Arial, sans-serif;\"><span style=\"font-size: medium;\">profundamente en la fibra capilar. <\/span><\/span><\/li>\n<li><span style=\"font-family: Arial, sans-serif;\"><span style=\"font-size: medium;\">Evita<\/span><\/span><strong><span style=\"font-family: Arial, sans-serif;\"><span style=\"font-size: medium;\"> deshidrataci\u00f3n <\/span><\/span><\/strong><span style=\"font-family: Arial, sans-serif;\"><span style=\"font-size: medium;\">el pelo. <\/span><\/span><\/li>\n<li><strong><span style=\"font-family: Arial, sans-serif;\"><span style=\"font-size: medium;\">Revitalice<\/span><\/span><\/strong><span style=\"font-family: Arial, sans-serif;\"><span style=\"font-size: medium;\"> y restaura <\/span><\/span><strong><span style=\"font-family: Arial, sans-serif;\"><span style=\"font-size: medium;\">brillo <\/span><\/span><\/strong><span style=\"font-family: Arial, sans-serif;\"><span style=\"font-size: medium;\">y <\/span><\/span><strong><span style=\"font-family: Arial, sans-serif;\"><span style=\"font-size: medium;\">fuerza<\/span><\/span><\/strong><span style=\"font-family: Arial, sans-serif;\"><span style=\"font-size: medium;\"> para cabellos da\u00f1ados. <\/span><\/span><\/li>\n<li><strong><span style=\"font-family: Arial, sans-serif;\"><span style=\"font-size: medium;\">Suave <\/span><\/span><\/strong><span style=\"font-family: Arial, sans-serif;\"><span style=\"font-size: medium;\">y <\/span><\/span><strong><span style=\"font-family: Arial, sans-serif;\"><span style=\"font-size: medium;\">suaviza <\/span><\/span><\/strong><span style=\"font-family: Arial, sans-serif;\"><span style=\"font-size: medium;\">la fibra capilar. <\/span><\/span><\/li>\n<\/ul>\n<h4 class=\"western\"><span style=\"font-family: Arial, sans-serif;\"><span style=\"font-size: medium;\">Ideal para :<\/span><\/span><\/h4>\n<ul>\n<li><span style=\"font-family: Arial, sans-serif;\"><span style=\"font-size: medium;\">Puntas secas, \u00e1speras, quebradizas y abiertas <\/span><\/span><\/li>\n<li><span style=\"font-family: Arial, sans-serif;\"><span style=\"font-size: medium;\">Cabello encrespado, afro, rizado <\/span><\/span><\/li>\n<\/ul>\n<p><span style=\"font-family: Arial, sans-serif;\"><span style=\"font-size: medium;\">Utilizar como ba\u00f1o de aceite. No apto para cabellos grasos, o s\u00f3lo si son quebradizos. <\/span><\/span><\/p>\n<p>&nbsp;<\/p>\n<h3 class=\"western\" align=\"LEFT\"><strong><span style=\"font-family: Arial, sans-serif;\"><span style=\"font-size: medium;\">ACEITE DE COQUILLO PARA EVITAR QUE VUELVA A CRECER:<\/span><\/span><\/strong><\/h3>\n<p align=\"JUSTIFY\"><span style=\"font-family: Arial, sans-serif;\"><span style=\"font-size: medium;\">Es aconsejable aplicar aceite de chufa no s\u00f3lo despu\u00e9s de la depilaci\u00f3n, sino tambi\u00e9n cada noche sobre la zona depilada, hasta la siguiente depilaci\u00f3n. <\/span><\/span><\/p>\n<p align=\"JUSTIFY\"><span style=\"font-family: Arial, sans-serif;\"><span style=\"font-size: medium;\">Los efectos son visibles al cabo de un mes como m\u00ednimo, y s\u00f3lo si se ha eliminado realmente el vello de ra\u00edz (es decir, con cera o pinzas, no con cuchilla o maquinilla).<\/span><\/span><\/p>\n<p align=\"JUSTIFY\"><span style=\"font-family: Arial, sans-serif;\"><span style=\"font-size: medium;\">Esto puede funcionar en las cejas (que est\u00e1n demasiado pobladas), que se depilan con pinzas, pero tambi\u00e9n en las axilas, la zona \u00edntima, las piernas, etc...<\/span><\/span><\/p>\n<p align=\"LEFT\"><span style=\"font-family: Arial, sans-serif;\"><span style=\"font-size: medium;\"><u><b>Ingrediente INCI :<\/b><\/u> Aceite de ra\u00edz de Cyperus esculentus<\/span><\/span><\/p>\n<p align=\"LEFT\"><span style=\"font-family: Arial, sans-serif;\"><span style=\"font-size: medium;\"><u><b>Fuente :<\/b><\/u> \u00c1frica<\/span><\/span><\/p>\n<p align=\"LEFT\"><span style=\"font-family: Arial, sans-serif;\"><span style=\"font-size: medium;\"><u><b>Capacidad :<\/b><\/u> 100 ml<\/span><\/span><\/p>\n<p align=\"LEFT\"><span style=\"font-family: Arial, sans-serif;\"><span style=\"font-size: medium;\"><u><b>Precauciones de uso\u00a0<\/b><\/u>S\u00f3lo para uso externo.<\/span><\/span><\/p>","protected":false},"excerpt":{"rendered":"<p align=\"LEFT\"><span style=\"font-family: Arial, sans-serif;\"><span style=\"font-size: medium;\">El aceite de coquillo amarillo tiene fama de ser el\u2019<strong>aceite natural contra el crecimiento 100%<\/strong>. <\/span><\/span><\/p>\n<p align=\"JUSTIFY\"><span style=\"font-family: Arial, sans-serif;\"><span style=\"font-size: medium;\">Piernas, axilas, zona \u00edntima, cejas... Aplicado despu\u00e9s de la depilaci\u00f3n y a diario, el aceite de chufa impide que el vello vuelva a crecer.<\/span><\/span><\/p>\n<p align=\"JUSTIFY\"><span style=\"font-family: Arial, sans-serif;\"><span style=\"font-size: medium;\">Tambi\u00e9n es muy bueno para la piel y el cabello, sobre todo para el pelo encrespado, afro y rizado, as\u00ed como para el cabello seco, quebradizo y \u00e1spero. <\/span><\/span><\/p>\n<p align=\"JUSTIFY\"><span style=\"font-family: Arial, sans-serif;\"><span style=\"font-size: medium;\">Nuestro aceite de chufa tiene certificaci\u00f3n ecol\u00f3gica y Ecocert.<br \/>\n<\/span><\/span><\/p>","protected":false},"featured_media":3273,"template":"","meta":[],"product_brand":[],"product_cat":[15,27],"product_tag":[],"class_list":{"0":"post-3272","1":"product","2":"type-product","3":"status-publish","4":"has-post-thumbnail","6":"product_cat-huiles-bio","7":"product_cat-bien-etre","9":"first","10":"outofstock","11":"shipping-taxable","12":"purchasable","13":"product-type-simple"},"_links":{"self":[{"href":"https:\/\/1001vertus.com\/es\/wp-json\/wp\/v2\/product\/3272","targetHints":{"allow":["GET"]}}],"collection":[{"href":"https:\/\/1001vertus.com\/es\/wp-json\/wp\/v2\/product"}],"about":[{"href":"https:\/\/1001vertus.com\/es\/wp-json\/wp\/v2\/types\/product"}],"wp:featuredmedia":[{"embeddable":true,"href":"https:\/\/1001vertus.com\/es\/wp-json\/wp\/v2\/media\/3273"}],"wp:attachment":[{"href":"https:\/\/1001vertus.com\/es\/wp-json\/wp\/v2\/media?parent=3272"}],"wp:term":[{"taxonomy":"product_brand","embeddable":true,"href":"https:\/\/1001vertus.com\/es\/wp-json\/wp\/v2\/product_brand?post=3272"},{"taxonomy":"product_cat","embeddable":true,"href":"https:\/\/1001vertus.com\/es\/wp-json\/wp\/v2\/product_cat?post=3272"},{"taxonomy":"product_tag","embeddable":true,"href":"https:\/\/1001vertus.com\/es\/wp-json\/wp\/v2\/product_tag?post=3272"}],"curies":[{"name":"wp","href":"https:\/\/api.w.org\/{rel}","templated":true}]}}