{"id":2628,"date":"2020-04-01T00:40:56","date_gmt":"2020-03-31T23:40:56","guid":{"rendered":"https:\/\/1001vertus.com\/?post_type=product&#038;p=2628"},"modified":"2023-11-12T17:47:47","modified_gmt":"2023-11-12T16:47:47","slug":"despagne-1001-virtudes-miel-de-tomillo","status":"publish","type":"product","link":"https:\/\/1001vertus.com\/es\/produit\/miel-de-thym-despagne-1001-vertus\/","title":{"rendered":"Miel de thym d&rsquo;Espagne &#8211; 1001 vertus"},"content":{"rendered":"<p>Les vertus th\u00e9rapeutiques du miel de thym ont d\u00e9j\u00e0 \u00e9t\u00e9 explor\u00e9es par de nombreuses civilisations ant\u00e9rieures \u00e0 la n\u00f4tre.<\/p>\n<p>On lui reconna\u00eet de grandes capacit\u00e9s cicatrisantes qui seraient attribuables \u00e0 deux compos\u00e9s antiseptiques et antibact\u00e9riens pr\u00e9sents dans le miel de thym, le thymol et le carvacrol, mais aussi au fait qu\u2019il contienne beaucoup de ph\u00e9nols. Le corps m\u00e9dical en a fait l\u2019exp\u00e9rience au point de fabriquer des compresses pr\u00e9alablement imbib\u00e9es de ce miel. Plaies, br\u00fblures, ulc\u00e8res ou aphtes, boutons d\u2019acn\u00e9 ou m\u00eame escarres, tout y passe.<\/p>\n<p>Comme son pH est plus \u00e9lev\u00e9 que dans les miels floraux, la prolif\u00e9ration des bact\u00e9ries s\u2019y fait moins rapidement.<\/p>\n<p>&nbsp;<\/p>\n<h3 class=\"western\">Bienfaits du miel de thym sur l\u2019organisme :<\/h3>\n<p>En tant que rem\u00e8de naturel et en raison de ses propri\u00e9t\u00e9s antibact\u00e9riennes, la consommation de ce miel peut \u00eatre indiqu\u00e9e pour soulager certains maux comme :<\/p>\n<ul>\n<li>Enfermedades respiratorias como faringitis estreptoc\u00f3cica, resfriados y bronquitis.<\/li>\n<li>Les affections d\u2019origine virales telle que la grippe.<\/li>\n<li>Un sirop antibact\u00e9rien et apaisant pour les toux s\u00e8ches qui irritent la gorge ou les extinctions de voie.<\/li>\n<li>Les probl\u00e8mes de digestion ou li\u00e9s aux intestins, notamment les diarrh\u00e9es et les gastro-ent\u00e9rites.<\/li>\n<\/ul>\n<p>Dans de tels cas, il est recommand\u00e9 de consommer le miel de thym pur, \u00e0 la cuill\u00e8re et de renouveler l\u2019op\u00e9ration jusqu\u2019\u00e0 l\u2019apparition de signes d\u2019am\u00e9lioration.<\/p>\n<p>&nbsp;<\/p>\n<h3 class=\"western\">Beneficios de la miel de tomillo para la piel :<\/h3>\n<p>Comme dit pr\u00e9c\u00e9demment, le miel de thym est particuli\u00e8rement connu pour favoriser la cicatrisation. Il peut ainsi \u00eatre appliqu\u00e9 directement sur la peau en cas\u00a0:<\/p>\n<ul>\n<li>De br\u00fblures : il agit alors comme un antibact\u00e9rien tout en aidant \u00e0 la reconstruction des cellules endommag\u00e9es de l\u2019\u00e9piderme.<\/li>\n<li>De zona ou d&rsquo;herp\u00e8s afin d&rsquo;\u00e9viter les r\u00e9cidives.<\/li>\n<li>D\u2019acn\u00e9 et de cicatrices dues \u00e0 l\u2019acn\u00e9 : il peut \u00eatre appliqu\u00e9 en masque \u00e0 laisser agir environ 30 minutes avant d\u2019\u00eatre abondamment rinc\u00e9. La peau est alors plus saine tout en \u00e9tant hydrat\u00e9e.<\/li>\n<li>De plaies superficielles \u00e0 infect\u00e9es : il r\u00e9duit les inflammations tout en favorisant la cicatrisation ainsi que la disparition de germes et\/ou bact\u00e9ries.<\/li>\n<\/ul>\n<p>&nbsp;<\/p>\n<p><strong><u>Bon \u00e0 savoir<\/u><\/strong><u>\u00a0:<\/u> le miel de thym peut entrer dans la composition de plats sucr\u00e9s et g\u00e2teaux afin de remplacer le sucre en poudre.<\/p>\n<p><u><b>Peso :<\/b><\/u> 250g<\/p>\n<p><u><b>Origen :<\/b><\/u> Espa\u00f1a<\/p>\n<p>&nbsp;<\/p>\n<p><strong><u><b>Tenga en cuenta lo siguiente:<\/b><\/u><\/strong> Le recordamos que est\u00e1 prohibido dar miel a los lactantes. Para saber m\u00e1s, lea <a href=\"https:\/\/1001vertus.com\/es\/miel-prohibida-para-los-lactantes\/\">este art\u00edculo<\/a>.<\/p>","protected":false},"excerpt":{"rendered":"<p>Pr\u00e9sent\u00e9 comme l\u2019une des vari\u00e9t\u00e9s de miel ayant le plus de vertus m\u00e9dicinales, le miel de thym a une couleur ambr\u00e9e et une saveur tr\u00e8s prononc\u00e9e. R\u00e9put\u00e9 pour son pouvoir antiseptique, il est fortement utilis\u00e9 pour la pr\u00e9vention des maladies infectieuses, respiratoires et digestives.<\/p>\n<p>Il aurait \u00e9galement un effet tonifiant et revigorant, ce qui le rend id\u00e9al en cas de grippe.<\/p>\n<p>Que ce soit pour ses vertus ou son go\u00fbt prononc\u00e9, le miel de thym est un miel \u00e0 toujours avoir dans son garde-manger.<\/p>","protected":false},"featured_media":2630,"template":"","meta":[],"product_brand":[],"product_cat":[108],"product_tag":[],"class_list":{"0":"post-2628","1":"product","2":"type-product","3":"status-publish","4":"has-post-thumbnail","6":"product_cat-rupture-de-stock","8":"first","9":"outofstock","10":"shipping-taxable","11":"purchasable","12":"product-type-simple"},"_links":{"self":[{"href":"https:\/\/1001vertus.com\/es\/wp-json\/wp\/v2\/product\/2628","targetHints":{"allow":["GET"]}}],"collection":[{"href":"https:\/\/1001vertus.com\/es\/wp-json\/wp\/v2\/product"}],"about":[{"href":"https:\/\/1001vertus.com\/es\/wp-json\/wp\/v2\/types\/product"}],"wp:featuredmedia":[{"embeddable":true,"href":"https:\/\/1001vertus.com\/es\/wp-json\/wp\/v2\/media\/2630"}],"wp:attachment":[{"href":"https:\/\/1001vertus.com\/es\/wp-json\/wp\/v2\/media?parent=2628"}],"wp:term":[{"taxonomy":"product_brand","embeddable":true,"href":"https:\/\/1001vertus.com\/es\/wp-json\/wp\/v2\/product_brand?post=2628"},{"taxonomy":"product_cat","embeddable":true,"href":"https:\/\/1001vertus.com\/es\/wp-json\/wp\/v2\/product_cat?post=2628"},{"taxonomy":"product_tag","embeddable":true,"href":"https:\/\/1001vertus.com\/es\/wp-json\/wp\/v2\/product_tag?post=2628"}],"curies":[{"name":"wp","href":"https:\/\/api.w.org\/{rel}","templated":true}]}}