{"id":2436,"date":"2020-02-27T17:40:36","date_gmt":"2020-02-27T16:40:36","guid":{"rendered":"https:\/\/1001vertus.com\/?post_type=product&#038;p=2436"},"modified":"2023-02-20T14:04:57","modified_gmt":"2023-02-20T13:04:57","slug":"yemen-sidr-maliky-miel-de-azufaifo-real-2","status":"publish","type":"product","link":"https:\/\/1001vertus.com\/es\/produit\/miel-de-jujubier-royal-du-yemen-sidr-maliky-2\/","title":{"rendered":"Miel de azufaifo real de Yemen (sidr maliky)"},"content":{"rendered":"<p class=\"western\"><span style=\"color: #333333;\"><span style=\"font-family: Arial, sans-serif;\">La miel de azufaifo real (sidr maliky) se elabora con azufaifo, un \u00e1rbol silvestre que crece en la regi\u00f3n yemen\u00ed de Daw'an (Hadramawt) y es famoso por sus propiedades medicinales desde hace miles de a\u00f1os. Este \u00e1rbol crece en tierras salvajes y sin cultivar, t\u00edpicas de las regiones des\u00e9rticas de Yemen. El nombre de \u00abreal\u00bb procede de su calidad, ya que existen varios tipos de miel de calidad.<\/span><\/span><\/p>\n<p class=\"western\"><span style=\"color: #333333;\"><span style=\"font-family: Arial, sans-serif;\">Y una de las razones por las que el \u00aboro yemen\u00ed\u00bb es un producto tan excepcional es que los apicultores tienen sus propios m\u00e9todos para mantener las colmenas y extraer la miel. No recurren al jarabe de az\u00facar ni utilizan medicamentos o productos qu\u00edmicos, ser\u00eda un sacrilegio.<br \/>\nPara recolectar la miel de azufaifo, los apicultores yemen\u00edes no utilizan maquinaria ni herramientas especiales, s\u00f3lo sus manos. Adem\u00e1s, a menudo es dif\u00edcil acceder a los nidos de las abejas, lo que limita la cosecha y, en consecuencia, aumenta el coste de esta miel, convirti\u00e9ndola en una de las m\u00e1s caras del mundo.<\/span><\/span><\/p>\n<p class=\"western\"><span style=\"color: #333333;\"><span style=\"font-family: Arial, sans-serif;\">Seg\u00fan la <\/span><\/span><em><span style=\"color: #333333;\"><span style=\"font-family: Arial, sans-serif;\">Organizaci\u00f3n de las Naciones Unidas para la Agricultura y la Alimentaci\u00f3n<\/span><\/span><\/em><span style=\"color: #333333;\"><span style=\"font-family: Arial, sans-serif;\"> (FAO), la miel de azufaifo yemen\u00ed es cien veces m\u00e1s cara que otros tipos de miel en el mercado mundial, principalmente por sus propiedades medicinales y nutritivas. <\/span><\/span><\/p>\n<p class=\"western\"><span style=\"font-family: Arial, sans-serif;\">Esta miel es \u00fanica porque no cristaliza y permanece l\u00edquida incluso cuando est\u00e1 fr\u00eda.<\/span><\/p>\n<p class=\"western\"><span style=\"color: #333333;\"><span style=\"font-family: Arial, sans-serif;\">Es excelente para las infecciones respiratorias, la tos y los dolores de garganta. La miel de azufaifo real tambi\u00e9n se utiliza a menudo en muchos remedios y contra una amplia gama de dolencias:<\/span><\/span><\/p>\n<ul>\n<li>\n<p class=\"western\"><span style=\"font-family: Arial, sans-serif;\">infecciones respiratorias,<\/span><\/p>\n<\/li>\n<li>\n<p class=\"western\"><span style=\"font-family: Arial, sans-serif;\">Dolor de garganta,<\/span><\/p>\n<\/li>\n<li>\n<p class=\"western\"><span style=\"font-family: Arial, sans-serif;\">tosiendo,<\/span><\/p>\n<\/li>\n<li>\n<p class=\"western\"><span style=\"font-family: Arial, sans-serif;\">sinusitis,<\/span><\/p>\n<\/li>\n<li>\n<p class=\"western\"><span style=\"font-family: Arial, sans-serif;\">angina,<\/span><\/p>\n<\/li>\n<li>\n<p class=\"western\"><span style=\"font-family: Arial, sans-serif;\">problemas digestivos o intestinales,<\/span><\/p>\n<\/li>\n<li>\n<p class=\"western\"><span style=\"font-family: Arial, sans-serif;\">un sistema inmunitario d\u00e9bil,<\/span><\/p>\n<\/li>\n<li>\n<p class=\"western\"><span style=\"font-family: Arial, sans-serif;\">infecciones,<\/span><\/p>\n<\/li>\n<li>\n<p class=\"western\"><span style=\"font-family: Arial, sans-serif;\">infertilidad,<\/span><\/p>\n<\/li>\n<li>\n<p class=\"western\"><span style=\"font-family: Arial, sans-serif;\">staphylococcus aureus.<\/span><\/p>\n<\/li>\n<\/ul>\n<p class=\"western\"><span style=\"font-family: Arial, sans-serif;\">Y aplicado t\u00f3picamente para :<\/span><\/p>\n<ul>\n<li>\n<p class=\"western\"><span style=\"font-family: Arial, sans-serif;\">ciertas enfermedades oculares infecciosas,<\/span><\/p>\n<\/li>\n<li>\n<p class=\"western\"><span style=\"font-family: Arial, sans-serif;\">cortes,<\/span><\/p>\n<\/li>\n<li>\n<p class=\"western\"><span style=\"font-family: Arial, sans-serif;\">quemaduras,<\/span><\/p>\n<\/li>\n<li>\n<p class=\"western\"><span style=\"font-family: Arial, sans-serif;\">acn\u00e9,<\/span><\/p>\n<\/li>\n<li>\n<p class=\"western\"><span style=\"font-family: Arial, sans-serif;\">eczema,<\/span><\/p>\n<\/li>\n<li>\n<p class=\"western\"><span style=\"font-family: Arial, sans-serif;\">psoriasis.<\/span><\/p>\n<\/li>\n<\/ul>\n<p class=\"western\"><span style=\"color: #333333;\"><span style=\"font-family: Arial, sans-serif;\">En general, la miel yemen\u00ed se consume mejor sola por la ma\u00f1ana, con el est\u00f3mago vac\u00edo. <\/span><\/span><\/p>\n<p class=\"western\"><strong><span style=\"color: #333333;\"><span style=\"font-family: Arial, sans-serif;\">Descubra o redescubra esta miel real de la que muchos dicen que es la mejor miel del mundo.<\/span><\/span><\/strong><\/p>\n<p class=\"western\"><span style=\"font-family: Arial, sans-serif;\">Por supuesto, se envasa en un tarro de cristal para su mejor conservaci\u00f3n.<\/span><\/p>\n<p class=\"western\"><span style=\"font-family: Arial, sans-serif;\"><i>Disponible en tarros de 125 g y 250 g.<\/i><\/span><\/p>\n<p>&nbsp;<\/p>\n<p><strong><u><b>Tenga en cuenta lo siguiente:<\/b><\/u><\/strong> Le recordamos que est\u00e1 prohibido dar miel a los lactantes. Para saber m\u00e1s, lea <a href=\"https:\/\/1001vertus.com\/es\/miel-prohibida-para-los-lactantes\/\">este art\u00edculo<\/a>.<\/p>","protected":false},"excerpt":{"rendered":"<p class=\"western\"><span style=\"font-family: Arial, sans-serif;\"><span style=\"color: #333333;\">Descubra una de las joyas de Yemen, la famosa miel de azufaifo de calidad real conocida como \u00abmiel\".\u00ab\u00a0<\/span><span style=\"color: #333333;\"><i>sidr maliky<\/i><\/span><span style=\"color: #333333;\">\u00a0\u00bbEst\u00e1 considerada una de las mejores mieles del mundo. <\/span><\/span><\/p>\n<p class=\"western\"><span style=\"font-family: Arial, sans-serif;\"><span style=\"color: #333333;\">Se elabora con azufaifo, un \u00e1rbol silvestre que crece en la regi\u00f3n yemen\u00ed de <\/span><span style=\"color: #333333;\"><i>Daw'an (Hadramawt)<\/i><\/span><span style=\"color: #333333;\"> y reconocido desde hace miles de a\u00f1os por sus propiedades medicinales. Este \u00e1rbol crece en tierras salvajes y sin cultivar, t\u00edpicas de las regiones des\u00e9rticas de Yemen. <\/span><\/span><\/p>\n<p class=\"western\"><span style=\"color: #333333;\"><span style=\"font-family: Arial, sans-serif;\">La miel de azufaifo real tambi\u00e9n es famosa por su incomparable sabor y sus efectos afrodis\u00edacos. Es muy suave y agradable al paladar. Su color es bastante claro.<\/span><\/span><\/p>","protected":false},"featured_media":2444,"template":"","meta":[],"product_brand":[],"product_cat":[25,29,28],"product_tag":[],"class_list":{"0":"post-2436","1":"product","2":"type-product","3":"status-publish","4":"has-post-thumbnail","6":"product_cat-miels","7":"product_cat-alimentation","8":"product_cat-medecine-sante","10":"first","11":"instock","12":"shipping-taxable","13":"purchasable","14":"product-type-variable"},"_links":{"self":[{"href":"https:\/\/1001vertus.com\/es\/wp-json\/wp\/v2\/product\/2436","targetHints":{"allow":["GET"]}}],"collection":[{"href":"https:\/\/1001vertus.com\/es\/wp-json\/wp\/v2\/product"}],"about":[{"href":"https:\/\/1001vertus.com\/es\/wp-json\/wp\/v2\/types\/product"}],"wp:featuredmedia":[{"embeddable":true,"href":"https:\/\/1001vertus.com\/es\/wp-json\/wp\/v2\/media\/2444"}],"wp:attachment":[{"href":"https:\/\/1001vertus.com\/es\/wp-json\/wp\/v2\/media?parent=2436"}],"wp:term":[{"taxonomy":"product_brand","embeddable":true,"href":"https:\/\/1001vertus.com\/es\/wp-json\/wp\/v2\/product_brand?post=2436"},{"taxonomy":"product_cat","embeddable":true,"href":"https:\/\/1001vertus.com\/es\/wp-json\/wp\/v2\/product_cat?post=2436"},{"taxonomy":"product_tag","embeddable":true,"href":"https:\/\/1001vertus.com\/es\/wp-json\/wp\/v2\/product_tag?post=2436"}],"curies":[{"name":"wp","href":"https:\/\/api.w.org\/{rel}","templated":true}]}}