{"id":2270,"date":"2020-01-12T13:01:05","date_gmt":"2020-01-12T12:01:05","guid":{"rendered":"https:\/\/1001vertus.com\/?post_type=product&#038;p=2270"},"modified":"2026-04-19T18:52:20","modified_gmt":"2026-04-19T17:52:20","slug":"aceite-de-masaje-antidolor-corporal-de-nigella","status":"publish","type":"product","link":"https:\/\/1001vertus.com\/es\/produit\/nigella-body-lhuile-de-massage-anti-douleur\/","title":{"rendered":"Nigella Body - Aceite de masaje analg\u00e9sico"},"content":{"rendered":"<p><span style=\"font-family: Arial, sans-serif;\">Nigelle body es un aceite de masaje <\/span><span style=\"font-family: Arial, sans-serif;\">es un<\/span><span style=\"font-family: Arial, sans-serif;\"> formule exclusive con\u00e7u<\/span><span style=\"font-family: Arial, sans-serif;\">e<\/span><span style=\"font-family: Arial, sans-serif;\"> pou<\/span><span style=\"font-family: Arial, sans-serif;\">r p\u00e9n\u00e9trer en profondeur <\/span><span style=\"font-family: Arial, sans-serif;\">afin d\u2019<\/span><span style=\"font-family: Arial, sans-serif;\">aider vos muscles et vos articulations \u00e0 r\u00e9cup\u00e9rer, mais aussi \u00e0 les soulager et \u00e0 les apaiser.<\/span><\/p>\n<h2><strong><span style=\"font-family: Arial, sans-serif;\">Composition de l&rsquo;huile de massage \u00e0 la nigelle Nigella body<\/span><\/strong><\/h2>\n<ul>\n<li><span style=\"font-family: Arial, sans-serif;\">\u00a0d\u2019une <strong>huile de nigelle d\u2019\u00c9thiopie<\/strong> de tr\u00e8s haute qualit\u00e9 (certifi\u00e9e pure \u00e0 99,74%). Cette huile pr\u00e9sente d\u2019innombrables vertus ! Elle est notamment anti-inflammatoire, analg\u00e9sique, antidouleur, antimicrobienne, antirhumatismale, antioxydantes&#8230;<\/span><\/li>\n<\/ul>\n<p><em><span style=\"font-family: Arial, sans-serif;\">Vous d\u00e9sirez en savoir plus sur cette huile ? Consulter notre article de blog : <\/span><\/em><span style=\"font-family: Arial, sans-serif;\"> <a href=\"https:\/\/1001vertus.com\/es\/comino-negro-la-semilla-con-1001-virtudes\/\">https:\/\/1001vertus.com\/la-nigelle-la-graine-aux-1001-vertus\/<\/a><br \/>\n<\/span><\/p>\n<ul>\n<li><span style=\"font-family: Arial, sans-serif;\">d\u2019<strong>huile essentielle de Gaulth\u00e9rie<\/strong> qui, avec ses propri\u00e9t\u00e9s analg\u00e9siques, anti-inflammatoire et rub\u00e9fiantes (effet chauffant) est certainement le meilleur antidouleur musculaire et articulaire de toute la pharmacop\u00e9e.<\/span><\/li>\n<\/ul>\n<p><span style=\"font-family: Arial, sans-serif;\">Cette huile est tr\u00e8s pris\u00e9e dans le domaine sportif pour une pr\u00e9paration musculaire ou une r\u00e9cup\u00e9ration apr\u00e8s l\u2019effort afin de soulager les muscles fatigu\u00e9s ou douloureux. Mais aussi pour les douleurs inflammatoires (rhumatismes, l\u2019arthrose, l\u2019arthrite, la polyarthrite, la synovite, es tendinites, torticolis\u2026) et les douleurs musculaires (entorse, foulure, crampe, courbature, contracture, d\u00e9chirure, claquage, lumbago\u2026) ainsi que les maux de t\u00eate ou migraines.<\/span><\/p>\n<ul>\n<li><span style=\"font-family: Arial, sans-serif;\">d\u2019<strong>Aceite esencial de pino silvestre<\/strong>, qui dispose de propri\u00e9t\u00e9s anti-inflammatoires et antalgiques mais aussi de vertus antiseptiques respiratoires et expectorantes.<\/span><\/li>\n<\/ul>\n<p><span style=\"font-family: Arial, sans-serif;\">Ces propri\u00e9t\u00e9s anti-inflammatoires et antalgiques permettent de soulager arthrose, arthrite, sciatique, le lumbago, les rhumatisme, les raideurs, douleurs musculaires et articulaires.<\/span><\/p>\n<p><span style=\"font-family: Arial, sans-serif;\">Ces vertus antiseptiques respiratoires et expectorantes permettent de lutter contre les bronchites, sinusites, toux ou laryngites mais elle a \u00e9galement des vertus d\u00e9congestionnantes veineuses et lymphatiques qui permettront de lutter contre divers troubles de la circulation sanguine tels que la r\u00e9tention d\u2019eau, les jambes lourdes ou encore la cellulite.<\/span><\/p>\n<p><span style=\"font-family: Arial, sans-serif;\">Cette huile essentielle a aussi un effet cortisone-like : la cortisone est une hormone s\u00e9cr\u00e9t\u00e9e par les glandes surr\u00e9nales, elle a une action anti-inflammatoire et agit en cas de baisse d&rsquo;\u00e9nergie, fatigue passag\u00e8re ou chronique, d\u00e9pressions mineures, baisse de la r\u00e9sistance organique, d&rsquo;infections \u00e0 r\u00e9p\u00e9tition. <\/span><\/p>\n<ul>\n<li><span style=\"font-family: Arial, sans-serif;\">d\u2019<strong>huile essentielle de Menthe poivr\u00e9e<\/strong> contenant du menthol qui lui conf\u00e8re des propri\u00e9t\u00e9s antidouleurs et anti-inflammatoires. Tout comme le froid, le menthol active les thermor\u00e9cepteurs de la peau ce qui entra\u00eene une analg\u00e9sie profonde et un soulagement de la douleur.<\/span><\/li>\n<\/ul>\n<p><span style=\"font-family: Arial, sans-serif;\">D\u2019ailleurs l\u2019association de la Gaulth\u00e9rie et la menthe poivr\u00e9e a \u00e9t\u00e9 \u00e9tudi\u00e9e et jug\u00e9e efficace dans la gestion des douleurs dorsales.<\/span><\/p>\n<ul>\n<li><span style=\"font-family: Arial, sans-serif;\">d\u2019<strong>Aceite esencial de alcanfor<\/strong>, qui poss\u00e8de \u00e9galement des propri\u00e9t\u00e9s analg\u00e9siques, anti-inflammatoires mais aussi stimulantes, qui aident \u00e0 activer la circulation du sang.<\/span><\/li>\n<\/ul>\n<p><span style=\"font-family: Arial, sans-serif;\">Appr\u00e9ci\u00e9e des sportifs et des personnes souffrant de rhumatismes, elle est souvent utilis\u00e9e pour soulager les douleurs musculaires et rhumatismales.<\/span><\/p>\n<p><span style=\"font-family: Arial, sans-serif;\">Les propri\u00e9t\u00e9s d\u00e9congestionnantes du camphre, pr\u00e9sente dans l\u2019huile, permettent de d\u00e9gager les voies respiratoires notamment lors des grippes, rhumes, bronchites ou autres infections hivernales.<\/span><\/p>\n<p><strong><span style=\"font-family: Arial, sans-serif;\">La synergie de ces huiles est tout simplement magnifique et offre une huile de massage tr\u00e8s efficace.<\/span><\/strong><\/p>\n<p><span style=\"font-family: Arial, sans-serif;\"><u><b>Capacidad\u00a0<\/b><\/u>50 ml<\/span><\/p>\n<h3><span style=\"font-family: Arial, sans-serif;\"><u><b>Conseil d\u2019utilisation\u00a0:<\/b><\/u> <\/span><\/h3>\n<ul>\n<li><span style=\"font-family: Arial, sans-serif;\">A l\u2019aide de sa bille de massage, appliquez sur l\u2019huile de massage en mouvements circulaires sur les zones douloureuses.<\/span><\/li>\n<li><span style=\"font-family: Arial, sans-serif;\">Para el confort respiratorio, aplicar en el pecho o en la parte superior de la espalda.<\/span><\/li>\n<li><span style=\"font-family: Arial, sans-serif;\">Lavez-vous les mains apr\u00e8s application.<\/span><\/li>\n<li><span style=\"font-family: Arial, sans-serif;\">Le roll-on peut \u00eatre appliqu\u00e9 ponctuellement ou quotidiennement (1 \u00e0 2 fois par jour).<\/span><\/li>\n<li><span style=\"font-family: Arial, sans-serif;\">Mantener fuera del alcance de los ni\u00f1os.<\/span><\/li>\n<li><span style=\"font-family: Arial, sans-serif;\">S\u00f3lo para uso externo.<\/span><\/li>\n<li><span style=\"font-family: Arial, sans-serif;\">Conserver \u00e0 temp\u00e9rature ambiante, \u00e0 l\u2019abri de la lumi\u00e8re et de l\u2019humidit\u00e9.<\/span><\/li>\n<\/ul>\n<h3><span style=\"font-family: Arial, sans-serif;\"><u><b>Contre-indications\u00a0:<\/b><\/u> <\/span><\/h3>\n<ul>\n<li><span style=\"font-family: Arial, sans-serif;\">Ne pas utiliser chez les enfants de moins de 7 ans, chez la femme enceinte ou allaitante, chez les personnes \u00e9pileptiques ou en cas d\u2019allergie \u00e0 l\u2019un des composants.<\/span><\/li>\n<li><span style=\"font-family: Arial, sans-serif;\">Ne pas appliquer sur les muqueuses, une zone irrit\u00e9e ou une peau ab\u00eem\u00e9e.<\/span><\/li>\n<li><span style=\"font-family: Arial, sans-serif;\">\u00c9viter tout contact avec les yeux.<\/span><\/li>\n<li><span style=\"font-family: Arial, sans-serif;\">A proscrire chez les personnes allergiques \u00e0 l\u2019aspirine ou aux d\u00e9riv\u00e9s salicyl\u00e9s.<\/span><\/li>\n<li><span style=\"font-family: Arial, sans-serif;\">Debido a sus posibles efectos anticoagulantes, no debe ser utilizado por personas en tratamiento con anticoagulantes.<\/span><\/li>\n<li><span style=\"font-family: Arial, sans-serif;\">Effet \u00ab\u00a0cortisone-like\u00a0\u00bb, \u00e0 prendre en compte en cas de pathologie li\u00e9e.<\/span><\/li>\n<\/ul>\n<p><span style=\"font-family: Arial, sans-serif;\">Certaines de ces huiles essentielles peuvent pr\u00e9senter un risque allergique. Si vous ne les avez jamais utilis\u00e9es, il convient de commencer par un usage tr\u00e8s localis\u00e9e comme le pli du coude puis d\u2019attendre 24 \u00e0 48h avant de l\u2019utiliser.<\/span><\/p>","protected":false},"excerpt":{"rendered":"<p><span style=\"font-family: Arial, sans-serif;\">Nigella body est un roll-on de relaxation musculaire. Cette huile de massage a \u00e9t\u00e9 \u00e9labor\u00e9 avec une huile de nigelle d\u2019\u00c9thiopie de tr\u00e8s haute qualit\u00e9 \u00e0 laquelle ont \u00e9t\u00e9 ajout\u00e9 4 huiles essentielles connues pour soulager et apaiser les douleurs musculaires, celles li\u00e9es aux rhumatismes ou \u00e0 l\u2019arthrose, les douleurs au dos\u2026 <\/span><\/p>\n<p><span style=\"font-family: Arial, sans-serif;\">Simple d\u2019application, on peut appliquer soit-m\u00eame cette huile \u00e0 l\u2019aide du roll-on ou l\u2019utiliser lors d\u2019un massage.<\/span><\/p>","protected":false},"featured_media":15568,"template":"","meta":[],"product_brand":[],"product_cat":[28,102,26],"product_tag":[],"class_list":{"0":"post-2270","1":"product","2":"type-product","3":"status-publish","4":"has-post-thumbnail","6":"product_cat-medecine-sante","7":"product_cat-huile-de-massage","8":"product_cat-nigelle","10":"first","11":"outofstock","12":"shipping-taxable","13":"purchasable","14":"product-type-simple"},"_links":{"self":[{"href":"https:\/\/1001vertus.com\/es\/wp-json\/wp\/v2\/product\/2270","targetHints":{"allow":["GET"]}}],"collection":[{"href":"https:\/\/1001vertus.com\/es\/wp-json\/wp\/v2\/product"}],"about":[{"href":"https:\/\/1001vertus.com\/es\/wp-json\/wp\/v2\/types\/product"}],"wp:featuredmedia":[{"embeddable":true,"href":"https:\/\/1001vertus.com\/es\/wp-json\/wp\/v2\/media\/15568"}],"wp:attachment":[{"href":"https:\/\/1001vertus.com\/es\/wp-json\/wp\/v2\/media?parent=2270"}],"wp:term":[{"taxonomy":"product_brand","embeddable":true,"href":"https:\/\/1001vertus.com\/es\/wp-json\/wp\/v2\/product_brand?post=2270"},{"taxonomy":"product_cat","embeddable":true,"href":"https:\/\/1001vertus.com\/es\/wp-json\/wp\/v2\/product_cat?post=2270"},{"taxonomy":"product_tag","embeddable":true,"href":"https:\/\/1001vertus.com\/es\/wp-json\/wp\/v2\/product_tag?post=2270"}],"curies":[{"name":"wp","href":"https:\/\/api.w.org\/{rel}","templated":true}]}}