{"id":2204,"date":"2019-12-23T22:18:11","date_gmt":"2019-12-23T21:18:11","guid":{"rendered":"https:\/\/1001vertus.com\/?post_type=product&#038;p=2204"},"modified":"2026-04-10T15:58:23","modified_gmt":"2026-04-10T14:58:23","slug":"leche-de-camella-en-polvo-1001-vertus-2","status":"publish","type":"product","link":"https:\/\/1001vertus.com\/es\/produit\/lait-de-chamelle-en-poudre-1001-vertus-2\/","title":{"rendered":"Leche de camello en polvo - Cameliane"},"content":{"rendered":"<p>Consumida desde hace miles de a\u00f1os en Oriente Medio, \u00c1frica y Asia, las extraordinarias cualidades de la leche de camello han permitido a muchas tribus sobrevivir durante varias semanas en condiciones extremas. Ha sido declarada \"superalimento\" por la FAO (<em>Administraci\u00f3n de Alimentos y Agricultura<\/em>la Organizaci\u00f3n de las Naciones Unidas para la Agricultura y la Alimentaci\u00f3n).<\/p>\n<p>Se dice que la leche de camello es la m\u00e1s parecida en composici\u00f3n a la leche materna y que satisface perfectamente las necesidades nutricionales humanas.<\/p>\n<p>Adem\u00e1s, seg\u00fan un <em>Grupo Mundial de Alergia<\/em>Los investigadores han demostrado que la leche de camella es la segunda leche menos alerg\u00e9nica despu\u00e9s de la leche humana.<\/p>\n<p>La leche de camella Cameliane tiene una textura cremosa y un sabor delicioso que se conserva mediante liofilizaci\u00f3n.<\/p>\n<h2>\u00bfUNA CURA DE LECHE DE CAMELLO? S\u00cd, PERO \u00bfPOR QU\u00c9?<\/h2>\n<p>Este envase de 100 g es ideal para un tratamiento de 10 d\u00edas (10 g al d\u00eda):<\/p>\n<ul>\n<li>reequilibra tu cuerpo en profundidad<\/li>\n<li>regenerar todo el sistema digestivo<\/li>\n<li>estimular y reforzar el sistema inmunitario<\/li>\n<\/ul>\n<p>Esta cura puede ser de diferentes tipos:<\/p>\n<ul>\n<li><strong>tratamiento de mantenimiento<\/strong>&nbsp;que puede renovarse en cada cambio de estaci\u00f3n:<\/li>\n<li><strong>cura ocasional&nbsp;<\/strong>durante un periodo dif\u00edcil: tratamiento con antibi\u00f3ticos, vacunas, exceso de trabajo, quimioterapia, deporte intenso, convalecencia, alergias estacionales, etc.<\/li>\n<li><strong>curaci\u00f3n prolongada<\/strong> para apoyar una terapia concreta: diabetes, c\u00e1ncer, enfermedad de Crohn, autismo, alergias a la leche de vaca, esclerosis m\u00faltiple, etc.<\/li>\n<\/ul>\n<h2>LOS BENEFICIOS DE LA LECHE DE CAMELLA<\/h2>\n<p>Se considera :<\/p>\n<ul>\n<li><u><strong>para las personas al\u00e9rgicas o intolerantes a la lactosa,<\/strong><\/u><\/li>\n<\/ul>\n<p>Las personas al\u00e9rgicas y\/o intolerantes a la lactosa tambi\u00e9n encontrar\u00e1n en la leche de camella una alternativa bienvenida, ya que no es alerg\u00e9nica y, por tanto, resulta eficaz para aliviar su sensibilidad.<\/p>\n<ul>\n<li><u><strong>para reforzar el sistema inmunitario,<\/strong><\/u><\/li>\n<\/ul>\n<p>Despu\u00e9s de una larga enfermedad, o como medida preventiva, la acci\u00f3n combinada de prote\u00ednas antimicrobianas y antivirales (lactoferrina, lisozima e inmunoglobulinas) y vitamina C ayuda a combatir las invasiones microbianas del organismo y a reforzar y estimular el sistema inmunitario.<\/p>\n<p>Ejerce tres acciones: revitaliza, aumenta la resistencia y activa de forma natural el sistema de defensa inmunitario.<\/p>\n<p>La investigaci\u00f3n cient\u00edfica ha demostrado que esta leche puede ayudar a las personas que padecen las llamadas enfermedades autoinmunes, como la esclerosis m\u00faltiple.<\/p>\n<ul>\n<li><u><strong>para combatir los problemas digestivos,<\/strong><\/u><\/li>\n<\/ul>\n<p>La leche de camella, baja en lactosa, es muy f\u00e1cil de digerir.<\/p>\n<p>Las personas con intestinos d\u00e9biles o que tienen dificultades para digerir pueden optar por la leche de camella, ya que es muy rica en probi\u00f3ticos, esenciales para una digesti\u00f3n sana.<\/p>\n<p>Los nutrientes presentes en la leche de camella tambi\u00e9n ayudan a mejorar la digesti\u00f3n en su conjunto.<\/p>\n<ul>\n<li><u><strong>ser rico en calcio,<\/strong><\/u><\/li>\n<\/ul>\n<p>El consumo de calcio se recomienda durante el embarazo para los huesos, pero tambi\u00e9n para los dientes y muchas otras cosas, tanto en adultos como en beb\u00e9s.<\/p>\n<p>Tomar calcio de forma natural garantiza una mejor asimilaci\u00f3n. La leche de camella es, por tanto, la mejor alternativa para obtener el calcio que necesita cada d\u00eda de la forma m\u00e1s sencilla, con un vaso de leche. La leche de camella contiene 3 veces m\u00e1s calcio que la leche materna y es perfectamente asimilable por nuestro organismo.<\/p>\n<ul>\n<li><u><strong>para ayudar a los diab\u00e9ticos,<\/strong><\/u><\/li>\n<\/ul>\n<p>Naturalmente rico en insulina (52 UI), est\u00e1 especialmente recomendado para los diab\u00e9ticos.<\/p>\n<p>Se cree que su consumo regular tiene un efecto hipoglucemiante y regulador de la glucemia en pacientes insulinodependientes con diabetes de tipo I.<\/p>\n<p>Puede mejorar considerablemente su calidad de vida ajustando su tratamiento y permiti\u00e9ndole regular su insulina de forma natural.<\/p>\n<p>Naturalmente baja en grasas, la leche de camella tambi\u00e9n protege el sistema cardiovascular.<\/p>\n<ul>\n<li><u><strong>ser un alimento preventivo de las enfermedades card\u00edacas,<\/strong><\/u><\/li>\n<\/ul>\n<p>La leche de camella tambi\u00e9n contiene \u00e1cidos grasos complejos que mejoran los niveles corporales de colesterol bueno (LDL) al tiempo que reducen la presencia de colesterol malo (HDL).<\/p>\n<p>Beber leche de camella podr\u00eda prevenir el riesgo de ictus, hipertensi\u00f3n arterial y cardiopat\u00edas.<\/p>\n<ul>\n<li><u><strong>para ayudar a los enfermos de c\u00e1ncer, esclerosis y Alzheimer,<\/strong><\/u><\/li>\n<\/ul>\n<p>La mayor parte de sus beneficios proceden de las prote\u00ednas, llamadas inmunoglobulinas, que desempe\u00f1an un papel clave en el bienestar inmunitario. Debido a su particular estructura, muchas inmunoglobulinas de las camellas lactantes est\u00e1n disponibles en la leche. Los investigadores han descubierto que estas inmunoglobulinas son terap\u00e9uticas para varias enfermedades, as\u00ed como para la mayor\u00eda de los c\u00e1nceres, varias esclerosis y la enfermedad de Alzheimer.<\/p>\n<h2>\u00bfPOR QU\u00c9 LECHE EN POLVO?<\/h2>\n<p>Dado que en nuestros pa\u00edses es muy raro, por no decir imposible, consumir leche de camella fresca, se puede consumir en polvo, lo que no cambia en nada sus virtudes y cualidades nutritivas, sino todo lo contrario. No ocurre lo mismo con la leche UHT, que ha sido calentada a temperaturas muy elevadas para conservarla, lo que provoca la p\u00e9rdida o reducci\u00f3n de muchos de sus beneficios y virtudes.<\/p>\n<p>Transformada en polvo, esta leche de camella es m\u00e1s f\u00e1cil de transportar y almacenar, y puede consumirse regularmente a pesar de su escasez.<\/p>\n<h2>\u00bfY PARA LOS NI\u00d1OS?<\/h2>\n<p>El envase contiene una cuchara dosificadora. Corresponde a una dosis para un adulto. Los ni\u00f1os mayores de dos a\u00f1os deben reducir la dosis a la mitad.<\/p>\n<p>Sin embargo, la leche de camella Cameliane no se ha estudiado en lactantes menores de dos a\u00f1os.<\/p>\n<p>Si quiere probar la leche de camella sin comprar un paquete grande, le recomendamos nuestro <a href=\"https:\/\/1001vertus.com\/es\/product\/leche-de-camella-en-polvo-monodosis\/\">monodosis<\/a>.<\/p>\n<p><u><strong>Ingredientes :<\/strong><\/u> Leche de camello<\/p>\n<p><u><strong>Capacidad<\/strong><\/u><u><strong>:<\/strong><\/u> 100g<\/p>\n<p><u><strong>Fuente<\/strong><\/u><u><strong>:<\/strong><\/u> Holanda. Controlado y envasado en Francia. Cumple la normativa europea.<\/p>\n<p><u><strong>Conservaci\u00f3n :<\/strong><\/u> Conservar cerrado en un lugar seco, lejos de la humedad y la luz, para no alterar sus cualidades.<\/p>\n<p>Lo mejor es conservarlo a una temperatura inferior a 25 \u00b0C.<\/p>\n<p><u><strong>Consejos de dosificaci\u00f3n :<\/strong><\/u>10 g al d\u00eda diluidos en un vaso de agua o en un preparado de su elecci\u00f3n.<\/p>\n<p>&nbsp;<\/p>","protected":false},"excerpt":{"rendered":"<p>La leche de camella es ideal para las personas intolerantes o al\u00e9rgicas a la lactosa.<\/p>\n<p>Es rica en vitamina C, hierro, \u00e1cidos grasos insaturados y vitaminas del grupo B, calcio, m\u00e1s prote\u00ednas, potasio, magnesio, hierro, cobre, manganeso, sodio y zinc, y menos grasa que la leche de vaca.<\/p>\n<p>La lista de virtudes es interminable.<\/p>\n<p>Declarado \"superalimento\" por la FAO (<em>Administraci\u00f3n de Alimentos y Agricultura<\/em>), la leche de camella est\u00e1 llena de beneficios y virtudes.<\/p>\n<p>Encontrar\u00e1 todos sus beneficios en esta leche de camello en polvo.<\/p>","protected":false},"featured_media":8372,"template":"","meta":[],"product_brand":[],"product_cat":[28,29,27,64],"product_tag":[],"class_list":{"0":"post-2204","1":"product","2":"type-product","3":"status-publish","4":"has-post-thumbnail","6":"product_cat-medecine-sante","7":"product_cat-alimentation","8":"product_cat-bien-etre","9":"product_cat-lait-de-chamelle","11":"first","12":"outofstock","13":"shipping-taxable","14":"purchasable","15":"product-type-simple"},"_links":{"self":[{"href":"https:\/\/1001vertus.com\/es\/wp-json\/wp\/v2\/product\/2204","targetHints":{"allow":["GET"]}}],"collection":[{"href":"https:\/\/1001vertus.com\/es\/wp-json\/wp\/v2\/product"}],"about":[{"href":"https:\/\/1001vertus.com\/es\/wp-json\/wp\/v2\/types\/product"}],"wp:featuredmedia":[{"embeddable":true,"href":"https:\/\/1001vertus.com\/es\/wp-json\/wp\/v2\/media\/8372"}],"wp:attachment":[{"href":"https:\/\/1001vertus.com\/es\/wp-json\/wp\/v2\/media?parent=2204"}],"wp:term":[{"taxonomy":"product_brand","embeddable":true,"href":"https:\/\/1001vertus.com\/es\/wp-json\/wp\/v2\/product_brand?post=2204"},{"taxonomy":"product_cat","embeddable":true,"href":"https:\/\/1001vertus.com\/es\/wp-json\/wp\/v2\/product_cat?post=2204"},{"taxonomy":"product_tag","embeddable":true,"href":"https:\/\/1001vertus.com\/es\/wp-json\/wp\/v2\/product_tag?post=2204"}],"curies":[{"name":"wp","href":"https:\/\/api.w.org\/{rel}","templated":true}]}}